{"id":48395,"date":"2022-08-20T00:31:32","date_gmt":"2024-03-25T17:13:44","guid":{"rendered":"https:\/\/argatecnic.pt\/?post_type=product&#038;p=48395"},"modified":"2024-09-04T17:44:23","modified_gmt":"2024-09-04T16:44:23","slug":"lena-325-epoxi","status":"publish","type":"product","link":"https:\/\/argatecnic.pt\/fr\/produit\/colles-et-joints\/joints\/lena-325-epoxi\/","title":{"rendered":"LENA 325 Ep\u00f3xi"},"content":{"rendered":"<p><span style=\"color: #e84653;\"><strong>PR\u00c9SENTATION:<br \/>\n<\/strong><\/span>Emballage 5 Kg<br \/>\n(A: 4,55 Kg + B: 0,45 Kg)<\/p>\n<p><span style=\"color: #e84653;\"><strong>DOMAINE D&rsquo;UTILISATION:<\/strong><\/span><br \/>\nLENA 325 Ep\u00f3xi convient pour le jointoiement de carreaux de c\u00e9ramique et de pierres naturelles sur les sols et les murs int\u00e9rieurs et ext\u00e9rieurs.<br \/>\nIl peut \u00e9galement \u00eatre utilis\u00e9 pour coller des carreaux. Particuli\u00e8rement adapt\u00e9 aux environnements chimiquement agressifs tels que les h\u00f4pitaux, l&rsquo;industrie alimentaire et chimique et les piscines publiques.<\/p>\n<p><span style=\"color: #e84653;\"><strong>PR\u00c9PARATION DU MORTIER:<\/strong><\/span><br \/>\nLENA 325 Ep\u00f3xi est pr\u00e9par\u00e9 en m\u00e9langeant le composant A avec le durcisseur (composant B) dans son int\u00e9gralit\u00e9, sans faire d&rsquo;autres ajouts. M\u00e9langer m\u00e9caniquement \u00e0 l&rsquo;aide d&rsquo;un malaxeur \u00e9lectrique \u00e0 basse vitesse jusqu&rsquo;\u00e0 l&rsquo;obtention d&rsquo;une p\u00e2te consistante.<\/p>\n","protected":false},"excerpt":{"rendered":"<p><img loading=\"lazy\" decoding=\"async\" class=\"alignnone wp-image-102\" src=\"https:\/\/argatecnic.pt\/wp-content\/uploads\/2022\/08\/icone-argatecnic.png\" alt=\"\" width=\"21\" height=\"15\" \/>\u00a0 Jointoiement de 2 \u00e0 15 mm<br \/>\n<img loading=\"lazy\" decoding=\"async\" class=\"alignnone wp-image-102\" src=\"https:\/\/argatecnic.pt\/wp-content\/uploads\/2022\/08\/icone-argatecnic.png\" alt=\"\" width=\"21\" height=\"15\" \/>\u00a0 Environnements chimiquement abrasifs<br \/>\n<img loading=\"lazy\" decoding=\"async\" class=\"alignnone wp-image-102\" src=\"https:\/\/argatecnic.pt\/wp-content\/uploads\/2022\/08\/icone-argatecnic.png\" alt=\"\" width=\"21\" height=\"15\" \/>\u00a0 Ne tache pas<\/p>\n<p>&nbsp;<\/p>\n<p><img loading=\"lazy\" decoding=\"async\" class=\"alignnone wp-image-42211\" src=\"https:\/\/argatecnic.pt\/wp-content\/uploads\/2024\/03\/lena-325-Epoxi-caracteristiques.svg\" alt=\"\" width=\"358\" height=\"103\" \/><\/p>\n<p>&nbsp;<\/p>\n<p><img loading=\"lazy\" decoding=\"async\" class=\"alignnone wp-image-42878\" src=\"https:\/\/argatecnic.pt\/wp-content\/uploads\/2024\/03\/blanc-cor-fr.svg\" alt=\"\" width=\"44\" height=\"54\" \/>\u00a0<img loading=\"lazy\" decoding=\"async\" class=\"alignnone wp-image-42877\" src=\"https:\/\/argatecnic.pt\/wp-content\/uploads\/2024\/03\/gris-cor-fr.svg\" alt=\"\" width=\"39\" height=\"55\" \/> <img loading=\"lazy\" decoding=\"async\" class=\"alignnone wp-image-42853\" src=\"https:\/\/argatecnic.pt\/wp-content\/uploads\/2024\/03\/cor-noir-fr-1.svg\" alt=\"\" width=\"39\" height=\"55\" \/><\/p>\n","protected":false},"featured_media":4453,"comment_status":"open","ping_status":"closed","template":"","meta":{"_et_pb_use_builder":"","_et_pb_old_content":"","_et_gb_content_width":""},"product_brand":[],"product_cat":[185],"product_tag":[],"class_list":{"0":"post-48395","1":"product","2":"type-product","3":"status-publish","4":"has-post-thumbnail","6":"product_cat-joints","8":"first","9":"instock","10":"shipping-taxable","11":"product-type-simple"},"acf":[],"yoast_head":"<!-- This site is optimized with the Yoast SEO plugin v27.4 - https:\/\/yoast.com\/product\/yoast-seo-wordpress\/ -->\n<title>LENA 325 Ep\u00f3xi - ARGATECNIC<\/title>\n<meta name=\"robots\" content=\"index, follow, max-snippet:-1, max-image-preview:large, max-video-preview:-1\" \/>\n<link rel=\"canonical\" href=\"https:\/\/argatecnic.pt\/fr\/produit\/colles-et-joints\/joints\/lena-325-epoxi\/\" \/>\n<meta property=\"og:locale\" content=\"fr_FR\" \/>\n<meta property=\"og:type\" content=\"article\" \/>\n<meta property=\"og:title\" content=\"LENA 325 Ep\u00f3xi - ARGATECNIC\" \/>\n<meta property=\"og:description\" content=\"\u00a0 Jointoiement de 2 \u00e0 15 mm \u00a0 Environnements chimiquement abrasifs \u00a0 Ne tache pas  &nbsp;    &nbsp;  \u00a0\" \/>\n<meta property=\"og:url\" content=\"https:\/\/argatecnic.pt\/fr\/produit\/colles-et-joints\/joints\/lena-325-epoxi\/\" \/>\n<meta property=\"og:site_name\" content=\"ARGATECNIC\" \/>\n<meta property=\"article:modified_time\" content=\"2024-09-04T16:44:23+00:00\" \/>\n<meta property=\"og:image\" content=\"https:\/\/i0.wp.com\/argatecnic.pt\/wp-content\/uploads\/2022\/09\/lena-325-epoxi-balde.png?fit=1250%2C1250&ssl=1\" \/>\n\t<meta property=\"og:image:width\" content=\"1250\" \/>\n\t<meta property=\"og:image:height\" content=\"1250\" \/>\n\t<meta property=\"og:image:type\" content=\"image\/png\" \/>\n<meta name=\"twitter:card\" content=\"summary_large_image\" \/>\n<meta name=\"twitter:label1\" content=\"Dur\u00e9e de lecture estim\u00e9e\" \/>\n\t<meta name=\"twitter:data1\" content=\"1 minute\" \/>\n<script type=\"application\/ld+json\" class=\"yoast-schema-graph\">{\"@context\":\"https:\\\/\\\/schema.org\",\"@graph\":[{\"@type\":\"WebPage\",\"@id\":\"https:\\\/\\\/argatecnic.pt\\\/fr\\\/produit\\\/colles-et-joints\\\/joints\\\/lena-325-epoxi\\\/\",\"url\":\"https:\\\/\\\/argatecnic.pt\\\/fr\\\/produit\\\/colles-et-joints\\\/joints\\\/lena-325-epoxi\\\/\",\"name\":\"LENA 325 Ep\u00f3xi - ARGATECNIC\",\"isPartOf\":{\"@id\":\"https:\\\/\\\/argatecnic.pt\\\/fr\\\/#website\"},\"primaryImageOfPage\":{\"@id\":\"https:\\\/\\\/argatecnic.pt\\\/fr\\\/produit\\\/colles-et-joints\\\/joints\\\/lena-325-epoxi\\\/#primaryimage\"},\"image\":{\"@id\":\"https:\\\/\\\/argatecnic.pt\\\/fr\\\/produit\\\/colles-et-joints\\\/joints\\\/lena-325-epoxi\\\/#primaryimage\"},\"thumbnailUrl\":\"https:\\\/\\\/i0.wp.com\\\/argatecnic.pt\\\/wp-content\\\/uploads\\\/2022\\\/09\\\/lena-325-epoxi-balde.png?fit=1250%2C1250&ssl=1\",\"datePublished\":\"2024-03-25T17:13:44+00:00\",\"dateModified\":\"2024-09-04T16:44:23+00:00\",\"breadcrumb\":{\"@id\":\"https:\\\/\\\/argatecnic.pt\\\/fr\\\/produit\\\/colles-et-joints\\\/joints\\\/lena-325-epoxi\\\/#breadcrumb\"},\"inLanguage\":\"fr-FR\",\"potentialAction\":[{\"@type\":\"ReadAction\",\"target\":[\"https:\\\/\\\/argatecnic.pt\\\/fr\\\/produit\\\/colles-et-joints\\\/joints\\\/lena-325-epoxi\\\/\"]}]},{\"@type\":\"ImageObject\",\"inLanguage\":\"fr-FR\",\"@id\":\"https:\\\/\\\/argatecnic.pt\\\/fr\\\/produit\\\/colles-et-joints\\\/joints\\\/lena-325-epoxi\\\/#primaryimage\",\"url\":\"https:\\\/\\\/i0.wp.com\\\/argatecnic.pt\\\/wp-content\\\/uploads\\\/2022\\\/09\\\/lena-325-epoxi-balde.png?fit=1250%2C1250&ssl=1\",\"contentUrl\":\"https:\\\/\\\/i0.wp.com\\\/argatecnic.pt\\\/wp-content\\\/uploads\\\/2022\\\/09\\\/lena-325-epoxi-balde.png?fit=1250%2C1250&ssl=1\",\"width\":1250,\"height\":1250},{\"@type\":\"BreadcrumbList\",\"@id\":\"https:\\\/\\\/argatecnic.pt\\\/fr\\\/produit\\\/colles-et-joints\\\/joints\\\/lena-325-epoxi\\\/#breadcrumb\",\"itemListElement\":[{\"@type\":\"ListItem\",\"position\":1,\"name\":\"Loja\",\"item\":\"https:\\\/\\\/argatecnic.pt\\\/loja\\\/\"},{\"@type\":\"ListItem\",\"position\":2,\"name\":\"LENA 325 Ep\u00f3xi\"}]},{\"@type\":\"WebSite\",\"@id\":\"https:\\\/\\\/argatecnic.pt\\\/fr\\\/#website\",\"url\":\"https:\\\/\\\/argatecnic.pt\\\/fr\\\/\",\"name\":\"ARGATECNIC\",\"description\":\"argamassas t\u00e9cnicas para a constru\u00e7\u00e3o\",\"potentialAction\":[{\"@type\":\"SearchAction\",\"target\":{\"@type\":\"EntryPoint\",\"urlTemplate\":\"https:\\\/\\\/argatecnic.pt\\\/fr\\\/?s={search_term_string}\"},\"query-input\":{\"@type\":\"PropertyValueSpecification\",\"valueRequired\":true,\"valueName\":\"search_term_string\"}}],\"inLanguage\":\"fr-FR\"}]}<\/script>\n<!-- \/ Yoast SEO plugin. -->","yoast_head_json":{"title":"LENA 325 Ep\u00f3xi - ARGATECNIC","robots":{"index":"index","follow":"follow","max-snippet":"max-snippet:-1","max-image-preview":"max-image-preview:large","max-video-preview":"max-video-preview:-1"},"canonical":"https:\/\/argatecnic.pt\/fr\/produit\/colles-et-joints\/joints\/lena-325-epoxi\/","og_locale":"fr_FR","og_type":"article","og_title":"LENA 325 Ep\u00f3xi - ARGATECNIC","og_description":"\u00a0 Jointoiement de 2 \u00e0 15 mm \u00a0 Environnements chimiquement abrasifs \u00a0 Ne tache pas  &nbsp;    &nbsp;  \u00a0","og_url":"https:\/\/argatecnic.pt\/fr\/produit\/colles-et-joints\/joints\/lena-325-epoxi\/","og_site_name":"ARGATECNIC","article_modified_time":"2024-09-04T16:44:23+00:00","og_image":[{"width":1250,"height":1250,"url":"https:\/\/i0.wp.com\/argatecnic.pt\/wp-content\/uploads\/2022\/09\/lena-325-epoxi-balde.png?fit=1250%2C1250&ssl=1","type":"image\/png"}],"twitter_card":"summary_large_image","twitter_misc":{"Dur\u00e9e de lecture estim\u00e9e":"1 minute"},"schema":{"@context":"https:\/\/schema.org","@graph":[{"@type":"WebPage","@id":"https:\/\/argatecnic.pt\/fr\/produit\/colles-et-joints\/joints\/lena-325-epoxi\/","url":"https:\/\/argatecnic.pt\/fr\/produit\/colles-et-joints\/joints\/lena-325-epoxi\/","name":"LENA 325 Ep\u00f3xi - ARGATECNIC","isPartOf":{"@id":"https:\/\/argatecnic.pt\/fr\/#website"},"primaryImageOfPage":{"@id":"https:\/\/argatecnic.pt\/fr\/produit\/colles-et-joints\/joints\/lena-325-epoxi\/#primaryimage"},"image":{"@id":"https:\/\/argatecnic.pt\/fr\/produit\/colles-et-joints\/joints\/lena-325-epoxi\/#primaryimage"},"thumbnailUrl":"https:\/\/i0.wp.com\/argatecnic.pt\/wp-content\/uploads\/2022\/09\/lena-325-epoxi-balde.png?fit=1250%2C1250&ssl=1","datePublished":"2024-03-25T17:13:44+00:00","dateModified":"2024-09-04T16:44:23+00:00","breadcrumb":{"@id":"https:\/\/argatecnic.pt\/fr\/produit\/colles-et-joints\/joints\/lena-325-epoxi\/#breadcrumb"},"inLanguage":"fr-FR","potentialAction":[{"@type":"ReadAction","target":["https:\/\/argatecnic.pt\/fr\/produit\/colles-et-joints\/joints\/lena-325-epoxi\/"]}]},{"@type":"ImageObject","inLanguage":"fr-FR","@id":"https:\/\/argatecnic.pt\/fr\/produit\/colles-et-joints\/joints\/lena-325-epoxi\/#primaryimage","url":"https:\/\/i0.wp.com\/argatecnic.pt\/wp-content\/uploads\/2022\/09\/lena-325-epoxi-balde.png?fit=1250%2C1250&ssl=1","contentUrl":"https:\/\/i0.wp.com\/argatecnic.pt\/wp-content\/uploads\/2022\/09\/lena-325-epoxi-balde.png?fit=1250%2C1250&ssl=1","width":1250,"height":1250},{"@type":"BreadcrumbList","@id":"https:\/\/argatecnic.pt\/fr\/produit\/colles-et-joints\/joints\/lena-325-epoxi\/#breadcrumb","itemListElement":[{"@type":"ListItem","position":1,"name":"Loja","item":"https:\/\/argatecnic.pt\/loja\/"},{"@type":"ListItem","position":2,"name":"LENA 325 Ep\u00f3xi"}]},{"@type":"WebSite","@id":"https:\/\/argatecnic.pt\/fr\/#website","url":"https:\/\/argatecnic.pt\/fr\/","name":"ARGATECNIC","description":"argamassas t\u00e9cnicas para a constru\u00e7\u00e3o","potentialAction":[{"@type":"SearchAction","target":{"@type":"EntryPoint","urlTemplate":"https:\/\/argatecnic.pt\/fr\/?s={search_term_string}"},"query-input":{"@type":"PropertyValueSpecification","valueRequired":true,"valueName":"search_term_string"}}],"inLanguage":"fr-FR"}]}},"jetpack_sharing_enabled":true,"_links":{"self":[{"href":"https:\/\/argatecnic.pt\/fr\/wp-json\/wp\/v2\/product\/48395","targetHints":{"allow":["GET"]}}],"collection":[{"href":"https:\/\/argatecnic.pt\/fr\/wp-json\/wp\/v2\/product"}],"about":[{"href":"https:\/\/argatecnic.pt\/fr\/wp-json\/wp\/v2\/types\/product"}],"replies":[{"embeddable":true,"href":"https:\/\/argatecnic.pt\/fr\/wp-json\/wp\/v2\/comments?post=48395"}],"wp:featuredmedia":[{"embeddable":true,"href":"https:\/\/argatecnic.pt\/fr\/wp-json\/wp\/v2\/media\/4453"}],"wp:attachment":[{"href":"https:\/\/argatecnic.pt\/fr\/wp-json\/wp\/v2\/media?parent=48395"}],"wp:term":[{"taxonomy":"product_brand","embeddable":true,"href":"https:\/\/argatecnic.pt\/fr\/wp-json\/wp\/v2\/product_brand?post=48395"},{"taxonomy":"product_cat","embeddable":true,"href":"https:\/\/argatecnic.pt\/fr\/wp-json\/wp\/v2\/product_cat?post=48395"},{"taxonomy":"product_tag","embeddable":true,"href":"https:\/\/argatecnic.pt\/fr\/wp-json\/wp\/v2\/product_tag?post=48395"}],"curies":[{"name":"wp","href":"https:\/\/api.w.org\/{rel}","templated":true}]}}