{"id":48384,"date":"2022-08-19T23:23:25","date_gmt":"2022-08-19T23:23:25","guid":{"rendered":"https:\/\/argatecnic.pt\/?post_type=product&#038;p=48384"},"modified":"2024-09-12T17:53:41","modified_gmt":"2024-09-12T16:53:41","slug":"lena-7-xtreme","status":"publish","type":"product","link":"https:\/\/argatecnic.pt\/fr\/produit\/colles-et-joints\/adhesif-polyurethane\/lena-7-xtreme\/","title":{"rendered":"LENA 7 Xtreme"},"content":{"rendered":"<p><span style=\"color: #e84653;\"><strong>PR\u00c9SENTATION:<\/strong><\/span><br \/>\nEmballage 12 Kg<br \/>\n(A: 10,9 Kg + B: 1,1 Kg)<\/p>\n<p><span style=\"color: #e84653;\"><strong>DOMAINE D&rsquo;UTILISATION:<\/strong><\/span><br \/>\nLENA 7 Xtreme est indiqu\u00e9 pour le collage de carreaux c\u00e9ramiques de grandes dimensions et de pierres naturelles (en particulier le schiste et l&rsquo;ardoise) de tout pouvoir absorbant et de toute porosit\u00e9, sur des sols et des murs int\u00e9rieurs et ext\u00e9rieurs, sur des supports en ciment, en c\u00e9ramique, en m\u00e9tal, en caoutchouc et en PVC. Id\u00e9al pour le collage de carreaux de li\u00e8ge expos\u00e9s, de carreaux de fa\u00e7ade et de carreaux de c\u00e9ramique avec des renforts \u00e0 l&rsquo;arri\u00e8re de la pi\u00e8ce.<\/p>\n<p><span style=\"color: #e84653;\"><strong>PR\u00c9PARATION DU MORTIER-COLLE:<\/strong><\/span><br \/>\nLENA 7 Xtreme se pr\u00e9pare en m\u00e9langeant le composant A avec le durcisseur (composant B) dans son int\u00e9gralit\u00e9, sans faire d&rsquo;autres ajouts. M\u00e9langer m\u00e9caniquement \u00e0 l&rsquo;aide d&rsquo;un batteur \u00e9lectrique \u00e0 basse vitesse jusqu&rsquo;\u00e0 l&rsquo;obtention d&rsquo;une p\u00e2te consistante.<\/p>\n<p><span style=\"color: #e84653;\"><strong>CONSOMMATION TH\u00c9ORIQUE:<\/strong><\/span><br \/>\nSimple encollage: 3 Kg\/m\u00b2<br \/>\nDouble encollage: 4 Kg\/m\u00b2<\/p>\n","protected":false},"excerpt":{"rendered":"<p><img loading=\"lazy\" decoding=\"async\" class=\"alignnone wp-image-102\" src=\"https:\/\/argatecnic.pt\/wp-content\/uploads\/2022\/08\/icone-argatecnic.png\" alt=\"\" width=\"21\" height=\"15\" \/>\u00a0 Excellente adh\u00e9rence: m\u00e9tal, bois, c\u00e9ramique, PVC<br \/>\n<img loading=\"lazy\" decoding=\"async\" class=\"alignnone wp-image-102\" src=\"https:\/\/argatecnic.pt\/wp-content\/uploads\/2022\/08\/icone-argatecnic.png\" alt=\"\" width=\"21\" height=\"15\" \/>\u00a0 Collage d&rsquo;ardoise, li\u00e8ge, schiste et lame de gr\u00e8s<br \/>\n<img loading=\"lazy\" decoding=\"async\" class=\"alignnone wp-image-102\" src=\"https:\/\/argatecnic.pt\/wp-content\/uploads\/2022\/08\/icone-argatecnic.png\" alt=\"\" width=\"21\" height=\"15\" \/>\u00a0 \u00c9vite les efflorescences superficielles<\/p>\n<p>&nbsp;<\/p>\n<p><img loading=\"lazy\" decoding=\"async\" class=\"alignnone wp-image-48288\" src=\"https:\/\/argatecnic.pt\/wp-content\/uploads\/2024\/03\/RET-lena-7-Xtreme-caracteristiques.svg\" alt=\"\" width=\"393\" height=\"111\" \/><\/p>\n<p>&nbsp;<\/p>\n<p>&nbsp;<\/p>\n<p><img loading=\"lazy\" decoding=\"async\" class=\"alignnone wp-image-42849\" src=\"https:\/\/argatecnic.pt\/wp-content\/uploads\/2024\/03\/cor-beige-fr.svg\" alt=\"\" width=\"37\" height=\"52\" \/><\/p>\n","protected":false},"featured_media":715,"comment_status":"open","ping_status":"closed","template":"","meta":{"_et_pb_use_builder":"","_et_pb_old_content":"","_et_gb_content_width":""},"product_brand":[],"product_cat":[183,181],"product_tag":[],"class_list":{"0":"post-48384","1":"product","2":"type-product","3":"status-publish","4":"has-post-thumbnail","6":"product_cat-adhesif-polyurethane","7":"product_cat-colles-et-joints","9":"first","10":"instock","11":"shipping-taxable","12":"product-type-simple"},"acf":[],"yoast_head":"<!-- This site is optimized with the Yoast SEO plugin v27.4 - https:\/\/yoast.com\/product\/yoast-seo-wordpress\/ -->\n<title>LENA 7 Xtreme - ARGATECNIC<\/title>\n<meta name=\"robots\" content=\"index, follow, max-snippet:-1, max-image-preview:large, max-video-preview:-1\" \/>\n<link rel=\"canonical\" href=\"https:\/\/argatecnic.pt\/fr\/produit\/colles-et-joints\/adhesif-polyurethane\/lena-7-xtreme\/\" \/>\n<meta property=\"og:locale\" content=\"fr_FR\" \/>\n<meta property=\"og:type\" content=\"article\" \/>\n<meta property=\"og:title\" content=\"LENA 7 Xtreme - ARGATECNIC\" \/>\n<meta property=\"og:description\" content=\"\u00a0 Excellente adh\u00e9rence: m\u00e9tal, bois, c\u00e9ramique, PVC \u00a0 Collage d&#039;ardoise, li\u00e8ge, schiste et lame de gr\u00e8s \u00a0 \u00c9vite les efflorescences superficielles  &nbsp;    &nbsp;  &nbsp;\" \/>\n<meta property=\"og:url\" content=\"https:\/\/argatecnic.pt\/fr\/produit\/colles-et-joints\/adhesif-polyurethane\/lena-7-xtreme\/\" \/>\n<meta property=\"og:site_name\" content=\"ARGATECNIC\" \/>\n<meta property=\"article:modified_time\" content=\"2024-09-12T16:53:41+00:00\" \/>\n<meta property=\"og:image\" content=\"https:\/\/i0.wp.com\/argatecnic.pt\/wp-content\/uploads\/2022\/08\/lena-7-xtreme-balde.png?fit=2200%2C2200&ssl=1\" \/>\n\t<meta property=\"og:image:width\" content=\"2200\" \/>\n\t<meta property=\"og:image:height\" content=\"2200\" \/>\n\t<meta property=\"og:image:type\" content=\"image\/png\" \/>\n<meta name=\"twitter:card\" content=\"summary_large_image\" \/>\n<meta name=\"twitter:label1\" content=\"Dur\u00e9e de lecture estim\u00e9e\" \/>\n\t<meta name=\"twitter:data1\" content=\"1 minute\" \/>\n<script type=\"application\/ld+json\" class=\"yoast-schema-graph\">{\"@context\":\"https:\\\/\\\/schema.org\",\"@graph\":[{\"@type\":\"WebPage\",\"@id\":\"https:\\\/\\\/argatecnic.pt\\\/fr\\\/produit\\\/colles-et-joints\\\/adhesif-polyurethane\\\/lena-7-xtreme\\\/\",\"url\":\"https:\\\/\\\/argatecnic.pt\\\/fr\\\/produit\\\/colles-et-joints\\\/adhesif-polyurethane\\\/lena-7-xtreme\\\/\",\"name\":\"LENA 7 Xtreme - ARGATECNIC\",\"isPartOf\":{\"@id\":\"https:\\\/\\\/argatecnic.pt\\\/fr\\\/#website\"},\"primaryImageOfPage\":{\"@id\":\"https:\\\/\\\/argatecnic.pt\\\/fr\\\/produit\\\/colles-et-joints\\\/adhesif-polyurethane\\\/lena-7-xtreme\\\/#primaryimage\"},\"image\":{\"@id\":\"https:\\\/\\\/argatecnic.pt\\\/fr\\\/produit\\\/colles-et-joints\\\/adhesif-polyurethane\\\/lena-7-xtreme\\\/#primaryimage\"},\"thumbnailUrl\":\"https:\\\/\\\/i0.wp.com\\\/argatecnic.pt\\\/wp-content\\\/uploads\\\/2022\\\/08\\\/lena-7-xtreme-balde.png?fit=2200%2C2200&ssl=1\",\"datePublished\":\"2022-08-19T23:23:25+00:00\",\"dateModified\":\"2024-09-12T16:53:41+00:00\",\"breadcrumb\":{\"@id\":\"https:\\\/\\\/argatecnic.pt\\\/fr\\\/produit\\\/colles-et-joints\\\/adhesif-polyurethane\\\/lena-7-xtreme\\\/#breadcrumb\"},\"inLanguage\":\"fr-FR\",\"potentialAction\":[{\"@type\":\"ReadAction\",\"target\":[\"https:\\\/\\\/argatecnic.pt\\\/fr\\\/produit\\\/colles-et-joints\\\/adhesif-polyurethane\\\/lena-7-xtreme\\\/\"]}]},{\"@type\":\"ImageObject\",\"inLanguage\":\"fr-FR\",\"@id\":\"https:\\\/\\\/argatecnic.pt\\\/fr\\\/produit\\\/colles-et-joints\\\/adhesif-polyurethane\\\/lena-7-xtreme\\\/#primaryimage\",\"url\":\"https:\\\/\\\/i0.wp.com\\\/argatecnic.pt\\\/wp-content\\\/uploads\\\/2022\\\/08\\\/lena-7-xtreme-balde.png?fit=2200%2C2200&ssl=1\",\"contentUrl\":\"https:\\\/\\\/i0.wp.com\\\/argatecnic.pt\\\/wp-content\\\/uploads\\\/2022\\\/08\\\/lena-7-xtreme-balde.png?fit=2200%2C2200&ssl=1\",\"width\":2200,\"height\":2200},{\"@type\":\"BreadcrumbList\",\"@id\":\"https:\\\/\\\/argatecnic.pt\\\/fr\\\/produit\\\/colles-et-joints\\\/adhesif-polyurethane\\\/lena-7-xtreme\\\/#breadcrumb\",\"itemListElement\":[{\"@type\":\"ListItem\",\"position\":1,\"name\":\"Loja\",\"item\":\"https:\\\/\\\/argatecnic.pt\\\/loja\\\/\"},{\"@type\":\"ListItem\",\"position\":2,\"name\":\"LENA 7 Xtreme\"}]},{\"@type\":\"WebSite\",\"@id\":\"https:\\\/\\\/argatecnic.pt\\\/fr\\\/#website\",\"url\":\"https:\\\/\\\/argatecnic.pt\\\/fr\\\/\",\"name\":\"ARGATECNIC\",\"description\":\"argamassas t\u00e9cnicas para a constru\u00e7\u00e3o\",\"potentialAction\":[{\"@type\":\"SearchAction\",\"target\":{\"@type\":\"EntryPoint\",\"urlTemplate\":\"https:\\\/\\\/argatecnic.pt\\\/fr\\\/?s={search_term_string}\"},\"query-input\":{\"@type\":\"PropertyValueSpecification\",\"valueRequired\":true,\"valueName\":\"search_term_string\"}}],\"inLanguage\":\"fr-FR\"}]}<\/script>\n<!-- \/ Yoast SEO plugin. -->","yoast_head_json":{"title":"LENA 7 Xtreme - ARGATECNIC","robots":{"index":"index","follow":"follow","max-snippet":"max-snippet:-1","max-image-preview":"max-image-preview:large","max-video-preview":"max-video-preview:-1"},"canonical":"https:\/\/argatecnic.pt\/fr\/produit\/colles-et-joints\/adhesif-polyurethane\/lena-7-xtreme\/","og_locale":"fr_FR","og_type":"article","og_title":"LENA 7 Xtreme - ARGATECNIC","og_description":"\u00a0 Excellente adh\u00e9rence: m\u00e9tal, bois, c\u00e9ramique, PVC \u00a0 Collage d'ardoise, li\u00e8ge, schiste et lame de gr\u00e8s \u00a0 \u00c9vite les efflorescences superficielles  &nbsp;    &nbsp;  &nbsp;","og_url":"https:\/\/argatecnic.pt\/fr\/produit\/colles-et-joints\/adhesif-polyurethane\/lena-7-xtreme\/","og_site_name":"ARGATECNIC","article_modified_time":"2024-09-12T16:53:41+00:00","og_image":[{"width":2200,"height":2200,"url":"https:\/\/i0.wp.com\/argatecnic.pt\/wp-content\/uploads\/2022\/08\/lena-7-xtreme-balde.png?fit=2200%2C2200&ssl=1","type":"image\/png"}],"twitter_card":"summary_large_image","twitter_misc":{"Dur\u00e9e de lecture estim\u00e9e":"1 minute"},"schema":{"@context":"https:\/\/schema.org","@graph":[{"@type":"WebPage","@id":"https:\/\/argatecnic.pt\/fr\/produit\/colles-et-joints\/adhesif-polyurethane\/lena-7-xtreme\/","url":"https:\/\/argatecnic.pt\/fr\/produit\/colles-et-joints\/adhesif-polyurethane\/lena-7-xtreme\/","name":"LENA 7 Xtreme - ARGATECNIC","isPartOf":{"@id":"https:\/\/argatecnic.pt\/fr\/#website"},"primaryImageOfPage":{"@id":"https:\/\/argatecnic.pt\/fr\/produit\/colles-et-joints\/adhesif-polyurethane\/lena-7-xtreme\/#primaryimage"},"image":{"@id":"https:\/\/argatecnic.pt\/fr\/produit\/colles-et-joints\/adhesif-polyurethane\/lena-7-xtreme\/#primaryimage"},"thumbnailUrl":"https:\/\/i0.wp.com\/argatecnic.pt\/wp-content\/uploads\/2022\/08\/lena-7-xtreme-balde.png?fit=2200%2C2200&ssl=1","datePublished":"2022-08-19T23:23:25+00:00","dateModified":"2024-09-12T16:53:41+00:00","breadcrumb":{"@id":"https:\/\/argatecnic.pt\/fr\/produit\/colles-et-joints\/adhesif-polyurethane\/lena-7-xtreme\/#breadcrumb"},"inLanguage":"fr-FR","potentialAction":[{"@type":"ReadAction","target":["https:\/\/argatecnic.pt\/fr\/produit\/colles-et-joints\/adhesif-polyurethane\/lena-7-xtreme\/"]}]},{"@type":"ImageObject","inLanguage":"fr-FR","@id":"https:\/\/argatecnic.pt\/fr\/produit\/colles-et-joints\/adhesif-polyurethane\/lena-7-xtreme\/#primaryimage","url":"https:\/\/i0.wp.com\/argatecnic.pt\/wp-content\/uploads\/2022\/08\/lena-7-xtreme-balde.png?fit=2200%2C2200&ssl=1","contentUrl":"https:\/\/i0.wp.com\/argatecnic.pt\/wp-content\/uploads\/2022\/08\/lena-7-xtreme-balde.png?fit=2200%2C2200&ssl=1","width":2200,"height":2200},{"@type":"BreadcrumbList","@id":"https:\/\/argatecnic.pt\/fr\/produit\/colles-et-joints\/adhesif-polyurethane\/lena-7-xtreme\/#breadcrumb","itemListElement":[{"@type":"ListItem","position":1,"name":"Loja","item":"https:\/\/argatecnic.pt\/loja\/"},{"@type":"ListItem","position":2,"name":"LENA 7 Xtreme"}]},{"@type":"WebSite","@id":"https:\/\/argatecnic.pt\/fr\/#website","url":"https:\/\/argatecnic.pt\/fr\/","name":"ARGATECNIC","description":"argamassas t\u00e9cnicas para a constru\u00e7\u00e3o","potentialAction":[{"@type":"SearchAction","target":{"@type":"EntryPoint","urlTemplate":"https:\/\/argatecnic.pt\/fr\/?s={search_term_string}"},"query-input":{"@type":"PropertyValueSpecification","valueRequired":true,"valueName":"search_term_string"}}],"inLanguage":"fr-FR"}]}},"jetpack_sharing_enabled":true,"_links":{"self":[{"href":"https:\/\/argatecnic.pt\/fr\/wp-json\/wp\/v2\/product\/48384","targetHints":{"allow":["GET"]}}],"collection":[{"href":"https:\/\/argatecnic.pt\/fr\/wp-json\/wp\/v2\/product"}],"about":[{"href":"https:\/\/argatecnic.pt\/fr\/wp-json\/wp\/v2\/types\/product"}],"replies":[{"embeddable":true,"href":"https:\/\/argatecnic.pt\/fr\/wp-json\/wp\/v2\/comments?post=48384"}],"wp:featuredmedia":[{"embeddable":true,"href":"https:\/\/argatecnic.pt\/fr\/wp-json\/wp\/v2\/media\/715"}],"wp:attachment":[{"href":"https:\/\/argatecnic.pt\/fr\/wp-json\/wp\/v2\/media?parent=48384"}],"wp:term":[{"taxonomy":"product_brand","embeddable":true,"href":"https:\/\/argatecnic.pt\/fr\/wp-json\/wp\/v2\/product_brand?post=48384"},{"taxonomy":"product_cat","embeddable":true,"href":"https:\/\/argatecnic.pt\/fr\/wp-json\/wp\/v2\/product_cat?post=48384"},{"taxonomy":"product_tag","embeddable":true,"href":"https:\/\/argatecnic.pt\/fr\/wp-json\/wp\/v2\/product_tag?post=48384"}],"curies":[{"name":"wp","href":"https:\/\/api.w.org\/{rel}","templated":true}]}}