{"id":46677,"date":"2022-08-20T00:19:50","date_gmt":"2024-03-22T16:25:28","guid":{"rendered":"https:\/\/argatecnic.pt\/?post_type=product&#038;p=46677"},"modified":"2025-02-25T16:03:22","modified_gmt":"2025-02-25T15:03:22","slug":"lena-310-cor","status":"publish","type":"product","link":"https:\/\/argatecnic.pt\/fr\/produit\/colles-et-joints\/joints\/lena-310-cor\/","title":{"rendered":"LENA 310 Cor"},"content":{"rendered":"<p><strong><span style=\"color: #e84653;\">PR\u00c9SENTATION:<\/span><br \/>\n<\/strong>Sacs de 5 kg (Bo\u00eetes de 4 sacs)<br \/>\nSacs de 20 kg (Disponible en blanc, gris et beige)<\/p>\n<p><span style=\"color: #e84653;\"><strong>DOMAINE D&rsquo;UTILISATION:<\/strong><\/span><br \/>\nLENA 310 Cor est recommand\u00e9 pour le jointoiement de carreaux de rev\u00eatement en c\u00e9ramique ou en pierre naturelle, sur les sols et les murs int\u00e9rieurs et ext\u00e9rieurs, dans des joints de 0 \u00e0 12 mm. LENA 310 peut \u00e9galement \u00eatre utilis\u00e9 dans les piscines.<\/p>\n<p><span style=\"color: #e84653;\"><strong>PR\u00c9PARATION DU MORTIER:<\/strong><\/span><\/p>\n<p><strong><img data-recalc-dims=\"1\" loading=\"lazy\" decoding=\"async\" class=\"\" src=\"https:\/\/i0.wp.com\/argatecnic.pt\/wp-content\/uploads\/2022\/08\/icone-argatecnic.png?resize=19%2C13&#038;ssl=1\" alt=\"\" width=\"19\" height=\"13\" \/>\u00a0 Sac de 5 kg:<\/strong><br \/>\nM\u00e9langer LENA 310 Cor m\u00e9caniquement, avec 1,4 \u00e0 1,5 litres d&rsquo;eau par sac de 5 kg, \u00e0 l&rsquo;aide d&rsquo;un m\u00e9langeur \u00e9lectrique \u00e0 basse vitesse, jusqu&rsquo;\u00e0 obtention d&rsquo;une p\u00e2te douce, homog\u00e8ne et sans grumeaux.<\/p>\n<p><strong><img data-recalc-dims=\"1\" loading=\"lazy\" decoding=\"async\" src=\"https:\/\/i0.wp.com\/argatecnic.pt\/wp-content\/uploads\/2022\/08\/icone-argatecnic.png?resize=19%2C13&#038;ssl=1\" alt=\"\" width=\"19\" height=\"13\" \/>\u00a0 Sac de 20 kg:<\/strong><br \/>\nM\u00e9langer LENA 310 Cor m\u00e9caniquement, avec 5,6 \u00e0 6,0 litres d&rsquo;eau par sac de 20 kg, \u00e0 l&rsquo;aide d&rsquo;un m\u00e9langeur \u00e9lectrique \u00e0 basse vitesse, jusqu&rsquo;\u00e0 obtention d&rsquo;une p\u00e2te douce, homog\u00e8ne et sans grumeaux.<\/p>\n","protected":false},"excerpt":{"rendered":"<p><img loading=\"lazy\" decoding=\"async\" class=\"alignnone wp-image-102\" src=\"https:\/\/argatecnic.pt\/wp-content\/uploads\/2022\/08\/icone-argatecnic.png\" alt=\"\" width=\"21\" height=\"15\" \/>\u00a0 Jointoiement de 0 \u00e0 12 mm<br \/>\n<img loading=\"lazy\" decoding=\"async\" class=\"alignnone wp-image-102\" src=\"https:\/\/argatecnic.pt\/wp-content\/uploads\/2022\/08\/icone-argatecnic.png\" alt=\"\" width=\"21\" height=\"15\" \/>\u00a0 Finition fine<br \/>\n<img loading=\"lazy\" decoding=\"async\" class=\"alignnone wp-image-102\" src=\"https:\/\/argatecnic.pt\/wp-content\/uploads\/2022\/08\/icone-argatecnic.png\" alt=\"\" width=\"21\" height=\"15\" \/>\u00a0 R\u00e9sistant aux moisissures<\/p>\n<p>&nbsp;<\/p>\n<p><img loading=\"lazy\" decoding=\"async\" class=\"alignnone wp-image-42212 \" src=\"https:\/\/argatecnic.pt\/wp-content\/uploads\/2024\/03\/lena-310-Cor-caracteristiques.svg\" alt=\"\" width=\"421\" height=\"127\" \/><\/p>\n","protected":false},"featured_media":4594,"comment_status":"open","ping_status":"closed","template":"","meta":{"_et_pb_use_builder":"","_et_pb_old_content":"","_et_gb_content_width":""},"product_brand":[],"product_cat":[185],"product_tag":[],"class_list":{"0":"post-46677","1":"product","2":"type-product","3":"status-publish","4":"has-post-thumbnail","6":"product_cat-joints","8":"first","9":"instock","10":"shipping-taxable","11":"product-type-simple"},"acf":[],"yoast_head":"<!-- This site is optimized with the Yoast SEO plugin v27.4 - https:\/\/yoast.com\/product\/yoast-seo-wordpress\/ -->\n<title>LENA 310 Cor - ARGATECNIC<\/title>\n<meta name=\"robots\" content=\"index, follow, max-snippet:-1, max-image-preview:large, max-video-preview:-1\" \/>\n<link rel=\"canonical\" href=\"https:\/\/argatecnic.pt\/fr\/produit\/colles-et-joints\/joints\/lena-310-cor\/\" \/>\n<meta property=\"og:locale\" content=\"fr_FR\" \/>\n<meta property=\"og:type\" content=\"article\" \/>\n<meta property=\"og:title\" content=\"LENA 310 Cor - ARGATECNIC\" \/>\n<meta property=\"og:description\" content=\"\u00a0 Jointoiement de 0 \u00e0 12 mm \u00a0 Finition fine \u00a0 R\u00e9sistant aux moisissures  &nbsp;\" \/>\n<meta property=\"og:url\" content=\"https:\/\/argatecnic.pt\/fr\/produit\/colles-et-joints\/joints\/lena-310-cor\/\" \/>\n<meta property=\"og:site_name\" content=\"ARGATECNIC\" \/>\n<meta property=\"article:modified_time\" content=\"2025-02-25T15:03:22+00:00\" \/>\n<meta property=\"og:image\" content=\"https:\/\/i0.wp.com\/argatecnic.pt\/wp-content\/uploads\/2022\/08\/lena-310-cor-saco-.png?fit=3005%2C2500&ssl=1\" \/>\n\t<meta property=\"og:image:width\" content=\"3005\" \/>\n\t<meta property=\"og:image:height\" content=\"2500\" \/>\n\t<meta property=\"og:image:type\" content=\"image\/png\" \/>\n<meta name=\"twitter:card\" content=\"summary_large_image\" \/>\n<meta name=\"twitter:label1\" content=\"Dur\u00e9e de lecture estim\u00e9e\" \/>\n\t<meta name=\"twitter:data1\" content=\"2 minutes\" \/>\n<script type=\"application\/ld+json\" class=\"yoast-schema-graph\">{\"@context\":\"https:\\\/\\\/schema.org\",\"@graph\":[{\"@type\":\"WebPage\",\"@id\":\"https:\\\/\\\/argatecnic.pt\\\/fr\\\/produit\\\/colles-et-joints\\\/joints\\\/lena-310-cor\\\/\",\"url\":\"https:\\\/\\\/argatecnic.pt\\\/fr\\\/produit\\\/colles-et-joints\\\/joints\\\/lena-310-cor\\\/\",\"name\":\"LENA 310 Cor - ARGATECNIC\",\"isPartOf\":{\"@id\":\"https:\\\/\\\/argatecnic.pt\\\/fr\\\/#website\"},\"primaryImageOfPage\":{\"@id\":\"https:\\\/\\\/argatecnic.pt\\\/fr\\\/produit\\\/colles-et-joints\\\/joints\\\/lena-310-cor\\\/#primaryimage\"},\"image\":{\"@id\":\"https:\\\/\\\/argatecnic.pt\\\/fr\\\/produit\\\/colles-et-joints\\\/joints\\\/lena-310-cor\\\/#primaryimage\"},\"thumbnailUrl\":\"https:\\\/\\\/i0.wp.com\\\/argatecnic.pt\\\/wp-content\\\/uploads\\\/2022\\\/08\\\/lena-310-cor-saco-.png?fit=3005%2C2500&ssl=1\",\"datePublished\":\"2024-03-22T16:25:28+00:00\",\"dateModified\":\"2025-02-25T15:03:22+00:00\",\"breadcrumb\":{\"@id\":\"https:\\\/\\\/argatecnic.pt\\\/fr\\\/produit\\\/colles-et-joints\\\/joints\\\/lena-310-cor\\\/#breadcrumb\"},\"inLanguage\":\"fr-FR\",\"potentialAction\":[{\"@type\":\"ReadAction\",\"target\":[\"https:\\\/\\\/argatecnic.pt\\\/fr\\\/produit\\\/colles-et-joints\\\/joints\\\/lena-310-cor\\\/\"]}]},{\"@type\":\"ImageObject\",\"inLanguage\":\"fr-FR\",\"@id\":\"https:\\\/\\\/argatecnic.pt\\\/fr\\\/produit\\\/colles-et-joints\\\/joints\\\/lena-310-cor\\\/#primaryimage\",\"url\":\"https:\\\/\\\/i0.wp.com\\\/argatecnic.pt\\\/wp-content\\\/uploads\\\/2022\\\/08\\\/lena-310-cor-saco-.png?fit=3005%2C2500&ssl=1\",\"contentUrl\":\"https:\\\/\\\/i0.wp.com\\\/argatecnic.pt\\\/wp-content\\\/uploads\\\/2022\\\/08\\\/lena-310-cor-saco-.png?fit=3005%2C2500&ssl=1\",\"width\":3005,\"height\":2500},{\"@type\":\"BreadcrumbList\",\"@id\":\"https:\\\/\\\/argatecnic.pt\\\/fr\\\/produit\\\/colles-et-joints\\\/joints\\\/lena-310-cor\\\/#breadcrumb\",\"itemListElement\":[{\"@type\":\"ListItem\",\"position\":1,\"name\":\"Loja\",\"item\":\"https:\\\/\\\/argatecnic.pt\\\/loja\\\/\"},{\"@type\":\"ListItem\",\"position\":2,\"name\":\"LENA 310 Cor\"}]},{\"@type\":\"WebSite\",\"@id\":\"https:\\\/\\\/argatecnic.pt\\\/fr\\\/#website\",\"url\":\"https:\\\/\\\/argatecnic.pt\\\/fr\\\/\",\"name\":\"ARGATECNIC\",\"description\":\"argamassas t\u00e9cnicas para a constru\u00e7\u00e3o\",\"potentialAction\":[{\"@type\":\"SearchAction\",\"target\":{\"@type\":\"EntryPoint\",\"urlTemplate\":\"https:\\\/\\\/argatecnic.pt\\\/fr\\\/?s={search_term_string}\"},\"query-input\":{\"@type\":\"PropertyValueSpecification\",\"valueRequired\":true,\"valueName\":\"search_term_string\"}}],\"inLanguage\":\"fr-FR\"}]}<\/script>\n<!-- \/ Yoast SEO plugin. -->","yoast_head_json":{"title":"LENA 310 Cor - ARGATECNIC","robots":{"index":"index","follow":"follow","max-snippet":"max-snippet:-1","max-image-preview":"max-image-preview:large","max-video-preview":"max-video-preview:-1"},"canonical":"https:\/\/argatecnic.pt\/fr\/produit\/colles-et-joints\/joints\/lena-310-cor\/","og_locale":"fr_FR","og_type":"article","og_title":"LENA 310 Cor - ARGATECNIC","og_description":"\u00a0 Jointoiement de 0 \u00e0 12 mm \u00a0 Finition fine \u00a0 R\u00e9sistant aux moisissures  &nbsp;","og_url":"https:\/\/argatecnic.pt\/fr\/produit\/colles-et-joints\/joints\/lena-310-cor\/","og_site_name":"ARGATECNIC","article_modified_time":"2025-02-25T15:03:22+00:00","og_image":[{"width":3005,"height":2500,"url":"https:\/\/i0.wp.com\/argatecnic.pt\/wp-content\/uploads\/2022\/08\/lena-310-cor-saco-.png?fit=3005%2C2500&ssl=1","type":"image\/png"}],"twitter_card":"summary_large_image","twitter_misc":{"Dur\u00e9e de lecture estim\u00e9e":"2 minutes"},"schema":{"@context":"https:\/\/schema.org","@graph":[{"@type":"WebPage","@id":"https:\/\/argatecnic.pt\/fr\/produit\/colles-et-joints\/joints\/lena-310-cor\/","url":"https:\/\/argatecnic.pt\/fr\/produit\/colles-et-joints\/joints\/lena-310-cor\/","name":"LENA 310 Cor - ARGATECNIC","isPartOf":{"@id":"https:\/\/argatecnic.pt\/fr\/#website"},"primaryImageOfPage":{"@id":"https:\/\/argatecnic.pt\/fr\/produit\/colles-et-joints\/joints\/lena-310-cor\/#primaryimage"},"image":{"@id":"https:\/\/argatecnic.pt\/fr\/produit\/colles-et-joints\/joints\/lena-310-cor\/#primaryimage"},"thumbnailUrl":"https:\/\/i0.wp.com\/argatecnic.pt\/wp-content\/uploads\/2022\/08\/lena-310-cor-saco-.png?fit=3005%2C2500&ssl=1","datePublished":"2024-03-22T16:25:28+00:00","dateModified":"2025-02-25T15:03:22+00:00","breadcrumb":{"@id":"https:\/\/argatecnic.pt\/fr\/produit\/colles-et-joints\/joints\/lena-310-cor\/#breadcrumb"},"inLanguage":"fr-FR","potentialAction":[{"@type":"ReadAction","target":["https:\/\/argatecnic.pt\/fr\/produit\/colles-et-joints\/joints\/lena-310-cor\/"]}]},{"@type":"ImageObject","inLanguage":"fr-FR","@id":"https:\/\/argatecnic.pt\/fr\/produit\/colles-et-joints\/joints\/lena-310-cor\/#primaryimage","url":"https:\/\/i0.wp.com\/argatecnic.pt\/wp-content\/uploads\/2022\/08\/lena-310-cor-saco-.png?fit=3005%2C2500&ssl=1","contentUrl":"https:\/\/i0.wp.com\/argatecnic.pt\/wp-content\/uploads\/2022\/08\/lena-310-cor-saco-.png?fit=3005%2C2500&ssl=1","width":3005,"height":2500},{"@type":"BreadcrumbList","@id":"https:\/\/argatecnic.pt\/fr\/produit\/colles-et-joints\/joints\/lena-310-cor\/#breadcrumb","itemListElement":[{"@type":"ListItem","position":1,"name":"Loja","item":"https:\/\/argatecnic.pt\/loja\/"},{"@type":"ListItem","position":2,"name":"LENA 310 Cor"}]},{"@type":"WebSite","@id":"https:\/\/argatecnic.pt\/fr\/#website","url":"https:\/\/argatecnic.pt\/fr\/","name":"ARGATECNIC","description":"argamassas t\u00e9cnicas para a constru\u00e7\u00e3o","potentialAction":[{"@type":"SearchAction","target":{"@type":"EntryPoint","urlTemplate":"https:\/\/argatecnic.pt\/fr\/?s={search_term_string}"},"query-input":{"@type":"PropertyValueSpecification","valueRequired":true,"valueName":"search_term_string"}}],"inLanguage":"fr-FR"}]}},"jetpack_sharing_enabled":true,"_links":{"self":[{"href":"https:\/\/argatecnic.pt\/fr\/wp-json\/wp\/v2\/product\/46677","targetHints":{"allow":["GET"]}}],"collection":[{"href":"https:\/\/argatecnic.pt\/fr\/wp-json\/wp\/v2\/product"}],"about":[{"href":"https:\/\/argatecnic.pt\/fr\/wp-json\/wp\/v2\/types\/product"}],"replies":[{"embeddable":true,"href":"https:\/\/argatecnic.pt\/fr\/wp-json\/wp\/v2\/comments?post=46677"}],"wp:featuredmedia":[{"embeddable":true,"href":"https:\/\/argatecnic.pt\/fr\/wp-json\/wp\/v2\/media\/4594"}],"wp:attachment":[{"href":"https:\/\/argatecnic.pt\/fr\/wp-json\/wp\/v2\/media?parent=46677"}],"wp:term":[{"taxonomy":"product_brand","embeddable":true,"href":"https:\/\/argatecnic.pt\/fr\/wp-json\/wp\/v2\/product_brand?post=46677"},{"taxonomy":"product_cat","embeddable":true,"href":"https:\/\/argatecnic.pt\/fr\/wp-json\/wp\/v2\/product_cat?post=46677"},{"taxonomy":"product_tag","embeddable":true,"href":"https:\/\/argatecnic.pt\/fr\/wp-json\/wp\/v2\/product_tag?post=46677"}],"curies":[{"name":"wp","href":"https:\/\/api.w.org\/{rel}","templated":true}]}}