{"id":42134,"date":"2024-02-20T11:34:39","date_gmt":"2024-03-14T12:45:03","guid":{"rendered":"https:\/\/argatecnic.pt\/?post_type=product&#038;p=42134"},"modified":"2025-02-25T18:24:28","modified_gmt":"2025-02-25T17:24:28","slug":"impertec-894","status":"publish","type":"product","link":"https:\/\/argatecnic.pt\/fr\/produit\/impermeabilisation\/membrane-elastique\/impertec-894\/","title":{"rendered":"IMPERTEC 894"},"content":{"rendered":"<p><span style=\"color: #4492c6;\"><strong>PR\u00c9SENTATION:<\/strong><\/span><br \/>\nSeau de 5 kg<\/p>\n<p><span style=\"color: #a78d2a;\"><strong><span style=\"color: #4492c6;\">DOMAINE D&rsquo;UTILISATION:<\/span><br \/>\n<\/strong><\/span>IMPERTEC 894 est indiqu\u00e9 pour l&rsquo;imperm\u00e9abilisation des terrasses, des fa\u00e7ades et des toitures en enduit de ciment, fibrociment et b\u00e9ton. Il pr\u00e9sente une bonne r\u00e9sistance m\u00e9canique et est recommand\u00e9 pour le rev\u00eatement des surfaces fissur\u00e9es \u00e0 l&rsquo;ext\u00e9rieur. Convient \u00e0 une circulation pi\u00e9tonne mod\u00e9r\u00e9e.<\/p>\n<p><strong style=\"color: #085b8f;\"><span style=\"color: #4492c6;\">PR\u00c9PARATION DU PRODUIT:<\/span><br \/>\n<\/strong>IMPERTEC 894 doit \u00eatre agit\u00e9 jusqu\u2019\u00e0 son homog\u00e9n\u00e9isation compl\u00e8te. \u00c0 appliquer au rouleau anti-gouttes, au pinceau et \u00e0 la raclette.<br \/>\nAppliquer la premi\u00e8re couche d&rsquo;IMPERTEC 894 dilu\u00e9e avec 10 \u00e0 20% d&rsquo;eau. Laisser s\u00e9cher pendant 5 \u00e0 6 heures. Appliquer la deuxi\u00e8me et la troisi\u00e8me couche, sans dilution, avec un intervalle de 12 heures entre chaque.<\/p>\n<p><strong><strong style=\"color: #085b8f;\"><span style=\"color: #898989;\"><span style=\"color: #4492c6;\">RENDEMENT PRATIQUE:<\/span><br \/>\n<\/span><\/strong><\/strong>2,0 \u00e0 2,5 kg\/m\u00b2<br \/>\nCes valeurs peuvent varier en fonction du support et des conditions d&rsquo;application.<\/p>\n<p><strong><strong style=\"color: #085b8f;\"><span style=\"color: #898989;\"><span style=\"color: #4492c6;\">S\u00c9CHAGE:<br \/>\n<\/span><\/span><\/strong><\/strong>En surface : 6 \u00e0 8 heures | Entre couches : 12 \u00e0 24 heures<br \/>\nCes valeurs peuvent varier en fonction du support et des conditions d&rsquo;application.<\/p>\n","protected":false},"excerpt":{"rendered":"<p><img loading=\"lazy\" decoding=\"async\" class=\"alignnone wp-image-1285\" src=\"https:\/\/argatecnic.pt\/wp-content\/uploads\/2022\/09\/marcador-impermeabilizacao.svg\" alt=\"\" width=\"21\" height=\"14\" \/> \u00a0R\u00e9sistance m\u00e9canique<br \/>\n<img loading=\"lazy\" decoding=\"async\" class=\"alignnone wp-image-1285\" src=\"https:\/\/argatecnic.pt\/wp-content\/uploads\/2022\/09\/marcador-impermeabilizacao.svg\" alt=\"\" width=\"21\" height=\"14\" \/>\u00a0 Adapt\u00e9 \u00e0 la circulation des pi\u00e9tons<br \/>\n<img loading=\"lazy\" decoding=\"async\" class=\"alignnone wp-image-1285\" src=\"https:\/\/argatecnic.pt\/wp-content\/uploads\/2022\/09\/marcador-impermeabilizacao.svg\" alt=\"\" width=\"21\" height=\"14\" \/>\u00a0 \u00c9lasticit\u00e9 et durabilit\u00e9<\/p>\n<p>&nbsp;<\/p>\n<p><img loading=\"lazy\" decoding=\"async\" class=\"alignnone wp-image-48293 \" src=\"https:\/\/argatecnic.pt\/wp-content\/uploads\/2024\/03\/RET-impertec-894-caracteristiques.svg\" alt=\"\" width=\"361\" height=\"113\" \/><\/p>\n<p>&nbsp;<\/p>\n<p><img loading=\"lazy\" decoding=\"async\" class=\"alignnone wp-image-42878\" src=\"https:\/\/argatecnic.pt\/wp-content\/uploads\/2024\/03\/blanc-cor-fr.svg\" alt=\"\" width=\"42\" height=\"52\" \/>\u00a0<img decoding=\"async\" class=\"alignnone wp-image-42877\" src=\"https:\/\/argatecnic.pt\/wp-content\/uploads\/2024\/03\/gris-cor-fr.svg\" alt=\"\" width=\"37\" \/>\u00a0<img decoding=\"async\" class=\"alignnone wp-image-42852\" src=\"https:\/\/argatecnic.pt\/wp-content\/uploads\/2024\/03\/cor-brique-fr.svg\" alt=\"\" width=\"37\" \/><\/p>\n","protected":false},"featured_media":38540,"comment_status":"open","ping_status":"closed","template":"","meta":{"_et_pb_use_builder":"","_et_pb_old_content":"","_et_gb_content_width":""},"product_brand":[],"product_cat":[191,195],"product_tag":[],"class_list":{"0":"post-42134","1":"product","2":"type-product","3":"status-publish","4":"has-post-thumbnail","6":"product_cat-impermeabilisation","7":"product_cat-membrane-elastique","9":"first","10":"instock","11":"shipping-taxable","12":"product-type-simple"},"acf":[],"yoast_head":"<!-- This site is optimized with the Yoast SEO plugin v27.4 - https:\/\/yoast.com\/product\/yoast-seo-wordpress\/ -->\n<title>IMPERTEC 894 - ARGATECNIC<\/title>\n<meta name=\"robots\" content=\"index, follow, max-snippet:-1, max-image-preview:large, max-video-preview:-1\" \/>\n<link rel=\"canonical\" href=\"https:\/\/argatecnic.pt\/fr\/produit\/impermeabilisation\/membrane-elastique\/impertec-894\/\" \/>\n<meta property=\"og:locale\" content=\"fr_FR\" \/>\n<meta property=\"og:type\" content=\"article\" \/>\n<meta property=\"og:title\" content=\"IMPERTEC 894 - ARGATECNIC\" \/>\n<meta property=\"og:description\" content=\"\u00a0R\u00e9sistance m\u00e9canique \u00a0 Adapt\u00e9 \u00e0 la circulation des pi\u00e9tons \u00a0 \u00c9lasticit\u00e9 et durabilit\u00e9  &nbsp;    &nbsp;  \u00a0\u00a0\" \/>\n<meta property=\"og:url\" content=\"https:\/\/argatecnic.pt\/fr\/produit\/impermeabilisation\/membrane-elastique\/impertec-894\/\" \/>\n<meta property=\"og:site_name\" content=\"ARGATECNIC\" \/>\n<meta property=\"article:modified_time\" content=\"2025-02-25T17:24:28+00:00\" \/>\n<meta property=\"og:image\" content=\"https:\/\/i0.wp.com\/argatecnic.pt\/wp-content\/uploads\/2024\/02\/Balde-Impertec-894.png?fit=2500%2C2500&ssl=1\" \/>\n\t<meta property=\"og:image:width\" content=\"2500\" \/>\n\t<meta property=\"og:image:height\" content=\"2500\" \/>\n\t<meta property=\"og:image:type\" content=\"image\/png\" \/>\n<meta name=\"twitter:card\" content=\"summary_large_image\" \/>\n<meta name=\"twitter:label1\" content=\"Dur\u00e9e de lecture estim\u00e9e\" \/>\n\t<meta name=\"twitter:data1\" content=\"2 minutes\" \/>\n<script type=\"application\/ld+json\" class=\"yoast-schema-graph\">{\"@context\":\"https:\\\/\\\/schema.org\",\"@graph\":[{\"@type\":\"WebPage\",\"@id\":\"https:\\\/\\\/argatecnic.pt\\\/fr\\\/produit\\\/impermeabilisation\\\/membrane-elastique\\\/impertec-894\\\/\",\"url\":\"https:\\\/\\\/argatecnic.pt\\\/fr\\\/produit\\\/impermeabilisation\\\/membrane-elastique\\\/impertec-894\\\/\",\"name\":\"IMPERTEC 894 - ARGATECNIC\",\"isPartOf\":{\"@id\":\"https:\\\/\\\/argatecnic.pt\\\/fr\\\/#website\"},\"primaryImageOfPage\":{\"@id\":\"https:\\\/\\\/argatecnic.pt\\\/fr\\\/produit\\\/impermeabilisation\\\/membrane-elastique\\\/impertec-894\\\/#primaryimage\"},\"image\":{\"@id\":\"https:\\\/\\\/argatecnic.pt\\\/fr\\\/produit\\\/impermeabilisation\\\/membrane-elastique\\\/impertec-894\\\/#primaryimage\"},\"thumbnailUrl\":\"https:\\\/\\\/i0.wp.com\\\/argatecnic.pt\\\/wp-content\\\/uploads\\\/2024\\\/02\\\/Balde-Impertec-894.png?fit=2500%2C2500&ssl=1\",\"datePublished\":\"2024-03-14T12:45:03+00:00\",\"dateModified\":\"2025-02-25T17:24:28+00:00\",\"breadcrumb\":{\"@id\":\"https:\\\/\\\/argatecnic.pt\\\/fr\\\/produit\\\/impermeabilisation\\\/membrane-elastique\\\/impertec-894\\\/#breadcrumb\"},\"inLanguage\":\"fr-FR\",\"potentialAction\":[{\"@type\":\"ReadAction\",\"target\":[\"https:\\\/\\\/argatecnic.pt\\\/fr\\\/produit\\\/impermeabilisation\\\/membrane-elastique\\\/impertec-894\\\/\"]}]},{\"@type\":\"ImageObject\",\"inLanguage\":\"fr-FR\",\"@id\":\"https:\\\/\\\/argatecnic.pt\\\/fr\\\/produit\\\/impermeabilisation\\\/membrane-elastique\\\/impertec-894\\\/#primaryimage\",\"url\":\"https:\\\/\\\/i0.wp.com\\\/argatecnic.pt\\\/wp-content\\\/uploads\\\/2024\\\/02\\\/Balde-Impertec-894.png?fit=2500%2C2500&ssl=1\",\"contentUrl\":\"https:\\\/\\\/i0.wp.com\\\/argatecnic.pt\\\/wp-content\\\/uploads\\\/2024\\\/02\\\/Balde-Impertec-894.png?fit=2500%2C2500&ssl=1\",\"width\":2500,\"height\":2500},{\"@type\":\"BreadcrumbList\",\"@id\":\"https:\\\/\\\/argatecnic.pt\\\/fr\\\/produit\\\/impermeabilisation\\\/membrane-elastique\\\/impertec-894\\\/#breadcrumb\",\"itemListElement\":[{\"@type\":\"ListItem\",\"position\":1,\"name\":\"Loja\",\"item\":\"https:\\\/\\\/argatecnic.pt\\\/loja\\\/\"},{\"@type\":\"ListItem\",\"position\":2,\"name\":\"IMPERTEC 894\"}]},{\"@type\":\"WebSite\",\"@id\":\"https:\\\/\\\/argatecnic.pt\\\/fr\\\/#website\",\"url\":\"https:\\\/\\\/argatecnic.pt\\\/fr\\\/\",\"name\":\"ARGATECNIC\",\"description\":\"argamassas t\u00e9cnicas para a constru\u00e7\u00e3o\",\"potentialAction\":[{\"@type\":\"SearchAction\",\"target\":{\"@type\":\"EntryPoint\",\"urlTemplate\":\"https:\\\/\\\/argatecnic.pt\\\/fr\\\/?s={search_term_string}\"},\"query-input\":{\"@type\":\"PropertyValueSpecification\",\"valueRequired\":true,\"valueName\":\"search_term_string\"}}],\"inLanguage\":\"fr-FR\"}]}<\/script>\n<!-- \/ Yoast SEO plugin. -->","yoast_head_json":{"title":"IMPERTEC 894 - ARGATECNIC","robots":{"index":"index","follow":"follow","max-snippet":"max-snippet:-1","max-image-preview":"max-image-preview:large","max-video-preview":"max-video-preview:-1"},"canonical":"https:\/\/argatecnic.pt\/fr\/produit\/impermeabilisation\/membrane-elastique\/impertec-894\/","og_locale":"fr_FR","og_type":"article","og_title":"IMPERTEC 894 - ARGATECNIC","og_description":"\u00a0R\u00e9sistance m\u00e9canique \u00a0 Adapt\u00e9 \u00e0 la circulation des pi\u00e9tons \u00a0 \u00c9lasticit\u00e9 et durabilit\u00e9  &nbsp;    &nbsp;  \u00a0\u00a0","og_url":"https:\/\/argatecnic.pt\/fr\/produit\/impermeabilisation\/membrane-elastique\/impertec-894\/","og_site_name":"ARGATECNIC","article_modified_time":"2025-02-25T17:24:28+00:00","og_image":[{"width":2500,"height":2500,"url":"https:\/\/i0.wp.com\/argatecnic.pt\/wp-content\/uploads\/2024\/02\/Balde-Impertec-894.png?fit=2500%2C2500&ssl=1","type":"image\/png"}],"twitter_card":"summary_large_image","twitter_misc":{"Dur\u00e9e de lecture estim\u00e9e":"2 minutes"},"schema":{"@context":"https:\/\/schema.org","@graph":[{"@type":"WebPage","@id":"https:\/\/argatecnic.pt\/fr\/produit\/impermeabilisation\/membrane-elastique\/impertec-894\/","url":"https:\/\/argatecnic.pt\/fr\/produit\/impermeabilisation\/membrane-elastique\/impertec-894\/","name":"IMPERTEC 894 - ARGATECNIC","isPartOf":{"@id":"https:\/\/argatecnic.pt\/fr\/#website"},"primaryImageOfPage":{"@id":"https:\/\/argatecnic.pt\/fr\/produit\/impermeabilisation\/membrane-elastique\/impertec-894\/#primaryimage"},"image":{"@id":"https:\/\/argatecnic.pt\/fr\/produit\/impermeabilisation\/membrane-elastique\/impertec-894\/#primaryimage"},"thumbnailUrl":"https:\/\/i0.wp.com\/argatecnic.pt\/wp-content\/uploads\/2024\/02\/Balde-Impertec-894.png?fit=2500%2C2500&ssl=1","datePublished":"2024-03-14T12:45:03+00:00","dateModified":"2025-02-25T17:24:28+00:00","breadcrumb":{"@id":"https:\/\/argatecnic.pt\/fr\/produit\/impermeabilisation\/membrane-elastique\/impertec-894\/#breadcrumb"},"inLanguage":"fr-FR","potentialAction":[{"@type":"ReadAction","target":["https:\/\/argatecnic.pt\/fr\/produit\/impermeabilisation\/membrane-elastique\/impertec-894\/"]}]},{"@type":"ImageObject","inLanguage":"fr-FR","@id":"https:\/\/argatecnic.pt\/fr\/produit\/impermeabilisation\/membrane-elastique\/impertec-894\/#primaryimage","url":"https:\/\/i0.wp.com\/argatecnic.pt\/wp-content\/uploads\/2024\/02\/Balde-Impertec-894.png?fit=2500%2C2500&ssl=1","contentUrl":"https:\/\/i0.wp.com\/argatecnic.pt\/wp-content\/uploads\/2024\/02\/Balde-Impertec-894.png?fit=2500%2C2500&ssl=1","width":2500,"height":2500},{"@type":"BreadcrumbList","@id":"https:\/\/argatecnic.pt\/fr\/produit\/impermeabilisation\/membrane-elastique\/impertec-894\/#breadcrumb","itemListElement":[{"@type":"ListItem","position":1,"name":"Loja","item":"https:\/\/argatecnic.pt\/loja\/"},{"@type":"ListItem","position":2,"name":"IMPERTEC 894"}]},{"@type":"WebSite","@id":"https:\/\/argatecnic.pt\/fr\/#website","url":"https:\/\/argatecnic.pt\/fr\/","name":"ARGATECNIC","description":"argamassas t\u00e9cnicas para a constru\u00e7\u00e3o","potentialAction":[{"@type":"SearchAction","target":{"@type":"EntryPoint","urlTemplate":"https:\/\/argatecnic.pt\/fr\/?s={search_term_string}"},"query-input":{"@type":"PropertyValueSpecification","valueRequired":true,"valueName":"search_term_string"}}],"inLanguage":"fr-FR"}]}},"jetpack_sharing_enabled":true,"_links":{"self":[{"href":"https:\/\/argatecnic.pt\/fr\/wp-json\/wp\/v2\/product\/42134","targetHints":{"allow":["GET"]}}],"collection":[{"href":"https:\/\/argatecnic.pt\/fr\/wp-json\/wp\/v2\/product"}],"about":[{"href":"https:\/\/argatecnic.pt\/fr\/wp-json\/wp\/v2\/types\/product"}],"replies":[{"embeddable":true,"href":"https:\/\/argatecnic.pt\/fr\/wp-json\/wp\/v2\/comments?post=42134"}],"wp:featuredmedia":[{"embeddable":true,"href":"https:\/\/argatecnic.pt\/fr\/wp-json\/wp\/v2\/media\/38540"}],"wp:attachment":[{"href":"https:\/\/argatecnic.pt\/fr\/wp-json\/wp\/v2\/media?parent=42134"}],"wp:term":[{"taxonomy":"product_brand","embeddable":true,"href":"https:\/\/argatecnic.pt\/fr\/wp-json\/wp\/v2\/product_brand?post=42134"},{"taxonomy":"product_cat","embeddable":true,"href":"https:\/\/argatecnic.pt\/fr\/wp-json\/wp\/v2\/product_cat?post=42134"},{"taxonomy":"product_tag","embeddable":true,"href":"https:\/\/argatecnic.pt\/fr\/wp-json\/wp\/v2\/product_tag?post=42134"}],"curies":[{"name":"wp","href":"https:\/\/api.w.org\/{rel}","templated":true}]}}