{"id":42130,"date":"2022-09-13T15:50:38","date_gmt":"2024-03-14T12:35:43","guid":{"rendered":"https:\/\/argatecnic.pt\/?post_type=product&#038;p=42130"},"modified":"2025-02-25T18:32:42","modified_gmt":"2025-02-25T17:32:42","slug":"impertec-893-one","status":"publish","type":"product","link":"https:\/\/argatecnic.pt\/fr\/produit\/impermeabilisation\/monocomposant\/impertec-893-one\/","title":{"rendered":"IMPERTEC 893 One"},"content":{"rendered":"<p><span style=\"color: #4492c6;\"><strong>PR\u00c9SENTATION:<\/strong><\/span><br \/>\nSac 20 kg<\/p>\n<p><span style=\"color: #a78d2a;\"><strong><span style=\"color: #4492c6;\">DOMAINE D&rsquo;UTILISATION:<\/span><br \/>\n<\/strong><\/span>IMPERTEC 893 ONE convient pour l&rsquo;imperm\u00e9abilisation des balcons, terrasses, salles de bains, piscines et constructions souterraines (murs de sous-sol et fondations). Il adh\u00e8re \u00e0 tout type de surface \u00e0 base de ciment (enduit de ciment, b\u00e9ton). S&rsquo;applique \u00e9galement sur le carrelage ou la pierre, \u00e0 l&rsquo;exception des piscines et des r\u00e9servoirs d&rsquo;eau. R\u00e9sistant aux rayons UV, il doit toutefois \u00eatre recouvert d&rsquo;un rev\u00eatement pour garantir sa protection et sa durabilit\u00e9 (en particulier dans les zones o\u00f9 l&rsquo;on peut transiter).<\/p>\n<p><strong style=\"color: #085b8f;\"><span style=\"color: #4492c6;\">PR\u00c9PARATION DU MORTIER:\u00a0<\/span><br \/>\n<\/strong>IMPERTEC 893 One doit \u00eatre malax\u00e9 m\u00e9caniquement, avec 4,2 litres d&rsquo;eau pour chaque sac de 20 kg, au moyen d&rsquo;un malaxeur \u00e9lectrique \u00e0 vitesse lente, jusqu&rsquo;\u00e0 ce qu&rsquo;on obtienne une p\u00e2te fluide et sans grumeaux.<\/p>\n<p><strong><strong style=\"color: #085b8f;\"><span style=\"color: #898989;\"><span style=\"color: #4492c6;\">CONSOMMATION THEORIQUE:<\/span><br \/>\n<\/span><\/strong><\/strong>3,0 Kg\/m\u00b2<\/p>\n","protected":false},"excerpt":{"rendered":"<p><img loading=\"lazy\" decoding=\"async\" class=\"alignnone wp-image-1285\" src=\"https:\/\/argatecnic.pt\/wp-content\/uploads\/2022\/09\/marcador-impermeabilizacao.svg\" alt=\"\" width=\"21\" height=\"14\" \/>\u00a0 Elasticit\u00e9<br \/>\n<img loading=\"lazy\" decoding=\"async\" class=\"alignnone wp-image-1285\" src=\"https:\/\/argatecnic.pt\/wp-content\/uploads\/2022\/09\/marcador-impermeabilizacao.svg\" alt=\"\" width=\"21\" height=\"14\" \/>\u00a0 Haute adh\u00e9rence \u00e0 la surface<br \/>\n<img loading=\"lazy\" decoding=\"async\" class=\"alignnone wp-image-1285\" src=\"https:\/\/argatecnic.pt\/wp-content\/uploads\/2022\/09\/marcador-impermeabilizacao.svg\" alt=\"\" width=\"21\" height=\"14\" \/>\u00a0 R\u00e9sistant \u00e0 la fissuration, m\u00eame \u00e0 basse temp\u00e9rature<br \/>\n<img loading=\"lazy\" decoding=\"async\" class=\"alignnone wp-image-1285\" src=\"https:\/\/argatecnic.pt\/wp-content\/uploads\/2022\/09\/marcador-impermeabilizacao.svg\" alt=\"\" width=\"21\" height=\"14\" \/>\u00a0 R\u00e9sistant \u00e0 l&rsquo;alcalinit\u00e9<\/p>\n<p>&nbsp;<\/p>\n<p><img loading=\"lazy\" decoding=\"async\" class=\"alignnone wp-image-48294 \" src=\"https:\/\/argatecnic.pt\/wp-content\/uploads\/2024\/03\/RET-impertec-893-one-caracteristiques.svg\" alt=\"\" width=\"363\" height=\"124\" \/><\/p>\n<p>&nbsp;<\/p>\n<p><img decoding=\"async\" class=\"alignnone wp-image-42877\" src=\"https:\/\/argatecnic.pt\/wp-content\/uploads\/2024\/03\/gris-cor-fr.svg\" alt=\"\" width=\"37\" \/><\/p>\n","protected":false},"featured_media":4051,"comment_status":"open","ping_status":"closed","template":"","meta":{"_et_pb_use_builder":"","_et_pb_old_content":"","_et_gb_content_width":""},"product_brand":[],"product_cat":[191,194],"product_tag":[],"class_list":{"0":"post-42130","1":"product","2":"type-product","3":"status-publish","4":"has-post-thumbnail","6":"product_cat-impermeabilisation","7":"product_cat-monocomposant","9":"first","10":"instock","11":"featured","12":"shipping-taxable","13":"product-type-simple"},"acf":[],"yoast_head":"<!-- This site is optimized with the Yoast SEO plugin v27.4 - https:\/\/yoast.com\/product\/yoast-seo-wordpress\/ -->\n<title>IMPERTEC 893 One - ARGATECNIC<\/title>\n<meta name=\"robots\" content=\"index, follow, max-snippet:-1, max-image-preview:large, max-video-preview:-1\" \/>\n<link rel=\"canonical\" href=\"https:\/\/argatecnic.pt\/fr\/produit\/impermeabilisation\/monocomposant\/impertec-893-one\/\" \/>\n<meta property=\"og:locale\" content=\"fr_FR\" \/>\n<meta property=\"og:type\" content=\"article\" \/>\n<meta property=\"og:title\" content=\"IMPERTEC 893 One - ARGATECNIC\" \/>\n<meta property=\"og:description\" content=\"\u00a0 Elasticit\u00e9 \u00a0 Haute adh\u00e9rence \u00e0 la surface \u00a0 R\u00e9sistant \u00e0 la fissuration, m\u00eame \u00e0 basse temp\u00e9rature \u00a0 R\u00e9sistant \u00e0 l&#039;alcalinit\u00e9  &nbsp;    &nbsp;\" \/>\n<meta property=\"og:url\" content=\"https:\/\/argatecnic.pt\/fr\/produit\/impermeabilisation\/monocomposant\/impertec-893-one\/\" \/>\n<meta property=\"og:site_name\" content=\"ARGATECNIC\" \/>\n<meta property=\"article:modified_time\" content=\"2025-02-25T17:32:42+00:00\" \/>\n<meta property=\"og:image\" content=\"https:\/\/i0.wp.com\/argatecnic.pt\/wp-content\/uploads\/2022\/09\/impertec-893-one-saco.png?fit=1484%2C1679&ssl=1\" \/>\n\t<meta property=\"og:image:width\" content=\"1484\" \/>\n\t<meta property=\"og:image:height\" content=\"1679\" \/>\n\t<meta property=\"og:image:type\" content=\"image\/png\" \/>\n<meta name=\"twitter:card\" content=\"summary_large_image\" \/>\n<meta name=\"twitter:label1\" content=\"Dur\u00e9e de lecture estim\u00e9e\" \/>\n\t<meta name=\"twitter:data1\" content=\"1 minute\" \/>\n<script type=\"application\/ld+json\" class=\"yoast-schema-graph\">{\"@context\":\"https:\\\/\\\/schema.org\",\"@graph\":[{\"@type\":\"WebPage\",\"@id\":\"https:\\\/\\\/argatecnic.pt\\\/fr\\\/produit\\\/impermeabilisation\\\/monocomposant\\\/impertec-893-one\\\/\",\"url\":\"https:\\\/\\\/argatecnic.pt\\\/fr\\\/produit\\\/impermeabilisation\\\/monocomposant\\\/impertec-893-one\\\/\",\"name\":\"IMPERTEC 893 One - ARGATECNIC\",\"isPartOf\":{\"@id\":\"https:\\\/\\\/argatecnic.pt\\\/fr\\\/#website\"},\"primaryImageOfPage\":{\"@id\":\"https:\\\/\\\/argatecnic.pt\\\/fr\\\/produit\\\/impermeabilisation\\\/monocomposant\\\/impertec-893-one\\\/#primaryimage\"},\"image\":{\"@id\":\"https:\\\/\\\/argatecnic.pt\\\/fr\\\/produit\\\/impermeabilisation\\\/monocomposant\\\/impertec-893-one\\\/#primaryimage\"},\"thumbnailUrl\":\"https:\\\/\\\/i0.wp.com\\\/argatecnic.pt\\\/wp-content\\\/uploads\\\/2022\\\/09\\\/impertec-893-one-saco.png?fit=1484%2C1679&ssl=1\",\"datePublished\":\"2024-03-14T12:35:43+00:00\",\"dateModified\":\"2025-02-25T17:32:42+00:00\",\"breadcrumb\":{\"@id\":\"https:\\\/\\\/argatecnic.pt\\\/fr\\\/produit\\\/impermeabilisation\\\/monocomposant\\\/impertec-893-one\\\/#breadcrumb\"},\"inLanguage\":\"fr-FR\",\"potentialAction\":[{\"@type\":\"ReadAction\",\"target\":[\"https:\\\/\\\/argatecnic.pt\\\/fr\\\/produit\\\/impermeabilisation\\\/monocomposant\\\/impertec-893-one\\\/\"]}]},{\"@type\":\"ImageObject\",\"inLanguage\":\"fr-FR\",\"@id\":\"https:\\\/\\\/argatecnic.pt\\\/fr\\\/produit\\\/impermeabilisation\\\/monocomposant\\\/impertec-893-one\\\/#primaryimage\",\"url\":\"https:\\\/\\\/i0.wp.com\\\/argatecnic.pt\\\/wp-content\\\/uploads\\\/2022\\\/09\\\/impertec-893-one-saco.png?fit=1484%2C1679&ssl=1\",\"contentUrl\":\"https:\\\/\\\/i0.wp.com\\\/argatecnic.pt\\\/wp-content\\\/uploads\\\/2022\\\/09\\\/impertec-893-one-saco.png?fit=1484%2C1679&ssl=1\",\"width\":1484,\"height\":1679},{\"@type\":\"BreadcrumbList\",\"@id\":\"https:\\\/\\\/argatecnic.pt\\\/fr\\\/produit\\\/impermeabilisation\\\/monocomposant\\\/impertec-893-one\\\/#breadcrumb\",\"itemListElement\":[{\"@type\":\"ListItem\",\"position\":1,\"name\":\"Loja\",\"item\":\"https:\\\/\\\/argatecnic.pt\\\/loja\\\/\"},{\"@type\":\"ListItem\",\"position\":2,\"name\":\"IMPERTEC 893 One\"}]},{\"@type\":\"WebSite\",\"@id\":\"https:\\\/\\\/argatecnic.pt\\\/fr\\\/#website\",\"url\":\"https:\\\/\\\/argatecnic.pt\\\/fr\\\/\",\"name\":\"ARGATECNIC\",\"description\":\"argamassas t\u00e9cnicas para a constru\u00e7\u00e3o\",\"potentialAction\":[{\"@type\":\"SearchAction\",\"target\":{\"@type\":\"EntryPoint\",\"urlTemplate\":\"https:\\\/\\\/argatecnic.pt\\\/fr\\\/?s={search_term_string}\"},\"query-input\":{\"@type\":\"PropertyValueSpecification\",\"valueRequired\":true,\"valueName\":\"search_term_string\"}}],\"inLanguage\":\"fr-FR\"}]}<\/script>\n<!-- \/ Yoast SEO plugin. -->","yoast_head_json":{"title":"IMPERTEC 893 One - ARGATECNIC","robots":{"index":"index","follow":"follow","max-snippet":"max-snippet:-1","max-image-preview":"max-image-preview:large","max-video-preview":"max-video-preview:-1"},"canonical":"https:\/\/argatecnic.pt\/fr\/produit\/impermeabilisation\/monocomposant\/impertec-893-one\/","og_locale":"fr_FR","og_type":"article","og_title":"IMPERTEC 893 One - ARGATECNIC","og_description":"\u00a0 Elasticit\u00e9 \u00a0 Haute adh\u00e9rence \u00e0 la surface \u00a0 R\u00e9sistant \u00e0 la fissuration, m\u00eame \u00e0 basse temp\u00e9rature \u00a0 R\u00e9sistant \u00e0 l'alcalinit\u00e9  &nbsp;    &nbsp;","og_url":"https:\/\/argatecnic.pt\/fr\/produit\/impermeabilisation\/monocomposant\/impertec-893-one\/","og_site_name":"ARGATECNIC","article_modified_time":"2025-02-25T17:32:42+00:00","og_image":[{"width":1484,"height":1679,"url":"https:\/\/i0.wp.com\/argatecnic.pt\/wp-content\/uploads\/2022\/09\/impertec-893-one-saco.png?fit=1484%2C1679&ssl=1","type":"image\/png"}],"twitter_card":"summary_large_image","twitter_misc":{"Dur\u00e9e de lecture estim\u00e9e":"1 minute"},"schema":{"@context":"https:\/\/schema.org","@graph":[{"@type":"WebPage","@id":"https:\/\/argatecnic.pt\/fr\/produit\/impermeabilisation\/monocomposant\/impertec-893-one\/","url":"https:\/\/argatecnic.pt\/fr\/produit\/impermeabilisation\/monocomposant\/impertec-893-one\/","name":"IMPERTEC 893 One - ARGATECNIC","isPartOf":{"@id":"https:\/\/argatecnic.pt\/fr\/#website"},"primaryImageOfPage":{"@id":"https:\/\/argatecnic.pt\/fr\/produit\/impermeabilisation\/monocomposant\/impertec-893-one\/#primaryimage"},"image":{"@id":"https:\/\/argatecnic.pt\/fr\/produit\/impermeabilisation\/monocomposant\/impertec-893-one\/#primaryimage"},"thumbnailUrl":"https:\/\/i0.wp.com\/argatecnic.pt\/wp-content\/uploads\/2022\/09\/impertec-893-one-saco.png?fit=1484%2C1679&ssl=1","datePublished":"2024-03-14T12:35:43+00:00","dateModified":"2025-02-25T17:32:42+00:00","breadcrumb":{"@id":"https:\/\/argatecnic.pt\/fr\/produit\/impermeabilisation\/monocomposant\/impertec-893-one\/#breadcrumb"},"inLanguage":"fr-FR","potentialAction":[{"@type":"ReadAction","target":["https:\/\/argatecnic.pt\/fr\/produit\/impermeabilisation\/monocomposant\/impertec-893-one\/"]}]},{"@type":"ImageObject","inLanguage":"fr-FR","@id":"https:\/\/argatecnic.pt\/fr\/produit\/impermeabilisation\/monocomposant\/impertec-893-one\/#primaryimage","url":"https:\/\/i0.wp.com\/argatecnic.pt\/wp-content\/uploads\/2022\/09\/impertec-893-one-saco.png?fit=1484%2C1679&ssl=1","contentUrl":"https:\/\/i0.wp.com\/argatecnic.pt\/wp-content\/uploads\/2022\/09\/impertec-893-one-saco.png?fit=1484%2C1679&ssl=1","width":1484,"height":1679},{"@type":"BreadcrumbList","@id":"https:\/\/argatecnic.pt\/fr\/produit\/impermeabilisation\/monocomposant\/impertec-893-one\/#breadcrumb","itemListElement":[{"@type":"ListItem","position":1,"name":"Loja","item":"https:\/\/argatecnic.pt\/loja\/"},{"@type":"ListItem","position":2,"name":"IMPERTEC 893 One"}]},{"@type":"WebSite","@id":"https:\/\/argatecnic.pt\/fr\/#website","url":"https:\/\/argatecnic.pt\/fr\/","name":"ARGATECNIC","description":"argamassas t\u00e9cnicas para a constru\u00e7\u00e3o","potentialAction":[{"@type":"SearchAction","target":{"@type":"EntryPoint","urlTemplate":"https:\/\/argatecnic.pt\/fr\/?s={search_term_string}"},"query-input":{"@type":"PropertyValueSpecification","valueRequired":true,"valueName":"search_term_string"}}],"inLanguage":"fr-FR"}]}},"jetpack_sharing_enabled":true,"_links":{"self":[{"href":"https:\/\/argatecnic.pt\/fr\/wp-json\/wp\/v2\/product\/42130","targetHints":{"allow":["GET"]}}],"collection":[{"href":"https:\/\/argatecnic.pt\/fr\/wp-json\/wp\/v2\/product"}],"about":[{"href":"https:\/\/argatecnic.pt\/fr\/wp-json\/wp\/v2\/types\/product"}],"replies":[{"embeddable":true,"href":"https:\/\/argatecnic.pt\/fr\/wp-json\/wp\/v2\/comments?post=42130"}],"wp:featuredmedia":[{"embeddable":true,"href":"https:\/\/argatecnic.pt\/fr\/wp-json\/wp\/v2\/media\/4051"}],"wp:attachment":[{"href":"https:\/\/argatecnic.pt\/fr\/wp-json\/wp\/v2\/media?parent=42130"}],"wp:term":[{"taxonomy":"product_brand","embeddable":true,"href":"https:\/\/argatecnic.pt\/fr\/wp-json\/wp\/v2\/product_brand?post=42130"},{"taxonomy":"product_cat","embeddable":true,"href":"https:\/\/argatecnic.pt\/fr\/wp-json\/wp\/v2\/product_cat?post=42130"},{"taxonomy":"product_tag","embeddable":true,"href":"https:\/\/argatecnic.pt\/fr\/wp-json\/wp\/v2\/product_tag?post=42130"}],"curies":[{"name":"wp","href":"https:\/\/api.w.org\/{rel}","templated":true}]}}