{"id":42125,"date":"2022-09-13T15:26:40","date_gmt":"2024-03-14T12:24:54","guid":{"rendered":"https:\/\/argatecnic.pt\/?post_type=product&#038;p=42125"},"modified":"2025-02-25T18:13:47","modified_gmt":"2025-02-25T17:13:47","slug":"impertec-891-plus","status":"publish","type":"product","link":"https:\/\/argatecnic.pt\/fr\/produit\/impermeabilisation\/bicomposant\/impertec-891-plus\/","title":{"rendered":"IMPERTEC 891 Plus"},"content":{"rendered":"<p><span style=\"color: #4492c6;\"><strong>PR\u00c9SENTATION:<\/strong><\/span><br \/>\nEmballages de 30 kg<br \/>\n(20 kg composant A + 10 kg composant B)<\/p>\n<p><span style=\"color: #a78d2a;\"><strong><span style=\"color: #4492c6;\">DOMAINE D&rsquo;UTILISATION:<\/span><br \/>\n<\/strong><\/span>IMPERTEC 891 Plus destin\u00e9s \u00e0 l&rsquo;\u00e9tanch\u00e9it\u00e9 de piscines, balcons, terrasses, salles de bain et fa\u00e7ades. Il adh\u00e8re \u00e0 tout type de surface de ciment (enduit de ciment, b\u00e9ton), c\u00e9ramique ou pierre. Est r\u00e9sistant aux UV et il est perm\u00e9able au vapeur d&rsquo;eau.<\/p>\n<p><strong style=\"color: #085b8f;\"><span style=\"color: #4492c6;\">PR\u00c9PARATION DU MORTIER:\u00a0<\/span><br \/>\n<\/strong>M\u00e9langer m\u00e9caniquement le composant A (poudre) avec le composant B (r\u00e9sine) dans son int\u00e9gralit\u00e9, sans autre type d\u2019addition, jusqu&rsquo;\u00e0 obtenir une p\u00e2te homog\u00e8ne et lisse, sans grumeaux.<\/p>\n<p><strong><strong style=\"color: #085b8f;\"><span style=\"color: #898989;\"><span style=\"color: #4492c6;\">CONSOMMATION THEORIQUE:<\/span><br \/>\n<\/span><\/strong><\/strong>2,5 Kg\/m\u00b2<\/p>\n","protected":false},"excerpt":{"rendered":"<p><img loading=\"lazy\" decoding=\"async\" class=\"alignnone wp-image-1285\" src=\"https:\/\/argatecnic.pt\/wp-content\/uploads\/2022\/09\/marcador-impermeabilizacao.svg\" alt=\"\" width=\"21\" height=\"14\" \/> \u00a0Fluidit\u00e9 et \u00e9lasticit\u00e9<br \/>\n<img loading=\"lazy\" decoding=\"async\" class=\"alignnone wp-image-1285\" src=\"https:\/\/argatecnic.pt\/wp-content\/uploads\/2022\/09\/marcador-impermeabilizacao.svg\" alt=\"\" width=\"21\" height=\"14\" \/>\u00a0 Haute adh\u00e9rence \u00e0 la surface<br \/>\n<img loading=\"lazy\" decoding=\"async\" class=\"alignnone wp-image-1285\" src=\"https:\/\/argatecnic.pt\/wp-content\/uploads\/2022\/09\/marcador-impermeabilizacao.svg\" alt=\"\" width=\"21\" height=\"14\" \/>\u00a0 R\u00e9sistant \u00e0 la microfissuration<br \/>\n<img loading=\"lazy\" decoding=\"async\" class=\"alignnone wp-image-1285\" src=\"https:\/\/argatecnic.pt\/wp-content\/uploads\/2022\/09\/marcador-impermeabilizacao.svg\" alt=\"\" width=\"21\" height=\"14\" \/>\u00a0 R\u00e9sistant \u00e0 l&rsquo;alcalinit\u00e9<\/p>\n<p>&nbsp;<\/p>\n<p><img loading=\"lazy\" decoding=\"async\" class=\"alignnone wp-image-48295\" src=\"https:\/\/argatecnic.pt\/wp-content\/uploads\/2024\/03\/RET-impertec-891-plus-caracteristiques.svg\" alt=\"\" width=\"362\" height=\"114\" \/><\/p>\n<p>&nbsp;<\/p>\n<p><img decoding=\"async\" class=\"alignnone wp-image-42877\" src=\"https:\/\/argatecnic.pt\/wp-content\/uploads\/2024\/03\/gris-cor-fr.svg\" alt=\"\" width=\"37\" \/><\/p>\n","protected":false},"featured_media":1464,"comment_status":"open","ping_status":"closed","template":"","meta":{"_et_pb_use_builder":"","_et_pb_old_content":"","_et_gb_content_width":""},"product_brand":[],"product_cat":[192,191],"product_tag":[],"class_list":{"0":"post-42125","1":"product","2":"type-product","3":"status-publish","4":"has-post-thumbnail","6":"product_cat-bicomposant","7":"product_cat-impermeabilisation","9":"first","10":"instock","11":"shipping-taxable","12":"product-type-simple"},"acf":[],"yoast_head":"<!-- This site is optimized with the Yoast SEO plugin v27.4 - https:\/\/yoast.com\/product\/yoast-seo-wordpress\/ -->\n<title>IMPERTEC 891 Plus - ARGATECNIC<\/title>\n<meta name=\"robots\" content=\"index, follow, max-snippet:-1, max-image-preview:large, max-video-preview:-1\" \/>\n<link rel=\"canonical\" href=\"https:\/\/argatecnic.pt\/fr\/produit\/impermeabilisation\/bicomposant\/impertec-891-plus\/\" \/>\n<meta property=\"og:locale\" content=\"fr_FR\" \/>\n<meta property=\"og:type\" content=\"article\" \/>\n<meta property=\"og:title\" content=\"IMPERTEC 891 Plus - ARGATECNIC\" \/>\n<meta property=\"og:description\" content=\"\u00a0Fluidit\u00e9 et \u00e9lasticit\u00e9 \u00a0 Haute adh\u00e9rence \u00e0 la surface \u00a0 R\u00e9sistant \u00e0 la microfissuration \u00a0 R\u00e9sistant \u00e0 l&#039;alcalinit\u00e9  &nbsp;    &nbsp;\" \/>\n<meta property=\"og:url\" content=\"https:\/\/argatecnic.pt\/fr\/produit\/impermeabilisation\/bicomposant\/impertec-891-plus\/\" \/>\n<meta property=\"og:site_name\" content=\"ARGATECNIC\" \/>\n<meta property=\"article:modified_time\" content=\"2025-02-25T17:13:47+00:00\" \/>\n<meta property=\"og:image\" content=\"https:\/\/i0.wp.com\/argatecnic.pt\/wp-content\/uploads\/2022\/09\/Impertec-891-plus-saco-1.png?fit=1500%2C1679&ssl=1\" \/>\n\t<meta property=\"og:image:width\" content=\"1500\" \/>\n\t<meta property=\"og:image:height\" content=\"1679\" \/>\n\t<meta property=\"og:image:type\" content=\"image\/png\" \/>\n<meta name=\"twitter:card\" content=\"summary_large_image\" \/>\n<meta name=\"twitter:label1\" content=\"Dur\u00e9e de lecture estim\u00e9e\" \/>\n\t<meta name=\"twitter:data1\" content=\"1 minute\" \/>\n<script type=\"application\/ld+json\" class=\"yoast-schema-graph\">{\"@context\":\"https:\\\/\\\/schema.org\",\"@graph\":[{\"@type\":\"WebPage\",\"@id\":\"https:\\\/\\\/argatecnic.pt\\\/fr\\\/produit\\\/impermeabilisation\\\/bicomposant\\\/impertec-891-plus\\\/\",\"url\":\"https:\\\/\\\/argatecnic.pt\\\/fr\\\/produit\\\/impermeabilisation\\\/bicomposant\\\/impertec-891-plus\\\/\",\"name\":\"IMPERTEC 891 Plus - ARGATECNIC\",\"isPartOf\":{\"@id\":\"https:\\\/\\\/argatecnic.pt\\\/fr\\\/#website\"},\"primaryImageOfPage\":{\"@id\":\"https:\\\/\\\/argatecnic.pt\\\/fr\\\/produit\\\/impermeabilisation\\\/bicomposant\\\/impertec-891-plus\\\/#primaryimage\"},\"image\":{\"@id\":\"https:\\\/\\\/argatecnic.pt\\\/fr\\\/produit\\\/impermeabilisation\\\/bicomposant\\\/impertec-891-plus\\\/#primaryimage\"},\"thumbnailUrl\":\"https:\\\/\\\/i0.wp.com\\\/argatecnic.pt\\\/wp-content\\\/uploads\\\/2022\\\/09\\\/Impertec-891-plus-saco-1.png?fit=1500%2C1679&ssl=1\",\"datePublished\":\"2024-03-14T12:24:54+00:00\",\"dateModified\":\"2025-02-25T17:13:47+00:00\",\"breadcrumb\":{\"@id\":\"https:\\\/\\\/argatecnic.pt\\\/fr\\\/produit\\\/impermeabilisation\\\/bicomposant\\\/impertec-891-plus\\\/#breadcrumb\"},\"inLanguage\":\"fr-FR\",\"potentialAction\":[{\"@type\":\"ReadAction\",\"target\":[\"https:\\\/\\\/argatecnic.pt\\\/fr\\\/produit\\\/impermeabilisation\\\/bicomposant\\\/impertec-891-plus\\\/\"]}]},{\"@type\":\"ImageObject\",\"inLanguage\":\"fr-FR\",\"@id\":\"https:\\\/\\\/argatecnic.pt\\\/fr\\\/produit\\\/impermeabilisation\\\/bicomposant\\\/impertec-891-plus\\\/#primaryimage\",\"url\":\"https:\\\/\\\/i0.wp.com\\\/argatecnic.pt\\\/wp-content\\\/uploads\\\/2022\\\/09\\\/Impertec-891-plus-saco-1.png?fit=1500%2C1679&ssl=1\",\"contentUrl\":\"https:\\\/\\\/i0.wp.com\\\/argatecnic.pt\\\/wp-content\\\/uploads\\\/2022\\\/09\\\/Impertec-891-plus-saco-1.png?fit=1500%2C1679&ssl=1\",\"width\":1500,\"height\":1679},{\"@type\":\"BreadcrumbList\",\"@id\":\"https:\\\/\\\/argatecnic.pt\\\/fr\\\/produit\\\/impermeabilisation\\\/bicomposant\\\/impertec-891-plus\\\/#breadcrumb\",\"itemListElement\":[{\"@type\":\"ListItem\",\"position\":1,\"name\":\"Loja\",\"item\":\"https:\\\/\\\/argatecnic.pt\\\/loja\\\/\"},{\"@type\":\"ListItem\",\"position\":2,\"name\":\"IMPERTEC 891 Plus\"}]},{\"@type\":\"WebSite\",\"@id\":\"https:\\\/\\\/argatecnic.pt\\\/fr\\\/#website\",\"url\":\"https:\\\/\\\/argatecnic.pt\\\/fr\\\/\",\"name\":\"ARGATECNIC\",\"description\":\"argamassas t\u00e9cnicas para a constru\u00e7\u00e3o\",\"potentialAction\":[{\"@type\":\"SearchAction\",\"target\":{\"@type\":\"EntryPoint\",\"urlTemplate\":\"https:\\\/\\\/argatecnic.pt\\\/fr\\\/?s={search_term_string}\"},\"query-input\":{\"@type\":\"PropertyValueSpecification\",\"valueRequired\":true,\"valueName\":\"search_term_string\"}}],\"inLanguage\":\"fr-FR\"}]}<\/script>\n<!-- \/ Yoast SEO plugin. -->","yoast_head_json":{"title":"IMPERTEC 891 Plus - ARGATECNIC","robots":{"index":"index","follow":"follow","max-snippet":"max-snippet:-1","max-image-preview":"max-image-preview:large","max-video-preview":"max-video-preview:-1"},"canonical":"https:\/\/argatecnic.pt\/fr\/produit\/impermeabilisation\/bicomposant\/impertec-891-plus\/","og_locale":"fr_FR","og_type":"article","og_title":"IMPERTEC 891 Plus - ARGATECNIC","og_description":"\u00a0Fluidit\u00e9 et \u00e9lasticit\u00e9 \u00a0 Haute adh\u00e9rence \u00e0 la surface \u00a0 R\u00e9sistant \u00e0 la microfissuration \u00a0 R\u00e9sistant \u00e0 l'alcalinit\u00e9  &nbsp;    &nbsp;","og_url":"https:\/\/argatecnic.pt\/fr\/produit\/impermeabilisation\/bicomposant\/impertec-891-plus\/","og_site_name":"ARGATECNIC","article_modified_time":"2025-02-25T17:13:47+00:00","og_image":[{"width":1500,"height":1679,"url":"https:\/\/i0.wp.com\/argatecnic.pt\/wp-content\/uploads\/2022\/09\/Impertec-891-plus-saco-1.png?fit=1500%2C1679&ssl=1","type":"image\/png"}],"twitter_card":"summary_large_image","twitter_misc":{"Dur\u00e9e de lecture estim\u00e9e":"1 minute"},"schema":{"@context":"https:\/\/schema.org","@graph":[{"@type":"WebPage","@id":"https:\/\/argatecnic.pt\/fr\/produit\/impermeabilisation\/bicomposant\/impertec-891-plus\/","url":"https:\/\/argatecnic.pt\/fr\/produit\/impermeabilisation\/bicomposant\/impertec-891-plus\/","name":"IMPERTEC 891 Plus - ARGATECNIC","isPartOf":{"@id":"https:\/\/argatecnic.pt\/fr\/#website"},"primaryImageOfPage":{"@id":"https:\/\/argatecnic.pt\/fr\/produit\/impermeabilisation\/bicomposant\/impertec-891-plus\/#primaryimage"},"image":{"@id":"https:\/\/argatecnic.pt\/fr\/produit\/impermeabilisation\/bicomposant\/impertec-891-plus\/#primaryimage"},"thumbnailUrl":"https:\/\/i0.wp.com\/argatecnic.pt\/wp-content\/uploads\/2022\/09\/Impertec-891-plus-saco-1.png?fit=1500%2C1679&ssl=1","datePublished":"2024-03-14T12:24:54+00:00","dateModified":"2025-02-25T17:13:47+00:00","breadcrumb":{"@id":"https:\/\/argatecnic.pt\/fr\/produit\/impermeabilisation\/bicomposant\/impertec-891-plus\/#breadcrumb"},"inLanguage":"fr-FR","potentialAction":[{"@type":"ReadAction","target":["https:\/\/argatecnic.pt\/fr\/produit\/impermeabilisation\/bicomposant\/impertec-891-plus\/"]}]},{"@type":"ImageObject","inLanguage":"fr-FR","@id":"https:\/\/argatecnic.pt\/fr\/produit\/impermeabilisation\/bicomposant\/impertec-891-plus\/#primaryimage","url":"https:\/\/i0.wp.com\/argatecnic.pt\/wp-content\/uploads\/2022\/09\/Impertec-891-plus-saco-1.png?fit=1500%2C1679&ssl=1","contentUrl":"https:\/\/i0.wp.com\/argatecnic.pt\/wp-content\/uploads\/2022\/09\/Impertec-891-plus-saco-1.png?fit=1500%2C1679&ssl=1","width":1500,"height":1679},{"@type":"BreadcrumbList","@id":"https:\/\/argatecnic.pt\/fr\/produit\/impermeabilisation\/bicomposant\/impertec-891-plus\/#breadcrumb","itemListElement":[{"@type":"ListItem","position":1,"name":"Loja","item":"https:\/\/argatecnic.pt\/loja\/"},{"@type":"ListItem","position":2,"name":"IMPERTEC 891 Plus"}]},{"@type":"WebSite","@id":"https:\/\/argatecnic.pt\/fr\/#website","url":"https:\/\/argatecnic.pt\/fr\/","name":"ARGATECNIC","description":"argamassas t\u00e9cnicas para a constru\u00e7\u00e3o","potentialAction":[{"@type":"SearchAction","target":{"@type":"EntryPoint","urlTemplate":"https:\/\/argatecnic.pt\/fr\/?s={search_term_string}"},"query-input":{"@type":"PropertyValueSpecification","valueRequired":true,"valueName":"search_term_string"}}],"inLanguage":"fr-FR"}]}},"jetpack_sharing_enabled":true,"_links":{"self":[{"href":"https:\/\/argatecnic.pt\/fr\/wp-json\/wp\/v2\/product\/42125","targetHints":{"allow":["GET"]}}],"collection":[{"href":"https:\/\/argatecnic.pt\/fr\/wp-json\/wp\/v2\/product"}],"about":[{"href":"https:\/\/argatecnic.pt\/fr\/wp-json\/wp\/v2\/types\/product"}],"replies":[{"embeddable":true,"href":"https:\/\/argatecnic.pt\/fr\/wp-json\/wp\/v2\/comments?post=42125"}],"wp:featuredmedia":[{"embeddable":true,"href":"https:\/\/argatecnic.pt\/fr\/wp-json\/wp\/v2\/media\/1464"}],"wp:attachment":[{"href":"https:\/\/argatecnic.pt\/fr\/wp-json\/wp\/v2\/media?parent=42125"}],"wp:term":[{"taxonomy":"product_brand","embeddable":true,"href":"https:\/\/argatecnic.pt\/fr\/wp-json\/wp\/v2\/product_brand?post=42125"},{"taxonomy":"product_cat","embeddable":true,"href":"https:\/\/argatecnic.pt\/fr\/wp-json\/wp\/v2\/product_cat?post=42125"},{"taxonomy":"product_tag","embeddable":true,"href":"https:\/\/argatecnic.pt\/fr\/wp-json\/wp\/v2\/product_tag?post=42125"}],"curies":[{"name":"wp","href":"https:\/\/api.w.org\/{rel}","templated":true}]}}