{"id":42103,"date":"2022-09-13T15:05:58","date_gmt":"2024-03-14T11:34:41","guid":{"rendered":"https:\/\/argatecnic.pt\/?post_type=product&#038;p=42103"},"modified":"2025-02-25T18:10:11","modified_gmt":"2025-02-25T17:10:11","slug":"tradiciocal-859-p","status":"publish","type":"product","link":"https:\/\/argatecnic.pt\/fr\/produit\/rehabilitation-a-base-de-chaux\/finition\/tradiciocal-859-p\/","title":{"rendered":"TRADICIOCAL 859-P"},"content":{"rendered":"<p><span style=\"color: #a78d2a;\"><strong>PR\u00c9SENTATION:<\/strong><\/span><br \/>\nSeau 15 kg<\/p>\n<p><span style=\"color: #a78d2a;\"><strong>DOMAINE D&rsquo;UTILISATION:<br \/>\n<\/strong><\/span>TRADICIOCAL 859-P emp\u00eache la formation de champignons et d&rsquo;algues et pr\u00e9sente une bonne perm\u00e9abilit\u00e9 \u00e0 la vapeur d&rsquo;eau. Il peut \u00eatre appliqu\u00e9 aussi bien \u00e0 l&rsquo;int\u00e9rieur qu&rsquo;\u00e0 l&rsquo;ext\u00e9rieur sur des supports min\u00e9raux, en nivelant leur absorption avant de les peindre avec la peinture au silicate TRADICIOCAL 859.<\/p>\n<p><strong style=\"color: #085b8f;\"><span style=\"color: #a78d2a;\">PR\u00c9PARATION DU MORTIER:<\/span><br \/>\n<\/strong>TRADICIOCAL 859-P est fourni pr\u00eat \u00e0 l&#8217;emploi.<\/p>\n<p><strong><strong style=\"color: #085b8f;\"><span style=\"color: #898989;\"><span style=\"color: #a78d2a;\">CONSOMMATION THEORIQUE:<\/span><br \/>\n<\/span><\/strong><\/strong>6 \u00e0 8 m\u00b2 \/ L \/ couche<\/p>\n","protected":false},"excerpt":{"rendered":"<p><img loading=\"lazy\" decoding=\"async\" class=\"alignnone wp-image-735\" src=\"https:\/\/argatecnic.pt\/wp-content\/uploads\/2022\/08\/marcador-tradiciocal.svg\" alt=\"\" width=\"21\" height=\"14\" \/>\u00a0 R\u00e9gulation de l&rsquo;absorption des supports<br \/>\n<img loading=\"lazy\" decoding=\"async\" class=\"alignnone wp-image-735\" src=\"https:\/\/argatecnic.pt\/wp-content\/uploads\/2022\/08\/marcador-tradiciocal.svg\" alt=\"\" width=\"21\" height=\"14\" \/>\u00a0 Haute r\u00e9sistance \u00e0 l&rsquo;alcalinit\u00e9<br \/>\n<img loading=\"lazy\" decoding=\"async\" class=\"alignnone wp-image-735\" src=\"https:\/\/argatecnic.pt\/wp-content\/uploads\/2022\/08\/marcador-tradiciocal.svg\" alt=\"\" width=\"21\" height=\"14\" \/>\u00a0 Rendement \u00e9lev\u00e9 sur site<\/p>\n<p>&nbsp;<\/p>\n<p><img loading=\"lazy\" decoding=\"async\" class=\"alignnone wp-image-48301\" src=\"https:\/\/argatecnic.pt\/wp-content\/uploads\/2024\/03\/RET-tradiciocal-859-p-cacteristiques.svg\" alt=\"\" width=\"360\" height=\"127\" \/><\/p>\n","protected":false},"featured_media":4041,"comment_status":"open","ping_status":"closed","template":"","meta":{"_et_pb_use_builder":"","_et_pb_old_content":"","_et_gb_content_width":""},"product_brand":[],"product_cat":[206,205],"product_tag":[],"class_list":{"0":"post-42103","1":"product","2":"type-product","3":"status-publish","4":"has-post-thumbnail","6":"product_cat-finition","7":"product_cat-rehabilitation-a-base-de-chaux","9":"first","10":"instock","11":"shipping-taxable","12":"product-type-simple"},"acf":[],"yoast_head":"<!-- This site is optimized with the Yoast SEO plugin v27.4 - https:\/\/yoast.com\/product\/yoast-seo-wordpress\/ -->\n<title>TRADICIOCAL 859-P - ARGATECNIC<\/title>\n<meta name=\"robots\" content=\"index, follow, max-snippet:-1, max-image-preview:large, max-video-preview:-1\" \/>\n<link rel=\"canonical\" href=\"https:\/\/argatecnic.pt\/fr\/produit\/rehabilitation-a-base-de-chaux\/finition\/tradiciocal-859-p\/\" \/>\n<meta property=\"og:locale\" content=\"fr_FR\" \/>\n<meta property=\"og:type\" content=\"article\" \/>\n<meta property=\"og:title\" content=\"TRADICIOCAL 859-P - ARGATECNIC\" \/>\n<meta property=\"og:description\" content=\"\u00a0 R\u00e9gulation de l&#039;absorption des supports \u00a0 Haute r\u00e9sistance \u00e0 l&#039;alcalinit\u00e9 \u00a0 Rendement \u00e9lev\u00e9 sur site  &nbsp;\" \/>\n<meta property=\"og:url\" content=\"https:\/\/argatecnic.pt\/fr\/produit\/rehabilitation-a-base-de-chaux\/finition\/tradiciocal-859-p\/\" \/>\n<meta property=\"og:site_name\" content=\"ARGATECNIC\" \/>\n<meta property=\"article:modified_time\" content=\"2025-02-25T17:10:11+00:00\" \/>\n<meta property=\"og:image\" content=\"https:\/\/i0.wp.com\/argatecnic.pt\/wp-content\/uploads\/2022\/09\/tradiciocal-859p-balde.png?fit=1250%2C1250&ssl=1\" \/>\n\t<meta property=\"og:image:width\" content=\"1250\" \/>\n\t<meta property=\"og:image:height\" content=\"1250\" \/>\n\t<meta property=\"og:image:type\" content=\"image\/png\" \/>\n<meta name=\"twitter:card\" content=\"summary_large_image\" \/>\n<meta name=\"twitter:label1\" content=\"Dur\u00e9e de lecture estim\u00e9e\" \/>\n\t<meta name=\"twitter:data1\" content=\"1 minute\" \/>\n<script type=\"application\/ld+json\" class=\"yoast-schema-graph\">{\"@context\":\"https:\\\/\\\/schema.org\",\"@graph\":[{\"@type\":\"WebPage\",\"@id\":\"https:\\\/\\\/argatecnic.pt\\\/fr\\\/produit\\\/rehabilitation-a-base-de-chaux\\\/finition\\\/tradiciocal-859-p\\\/\",\"url\":\"https:\\\/\\\/argatecnic.pt\\\/fr\\\/produit\\\/rehabilitation-a-base-de-chaux\\\/finition\\\/tradiciocal-859-p\\\/\",\"name\":\"TRADICIOCAL 859-P - ARGATECNIC\",\"isPartOf\":{\"@id\":\"https:\\\/\\\/argatecnic.pt\\\/fr\\\/#website\"},\"primaryImageOfPage\":{\"@id\":\"https:\\\/\\\/argatecnic.pt\\\/fr\\\/produit\\\/rehabilitation-a-base-de-chaux\\\/finition\\\/tradiciocal-859-p\\\/#primaryimage\"},\"image\":{\"@id\":\"https:\\\/\\\/argatecnic.pt\\\/fr\\\/produit\\\/rehabilitation-a-base-de-chaux\\\/finition\\\/tradiciocal-859-p\\\/#primaryimage\"},\"thumbnailUrl\":\"https:\\\/\\\/i0.wp.com\\\/argatecnic.pt\\\/wp-content\\\/uploads\\\/2022\\\/09\\\/tradiciocal-859p-balde.png?fit=1250%2C1250&ssl=1\",\"datePublished\":\"2024-03-14T11:34:41+00:00\",\"dateModified\":\"2025-02-25T17:10:11+00:00\",\"breadcrumb\":{\"@id\":\"https:\\\/\\\/argatecnic.pt\\\/fr\\\/produit\\\/rehabilitation-a-base-de-chaux\\\/finition\\\/tradiciocal-859-p\\\/#breadcrumb\"},\"inLanguage\":\"fr-FR\",\"potentialAction\":[{\"@type\":\"ReadAction\",\"target\":[\"https:\\\/\\\/argatecnic.pt\\\/fr\\\/produit\\\/rehabilitation-a-base-de-chaux\\\/finition\\\/tradiciocal-859-p\\\/\"]}]},{\"@type\":\"ImageObject\",\"inLanguage\":\"fr-FR\",\"@id\":\"https:\\\/\\\/argatecnic.pt\\\/fr\\\/produit\\\/rehabilitation-a-base-de-chaux\\\/finition\\\/tradiciocal-859-p\\\/#primaryimage\",\"url\":\"https:\\\/\\\/i0.wp.com\\\/argatecnic.pt\\\/wp-content\\\/uploads\\\/2022\\\/09\\\/tradiciocal-859p-balde.png?fit=1250%2C1250&ssl=1\",\"contentUrl\":\"https:\\\/\\\/i0.wp.com\\\/argatecnic.pt\\\/wp-content\\\/uploads\\\/2022\\\/09\\\/tradiciocal-859p-balde.png?fit=1250%2C1250&ssl=1\",\"width\":1250,\"height\":1250},{\"@type\":\"BreadcrumbList\",\"@id\":\"https:\\\/\\\/argatecnic.pt\\\/fr\\\/produit\\\/rehabilitation-a-base-de-chaux\\\/finition\\\/tradiciocal-859-p\\\/#breadcrumb\",\"itemListElement\":[{\"@type\":\"ListItem\",\"position\":1,\"name\":\"Loja\",\"item\":\"https:\\\/\\\/argatecnic.pt\\\/loja\\\/\"},{\"@type\":\"ListItem\",\"position\":2,\"name\":\"TRADICIOCAL 859-P\"}]},{\"@type\":\"WebSite\",\"@id\":\"https:\\\/\\\/argatecnic.pt\\\/fr\\\/#website\",\"url\":\"https:\\\/\\\/argatecnic.pt\\\/fr\\\/\",\"name\":\"ARGATECNIC\",\"description\":\"argamassas t\u00e9cnicas para a constru\u00e7\u00e3o\",\"potentialAction\":[{\"@type\":\"SearchAction\",\"target\":{\"@type\":\"EntryPoint\",\"urlTemplate\":\"https:\\\/\\\/argatecnic.pt\\\/fr\\\/?s={search_term_string}\"},\"query-input\":{\"@type\":\"PropertyValueSpecification\",\"valueRequired\":true,\"valueName\":\"search_term_string\"}}],\"inLanguage\":\"fr-FR\"}]}<\/script>\n<!-- \/ Yoast SEO plugin. -->","yoast_head_json":{"title":"TRADICIOCAL 859-P - ARGATECNIC","robots":{"index":"index","follow":"follow","max-snippet":"max-snippet:-1","max-image-preview":"max-image-preview:large","max-video-preview":"max-video-preview:-1"},"canonical":"https:\/\/argatecnic.pt\/fr\/produit\/rehabilitation-a-base-de-chaux\/finition\/tradiciocal-859-p\/","og_locale":"fr_FR","og_type":"article","og_title":"TRADICIOCAL 859-P - ARGATECNIC","og_description":"\u00a0 R\u00e9gulation de l'absorption des supports \u00a0 Haute r\u00e9sistance \u00e0 l'alcalinit\u00e9 \u00a0 Rendement \u00e9lev\u00e9 sur site  &nbsp;","og_url":"https:\/\/argatecnic.pt\/fr\/produit\/rehabilitation-a-base-de-chaux\/finition\/tradiciocal-859-p\/","og_site_name":"ARGATECNIC","article_modified_time":"2025-02-25T17:10:11+00:00","og_image":[{"width":1250,"height":1250,"url":"https:\/\/i0.wp.com\/argatecnic.pt\/wp-content\/uploads\/2022\/09\/tradiciocal-859p-balde.png?fit=1250%2C1250&ssl=1","type":"image\/png"}],"twitter_card":"summary_large_image","twitter_misc":{"Dur\u00e9e de lecture estim\u00e9e":"1 minute"},"schema":{"@context":"https:\/\/schema.org","@graph":[{"@type":"WebPage","@id":"https:\/\/argatecnic.pt\/fr\/produit\/rehabilitation-a-base-de-chaux\/finition\/tradiciocal-859-p\/","url":"https:\/\/argatecnic.pt\/fr\/produit\/rehabilitation-a-base-de-chaux\/finition\/tradiciocal-859-p\/","name":"TRADICIOCAL 859-P - ARGATECNIC","isPartOf":{"@id":"https:\/\/argatecnic.pt\/fr\/#website"},"primaryImageOfPage":{"@id":"https:\/\/argatecnic.pt\/fr\/produit\/rehabilitation-a-base-de-chaux\/finition\/tradiciocal-859-p\/#primaryimage"},"image":{"@id":"https:\/\/argatecnic.pt\/fr\/produit\/rehabilitation-a-base-de-chaux\/finition\/tradiciocal-859-p\/#primaryimage"},"thumbnailUrl":"https:\/\/i0.wp.com\/argatecnic.pt\/wp-content\/uploads\/2022\/09\/tradiciocal-859p-balde.png?fit=1250%2C1250&ssl=1","datePublished":"2024-03-14T11:34:41+00:00","dateModified":"2025-02-25T17:10:11+00:00","breadcrumb":{"@id":"https:\/\/argatecnic.pt\/fr\/produit\/rehabilitation-a-base-de-chaux\/finition\/tradiciocal-859-p\/#breadcrumb"},"inLanguage":"fr-FR","potentialAction":[{"@type":"ReadAction","target":["https:\/\/argatecnic.pt\/fr\/produit\/rehabilitation-a-base-de-chaux\/finition\/tradiciocal-859-p\/"]}]},{"@type":"ImageObject","inLanguage":"fr-FR","@id":"https:\/\/argatecnic.pt\/fr\/produit\/rehabilitation-a-base-de-chaux\/finition\/tradiciocal-859-p\/#primaryimage","url":"https:\/\/i0.wp.com\/argatecnic.pt\/wp-content\/uploads\/2022\/09\/tradiciocal-859p-balde.png?fit=1250%2C1250&ssl=1","contentUrl":"https:\/\/i0.wp.com\/argatecnic.pt\/wp-content\/uploads\/2022\/09\/tradiciocal-859p-balde.png?fit=1250%2C1250&ssl=1","width":1250,"height":1250},{"@type":"BreadcrumbList","@id":"https:\/\/argatecnic.pt\/fr\/produit\/rehabilitation-a-base-de-chaux\/finition\/tradiciocal-859-p\/#breadcrumb","itemListElement":[{"@type":"ListItem","position":1,"name":"Loja","item":"https:\/\/argatecnic.pt\/loja\/"},{"@type":"ListItem","position":2,"name":"TRADICIOCAL 859-P"}]},{"@type":"WebSite","@id":"https:\/\/argatecnic.pt\/fr\/#website","url":"https:\/\/argatecnic.pt\/fr\/","name":"ARGATECNIC","description":"argamassas t\u00e9cnicas para a constru\u00e7\u00e3o","potentialAction":[{"@type":"SearchAction","target":{"@type":"EntryPoint","urlTemplate":"https:\/\/argatecnic.pt\/fr\/?s={search_term_string}"},"query-input":{"@type":"PropertyValueSpecification","valueRequired":true,"valueName":"search_term_string"}}],"inLanguage":"fr-FR"}]}},"jetpack_sharing_enabled":true,"_links":{"self":[{"href":"https:\/\/argatecnic.pt\/fr\/wp-json\/wp\/v2\/product\/42103","targetHints":{"allow":["GET"]}}],"collection":[{"href":"https:\/\/argatecnic.pt\/fr\/wp-json\/wp\/v2\/product"}],"about":[{"href":"https:\/\/argatecnic.pt\/fr\/wp-json\/wp\/v2\/types\/product"}],"replies":[{"embeddable":true,"href":"https:\/\/argatecnic.pt\/fr\/wp-json\/wp\/v2\/comments?post=42103"}],"wp:featuredmedia":[{"embeddable":true,"href":"https:\/\/argatecnic.pt\/fr\/wp-json\/wp\/v2\/media\/4041"}],"wp:attachment":[{"href":"https:\/\/argatecnic.pt\/fr\/wp-json\/wp\/v2\/media?parent=42103"}],"wp:term":[{"taxonomy":"product_brand","embeddable":true,"href":"https:\/\/argatecnic.pt\/fr\/wp-json\/wp\/v2\/product_brand?post=42103"},{"taxonomy":"product_cat","embeddable":true,"href":"https:\/\/argatecnic.pt\/fr\/wp-json\/wp\/v2\/product_cat?post=42103"},{"taxonomy":"product_tag","embeddable":true,"href":"https:\/\/argatecnic.pt\/fr\/wp-json\/wp\/v2\/product_tag?post=42103"}],"curies":[{"name":"wp","href":"https:\/\/api.w.org\/{rel}","templated":true}]}}