{"id":41803,"date":"2022-09-13T08:03:00","date_gmt":"2024-03-13T17:38:16","guid":{"rendered":"https:\/\/argatecnic.pt\/?post_type=product&#038;p=41803"},"modified":"2025-02-25T18:00:37","modified_gmt":"2025-02-25T17:00:37","slug":"betfinish-841","status":"publish","type":"product","link":"https:\/\/argatecnic.pt\/fr\/produit\/reparation\/non-structurel\/betfinish-841\/","title":{"rendered":"BETFINISH 841"},"content":{"rendered":"<p><span style=\"color: #73a545;\"><strong>PR\u00c9SENTATION:<\/strong><\/span><br \/>\nSac 20 kg<\/p>\n<p><span style=\"color: #73a545;\"><strong>DOMAINE D&rsquo;UTILISATION:<\/strong><\/span><br \/>\nBETFINISH 841 est un mortier de finition lisse, destin\u00e9 \u00e0 la r\u00e9paration de surfaces d&rsquo;assises en b\u00e9ton et d&rsquo;autres surfaces \u00e0 base de ciment qui pr\u00e9sentent de petits d\u00e9fauts de mise en \u0153uvre. Application sur murs et plafonds int\u00e9rieurs et ext\u00e9rieurs, avec des \u00e9paisseurs allant jusqu&rsquo;\u00e0 2 mm par couche.<\/p>\n<p><strong style=\"color: #085b8f;\"><span style=\"color: #73a545;\">PR\u00c9PARATION DU MORTIER:<\/span><br \/>\n<\/strong>BETFINISH 841 doit \u00eatre malax\u00e9 m\u00e9caniquement, avec 6,0 \u00e0 7,0 litres d&rsquo;eau pour chaque sac de 20 kg, \u00e0 l&rsquo;aide d&rsquo;un malaxeur \u00e9lectrique \u00e0 vitesse lente, jusqu&rsquo;\u00e0 l&rsquo;obtention d&rsquo;une p\u00e2te fluide et sans grumeaux.<\/p>\n<p><strong><strong style=\"color: #085b8f;\"><span style=\"color: #898989;\"><span style=\"color: #73a545;\">CONSOMMATION THEORIQUE:<\/span><br \/>\n<\/span><\/strong><\/strong>1,2 Kg\/m\u00b2\/mm<\/p>\n","protected":false},"excerpt":{"rendered":"<p><img loading=\"lazy\" decoding=\"async\" class=\"alignnone wp-image-733\" src=\"https:\/\/argatecnic.pt\/wp-content\/uploads\/2022\/08\/marcador-betao.svg\" alt=\"\" width=\"21\" height=\"14\" \/> \u00a0Excellente adh\u00e9rence au b\u00e9ton<br \/>\n<img loading=\"lazy\" decoding=\"async\" class=\"alignnone wp-image-733\" src=\"https:\/\/argatecnic.pt\/wp-content\/uploads\/2022\/08\/marcador-betao.svg\" alt=\"\" width=\"21\" height=\"14\" \/>\u00a0 Finition lisse<br \/>\n<img loading=\"lazy\" decoding=\"async\" class=\"alignnone wp-image-733\" src=\"https:\/\/argatecnic.pt\/wp-content\/uploads\/2022\/08\/marcador-betao.svg\" alt=\"\" width=\"21\" height=\"14\" \/>\u00a0 R\u00e9sistant \u00e0 la fissuration<\/p>\n<p>&nbsp;<\/p>\n<p><img loading=\"lazy\" decoding=\"async\" class=\"alignnone wp-image-48279\" src=\"https:\/\/argatecnic.pt\/wp-content\/uploads\/2024\/03\/RET-betfinish-841-caracteristiques.svg\" alt=\"\" width=\"266\" height=\"92\" \/><\/p>\n<p>&nbsp;<\/p>\n<p><img loading=\"lazy\" decoding=\"async\" class=\"alignnone wp-image-320\" src=\"https:\/\/argatecnic.pt\/wp-content\/uploads\/2022\/08\/betfinish-841-classificacao.svg\" alt=\"\" width=\"75\" height=\"75\" \/><\/p>\n<p>&nbsp;<\/p>\n<p><img decoding=\"async\" class=\"alignnone wp-image-42877\" src=\"https:\/\/argatecnic.pt\/wp-content\/uploads\/2024\/03\/gris-cor-fr.svg\" alt=\"\" width=\"37\" \/><\/p>\n","protected":false},"featured_media":4479,"comment_status":"open","ping_status":"closed","template":"","meta":{"_et_pb_use_builder":"","_et_pb_old_content":"","_et_gb_content_width":""},"product_brand":[],"product_cat":[214,209],"product_tag":[],"class_list":{"0":"post-41803","1":"product","2":"type-product","3":"status-publish","4":"has-post-thumbnail","6":"product_cat-non-structurel","7":"product_cat-reparation","9":"first","10":"instock","11":"shipping-taxable","12":"product-type-simple"},"acf":[],"yoast_head":"<!-- This site is optimized with the Yoast SEO plugin v27.4 - https:\/\/yoast.com\/product\/yoast-seo-wordpress\/ -->\n<title>BETFINISH 841 - ARGATECNIC<\/title>\n<meta name=\"robots\" content=\"index, follow, max-snippet:-1, max-image-preview:large, max-video-preview:-1\" \/>\n<link rel=\"canonical\" href=\"https:\/\/argatecnic.pt\/fr\/produit\/reparation\/non-structurel\/betfinish-841\/\" \/>\n<meta property=\"og:locale\" content=\"fr_FR\" \/>\n<meta property=\"og:type\" content=\"article\" \/>\n<meta property=\"og:title\" content=\"BETFINISH 841 - ARGATECNIC\" \/>\n<meta property=\"og:description\" content=\"\u00a0Excellente adh\u00e9rence au b\u00e9ton \u00a0 Finition lisse \u00a0 R\u00e9sistant \u00e0 la fissuration  &nbsp;    &nbsp;    &nbsp;\" \/>\n<meta property=\"og:url\" content=\"https:\/\/argatecnic.pt\/fr\/produit\/reparation\/non-structurel\/betfinish-841\/\" \/>\n<meta property=\"og:site_name\" content=\"ARGATECNIC\" \/>\n<meta property=\"article:modified_time\" content=\"2025-02-25T17:00:37+00:00\" \/>\n<meta property=\"og:image\" content=\"https:\/\/i0.wp.com\/argatecnic.pt\/wp-content\/uploads\/2022\/09\/betfinish-841-saco.png?fit=1484%2C1679&ssl=1\" \/>\n\t<meta property=\"og:image:width\" content=\"1484\" \/>\n\t<meta property=\"og:image:height\" content=\"1679\" \/>\n\t<meta property=\"og:image:type\" content=\"image\/png\" \/>\n<meta name=\"twitter:card\" content=\"summary_large_image\" \/>\n<meta name=\"twitter:label1\" content=\"Dur\u00e9e de lecture estim\u00e9e\" \/>\n\t<meta name=\"twitter:data1\" content=\"1 minute\" \/>\n<script type=\"application\/ld+json\" class=\"yoast-schema-graph\">{\"@context\":\"https:\\\/\\\/schema.org\",\"@graph\":[{\"@type\":\"WebPage\",\"@id\":\"https:\\\/\\\/argatecnic.pt\\\/fr\\\/produit\\\/reparation\\\/non-structurel\\\/betfinish-841\\\/\",\"url\":\"https:\\\/\\\/argatecnic.pt\\\/fr\\\/produit\\\/reparation\\\/non-structurel\\\/betfinish-841\\\/\",\"name\":\"BETFINISH 841 - ARGATECNIC\",\"isPartOf\":{\"@id\":\"https:\\\/\\\/argatecnic.pt\\\/fr\\\/#website\"},\"primaryImageOfPage\":{\"@id\":\"https:\\\/\\\/argatecnic.pt\\\/fr\\\/produit\\\/reparation\\\/non-structurel\\\/betfinish-841\\\/#primaryimage\"},\"image\":{\"@id\":\"https:\\\/\\\/argatecnic.pt\\\/fr\\\/produit\\\/reparation\\\/non-structurel\\\/betfinish-841\\\/#primaryimage\"},\"thumbnailUrl\":\"https:\\\/\\\/i0.wp.com\\\/argatecnic.pt\\\/wp-content\\\/uploads\\\/2022\\\/09\\\/betfinish-841-saco.png?fit=1484%2C1679&ssl=1\",\"datePublished\":\"2024-03-13T17:38:16+00:00\",\"dateModified\":\"2025-02-25T17:00:37+00:00\",\"breadcrumb\":{\"@id\":\"https:\\\/\\\/argatecnic.pt\\\/fr\\\/produit\\\/reparation\\\/non-structurel\\\/betfinish-841\\\/#breadcrumb\"},\"inLanguage\":\"fr-FR\",\"potentialAction\":[{\"@type\":\"ReadAction\",\"target\":[\"https:\\\/\\\/argatecnic.pt\\\/fr\\\/produit\\\/reparation\\\/non-structurel\\\/betfinish-841\\\/\"]}]},{\"@type\":\"ImageObject\",\"inLanguage\":\"fr-FR\",\"@id\":\"https:\\\/\\\/argatecnic.pt\\\/fr\\\/produit\\\/reparation\\\/non-structurel\\\/betfinish-841\\\/#primaryimage\",\"url\":\"https:\\\/\\\/i0.wp.com\\\/argatecnic.pt\\\/wp-content\\\/uploads\\\/2022\\\/09\\\/betfinish-841-saco.png?fit=1484%2C1679&ssl=1\",\"contentUrl\":\"https:\\\/\\\/i0.wp.com\\\/argatecnic.pt\\\/wp-content\\\/uploads\\\/2022\\\/09\\\/betfinish-841-saco.png?fit=1484%2C1679&ssl=1\",\"width\":1484,\"height\":1679},{\"@type\":\"BreadcrumbList\",\"@id\":\"https:\\\/\\\/argatecnic.pt\\\/fr\\\/produit\\\/reparation\\\/non-structurel\\\/betfinish-841\\\/#breadcrumb\",\"itemListElement\":[{\"@type\":\"ListItem\",\"position\":1,\"name\":\"Loja\",\"item\":\"https:\\\/\\\/argatecnic.pt\\\/loja\\\/\"},{\"@type\":\"ListItem\",\"position\":2,\"name\":\"BETFINISH 841\"}]},{\"@type\":\"WebSite\",\"@id\":\"https:\\\/\\\/argatecnic.pt\\\/fr\\\/#website\",\"url\":\"https:\\\/\\\/argatecnic.pt\\\/fr\\\/\",\"name\":\"ARGATECNIC\",\"description\":\"argamassas t\u00e9cnicas para a constru\u00e7\u00e3o\",\"potentialAction\":[{\"@type\":\"SearchAction\",\"target\":{\"@type\":\"EntryPoint\",\"urlTemplate\":\"https:\\\/\\\/argatecnic.pt\\\/fr\\\/?s={search_term_string}\"},\"query-input\":{\"@type\":\"PropertyValueSpecification\",\"valueRequired\":true,\"valueName\":\"search_term_string\"}}],\"inLanguage\":\"fr-FR\"}]}<\/script>\n<!-- \/ Yoast SEO plugin. -->","yoast_head_json":{"title":"BETFINISH 841 - ARGATECNIC","robots":{"index":"index","follow":"follow","max-snippet":"max-snippet:-1","max-image-preview":"max-image-preview:large","max-video-preview":"max-video-preview:-1"},"canonical":"https:\/\/argatecnic.pt\/fr\/produit\/reparation\/non-structurel\/betfinish-841\/","og_locale":"fr_FR","og_type":"article","og_title":"BETFINISH 841 - ARGATECNIC","og_description":"\u00a0Excellente adh\u00e9rence au b\u00e9ton \u00a0 Finition lisse \u00a0 R\u00e9sistant \u00e0 la fissuration  &nbsp;    &nbsp;    &nbsp;","og_url":"https:\/\/argatecnic.pt\/fr\/produit\/reparation\/non-structurel\/betfinish-841\/","og_site_name":"ARGATECNIC","article_modified_time":"2025-02-25T17:00:37+00:00","og_image":[{"width":1484,"height":1679,"url":"https:\/\/i0.wp.com\/argatecnic.pt\/wp-content\/uploads\/2022\/09\/betfinish-841-saco.png?fit=1484%2C1679&ssl=1","type":"image\/png"}],"twitter_card":"summary_large_image","twitter_misc":{"Dur\u00e9e de lecture estim\u00e9e":"1 minute"},"schema":{"@context":"https:\/\/schema.org","@graph":[{"@type":"WebPage","@id":"https:\/\/argatecnic.pt\/fr\/produit\/reparation\/non-structurel\/betfinish-841\/","url":"https:\/\/argatecnic.pt\/fr\/produit\/reparation\/non-structurel\/betfinish-841\/","name":"BETFINISH 841 - ARGATECNIC","isPartOf":{"@id":"https:\/\/argatecnic.pt\/fr\/#website"},"primaryImageOfPage":{"@id":"https:\/\/argatecnic.pt\/fr\/produit\/reparation\/non-structurel\/betfinish-841\/#primaryimage"},"image":{"@id":"https:\/\/argatecnic.pt\/fr\/produit\/reparation\/non-structurel\/betfinish-841\/#primaryimage"},"thumbnailUrl":"https:\/\/i0.wp.com\/argatecnic.pt\/wp-content\/uploads\/2022\/09\/betfinish-841-saco.png?fit=1484%2C1679&ssl=1","datePublished":"2024-03-13T17:38:16+00:00","dateModified":"2025-02-25T17:00:37+00:00","breadcrumb":{"@id":"https:\/\/argatecnic.pt\/fr\/produit\/reparation\/non-structurel\/betfinish-841\/#breadcrumb"},"inLanguage":"fr-FR","potentialAction":[{"@type":"ReadAction","target":["https:\/\/argatecnic.pt\/fr\/produit\/reparation\/non-structurel\/betfinish-841\/"]}]},{"@type":"ImageObject","inLanguage":"fr-FR","@id":"https:\/\/argatecnic.pt\/fr\/produit\/reparation\/non-structurel\/betfinish-841\/#primaryimage","url":"https:\/\/i0.wp.com\/argatecnic.pt\/wp-content\/uploads\/2022\/09\/betfinish-841-saco.png?fit=1484%2C1679&ssl=1","contentUrl":"https:\/\/i0.wp.com\/argatecnic.pt\/wp-content\/uploads\/2022\/09\/betfinish-841-saco.png?fit=1484%2C1679&ssl=1","width":1484,"height":1679},{"@type":"BreadcrumbList","@id":"https:\/\/argatecnic.pt\/fr\/produit\/reparation\/non-structurel\/betfinish-841\/#breadcrumb","itemListElement":[{"@type":"ListItem","position":1,"name":"Loja","item":"https:\/\/argatecnic.pt\/loja\/"},{"@type":"ListItem","position":2,"name":"BETFINISH 841"}]},{"@type":"WebSite","@id":"https:\/\/argatecnic.pt\/fr\/#website","url":"https:\/\/argatecnic.pt\/fr\/","name":"ARGATECNIC","description":"argamassas t\u00e9cnicas para a constru\u00e7\u00e3o","potentialAction":[{"@type":"SearchAction","target":{"@type":"EntryPoint","urlTemplate":"https:\/\/argatecnic.pt\/fr\/?s={search_term_string}"},"query-input":{"@type":"PropertyValueSpecification","valueRequired":true,"valueName":"search_term_string"}}],"inLanguage":"fr-FR"}]}},"jetpack_sharing_enabled":true,"_links":{"self":[{"href":"https:\/\/argatecnic.pt\/fr\/wp-json\/wp\/v2\/product\/41803","targetHints":{"allow":["GET"]}}],"collection":[{"href":"https:\/\/argatecnic.pt\/fr\/wp-json\/wp\/v2\/product"}],"about":[{"href":"https:\/\/argatecnic.pt\/fr\/wp-json\/wp\/v2\/types\/product"}],"replies":[{"embeddable":true,"href":"https:\/\/argatecnic.pt\/fr\/wp-json\/wp\/v2\/comments?post=41803"}],"wp:featuredmedia":[{"embeddable":true,"href":"https:\/\/argatecnic.pt\/fr\/wp-json\/wp\/v2\/media\/4479"}],"wp:attachment":[{"href":"https:\/\/argatecnic.pt\/fr\/wp-json\/wp\/v2\/media?parent=41803"}],"wp:term":[{"taxonomy":"product_brand","embeddable":true,"href":"https:\/\/argatecnic.pt\/fr\/wp-json\/wp\/v2\/product_brand?post=41803"},{"taxonomy":"product_cat","embeddable":true,"href":"https:\/\/argatecnic.pt\/fr\/wp-json\/wp\/v2\/product_cat?post=41803"},{"taxonomy":"product_tag","embeddable":true,"href":"https:\/\/argatecnic.pt\/fr\/wp-json\/wp\/v2\/product_tag?post=41803"}],"curies":[{"name":"wp","href":"https:\/\/api.w.org\/{rel}","templated":true}]}}