{"id":41796,"date":"2022-09-13T08:43:48","date_gmt":"2024-03-13T17:02:58","guid":{"rendered":"https:\/\/argatecnic.pt\/?post_type=product&#038;p=41796"},"modified":"2025-02-25T18:01:35","modified_gmt":"2025-02-25T17:01:35","slug":"betgrout-843","status":"publish","type":"product","link":"https:\/\/argatecnic.pt\/fr\/produit\/reparation\/ancrages\/betgrout-843\/","title":{"rendered":"BETGROUT 843"},"content":{"rendered":"<p><span style=\"color: #73a545;\"><strong>PR\u00c9SENTATION:<\/strong><\/span><br \/>\nSac 25 kg<\/p>\n<p><span style=\"color: #73a545;\"><strong>DOMAINE D&rsquo;UTILISATION:<\/strong><\/span><br \/>\nBETGROUT 843 est indiqu\u00e9 pour la r\u00e9alisation de l&rsquo;accrochage d&rsquo;\u00e9l\u00e9ments m\u00e9talliques dans le b\u00e9ton (c\u00e2bles, barres, armatures), en remplissage de la base de l&rsquo;\u00e9quipement de support, fondations de machines, des plaques d&rsquo;\u00e9gout, remplissage des fissures et cavit\u00e9s confin\u00e9s dans le b\u00e9ton.<\/p>\n<p><strong style=\"color: #085b8f;\"><span style=\"color: #73a545;\">PR\u00c9PARATION DU MORTIER:<\/span><br \/>\n<\/strong>BETGROUT 843 doit \u00eatre malax\u00e9 m\u00e9caniquement, avec 3,5 litres d&rsquo;eau pour chaque sac de 25 kg, au moyen d&rsquo;un malaxeur \u00e9lectrique \u00e0 vitesse lente, jusqu&rsquo;\u00e0 ce qu&rsquo;on obtienne une p\u00e2te fluide et sans grumeaux.<\/p>\n<p><strong><strong style=\"color: #085b8f;\"><span style=\"color: #898989;\"><span style=\"color: #73a545;\">CONSOMMATION THEORIQUE:<\/span><br \/>\n<\/span><\/strong><\/strong>21 Kg\/m\u00b2\/cm<\/p>\n","protected":false},"excerpt":{"rendered":"<p><img loading=\"lazy\" decoding=\"async\" class=\"alignnone wp-image-733\" src=\"https:\/\/argatecnic.pt\/wp-content\/uploads\/2022\/08\/marcador-betao.svg\" alt=\"\" width=\"21\" height=\"14\" \/> \u00a0Ancrage d&rsquo;\u00e9l\u00e9ments m\u00e9talliques<br \/>\n<img loading=\"lazy\" decoding=\"async\" class=\"alignnone wp-image-733\" src=\"https:\/\/argatecnic.pt\/wp-content\/uploads\/2022\/08\/marcador-betao.svg\" alt=\"\" width=\"21\" height=\"14\" \/>\u00a0 Mise en service apr\u00e8s 2 heures<br \/>\n<img loading=\"lazy\" decoding=\"async\" class=\"alignnone wp-image-733\" src=\"https:\/\/argatecnic.pt\/wp-content\/uploads\/2022\/08\/marcador-betao.svg\" alt=\"\" width=\"21\" height=\"14\" \/>\u00a0 Propri\u00e9t\u00e9s expansives<br \/>\n<img loading=\"lazy\" decoding=\"async\" class=\"alignnone wp-image-733\" src=\"https:\/\/argatecnic.pt\/wp-content\/uploads\/2022\/08\/marcador-betao.svg\" alt=\"\" width=\"21\" height=\"14\" \/>\u00a0 R\u00e9sistance m\u00e9canique \u00e9lev\u00e9e<\/p>\n<p>&nbsp;<\/p>\n<p><img loading=\"lazy\" decoding=\"async\" class=\"alignnone wp-image-48296\" src=\"https:\/\/argatecnic.pt\/wp-content\/uploads\/2024\/03\/RET-betgrout-843-caracteristiques.svg\" alt=\"\" width=\"362\" height=\"124\" \/><\/p>\n<p>&nbsp;<\/p>\n<p><img loading=\"lazy\" decoding=\"async\" class=\"alignnone wp-image-321\" src=\"https:\/\/argatecnic.pt\/wp-content\/uploads\/2022\/08\/betgrout-843-classificacao.svg\" alt=\"\" width=\"75\" height=\"75\" \/><\/p>\n<p>&nbsp;<\/p>\n<p><img decoding=\"async\" class=\"alignnone wp-image-42877\" src=\"https:\/\/argatecnic.pt\/wp-content\/uploads\/2024\/03\/gris-cor-fr.svg\" alt=\"\" width=\"37\" \/><\/p>\n","protected":false},"featured_media":118061,"comment_status":"open","ping_status":"closed","template":"","meta":{"_et_pb_use_builder":"","_et_pb_old_content":"","_et_gb_content_width":""},"product_brand":[],"product_cat":[210,209],"product_tag":[],"class_list":{"0":"post-41796","1":"product","2":"type-product","3":"status-publish","4":"has-post-thumbnail","6":"product_cat-ancrages","7":"product_cat-reparation","9":"first","10":"instock","11":"shipping-taxable","12":"product-type-simple"},"acf":[],"yoast_head":"<!-- This site is optimized with the Yoast SEO plugin v27.4 - https:\/\/yoast.com\/product\/yoast-seo-wordpress\/ -->\n<title>BETGROUT 843 - ARGATECNIC<\/title>\n<meta name=\"robots\" content=\"index, follow, max-snippet:-1, max-image-preview:large, max-video-preview:-1\" \/>\n<link rel=\"canonical\" href=\"https:\/\/argatecnic.pt\/fr\/produit\/reparation\/ancrages\/betgrout-843\/\" \/>\n<meta property=\"og:locale\" content=\"fr_FR\" \/>\n<meta property=\"og:type\" content=\"article\" \/>\n<meta property=\"og:title\" content=\"BETGROUT 843 - ARGATECNIC\" \/>\n<meta property=\"og:description\" content=\"\u00a0Ancrage d&#039;\u00e9l\u00e9ments m\u00e9talliques \u00a0 Mise en service apr\u00e8s 2 heures \u00a0 Propri\u00e9t\u00e9s expansives \u00a0 R\u00e9sistance m\u00e9canique \u00e9lev\u00e9e  &nbsp;    &nbsp;    &nbsp;\" \/>\n<meta property=\"og:url\" content=\"https:\/\/argatecnic.pt\/fr\/produit\/reparation\/ancrages\/betgrout-843\/\" \/>\n<meta property=\"og:site_name\" content=\"ARGATECNIC\" \/>\n<meta property=\"article:modified_time\" content=\"2025-02-25T17:01:35+00:00\" \/>\n<meta property=\"og:image\" content=\"https:\/\/i0.wp.com\/argatecnic.pt\/wp-content\/uploads\/2024\/12\/betgrout-843-mockup.png?fit=2968%2C3358&ssl=1\" \/>\n\t<meta property=\"og:image:width\" content=\"2968\" \/>\n\t<meta property=\"og:image:height\" content=\"3358\" \/>\n\t<meta property=\"og:image:type\" content=\"image\/png\" \/>\n<meta name=\"twitter:card\" content=\"summary_large_image\" \/>\n<meta name=\"twitter:label1\" content=\"Dur\u00e9e de lecture estim\u00e9e\" \/>\n\t<meta name=\"twitter:data1\" content=\"1 minute\" \/>\n<script type=\"application\/ld+json\" class=\"yoast-schema-graph\">{\"@context\":\"https:\\\/\\\/schema.org\",\"@graph\":[{\"@type\":\"WebPage\",\"@id\":\"https:\\\/\\\/argatecnic.pt\\\/fr\\\/produit\\\/reparation\\\/ancrages\\\/betgrout-843\\\/\",\"url\":\"https:\\\/\\\/argatecnic.pt\\\/fr\\\/produit\\\/reparation\\\/ancrages\\\/betgrout-843\\\/\",\"name\":\"BETGROUT 843 - ARGATECNIC\",\"isPartOf\":{\"@id\":\"https:\\\/\\\/argatecnic.pt\\\/fr\\\/#website\"},\"primaryImageOfPage\":{\"@id\":\"https:\\\/\\\/argatecnic.pt\\\/fr\\\/produit\\\/reparation\\\/ancrages\\\/betgrout-843\\\/#primaryimage\"},\"image\":{\"@id\":\"https:\\\/\\\/argatecnic.pt\\\/fr\\\/produit\\\/reparation\\\/ancrages\\\/betgrout-843\\\/#primaryimage\"},\"thumbnailUrl\":\"https:\\\/\\\/i0.wp.com\\\/argatecnic.pt\\\/wp-content\\\/uploads\\\/2024\\\/12\\\/betgrout-843-mockup.png?fit=2968%2C3358&ssl=1\",\"datePublished\":\"2024-03-13T17:02:58+00:00\",\"dateModified\":\"2025-02-25T17:01:35+00:00\",\"breadcrumb\":{\"@id\":\"https:\\\/\\\/argatecnic.pt\\\/fr\\\/produit\\\/reparation\\\/ancrages\\\/betgrout-843\\\/#breadcrumb\"},\"inLanguage\":\"fr-FR\",\"potentialAction\":[{\"@type\":\"ReadAction\",\"target\":[\"https:\\\/\\\/argatecnic.pt\\\/fr\\\/produit\\\/reparation\\\/ancrages\\\/betgrout-843\\\/\"]}]},{\"@type\":\"ImageObject\",\"inLanguage\":\"fr-FR\",\"@id\":\"https:\\\/\\\/argatecnic.pt\\\/fr\\\/produit\\\/reparation\\\/ancrages\\\/betgrout-843\\\/#primaryimage\",\"url\":\"https:\\\/\\\/i0.wp.com\\\/argatecnic.pt\\\/wp-content\\\/uploads\\\/2024\\\/12\\\/betgrout-843-mockup.png?fit=2968%2C3358&ssl=1\",\"contentUrl\":\"https:\\\/\\\/i0.wp.com\\\/argatecnic.pt\\\/wp-content\\\/uploads\\\/2024\\\/12\\\/betgrout-843-mockup.png?fit=2968%2C3358&ssl=1\",\"width\":2968,\"height\":3358},{\"@type\":\"BreadcrumbList\",\"@id\":\"https:\\\/\\\/argatecnic.pt\\\/fr\\\/produit\\\/reparation\\\/ancrages\\\/betgrout-843\\\/#breadcrumb\",\"itemListElement\":[{\"@type\":\"ListItem\",\"position\":1,\"name\":\"Loja\",\"item\":\"https:\\\/\\\/argatecnic.pt\\\/loja\\\/\"},{\"@type\":\"ListItem\",\"position\":2,\"name\":\"BETGROUT 843\"}]},{\"@type\":\"WebSite\",\"@id\":\"https:\\\/\\\/argatecnic.pt\\\/fr\\\/#website\",\"url\":\"https:\\\/\\\/argatecnic.pt\\\/fr\\\/\",\"name\":\"ARGATECNIC\",\"description\":\"argamassas t\u00e9cnicas para a constru\u00e7\u00e3o\",\"potentialAction\":[{\"@type\":\"SearchAction\",\"target\":{\"@type\":\"EntryPoint\",\"urlTemplate\":\"https:\\\/\\\/argatecnic.pt\\\/fr\\\/?s={search_term_string}\"},\"query-input\":{\"@type\":\"PropertyValueSpecification\",\"valueRequired\":true,\"valueName\":\"search_term_string\"}}],\"inLanguage\":\"fr-FR\"}]}<\/script>\n<!-- \/ Yoast SEO plugin. -->","yoast_head_json":{"title":"BETGROUT 843 - ARGATECNIC","robots":{"index":"index","follow":"follow","max-snippet":"max-snippet:-1","max-image-preview":"max-image-preview:large","max-video-preview":"max-video-preview:-1"},"canonical":"https:\/\/argatecnic.pt\/fr\/produit\/reparation\/ancrages\/betgrout-843\/","og_locale":"fr_FR","og_type":"article","og_title":"BETGROUT 843 - ARGATECNIC","og_description":"\u00a0Ancrage d'\u00e9l\u00e9ments m\u00e9talliques \u00a0 Mise en service apr\u00e8s 2 heures \u00a0 Propri\u00e9t\u00e9s expansives \u00a0 R\u00e9sistance m\u00e9canique \u00e9lev\u00e9e  &nbsp;    &nbsp;    &nbsp;","og_url":"https:\/\/argatecnic.pt\/fr\/produit\/reparation\/ancrages\/betgrout-843\/","og_site_name":"ARGATECNIC","article_modified_time":"2025-02-25T17:01:35+00:00","og_image":[{"width":2968,"height":3358,"url":"https:\/\/i0.wp.com\/argatecnic.pt\/wp-content\/uploads\/2024\/12\/betgrout-843-mockup.png?fit=2968%2C3358&ssl=1","type":"image\/png"}],"twitter_card":"summary_large_image","twitter_misc":{"Dur\u00e9e de lecture estim\u00e9e":"1 minute"},"schema":{"@context":"https:\/\/schema.org","@graph":[{"@type":"WebPage","@id":"https:\/\/argatecnic.pt\/fr\/produit\/reparation\/ancrages\/betgrout-843\/","url":"https:\/\/argatecnic.pt\/fr\/produit\/reparation\/ancrages\/betgrout-843\/","name":"BETGROUT 843 - ARGATECNIC","isPartOf":{"@id":"https:\/\/argatecnic.pt\/fr\/#website"},"primaryImageOfPage":{"@id":"https:\/\/argatecnic.pt\/fr\/produit\/reparation\/ancrages\/betgrout-843\/#primaryimage"},"image":{"@id":"https:\/\/argatecnic.pt\/fr\/produit\/reparation\/ancrages\/betgrout-843\/#primaryimage"},"thumbnailUrl":"https:\/\/i0.wp.com\/argatecnic.pt\/wp-content\/uploads\/2024\/12\/betgrout-843-mockup.png?fit=2968%2C3358&ssl=1","datePublished":"2024-03-13T17:02:58+00:00","dateModified":"2025-02-25T17:01:35+00:00","breadcrumb":{"@id":"https:\/\/argatecnic.pt\/fr\/produit\/reparation\/ancrages\/betgrout-843\/#breadcrumb"},"inLanguage":"fr-FR","potentialAction":[{"@type":"ReadAction","target":["https:\/\/argatecnic.pt\/fr\/produit\/reparation\/ancrages\/betgrout-843\/"]}]},{"@type":"ImageObject","inLanguage":"fr-FR","@id":"https:\/\/argatecnic.pt\/fr\/produit\/reparation\/ancrages\/betgrout-843\/#primaryimage","url":"https:\/\/i0.wp.com\/argatecnic.pt\/wp-content\/uploads\/2024\/12\/betgrout-843-mockup.png?fit=2968%2C3358&ssl=1","contentUrl":"https:\/\/i0.wp.com\/argatecnic.pt\/wp-content\/uploads\/2024\/12\/betgrout-843-mockup.png?fit=2968%2C3358&ssl=1","width":2968,"height":3358},{"@type":"BreadcrumbList","@id":"https:\/\/argatecnic.pt\/fr\/produit\/reparation\/ancrages\/betgrout-843\/#breadcrumb","itemListElement":[{"@type":"ListItem","position":1,"name":"Loja","item":"https:\/\/argatecnic.pt\/loja\/"},{"@type":"ListItem","position":2,"name":"BETGROUT 843"}]},{"@type":"WebSite","@id":"https:\/\/argatecnic.pt\/fr\/#website","url":"https:\/\/argatecnic.pt\/fr\/","name":"ARGATECNIC","description":"argamassas t\u00e9cnicas para a constru\u00e7\u00e3o","potentialAction":[{"@type":"SearchAction","target":{"@type":"EntryPoint","urlTemplate":"https:\/\/argatecnic.pt\/fr\/?s={search_term_string}"},"query-input":{"@type":"PropertyValueSpecification","valueRequired":true,"valueName":"search_term_string"}}],"inLanguage":"fr-FR"}]}},"jetpack_sharing_enabled":true,"_links":{"self":[{"href":"https:\/\/argatecnic.pt\/fr\/wp-json\/wp\/v2\/product\/41796","targetHints":{"allow":["GET"]}}],"collection":[{"href":"https:\/\/argatecnic.pt\/fr\/wp-json\/wp\/v2\/product"}],"about":[{"href":"https:\/\/argatecnic.pt\/fr\/wp-json\/wp\/v2\/types\/product"}],"replies":[{"embeddable":true,"href":"https:\/\/argatecnic.pt\/fr\/wp-json\/wp\/v2\/comments?post=41796"}],"wp:featuredmedia":[{"embeddable":true,"href":"https:\/\/argatecnic.pt\/fr\/wp-json\/wp\/v2\/media\/118061"}],"wp:attachment":[{"href":"https:\/\/argatecnic.pt\/fr\/wp-json\/wp\/v2\/media?parent=41796"}],"wp:term":[{"taxonomy":"product_brand","embeddable":true,"href":"https:\/\/argatecnic.pt\/fr\/wp-json\/wp\/v2\/product_brand?post=41796"},{"taxonomy":"product_cat","embeddable":true,"href":"https:\/\/argatecnic.pt\/fr\/wp-json\/wp\/v2\/product_cat?post=41796"},{"taxonomy":"product_tag","embeddable":true,"href":"https:\/\/argatecnic.pt\/fr\/wp-json\/wp\/v2\/product_tag?post=41796"}],"curies":[{"name":"wp","href":"https:\/\/api.w.org\/{rel}","templated":true}]}}