{"id":41785,"date":"2024-03-13T17:16:57","date_gmt":"2024-03-13T16:16:57","guid":{"rendered":"https:\/\/argatecnic.pt\/?post_type=product&#038;p=41785"},"modified":"2025-02-25T17:58:28","modified_gmt":"2025-02-25T16:58:28","slug":"ferprotec-837","status":"publish","type":"product","link":"https:\/\/argatecnic.pt\/fr\/produit\/reparation\/autres\/ferprotec-837\/","title":{"rendered":"FERPROTEC 837"},"content":{"rendered":"<p><span style=\"color: #73a545;\"><strong>PR\u00c9SENTATION:<\/strong><\/span><br \/>\nEmballages 1 L<\/p>\n<p><span style=\"color: #73a545;\"><strong>DOMAINE D&rsquo;UTILISATION:<\/strong><\/span><br \/>\nFERPROTEC 837\u00a0est utilis\u00e9 sur les m\u00e9taux ferreux pr\u00e9sentant un certain degr\u00e9 d&rsquo;oxydation pour les transformer, en cr\u00e9ant \u00e0 la fois un appr\u00eat \u00e0 bonne adh\u00e9rence et un inhibiteur de corrosion. La r\u00e9sistance \u00e0 la corrosion est obtenue par la formation d&rsquo;un film de surface passif et insoluble.<\/p>\n<p><strong style=\"color: #085b8f;\"><span style=\"color: #73a545;\">PR\u00c9PARATION DU MORTIER:<\/span><br \/>\n<\/strong>FERPROTEC 837 est fourni pr\u00eat \u00e0 l&#8217;emploi.<\/p>\n<p><strong><strong style=\"color: #085b8f;\"><span style=\"color: #898989;\"><span style=\"color: #73a545;\">CONSOMMATION THEORIQUE:<\/span><br \/>\n<\/span><\/strong><\/strong>12 \u00e0 18 m\u00b2\/ litre<\/p>\n","protected":false},"excerpt":{"rendered":"<p><img loading=\"lazy\" decoding=\"async\" class=\"alignnone wp-image-733\" src=\"https:\/\/argatecnic.pt\/wp-content\/uploads\/2022\/08\/marcador-betao.svg\" alt=\"\" width=\"21\" height=\"14\" \/> \u00a0Protection pour les fers \u00e0 armature<br \/>\n<img loading=\"lazy\" decoding=\"async\" class=\"alignnone wp-image-733\" src=\"https:\/\/argatecnic.pt\/wp-content\/uploads\/2022\/08\/marcador-betao.svg\" alt=\"\" width=\"21\" height=\"14\" \/>\u00a0 Inhibiteur d&rsquo;oxydation<\/p>\n<p>&nbsp;<\/p>\n<p><img loading=\"lazy\" decoding=\"async\" class=\"alignnone wp-image-48297\" src=\"https:\/\/argatecnic.pt\/wp-content\/uploads\/2024\/03\/RET-ferprotec-837-caracteristiques.svg\" alt=\"\" width=\"337\" height=\"96\" \/><\/p>\n","protected":false},"featured_media":1457,"comment_status":"open","ping_status":"closed","template":"","meta":{"_et_pb_use_builder":"","_et_pb_old_content":"","_et_gb_content_width":""},"product_brand":[],"product_cat":[221,209],"product_tag":[],"class_list":{"0":"post-41785","1":"product","2":"type-product","3":"status-publish","4":"has-post-thumbnail","6":"product_cat-autres","7":"product_cat-reparation","9":"first","10":"instock","11":"shipping-taxable","12":"product-type-simple"},"acf":[],"yoast_head":"<!-- This site is optimized with the Yoast SEO plugin v27.4 - https:\/\/yoast.com\/product\/yoast-seo-wordpress\/ -->\n<title>FERPROTEC 837 - ARGATECNIC<\/title>\n<meta name=\"robots\" content=\"index, follow, max-snippet:-1, max-image-preview:large, max-video-preview:-1\" \/>\n<link rel=\"canonical\" href=\"https:\/\/argatecnic.pt\/fr\/produit\/reparation\/autres\/ferprotec-837\/\" \/>\n<meta property=\"og:locale\" content=\"fr_FR\" \/>\n<meta property=\"og:type\" content=\"article\" \/>\n<meta property=\"og:title\" content=\"FERPROTEC 837 - ARGATECNIC\" \/>\n<meta property=\"og:description\" content=\"\u00a0Protection pour les fers \u00e0 armature \u00a0 Inhibiteur d&#039;oxydation  &nbsp;\" \/>\n<meta property=\"og:url\" content=\"https:\/\/argatecnic.pt\/fr\/produit\/reparation\/autres\/ferprotec-837\/\" \/>\n<meta property=\"og:site_name\" content=\"ARGATECNIC\" \/>\n<meta property=\"article:modified_time\" content=\"2025-02-25T16:58:28+00:00\" \/>\n<meta property=\"og:image\" content=\"https:\/\/i0.wp.com\/argatecnic.pt\/wp-content\/uploads\/2022\/09\/ferprotec-837-garrafa-1.png?fit=3728%2C3101&ssl=1\" \/>\n\t<meta property=\"og:image:width\" content=\"3728\" \/>\n\t<meta property=\"og:image:height\" content=\"3101\" \/>\n\t<meta property=\"og:image:type\" content=\"image\/png\" \/>\n<meta name=\"twitter:card\" content=\"summary_large_image\" \/>\n<meta name=\"twitter:label1\" content=\"Dur\u00e9e de lecture estim\u00e9e\" \/>\n\t<meta name=\"twitter:data1\" content=\"1 minute\" \/>\n<script type=\"application\/ld+json\" class=\"yoast-schema-graph\">{\"@context\":\"https:\\\/\\\/schema.org\",\"@graph\":[{\"@type\":\"WebPage\",\"@id\":\"https:\\\/\\\/argatecnic.pt\\\/fr\\\/produit\\\/reparation\\\/autres\\\/ferprotec-837\\\/\",\"url\":\"https:\\\/\\\/argatecnic.pt\\\/fr\\\/produit\\\/reparation\\\/autres\\\/ferprotec-837\\\/\",\"name\":\"FERPROTEC 837 - ARGATECNIC\",\"isPartOf\":{\"@id\":\"https:\\\/\\\/argatecnic.pt\\\/fr\\\/#website\"},\"primaryImageOfPage\":{\"@id\":\"https:\\\/\\\/argatecnic.pt\\\/fr\\\/produit\\\/reparation\\\/autres\\\/ferprotec-837\\\/#primaryimage\"},\"image\":{\"@id\":\"https:\\\/\\\/argatecnic.pt\\\/fr\\\/produit\\\/reparation\\\/autres\\\/ferprotec-837\\\/#primaryimage\"},\"thumbnailUrl\":\"https:\\\/\\\/i0.wp.com\\\/argatecnic.pt\\\/wp-content\\\/uploads\\\/2022\\\/09\\\/ferprotec-837-garrafa-1.png?fit=3728%2C3101&ssl=1\",\"datePublished\":\"2024-03-13T16:16:57+00:00\",\"dateModified\":\"2025-02-25T16:58:28+00:00\",\"breadcrumb\":{\"@id\":\"https:\\\/\\\/argatecnic.pt\\\/fr\\\/produit\\\/reparation\\\/autres\\\/ferprotec-837\\\/#breadcrumb\"},\"inLanguage\":\"fr-FR\",\"potentialAction\":[{\"@type\":\"ReadAction\",\"target\":[\"https:\\\/\\\/argatecnic.pt\\\/fr\\\/produit\\\/reparation\\\/autres\\\/ferprotec-837\\\/\"]}]},{\"@type\":\"ImageObject\",\"inLanguage\":\"fr-FR\",\"@id\":\"https:\\\/\\\/argatecnic.pt\\\/fr\\\/produit\\\/reparation\\\/autres\\\/ferprotec-837\\\/#primaryimage\",\"url\":\"https:\\\/\\\/i0.wp.com\\\/argatecnic.pt\\\/wp-content\\\/uploads\\\/2022\\\/09\\\/ferprotec-837-garrafa-1.png?fit=3728%2C3101&ssl=1\",\"contentUrl\":\"https:\\\/\\\/i0.wp.com\\\/argatecnic.pt\\\/wp-content\\\/uploads\\\/2022\\\/09\\\/ferprotec-837-garrafa-1.png?fit=3728%2C3101&ssl=1\",\"width\":3728,\"height\":3101},{\"@type\":\"BreadcrumbList\",\"@id\":\"https:\\\/\\\/argatecnic.pt\\\/fr\\\/produit\\\/reparation\\\/autres\\\/ferprotec-837\\\/#breadcrumb\",\"itemListElement\":[{\"@type\":\"ListItem\",\"position\":1,\"name\":\"Loja\",\"item\":\"https:\\\/\\\/argatecnic.pt\\\/loja\\\/\"},{\"@type\":\"ListItem\",\"position\":2,\"name\":\"FERPROTEC 837\"}]},{\"@type\":\"WebSite\",\"@id\":\"https:\\\/\\\/argatecnic.pt\\\/fr\\\/#website\",\"url\":\"https:\\\/\\\/argatecnic.pt\\\/fr\\\/\",\"name\":\"ARGATECNIC\",\"description\":\"argamassas t\u00e9cnicas para a constru\u00e7\u00e3o\",\"potentialAction\":[{\"@type\":\"SearchAction\",\"target\":{\"@type\":\"EntryPoint\",\"urlTemplate\":\"https:\\\/\\\/argatecnic.pt\\\/fr\\\/?s={search_term_string}\"},\"query-input\":{\"@type\":\"PropertyValueSpecification\",\"valueRequired\":true,\"valueName\":\"search_term_string\"}}],\"inLanguage\":\"fr-FR\"}]}<\/script>\n<!-- \/ Yoast SEO plugin. -->","yoast_head_json":{"title":"FERPROTEC 837 - ARGATECNIC","robots":{"index":"index","follow":"follow","max-snippet":"max-snippet:-1","max-image-preview":"max-image-preview:large","max-video-preview":"max-video-preview:-1"},"canonical":"https:\/\/argatecnic.pt\/fr\/produit\/reparation\/autres\/ferprotec-837\/","og_locale":"fr_FR","og_type":"article","og_title":"FERPROTEC 837 - ARGATECNIC","og_description":"\u00a0Protection pour les fers \u00e0 armature \u00a0 Inhibiteur d'oxydation  &nbsp;","og_url":"https:\/\/argatecnic.pt\/fr\/produit\/reparation\/autres\/ferprotec-837\/","og_site_name":"ARGATECNIC","article_modified_time":"2025-02-25T16:58:28+00:00","og_image":[{"width":3728,"height":3101,"url":"https:\/\/i0.wp.com\/argatecnic.pt\/wp-content\/uploads\/2022\/09\/ferprotec-837-garrafa-1.png?fit=3728%2C3101&ssl=1","type":"image\/png"}],"twitter_card":"summary_large_image","twitter_misc":{"Dur\u00e9e de lecture estim\u00e9e":"1 minute"},"schema":{"@context":"https:\/\/schema.org","@graph":[{"@type":"WebPage","@id":"https:\/\/argatecnic.pt\/fr\/produit\/reparation\/autres\/ferprotec-837\/","url":"https:\/\/argatecnic.pt\/fr\/produit\/reparation\/autres\/ferprotec-837\/","name":"FERPROTEC 837 - ARGATECNIC","isPartOf":{"@id":"https:\/\/argatecnic.pt\/fr\/#website"},"primaryImageOfPage":{"@id":"https:\/\/argatecnic.pt\/fr\/produit\/reparation\/autres\/ferprotec-837\/#primaryimage"},"image":{"@id":"https:\/\/argatecnic.pt\/fr\/produit\/reparation\/autres\/ferprotec-837\/#primaryimage"},"thumbnailUrl":"https:\/\/i0.wp.com\/argatecnic.pt\/wp-content\/uploads\/2022\/09\/ferprotec-837-garrafa-1.png?fit=3728%2C3101&ssl=1","datePublished":"2024-03-13T16:16:57+00:00","dateModified":"2025-02-25T16:58:28+00:00","breadcrumb":{"@id":"https:\/\/argatecnic.pt\/fr\/produit\/reparation\/autres\/ferprotec-837\/#breadcrumb"},"inLanguage":"fr-FR","potentialAction":[{"@type":"ReadAction","target":["https:\/\/argatecnic.pt\/fr\/produit\/reparation\/autres\/ferprotec-837\/"]}]},{"@type":"ImageObject","inLanguage":"fr-FR","@id":"https:\/\/argatecnic.pt\/fr\/produit\/reparation\/autres\/ferprotec-837\/#primaryimage","url":"https:\/\/i0.wp.com\/argatecnic.pt\/wp-content\/uploads\/2022\/09\/ferprotec-837-garrafa-1.png?fit=3728%2C3101&ssl=1","contentUrl":"https:\/\/i0.wp.com\/argatecnic.pt\/wp-content\/uploads\/2022\/09\/ferprotec-837-garrafa-1.png?fit=3728%2C3101&ssl=1","width":3728,"height":3101},{"@type":"BreadcrumbList","@id":"https:\/\/argatecnic.pt\/fr\/produit\/reparation\/autres\/ferprotec-837\/#breadcrumb","itemListElement":[{"@type":"ListItem","position":1,"name":"Loja","item":"https:\/\/argatecnic.pt\/loja\/"},{"@type":"ListItem","position":2,"name":"FERPROTEC 837"}]},{"@type":"WebSite","@id":"https:\/\/argatecnic.pt\/fr\/#website","url":"https:\/\/argatecnic.pt\/fr\/","name":"ARGATECNIC","description":"argamassas t\u00e9cnicas para a constru\u00e7\u00e3o","potentialAction":[{"@type":"SearchAction","target":{"@type":"EntryPoint","urlTemplate":"https:\/\/argatecnic.pt\/fr\/?s={search_term_string}"},"query-input":{"@type":"PropertyValueSpecification","valueRequired":true,"valueName":"search_term_string"}}],"inLanguage":"fr-FR"}]}},"jetpack_sharing_enabled":true,"_links":{"self":[{"href":"https:\/\/argatecnic.pt\/fr\/wp-json\/wp\/v2\/product\/41785","targetHints":{"allow":["GET"]}}],"collection":[{"href":"https:\/\/argatecnic.pt\/fr\/wp-json\/wp\/v2\/product"}],"about":[{"href":"https:\/\/argatecnic.pt\/fr\/wp-json\/wp\/v2\/types\/product"}],"replies":[{"embeddable":true,"href":"https:\/\/argatecnic.pt\/fr\/wp-json\/wp\/v2\/comments?post=41785"}],"wp:featuredmedia":[{"embeddable":true,"href":"https:\/\/argatecnic.pt\/fr\/wp-json\/wp\/v2\/media\/1457"}],"wp:attachment":[{"href":"https:\/\/argatecnic.pt\/fr\/wp-json\/wp\/v2\/media?parent=41785"}],"wp:term":[{"taxonomy":"product_brand","embeddable":true,"href":"https:\/\/argatecnic.pt\/fr\/wp-json\/wp\/v2\/product_brand?post=41785"},{"taxonomy":"product_cat","embeddable":true,"href":"https:\/\/argatecnic.pt\/fr\/wp-json\/wp\/v2\/product_cat?post=41785"},{"taxonomy":"product_tag","embeddable":true,"href":"https:\/\/argatecnic.pt\/fr\/wp-json\/wp\/v2\/product_tag?post=41785"}],"curies":[{"name":"wp","href":"https:\/\/api.w.org\/{rel}","templated":true}]}}