{"id":41725,"date":"2024-03-13T13:56:14","date_gmt":"2024-03-13T12:56:14","guid":{"rendered":"https:\/\/argatecnic.pt\/?post_type=product&#038;p=41725"},"modified":"2025-02-25T17:56:06","modified_gmt":"2025-02-25T16:56:06","slug":"cemrapid-835","status":"publish","type":"product","link":"https:\/\/argatecnic.pt\/fr\/produit\/reparation\/ciment-rapide-fr\/cemrapid-835\/","title":{"rendered":"CEMRAPID 835"},"content":{"rendered":"<p><span style=\"color: #73a545;\"><strong>PR\u00c9SENTATION:<\/strong><\/span><br \/>\nSeaux 5 kg<br \/>\nSacs de 25 kg<\/p>\n<p><span style=\"color: #73a545;\"><strong>DOMAINE D&rsquo;UTILISATION:<\/strong><\/span><br \/>\nCEMRAPID 835 est indiqu\u00e9 pourpour l&rsquo;ex\u00e9cution de fixations de haute r\u00e9sistance des cales et des bo\u00eetiers pour les installations \u00e9lectriques, les tuyaux, les chevilles et charni\u00e8res. Recommand\u00e9 aussi pour bloquer les infiltrations et faire le colmatage des venues d&rsquo;eau.<\/p>\n<p><strong style=\"color: #085b8f;\"><span style=\"color: #73a545;\">PR\u00c9PARATION DU MORTIER:<\/span><br \/>\n<\/strong>CEMRAPID 835 doit \u00eatre, de pr\u00e9f\u00e9rence, malax\u00e9 m\u00e9caniquement, au moyen d&rsquo;un malaxeur \u00e9lectrique \u00e0 vitesse lente, avec 4,5 litres d&rsquo;eau\/sac de 25 kg ou 0,9 litres\/seau 5 kg, jusqu&rsquo;\u00e0 ce qu&rsquo;on obtienne une p\u00e2te souple, homog\u00e8ne et sans grumeaux.<\/p>\n<p><strong><strong style=\"color: #085b8f;\"><span style=\"color: #898989;\"><span style=\"color: #73a545;\">CONSOMMATION THEORIQUE:<\/span><br \/>\n<\/span><\/strong><\/strong>17 Kg\/m\u00b2\/cm<\/p>\n","protected":false},"excerpt":{"rendered":"<p><img loading=\"lazy\" decoding=\"async\" class=\"alignnone wp-image-733\" src=\"https:\/\/argatecnic.pt\/wp-content\/uploads\/2022\/08\/marcador-betao.svg\" alt=\"\" width=\"21\" height=\"14\" \/> \u00a0Fixations rapides \u00e0 haute r\u00e9sistance<br \/>\n<img loading=\"lazy\" decoding=\"async\" class=\"alignnone wp-image-733\" src=\"https:\/\/argatecnic.pt\/wp-content\/uploads\/2022\/08\/marcador-betao.svg\" alt=\"\" width=\"21\" height=\"14\" \/><a href=\"https:\/\/argatecnic.pt\/wp-content\/uploads\/2022\/09\/marcador-isolamento-termico.svg\">\u00a0<\/a> Blocage des fuites d&rsquo;eau<br \/>\n<img loading=\"lazy\" decoding=\"async\" class=\"alignnone wp-image-733\" src=\"https:\/\/argatecnic.pt\/wp-content\/uploads\/2022\/08\/marcador-betao.svg\" alt=\"\" width=\"21\" height=\"14\" \/>\u00a0 Haute r\u00e9sistance m\u00e9canique<\/p>\n<p>&nbsp;<\/p>\n<p><img loading=\"lazy\" decoding=\"async\" class=\"alignnone wp-image-48298\" src=\"https:\/\/argatecnic.pt\/wp-content\/uploads\/2024\/03\/RET-cemrapid-835-caracteristiques.svg\" alt=\"\" width=\"347\" height=\"90\" \/><\/p>\n<p>&nbsp;<\/p>\n<p><img decoding=\"async\" class=\"alignnone wp-image-42877\" src=\"https:\/\/argatecnic.pt\/wp-content\/uploads\/2024\/03\/gris-cor-fr.svg\" alt=\"\" width=\"37\" \/><\/p>\n","protected":false},"featured_media":4150,"comment_status":"open","ping_status":"closed","template":"","meta":{"_et_pb_use_builder":"","_et_pb_old_content":"","_et_gb_content_width":""},"product_brand":[],"product_cat":[211,209],"product_tag":[],"class_list":{"0":"post-41725","1":"product","2":"type-product","3":"status-publish","4":"has-post-thumbnail","6":"product_cat-ciment-rapide-fr","7":"product_cat-reparation","9":"first","10":"instock","11":"shipping-taxable","12":"product-type-simple"},"acf":[],"yoast_head":"<!-- This site is optimized with the Yoast SEO plugin v27.4 - https:\/\/yoast.com\/product\/yoast-seo-wordpress\/ -->\n<title>CEMRAPID 835 - ARGATECNIC<\/title>\n<meta name=\"robots\" content=\"index, follow, max-snippet:-1, max-image-preview:large, max-video-preview:-1\" \/>\n<link rel=\"canonical\" href=\"https:\/\/argatecnic.pt\/fr\/produit\/reparation\/ciment-rapide-fr\/cemrapid-835\/\" \/>\n<meta property=\"og:locale\" content=\"fr_FR\" \/>\n<meta property=\"og:type\" content=\"article\" \/>\n<meta property=\"og:title\" content=\"CEMRAPID 835 - ARGATECNIC\" \/>\n<meta property=\"og:description\" content=\"\u00a0Fixations rapides \u00e0 haute r\u00e9sistance \u00a0 Blocage des fuites d&#039;eau \u00a0 Haute r\u00e9sistance m\u00e9canique  &nbsp;    &nbsp;\" \/>\n<meta property=\"og:url\" content=\"https:\/\/argatecnic.pt\/fr\/produit\/reparation\/ciment-rapide-fr\/cemrapid-835\/\" \/>\n<meta property=\"og:site_name\" content=\"ARGATECNIC\" \/>\n<meta property=\"article:modified_time\" content=\"2025-02-25T16:56:06+00:00\" \/>\n<meta property=\"og:image\" content=\"https:\/\/i0.wp.com\/argatecnic.pt\/wp-content\/uploads\/2022\/09\/cemrapid-835-saco-1.png?fit=1484%2C1679&ssl=1\" \/>\n\t<meta property=\"og:image:width\" content=\"1484\" \/>\n\t<meta property=\"og:image:height\" content=\"1679\" \/>\n\t<meta property=\"og:image:type\" content=\"image\/png\" \/>\n<meta name=\"twitter:card\" content=\"summary_large_image\" \/>\n<meta name=\"twitter:label1\" content=\"Dur\u00e9e de lecture estim\u00e9e\" \/>\n\t<meta name=\"twitter:data1\" content=\"1 minute\" \/>\n<script type=\"application\/ld+json\" class=\"yoast-schema-graph\">{\"@context\":\"https:\\\/\\\/schema.org\",\"@graph\":[{\"@type\":\"WebPage\",\"@id\":\"https:\\\/\\\/argatecnic.pt\\\/fr\\\/produit\\\/reparation\\\/ciment-rapide-fr\\\/cemrapid-835\\\/\",\"url\":\"https:\\\/\\\/argatecnic.pt\\\/fr\\\/produit\\\/reparation\\\/ciment-rapide-fr\\\/cemrapid-835\\\/\",\"name\":\"CEMRAPID 835 - ARGATECNIC\",\"isPartOf\":{\"@id\":\"https:\\\/\\\/argatecnic.pt\\\/fr\\\/#website\"},\"primaryImageOfPage\":{\"@id\":\"https:\\\/\\\/argatecnic.pt\\\/fr\\\/produit\\\/reparation\\\/ciment-rapide-fr\\\/cemrapid-835\\\/#primaryimage\"},\"image\":{\"@id\":\"https:\\\/\\\/argatecnic.pt\\\/fr\\\/produit\\\/reparation\\\/ciment-rapide-fr\\\/cemrapid-835\\\/#primaryimage\"},\"thumbnailUrl\":\"https:\\\/\\\/i0.wp.com\\\/argatecnic.pt\\\/wp-content\\\/uploads\\\/2022\\\/09\\\/cemrapid-835-saco-1.png?fit=1484%2C1679&ssl=1\",\"datePublished\":\"2024-03-13T12:56:14+00:00\",\"dateModified\":\"2025-02-25T16:56:06+00:00\",\"breadcrumb\":{\"@id\":\"https:\\\/\\\/argatecnic.pt\\\/fr\\\/produit\\\/reparation\\\/ciment-rapide-fr\\\/cemrapid-835\\\/#breadcrumb\"},\"inLanguage\":\"fr-FR\",\"potentialAction\":[{\"@type\":\"ReadAction\",\"target\":[\"https:\\\/\\\/argatecnic.pt\\\/fr\\\/produit\\\/reparation\\\/ciment-rapide-fr\\\/cemrapid-835\\\/\"]}]},{\"@type\":\"ImageObject\",\"inLanguage\":\"fr-FR\",\"@id\":\"https:\\\/\\\/argatecnic.pt\\\/fr\\\/produit\\\/reparation\\\/ciment-rapide-fr\\\/cemrapid-835\\\/#primaryimage\",\"url\":\"https:\\\/\\\/i0.wp.com\\\/argatecnic.pt\\\/wp-content\\\/uploads\\\/2022\\\/09\\\/cemrapid-835-saco-1.png?fit=1484%2C1679&ssl=1\",\"contentUrl\":\"https:\\\/\\\/i0.wp.com\\\/argatecnic.pt\\\/wp-content\\\/uploads\\\/2022\\\/09\\\/cemrapid-835-saco-1.png?fit=1484%2C1679&ssl=1\",\"width\":1484,\"height\":1679},{\"@type\":\"BreadcrumbList\",\"@id\":\"https:\\\/\\\/argatecnic.pt\\\/fr\\\/produit\\\/reparation\\\/ciment-rapide-fr\\\/cemrapid-835\\\/#breadcrumb\",\"itemListElement\":[{\"@type\":\"ListItem\",\"position\":1,\"name\":\"Loja\",\"item\":\"https:\\\/\\\/argatecnic.pt\\\/loja\\\/\"},{\"@type\":\"ListItem\",\"position\":2,\"name\":\"CEMRAPID 835\"}]},{\"@type\":\"WebSite\",\"@id\":\"https:\\\/\\\/argatecnic.pt\\\/fr\\\/#website\",\"url\":\"https:\\\/\\\/argatecnic.pt\\\/fr\\\/\",\"name\":\"ARGATECNIC\",\"description\":\"argamassas t\u00e9cnicas para a constru\u00e7\u00e3o\",\"potentialAction\":[{\"@type\":\"SearchAction\",\"target\":{\"@type\":\"EntryPoint\",\"urlTemplate\":\"https:\\\/\\\/argatecnic.pt\\\/fr\\\/?s={search_term_string}\"},\"query-input\":{\"@type\":\"PropertyValueSpecification\",\"valueRequired\":true,\"valueName\":\"search_term_string\"}}],\"inLanguage\":\"fr-FR\"}]}<\/script>\n<!-- \/ Yoast SEO plugin. -->","yoast_head_json":{"title":"CEMRAPID 835 - ARGATECNIC","robots":{"index":"index","follow":"follow","max-snippet":"max-snippet:-1","max-image-preview":"max-image-preview:large","max-video-preview":"max-video-preview:-1"},"canonical":"https:\/\/argatecnic.pt\/fr\/produit\/reparation\/ciment-rapide-fr\/cemrapid-835\/","og_locale":"fr_FR","og_type":"article","og_title":"CEMRAPID 835 - ARGATECNIC","og_description":"\u00a0Fixations rapides \u00e0 haute r\u00e9sistance \u00a0 Blocage des fuites d'eau \u00a0 Haute r\u00e9sistance m\u00e9canique  &nbsp;    &nbsp;","og_url":"https:\/\/argatecnic.pt\/fr\/produit\/reparation\/ciment-rapide-fr\/cemrapid-835\/","og_site_name":"ARGATECNIC","article_modified_time":"2025-02-25T16:56:06+00:00","og_image":[{"width":1484,"height":1679,"url":"https:\/\/i0.wp.com\/argatecnic.pt\/wp-content\/uploads\/2022\/09\/cemrapid-835-saco-1.png?fit=1484%2C1679&ssl=1","type":"image\/png"}],"twitter_card":"summary_large_image","twitter_misc":{"Dur\u00e9e de lecture estim\u00e9e":"1 minute"},"schema":{"@context":"https:\/\/schema.org","@graph":[{"@type":"WebPage","@id":"https:\/\/argatecnic.pt\/fr\/produit\/reparation\/ciment-rapide-fr\/cemrapid-835\/","url":"https:\/\/argatecnic.pt\/fr\/produit\/reparation\/ciment-rapide-fr\/cemrapid-835\/","name":"CEMRAPID 835 - ARGATECNIC","isPartOf":{"@id":"https:\/\/argatecnic.pt\/fr\/#website"},"primaryImageOfPage":{"@id":"https:\/\/argatecnic.pt\/fr\/produit\/reparation\/ciment-rapide-fr\/cemrapid-835\/#primaryimage"},"image":{"@id":"https:\/\/argatecnic.pt\/fr\/produit\/reparation\/ciment-rapide-fr\/cemrapid-835\/#primaryimage"},"thumbnailUrl":"https:\/\/i0.wp.com\/argatecnic.pt\/wp-content\/uploads\/2022\/09\/cemrapid-835-saco-1.png?fit=1484%2C1679&ssl=1","datePublished":"2024-03-13T12:56:14+00:00","dateModified":"2025-02-25T16:56:06+00:00","breadcrumb":{"@id":"https:\/\/argatecnic.pt\/fr\/produit\/reparation\/ciment-rapide-fr\/cemrapid-835\/#breadcrumb"},"inLanguage":"fr-FR","potentialAction":[{"@type":"ReadAction","target":["https:\/\/argatecnic.pt\/fr\/produit\/reparation\/ciment-rapide-fr\/cemrapid-835\/"]}]},{"@type":"ImageObject","inLanguage":"fr-FR","@id":"https:\/\/argatecnic.pt\/fr\/produit\/reparation\/ciment-rapide-fr\/cemrapid-835\/#primaryimage","url":"https:\/\/i0.wp.com\/argatecnic.pt\/wp-content\/uploads\/2022\/09\/cemrapid-835-saco-1.png?fit=1484%2C1679&ssl=1","contentUrl":"https:\/\/i0.wp.com\/argatecnic.pt\/wp-content\/uploads\/2022\/09\/cemrapid-835-saco-1.png?fit=1484%2C1679&ssl=1","width":1484,"height":1679},{"@type":"BreadcrumbList","@id":"https:\/\/argatecnic.pt\/fr\/produit\/reparation\/ciment-rapide-fr\/cemrapid-835\/#breadcrumb","itemListElement":[{"@type":"ListItem","position":1,"name":"Loja","item":"https:\/\/argatecnic.pt\/loja\/"},{"@type":"ListItem","position":2,"name":"CEMRAPID 835"}]},{"@type":"WebSite","@id":"https:\/\/argatecnic.pt\/fr\/#website","url":"https:\/\/argatecnic.pt\/fr\/","name":"ARGATECNIC","description":"argamassas t\u00e9cnicas para a constru\u00e7\u00e3o","potentialAction":[{"@type":"SearchAction","target":{"@type":"EntryPoint","urlTemplate":"https:\/\/argatecnic.pt\/fr\/?s={search_term_string}"},"query-input":{"@type":"PropertyValueSpecification","valueRequired":true,"valueName":"search_term_string"}}],"inLanguage":"fr-FR"}]}},"jetpack_sharing_enabled":true,"_links":{"self":[{"href":"https:\/\/argatecnic.pt\/fr\/wp-json\/wp\/v2\/product\/41725","targetHints":{"allow":["GET"]}}],"collection":[{"href":"https:\/\/argatecnic.pt\/fr\/wp-json\/wp\/v2\/product"}],"about":[{"href":"https:\/\/argatecnic.pt\/fr\/wp-json\/wp\/v2\/types\/product"}],"replies":[{"embeddable":true,"href":"https:\/\/argatecnic.pt\/fr\/wp-json\/wp\/v2\/comments?post=41725"}],"wp:featuredmedia":[{"embeddable":true,"href":"https:\/\/argatecnic.pt\/fr\/wp-json\/wp\/v2\/media\/4150"}],"wp:attachment":[{"href":"https:\/\/argatecnic.pt\/fr\/wp-json\/wp\/v2\/media?parent=41725"}],"wp:term":[{"taxonomy":"product_brand","embeddable":true,"href":"https:\/\/argatecnic.pt\/fr\/wp-json\/wp\/v2\/product_brand?post=41725"},{"taxonomy":"product_cat","embeddable":true,"href":"https:\/\/argatecnic.pt\/fr\/wp-json\/wp\/v2\/product_cat?post=41725"},{"taxonomy":"product_tag","embeddable":true,"href":"https:\/\/argatecnic.pt\/fr\/wp-json\/wp\/v2\/product_tag?post=41725"}],"curies":[{"name":"wp","href":"https:\/\/api.w.org\/{rel}","templated":true}]}}