{"id":41711,"date":"2022-09-09T16:58:08","date_gmt":"2024-03-13T12:05:54","guid":{"rendered":"https:\/\/argatecnic.pt\/?post_type=product&#038;p=41711"},"modified":"2025-02-25T17:50:22","modified_gmt":"2025-02-25T16:50:22","slug":"lena-etics-825-p","status":"publish","type":"product","link":"https:\/\/argatecnic.pt\/fr\/produit\/isolation-thermique\/finitions\/lena-etics-825-p\/","title":{"rendered":"LENA ETICS 825-P"},"content":{"rendered":"<p><span style=\"color: #e7751c;\"><strong>PR\u00c9SENTATION:<\/strong><\/span><br \/>\nEmballages de 15 L<\/p>\n<p><span style=\"color: #e7751c;\"><strong>DOMAINE D&rsquo;UTILISATION:<br \/>\n<\/strong><\/span>On applique LENA 825-P sur la couche de base arm\u00e9e du Syst\u00e8me d&rsquo;ITE, pour ult\u00e9rieurement recevoir le rev\u00eatement acrylique &#8211; LENA ETICS 825. Il peut aussi \u00eatre appliqu\u00e9 sur des supports \u00e0 base de ciment, en int\u00e9rieur ou en ext\u00e9rieur, destin\u00e9s \u00e0 recevoir de la peinture.<br \/>\nLe primaire LENA 825-P<strong><em>\u00a0<\/em><\/strong>a pour fonction de r\u00e9gulariser l&rsquo;absorption du substrat et de promouvoir l&rsquo;adh\u00e9rence du syst\u00e8me final.<\/p>\n<p><strong style=\"color: #085b8f;\"><span style=\"color: #e7751c;\">PR\u00c9PARATION DU MORTIER:<\/span><br \/>\n<\/strong>LENA ETICS 825-P est fourni pr\u00eat \u00e0 l&#8217;emploi.<\/p>\n<p><strong><strong style=\"color: #085b8f;\"><span style=\"color: #898989;\"><span style=\"color: #e7751c;\">CONSOMMATION THEORIQUE:<\/span><br \/>\n<\/span><\/strong><\/strong>8 a 12 m\u00b2\/L<\/p>\n","protected":false},"excerpt":{"rendered":"<p><img loading=\"lazy\" decoding=\"async\" class=\"alignnone wp-image-760\" src=\"https:\/\/argatecnic.pt\/wp-content\/uploads\/2022\/09\/marcador-isolamento-termico.svg\" alt=\"\" width=\"20\" height=\"14\" \/> \u00a0R\u00e9gularise l&rsquo;absorption du support<br \/>\n<img loading=\"lazy\" decoding=\"async\" class=\"alignnone wp-image-760\" src=\"https:\/\/argatecnic.pt\/wp-content\/uploads\/2022\/09\/marcador-isolamento-termico.svg\" alt=\"\" width=\"20\" height=\"14\" \/>\u00a0 R\u00e9sistant \u00e0 l&rsquo;alcalinit\u00e9<br \/>\n<img loading=\"lazy\" decoding=\"async\" class=\"alignnone wp-image-760\" src=\"https:\/\/argatecnic.pt\/wp-content\/uploads\/2022\/09\/marcador-isolamento-termico.svg\" alt=\"\" width=\"20\" height=\"14\" \/>\u00a0 Rendement \u00e9lev\u00e9<br \/>\n<img loading=\"lazy\" decoding=\"async\" class=\"alignnone wp-image-760\" src=\"https:\/\/argatecnic.pt\/wp-content\/uploads\/2022\/09\/marcador-isolamento-termico.svg\" alt=\"\" width=\"20\" height=\"14\" \/> \u00a0Excellente couverture<\/p>\n<p>&nbsp;<\/p>\n<p><img loading=\"lazy\" decoding=\"async\" class=\"alignnone wp-image-42244\" src=\"https:\/\/argatecnic.pt\/wp-content\/uploads\/2024\/03\/lena-etics-825-p-caracteristiques.svg\" alt=\"\" width=\"383\" height=\"102\" \/><\/p>\n","protected":false},"featured_media":4033,"comment_status":"open","ping_status":"closed","template":"","meta":{"_et_pb_use_builder":"","_et_pb_old_content":"","_et_gb_content_width":""},"product_brand":[],"product_cat":[197,196],"product_tag":[],"class_list":{"0":"post-41711","1":"product","2":"type-product","3":"status-publish","4":"has-post-thumbnail","6":"product_cat-finitions","7":"product_cat-isolation-thermique","9":"first","10":"instock","11":"shipping-taxable","12":"product-type-simple"},"acf":[],"yoast_head":"<!-- This site is optimized with the Yoast SEO plugin v27.4 - https:\/\/yoast.com\/product\/yoast-seo-wordpress\/ -->\n<title>LENA ETICS 825-P - ARGATECNIC<\/title>\n<meta name=\"robots\" content=\"index, follow, max-snippet:-1, max-image-preview:large, max-video-preview:-1\" \/>\n<link rel=\"canonical\" href=\"https:\/\/argatecnic.pt\/fr\/produit\/isolation-thermique\/finitions\/lena-etics-825-p\/\" \/>\n<meta property=\"og:locale\" content=\"fr_FR\" \/>\n<meta property=\"og:type\" content=\"article\" \/>\n<meta property=\"og:title\" content=\"LENA ETICS 825-P - ARGATECNIC\" \/>\n<meta property=\"og:description\" content=\"\u00a0R\u00e9gularise l&#039;absorption du support \u00a0 R\u00e9sistant \u00e0 l&#039;alcalinit\u00e9 \u00a0 Rendement \u00e9lev\u00e9  \u00a0Excellente couverture  &nbsp;\" \/>\n<meta property=\"og:url\" content=\"https:\/\/argatecnic.pt\/fr\/produit\/isolation-thermique\/finitions\/lena-etics-825-p\/\" \/>\n<meta property=\"og:site_name\" content=\"ARGATECNIC\" \/>\n<meta property=\"article:modified_time\" content=\"2025-02-25T16:50:22+00:00\" \/>\n<meta property=\"og:image\" content=\"https:\/\/i0.wp.com\/argatecnic.pt\/wp-content\/uploads\/2022\/09\/lena-etics-825p-balde.png?fit=1250%2C1250&ssl=1\" \/>\n\t<meta property=\"og:image:width\" content=\"1250\" \/>\n\t<meta property=\"og:image:height\" content=\"1250\" \/>\n\t<meta property=\"og:image:type\" content=\"image\/png\" \/>\n<meta name=\"twitter:card\" content=\"summary_large_image\" \/>\n<meta name=\"twitter:label1\" content=\"Dur\u00e9e de lecture estim\u00e9e\" \/>\n\t<meta name=\"twitter:data1\" content=\"1 minute\" \/>\n<script type=\"application\/ld+json\" class=\"yoast-schema-graph\">{\"@context\":\"https:\\\/\\\/schema.org\",\"@graph\":[{\"@type\":\"WebPage\",\"@id\":\"https:\\\/\\\/argatecnic.pt\\\/fr\\\/produit\\\/isolation-thermique\\\/finitions\\\/lena-etics-825-p\\\/\",\"url\":\"https:\\\/\\\/argatecnic.pt\\\/fr\\\/produit\\\/isolation-thermique\\\/finitions\\\/lena-etics-825-p\\\/\",\"name\":\"LENA ETICS 825-P - ARGATECNIC\",\"isPartOf\":{\"@id\":\"https:\\\/\\\/argatecnic.pt\\\/fr\\\/#website\"},\"primaryImageOfPage\":{\"@id\":\"https:\\\/\\\/argatecnic.pt\\\/fr\\\/produit\\\/isolation-thermique\\\/finitions\\\/lena-etics-825-p\\\/#primaryimage\"},\"image\":{\"@id\":\"https:\\\/\\\/argatecnic.pt\\\/fr\\\/produit\\\/isolation-thermique\\\/finitions\\\/lena-etics-825-p\\\/#primaryimage\"},\"thumbnailUrl\":\"https:\\\/\\\/i0.wp.com\\\/argatecnic.pt\\\/wp-content\\\/uploads\\\/2022\\\/09\\\/lena-etics-825p-balde.png?fit=1250%2C1250&ssl=1\",\"datePublished\":\"2024-03-13T12:05:54+00:00\",\"dateModified\":\"2025-02-25T16:50:22+00:00\",\"breadcrumb\":{\"@id\":\"https:\\\/\\\/argatecnic.pt\\\/fr\\\/produit\\\/isolation-thermique\\\/finitions\\\/lena-etics-825-p\\\/#breadcrumb\"},\"inLanguage\":\"fr-FR\",\"potentialAction\":[{\"@type\":\"ReadAction\",\"target\":[\"https:\\\/\\\/argatecnic.pt\\\/fr\\\/produit\\\/isolation-thermique\\\/finitions\\\/lena-etics-825-p\\\/\"]}]},{\"@type\":\"ImageObject\",\"inLanguage\":\"fr-FR\",\"@id\":\"https:\\\/\\\/argatecnic.pt\\\/fr\\\/produit\\\/isolation-thermique\\\/finitions\\\/lena-etics-825-p\\\/#primaryimage\",\"url\":\"https:\\\/\\\/i0.wp.com\\\/argatecnic.pt\\\/wp-content\\\/uploads\\\/2022\\\/09\\\/lena-etics-825p-balde.png?fit=1250%2C1250&ssl=1\",\"contentUrl\":\"https:\\\/\\\/i0.wp.com\\\/argatecnic.pt\\\/wp-content\\\/uploads\\\/2022\\\/09\\\/lena-etics-825p-balde.png?fit=1250%2C1250&ssl=1\",\"width\":1250,\"height\":1250},{\"@type\":\"BreadcrumbList\",\"@id\":\"https:\\\/\\\/argatecnic.pt\\\/fr\\\/produit\\\/isolation-thermique\\\/finitions\\\/lena-etics-825-p\\\/#breadcrumb\",\"itemListElement\":[{\"@type\":\"ListItem\",\"position\":1,\"name\":\"Loja\",\"item\":\"https:\\\/\\\/argatecnic.pt\\\/loja\\\/\"},{\"@type\":\"ListItem\",\"position\":2,\"name\":\"LENA ETICS 825-P\"}]},{\"@type\":\"WebSite\",\"@id\":\"https:\\\/\\\/argatecnic.pt\\\/fr\\\/#website\",\"url\":\"https:\\\/\\\/argatecnic.pt\\\/fr\\\/\",\"name\":\"ARGATECNIC\",\"description\":\"argamassas t\u00e9cnicas para a constru\u00e7\u00e3o\",\"potentialAction\":[{\"@type\":\"SearchAction\",\"target\":{\"@type\":\"EntryPoint\",\"urlTemplate\":\"https:\\\/\\\/argatecnic.pt\\\/fr\\\/?s={search_term_string}\"},\"query-input\":{\"@type\":\"PropertyValueSpecification\",\"valueRequired\":true,\"valueName\":\"search_term_string\"}}],\"inLanguage\":\"fr-FR\"}]}<\/script>\n<!-- \/ Yoast SEO plugin. -->","yoast_head_json":{"title":"LENA ETICS 825-P - ARGATECNIC","robots":{"index":"index","follow":"follow","max-snippet":"max-snippet:-1","max-image-preview":"max-image-preview:large","max-video-preview":"max-video-preview:-1"},"canonical":"https:\/\/argatecnic.pt\/fr\/produit\/isolation-thermique\/finitions\/lena-etics-825-p\/","og_locale":"fr_FR","og_type":"article","og_title":"LENA ETICS 825-P - ARGATECNIC","og_description":"\u00a0R\u00e9gularise l'absorption du support \u00a0 R\u00e9sistant \u00e0 l'alcalinit\u00e9 \u00a0 Rendement \u00e9lev\u00e9  \u00a0Excellente couverture  &nbsp;","og_url":"https:\/\/argatecnic.pt\/fr\/produit\/isolation-thermique\/finitions\/lena-etics-825-p\/","og_site_name":"ARGATECNIC","article_modified_time":"2025-02-25T16:50:22+00:00","og_image":[{"width":1250,"height":1250,"url":"https:\/\/i0.wp.com\/argatecnic.pt\/wp-content\/uploads\/2022\/09\/lena-etics-825p-balde.png?fit=1250%2C1250&ssl=1","type":"image\/png"}],"twitter_card":"summary_large_image","twitter_misc":{"Dur\u00e9e de lecture estim\u00e9e":"1 minute"},"schema":{"@context":"https:\/\/schema.org","@graph":[{"@type":"WebPage","@id":"https:\/\/argatecnic.pt\/fr\/produit\/isolation-thermique\/finitions\/lena-etics-825-p\/","url":"https:\/\/argatecnic.pt\/fr\/produit\/isolation-thermique\/finitions\/lena-etics-825-p\/","name":"LENA ETICS 825-P - ARGATECNIC","isPartOf":{"@id":"https:\/\/argatecnic.pt\/fr\/#website"},"primaryImageOfPage":{"@id":"https:\/\/argatecnic.pt\/fr\/produit\/isolation-thermique\/finitions\/lena-etics-825-p\/#primaryimage"},"image":{"@id":"https:\/\/argatecnic.pt\/fr\/produit\/isolation-thermique\/finitions\/lena-etics-825-p\/#primaryimage"},"thumbnailUrl":"https:\/\/i0.wp.com\/argatecnic.pt\/wp-content\/uploads\/2022\/09\/lena-etics-825p-balde.png?fit=1250%2C1250&ssl=1","datePublished":"2024-03-13T12:05:54+00:00","dateModified":"2025-02-25T16:50:22+00:00","breadcrumb":{"@id":"https:\/\/argatecnic.pt\/fr\/produit\/isolation-thermique\/finitions\/lena-etics-825-p\/#breadcrumb"},"inLanguage":"fr-FR","potentialAction":[{"@type":"ReadAction","target":["https:\/\/argatecnic.pt\/fr\/produit\/isolation-thermique\/finitions\/lena-etics-825-p\/"]}]},{"@type":"ImageObject","inLanguage":"fr-FR","@id":"https:\/\/argatecnic.pt\/fr\/produit\/isolation-thermique\/finitions\/lena-etics-825-p\/#primaryimage","url":"https:\/\/i0.wp.com\/argatecnic.pt\/wp-content\/uploads\/2022\/09\/lena-etics-825p-balde.png?fit=1250%2C1250&ssl=1","contentUrl":"https:\/\/i0.wp.com\/argatecnic.pt\/wp-content\/uploads\/2022\/09\/lena-etics-825p-balde.png?fit=1250%2C1250&ssl=1","width":1250,"height":1250},{"@type":"BreadcrumbList","@id":"https:\/\/argatecnic.pt\/fr\/produit\/isolation-thermique\/finitions\/lena-etics-825-p\/#breadcrumb","itemListElement":[{"@type":"ListItem","position":1,"name":"Loja","item":"https:\/\/argatecnic.pt\/loja\/"},{"@type":"ListItem","position":2,"name":"LENA ETICS 825-P"}]},{"@type":"WebSite","@id":"https:\/\/argatecnic.pt\/fr\/#website","url":"https:\/\/argatecnic.pt\/fr\/","name":"ARGATECNIC","description":"argamassas t\u00e9cnicas para a constru\u00e7\u00e3o","potentialAction":[{"@type":"SearchAction","target":{"@type":"EntryPoint","urlTemplate":"https:\/\/argatecnic.pt\/fr\/?s={search_term_string}"},"query-input":{"@type":"PropertyValueSpecification","valueRequired":true,"valueName":"search_term_string"}}],"inLanguage":"fr-FR"}]}},"jetpack_sharing_enabled":true,"_links":{"self":[{"href":"https:\/\/argatecnic.pt\/fr\/wp-json\/wp\/v2\/product\/41711","targetHints":{"allow":["GET"]}}],"collection":[{"href":"https:\/\/argatecnic.pt\/fr\/wp-json\/wp\/v2\/product"}],"about":[{"href":"https:\/\/argatecnic.pt\/fr\/wp-json\/wp\/v2\/types\/product"}],"replies":[{"embeddable":true,"href":"https:\/\/argatecnic.pt\/fr\/wp-json\/wp\/v2\/comments?post=41711"}],"wp:featuredmedia":[{"embeddable":true,"href":"https:\/\/argatecnic.pt\/fr\/wp-json\/wp\/v2\/media\/4033"}],"wp:attachment":[{"href":"https:\/\/argatecnic.pt\/fr\/wp-json\/wp\/v2\/media?parent=41711"}],"wp:term":[{"taxonomy":"product_brand","embeddable":true,"href":"https:\/\/argatecnic.pt\/fr\/wp-json\/wp\/v2\/product_brand?post=41711"},{"taxonomy":"product_cat","embeddable":true,"href":"https:\/\/argatecnic.pt\/fr\/wp-json\/wp\/v2\/product_cat?post=41711"},{"taxonomy":"product_tag","embeddable":true,"href":"https:\/\/argatecnic.pt\/fr\/wp-json\/wp\/v2\/product_tag?post=41711"}],"curies":[{"name":"wp","href":"https:\/\/api.w.org\/{rel}","templated":true}]}}