{"id":41707,"date":"2022-09-09T16:44:46","date_gmt":"2024-03-13T11:53:48","guid":{"rendered":"https:\/\/argatecnic.pt\/?post_type=product&#038;p=41707"},"modified":"2025-02-25T17:49:21","modified_gmt":"2025-02-25T16:49:21","slug":"lena-etics-823","status":"publish","type":"product","link":"https:\/\/argatecnic.pt\/fr\/produit\/isolation-thermique\/finitions\/lena-etics-823\/","title":{"rendered":"LENA ETICS 823"},"content":{"rendered":"<p><span style=\"color: #e7751c;\"><strong>PR\u00c9SENTATION:<\/strong><\/span><br \/>\nSacs de 25 kg<br \/>\nPalettes 60 sacs (1500 Kg)<\/p>\n<p><span style=\"color: #e7751c;\"><strong>DOMAINE D&rsquo;UTILISATION:<\/strong><\/span><br \/>\nLENA ETICS 823 peut \u00eatre appliqu\u00e9 sur des surfaces int\u00e9rieures et ext\u00e9rieures, constituant syst\u00e8me ponc\u00e9 pour l\u2019ETICS. II permet aussi r\u00e9nover les parties d\u2019enduit ancien, pr\u00e9sentant des pathologies associ\u00e9es ou des faiblesses de finition.<\/p>\n<p><strong style=\"color: #085b8f;\"><span style=\"color: #e7751c;\">PR\u00c9PARATION DU MORTIER:<\/span><br \/>\n<\/strong>LENA ETICS 823 doit \u00eatre m\u00e9lange avec 4,5 litres d&rsquo;eau pour chaque sac de 25 kg jusqul\u00e0 &lsquo;obtention d&rsquo;une p\u00e2te homog\u00e8ne et sans grumeaux.<\/p>\n<p><strong><strong style=\"color: #085b8f;\"><span style=\"color: #898989;\"><span style=\"color: #e7751c;\">CONSOMMATION THEORIQUE:<\/span><br \/>\n<\/span><\/strong><\/strong>2-3 Kg\/m\u00b2<\/p>\n","protected":false},"excerpt":{"rendered":"<p><img loading=\"lazy\" decoding=\"async\" class=\"alignnone wp-image-760\" src=\"https:\/\/argatecnic.pt\/wp-content\/uploads\/2022\/09\/marcador-isolamento-termico.svg\" alt=\"\" width=\"20\" height=\"14\" \/> \u00a0Finition fine sabl\u00e9e: ITE et anciens enduits<br \/>\n<img loading=\"lazy\" decoding=\"async\" class=\"alignnone wp-image-760\" src=\"https:\/\/argatecnic.pt\/wp-content\/uploads\/2022\/09\/marcador-isolamento-termico.svg\" alt=\"\" width=\"20\" height=\"14\" \/> \u00a0Aucune peinture n&rsquo;est n\u00e9cessaire<br \/>\n<img loading=\"lazy\" decoding=\"async\" class=\"alignnone wp-image-760\" src=\"https:\/\/argatecnic.pt\/wp-content\/uploads\/2022\/09\/marcador-isolamento-termico.svg\" alt=\"\" width=\"20\" height=\"14\" \/> \u00a0Perm\u00e9able \u00e0 la vapeur d&rsquo;eau<br \/>\n<img loading=\"lazy\" decoding=\"async\" class=\"alignnone wp-image-760\" src=\"https:\/\/argatecnic.pt\/wp-content\/uploads\/2022\/09\/marcador-isolamento-termico.svg\" alt=\"\" width=\"20\" height=\"14\" \/> \u00a0R\u00e9sistant aux intemp\u00e9ries<\/p>\n<p>&nbsp;<\/p>\n<p><img loading=\"lazy\" decoding=\"async\" class=\"alignnone wp-image-48275\" src=\"https:\/\/argatecnic.pt\/wp-content\/uploads\/2024\/03\/RET-lena-etics-823-caracteristiques.svg\" alt=\"\" width=\"361\" height=\"118\" \/><\/p>\n<p>&nbsp;<\/p>\n<p><a href=\"https:\/\/argatecnic.pt\/wp-content\/uploads\/2022\/08\/cor-cinza.svg\">\u00a0 <\/a> \u00a0 <img loading=\"lazy\" decoding=\"async\" class=\"alignnone wp-image-42878\" src=\"https:\/\/argatecnic.pt\/wp-content\/uploads\/2024\/03\/blanc-cor-fr.svg\" alt=\"\" width=\"41\" height=\"51\" \/> <img loading=\"lazy\" decoding=\"async\" class=\"alignnone wp-image-42850\" src=\"https:\/\/argatecnic.pt\/wp-content\/uploads\/2024\/03\/cor-creme-fr.svg\" alt=\"\" width=\"37\" height=\"50\" \/> <img loading=\"lazy\" decoding=\"async\" class=\"alignnone wp-image-42849\" src=\"https:\/\/argatecnic.pt\/wp-content\/uploads\/2024\/03\/cor-beige-fr.svg\" alt=\"\" width=\"36\" height=\"50\" \/><\/p>\n","protected":false},"featured_media":652,"comment_status":"open","ping_status":"closed","template":"","meta":{"_et_pb_use_builder":"","_et_pb_old_content":"","_et_gb_content_width":""},"product_brand":[],"product_cat":[197,196],"product_tag":[],"class_list":{"0":"post-41707","1":"product","2":"type-product","3":"status-publish","4":"has-post-thumbnail","6":"product_cat-finitions","7":"product_cat-isolation-thermique","9":"first","10":"instock","11":"shipping-taxable","12":"product-type-simple"},"acf":[],"yoast_head":"<!-- This site is optimized with the Yoast SEO plugin v27.4 - https:\/\/yoast.com\/product\/yoast-seo-wordpress\/ -->\n<title>LENA ETICS 823 - ARGATECNIC<\/title>\n<meta name=\"robots\" content=\"index, follow, max-snippet:-1, max-image-preview:large, max-video-preview:-1\" \/>\n<link rel=\"canonical\" href=\"https:\/\/argatecnic.pt\/fr\/produit\/isolation-thermique\/finitions\/lena-etics-823\/\" \/>\n<meta property=\"og:locale\" content=\"fr_FR\" \/>\n<meta property=\"og:type\" content=\"article\" \/>\n<meta property=\"og:title\" content=\"LENA ETICS 823 - ARGATECNIC\" \/>\n<meta property=\"og:description\" content=\"\u00a0Finition fine sabl\u00e9e: ITE et anciens enduits  \u00a0Aucune peinture n&#039;est n\u00e9cessaire  \u00a0Perm\u00e9able \u00e0 la vapeur d&#039;eau  \u00a0R\u00e9sistant aux intemp\u00e9ries  &nbsp;    &nbsp;  \u00a0 \u00a0\" \/>\n<meta property=\"og:url\" content=\"https:\/\/argatecnic.pt\/fr\/produit\/isolation-thermique\/finitions\/lena-etics-823\/\" \/>\n<meta property=\"og:site_name\" content=\"ARGATECNIC\" \/>\n<meta property=\"article:modified_time\" content=\"2025-02-25T16:49:21+00:00\" \/>\n<meta property=\"og:image\" content=\"https:\/\/i0.wp.com\/argatecnic.pt\/wp-content\/uploads\/2022\/09\/lena-etics-823-saco.png?fit=1484%2C1679&ssl=1\" \/>\n\t<meta property=\"og:image:width\" content=\"1484\" \/>\n\t<meta property=\"og:image:height\" content=\"1679\" \/>\n\t<meta property=\"og:image:type\" content=\"image\/png\" \/>\n<meta name=\"twitter:card\" content=\"summary_large_image\" \/>\n<meta name=\"twitter:label1\" content=\"Dur\u00e9e de lecture estim\u00e9e\" \/>\n\t<meta name=\"twitter:data1\" content=\"1 minute\" \/>\n<script type=\"application\/ld+json\" class=\"yoast-schema-graph\">{\"@context\":\"https:\\\/\\\/schema.org\",\"@graph\":[{\"@type\":\"WebPage\",\"@id\":\"https:\\\/\\\/argatecnic.pt\\\/fr\\\/produit\\\/isolation-thermique\\\/finitions\\\/lena-etics-823\\\/\",\"url\":\"https:\\\/\\\/argatecnic.pt\\\/fr\\\/produit\\\/isolation-thermique\\\/finitions\\\/lena-etics-823\\\/\",\"name\":\"LENA ETICS 823 - ARGATECNIC\",\"isPartOf\":{\"@id\":\"https:\\\/\\\/argatecnic.pt\\\/fr\\\/#website\"},\"primaryImageOfPage\":{\"@id\":\"https:\\\/\\\/argatecnic.pt\\\/fr\\\/produit\\\/isolation-thermique\\\/finitions\\\/lena-etics-823\\\/#primaryimage\"},\"image\":{\"@id\":\"https:\\\/\\\/argatecnic.pt\\\/fr\\\/produit\\\/isolation-thermique\\\/finitions\\\/lena-etics-823\\\/#primaryimage\"},\"thumbnailUrl\":\"https:\\\/\\\/i0.wp.com\\\/argatecnic.pt\\\/wp-content\\\/uploads\\\/2022\\\/09\\\/lena-etics-823-saco.png?fit=1484%2C1679&ssl=1\",\"datePublished\":\"2024-03-13T11:53:48+00:00\",\"dateModified\":\"2025-02-25T16:49:21+00:00\",\"breadcrumb\":{\"@id\":\"https:\\\/\\\/argatecnic.pt\\\/fr\\\/produit\\\/isolation-thermique\\\/finitions\\\/lena-etics-823\\\/#breadcrumb\"},\"inLanguage\":\"fr-FR\",\"potentialAction\":[{\"@type\":\"ReadAction\",\"target\":[\"https:\\\/\\\/argatecnic.pt\\\/fr\\\/produit\\\/isolation-thermique\\\/finitions\\\/lena-etics-823\\\/\"]}]},{\"@type\":\"ImageObject\",\"inLanguage\":\"fr-FR\",\"@id\":\"https:\\\/\\\/argatecnic.pt\\\/fr\\\/produit\\\/isolation-thermique\\\/finitions\\\/lena-etics-823\\\/#primaryimage\",\"url\":\"https:\\\/\\\/i0.wp.com\\\/argatecnic.pt\\\/wp-content\\\/uploads\\\/2022\\\/09\\\/lena-etics-823-saco.png?fit=1484%2C1679&ssl=1\",\"contentUrl\":\"https:\\\/\\\/i0.wp.com\\\/argatecnic.pt\\\/wp-content\\\/uploads\\\/2022\\\/09\\\/lena-etics-823-saco.png?fit=1484%2C1679&ssl=1\",\"width\":1484,\"height\":1679},{\"@type\":\"BreadcrumbList\",\"@id\":\"https:\\\/\\\/argatecnic.pt\\\/fr\\\/produit\\\/isolation-thermique\\\/finitions\\\/lena-etics-823\\\/#breadcrumb\",\"itemListElement\":[{\"@type\":\"ListItem\",\"position\":1,\"name\":\"Loja\",\"item\":\"https:\\\/\\\/argatecnic.pt\\\/loja\\\/\"},{\"@type\":\"ListItem\",\"position\":2,\"name\":\"LENA ETICS 823\"}]},{\"@type\":\"WebSite\",\"@id\":\"https:\\\/\\\/argatecnic.pt\\\/fr\\\/#website\",\"url\":\"https:\\\/\\\/argatecnic.pt\\\/fr\\\/\",\"name\":\"ARGATECNIC\",\"description\":\"argamassas t\u00e9cnicas para a constru\u00e7\u00e3o\",\"potentialAction\":[{\"@type\":\"SearchAction\",\"target\":{\"@type\":\"EntryPoint\",\"urlTemplate\":\"https:\\\/\\\/argatecnic.pt\\\/fr\\\/?s={search_term_string}\"},\"query-input\":{\"@type\":\"PropertyValueSpecification\",\"valueRequired\":true,\"valueName\":\"search_term_string\"}}],\"inLanguage\":\"fr-FR\"}]}<\/script>\n<!-- \/ Yoast SEO plugin. -->","yoast_head_json":{"title":"LENA ETICS 823 - ARGATECNIC","robots":{"index":"index","follow":"follow","max-snippet":"max-snippet:-1","max-image-preview":"max-image-preview:large","max-video-preview":"max-video-preview:-1"},"canonical":"https:\/\/argatecnic.pt\/fr\/produit\/isolation-thermique\/finitions\/lena-etics-823\/","og_locale":"fr_FR","og_type":"article","og_title":"LENA ETICS 823 - ARGATECNIC","og_description":"\u00a0Finition fine sabl\u00e9e: ITE et anciens enduits  \u00a0Aucune peinture n'est n\u00e9cessaire  \u00a0Perm\u00e9able \u00e0 la vapeur d'eau  \u00a0R\u00e9sistant aux intemp\u00e9ries  &nbsp;    &nbsp;  \u00a0 \u00a0","og_url":"https:\/\/argatecnic.pt\/fr\/produit\/isolation-thermique\/finitions\/lena-etics-823\/","og_site_name":"ARGATECNIC","article_modified_time":"2025-02-25T16:49:21+00:00","og_image":[{"width":1484,"height":1679,"url":"https:\/\/i0.wp.com\/argatecnic.pt\/wp-content\/uploads\/2022\/09\/lena-etics-823-saco.png?fit=1484%2C1679&ssl=1","type":"image\/png"}],"twitter_card":"summary_large_image","twitter_misc":{"Dur\u00e9e de lecture estim\u00e9e":"1 minute"},"schema":{"@context":"https:\/\/schema.org","@graph":[{"@type":"WebPage","@id":"https:\/\/argatecnic.pt\/fr\/produit\/isolation-thermique\/finitions\/lena-etics-823\/","url":"https:\/\/argatecnic.pt\/fr\/produit\/isolation-thermique\/finitions\/lena-etics-823\/","name":"LENA ETICS 823 - ARGATECNIC","isPartOf":{"@id":"https:\/\/argatecnic.pt\/fr\/#website"},"primaryImageOfPage":{"@id":"https:\/\/argatecnic.pt\/fr\/produit\/isolation-thermique\/finitions\/lena-etics-823\/#primaryimage"},"image":{"@id":"https:\/\/argatecnic.pt\/fr\/produit\/isolation-thermique\/finitions\/lena-etics-823\/#primaryimage"},"thumbnailUrl":"https:\/\/i0.wp.com\/argatecnic.pt\/wp-content\/uploads\/2022\/09\/lena-etics-823-saco.png?fit=1484%2C1679&ssl=1","datePublished":"2024-03-13T11:53:48+00:00","dateModified":"2025-02-25T16:49:21+00:00","breadcrumb":{"@id":"https:\/\/argatecnic.pt\/fr\/produit\/isolation-thermique\/finitions\/lena-etics-823\/#breadcrumb"},"inLanguage":"fr-FR","potentialAction":[{"@type":"ReadAction","target":["https:\/\/argatecnic.pt\/fr\/produit\/isolation-thermique\/finitions\/lena-etics-823\/"]}]},{"@type":"ImageObject","inLanguage":"fr-FR","@id":"https:\/\/argatecnic.pt\/fr\/produit\/isolation-thermique\/finitions\/lena-etics-823\/#primaryimage","url":"https:\/\/i0.wp.com\/argatecnic.pt\/wp-content\/uploads\/2022\/09\/lena-etics-823-saco.png?fit=1484%2C1679&ssl=1","contentUrl":"https:\/\/i0.wp.com\/argatecnic.pt\/wp-content\/uploads\/2022\/09\/lena-etics-823-saco.png?fit=1484%2C1679&ssl=1","width":1484,"height":1679},{"@type":"BreadcrumbList","@id":"https:\/\/argatecnic.pt\/fr\/produit\/isolation-thermique\/finitions\/lena-etics-823\/#breadcrumb","itemListElement":[{"@type":"ListItem","position":1,"name":"Loja","item":"https:\/\/argatecnic.pt\/loja\/"},{"@type":"ListItem","position":2,"name":"LENA ETICS 823"}]},{"@type":"WebSite","@id":"https:\/\/argatecnic.pt\/fr\/#website","url":"https:\/\/argatecnic.pt\/fr\/","name":"ARGATECNIC","description":"argamassas t\u00e9cnicas para a constru\u00e7\u00e3o","potentialAction":[{"@type":"SearchAction","target":{"@type":"EntryPoint","urlTemplate":"https:\/\/argatecnic.pt\/fr\/?s={search_term_string}"},"query-input":{"@type":"PropertyValueSpecification","valueRequired":true,"valueName":"search_term_string"}}],"inLanguage":"fr-FR"}]}},"jetpack_sharing_enabled":true,"_links":{"self":[{"href":"https:\/\/argatecnic.pt\/fr\/wp-json\/wp\/v2\/product\/41707","targetHints":{"allow":["GET"]}}],"collection":[{"href":"https:\/\/argatecnic.pt\/fr\/wp-json\/wp\/v2\/product"}],"about":[{"href":"https:\/\/argatecnic.pt\/fr\/wp-json\/wp\/v2\/types\/product"}],"replies":[{"embeddable":true,"href":"https:\/\/argatecnic.pt\/fr\/wp-json\/wp\/v2\/comments?post=41707"}],"wp:featuredmedia":[{"embeddable":true,"href":"https:\/\/argatecnic.pt\/fr\/wp-json\/wp\/v2\/media\/652"}],"wp:attachment":[{"href":"https:\/\/argatecnic.pt\/fr\/wp-json\/wp\/v2\/media?parent=41707"}],"wp:term":[{"taxonomy":"product_brand","embeddable":true,"href":"https:\/\/argatecnic.pt\/fr\/wp-json\/wp\/v2\/product_brand?post=41707"},{"taxonomy":"product_cat","embeddable":true,"href":"https:\/\/argatecnic.pt\/fr\/wp-json\/wp\/v2\/product_cat?post=41707"},{"taxonomy":"product_tag","embeddable":true,"href":"https:\/\/argatecnic.pt\/fr\/wp-json\/wp\/v2\/product_tag?post=41707"}],"curies":[{"name":"wp","href":"https:\/\/api.w.org\/{rel}","templated":true}]}}