{"id":40958,"date":"2022-09-09T15:22:05","date_gmt":"2024-03-11T18:03:24","guid":{"rendered":"https:\/\/argatecnic.pt\/?post_type=product&#038;p=40958"},"modified":"2025-02-25T17:42:54","modified_gmt":"2025-02-25T16:42:54","slug":"lena-530-level","status":"publish","type":"product","link":"https:\/\/argatecnic.pt\/fr\/produit\/pavage-et-nivellement\/nivellement\/lena-530-level\/","title":{"rendered":"LENA 530 Level"},"content":{"rendered":"<p><span style=\"color: #898989;\"><strong>PR\u00c9SENTATION:<\/strong><\/span><br \/>\nSacs de 25 kg<br \/>\nPalettes 60 sacs (1500 Kg)<\/p>\n<p><span style=\"color: #898989;\"><strong>DOMAINE D&rsquo;UTILISATION:<\/strong><\/span><br \/>\nLENA 530 Level est un mortier thixotropique, renforc\u00e9 de fibres, \u00e0 prise normale et \u00e0 retrait compens\u00e9, destin\u00e9 \u00e0 la correction de supports cimentaires absorbants irr\u00e9guliers, sur les sols et les murs, aussi bien en int\u00e9rieur qu&rsquo;en ext\u00e9rieur, jusqu&rsquo;\u00e0 une \u00e9paisseur de 25 mm. Particuli\u00e8rement recommand\u00e9 pour apporter de la plan\u00e9it\u00e9 aux murs de pl\u00e2tre irr\u00e9guliers ou d\u00e9t\u00e9rior\u00e9s.<\/p>\n<p><strong style=\"color: #085b8f;\"><span style=\"color: #898989;\">PR\u00c9PARATION DU MORTIER:<\/span><br \/>\n<\/strong>LENA 530 Level doit \u00eatre malax\u00e9 \u00e0 l\u2019aide d\u2019un \u00e9quipement appropri\u00e9e avec 4,0 litres d\u2019eau par sac 25 kg.<\/p>\n<p><strong><strong style=\"color: #085b8f;\"><span style=\"color: #898989;\">CONSOMMATION THEORIQUE:<br \/>\n<\/span><\/strong><\/strong>1,6 Kg\/m\u00b2\/mm<\/p>\n","protected":false},"excerpt":{"rendered":"<p><img loading=\"lazy\" decoding=\"async\" class=\"alignnone wp-image-745\" src=\"https:\/\/argatecnic.pt\/wp-content\/uploads\/2022\/09\/marcador-pavimentacao-nivelamento.svg\" alt=\"\" width=\"21\" height=\"14\" \/>\u00a0 Rectification de supports cimentaires irr\u00e9guliers<br \/>\n<img loading=\"lazy\" decoding=\"async\" class=\"alignnone wp-image-745\" src=\"https:\/\/argatecnic.pt\/wp-content\/uploads\/2022\/09\/marcador-pavimentacao-nivelamento.svg\" alt=\"\" width=\"21\" height=\"14\" \/>\u00a0 R\u00e9sistance m\u00e9canique<\/p>\n<p>&nbsp;<\/p>\n<p><img loading=\"lazy\" decoding=\"async\" class=\"alignnone wp-image-48281\" src=\"https:\/\/argatecnic.pt\/wp-content\/uploads\/2024\/03\/RET-lena-530-Level-caracteristiques.svg\" alt=\"\" width=\"364\" height=\"103\" \/><\/p>\n<p>&nbsp;<\/p>\n<p><img loading=\"lazy\" decoding=\"async\" class=\"alignnone wp-image-7493\" src=\"https:\/\/argatecnic.pt\/wp-content\/uploads\/2022\/09\/lena-530-level-classificacao.svg\" alt=\"\" width=\"75\" height=\"75\" \/><\/p>\n<p>&nbsp;<\/p>\n<p><img loading=\"lazy\" decoding=\"async\" class=\"alignnone wp-image-42877\" src=\"https:\/\/argatecnic.pt\/wp-content\/uploads\/2024\/03\/gris-cor-fr.svg\" alt=\"\" width=\"37\" height=\"51\" \/><\/p>\n","protected":false},"featured_media":4460,"comment_status":"open","ping_status":"closed","template":"","meta":{"_et_pb_use_builder":"","_et_pb_old_content":"","_et_gb_content_width":""},"product_brand":[],"product_cat":[204,201],"product_tag":[],"class_list":{"0":"post-40958","1":"product","2":"type-product","3":"status-publish","4":"has-post-thumbnail","6":"product_cat-nivellement","7":"product_cat-pavage-et-nivellement","9":"first","10":"instock","11":"shipping-taxable","12":"product-type-simple"},"acf":[],"yoast_head":"<!-- This site is optimized with the Yoast SEO plugin v27.4 - https:\/\/yoast.com\/product\/yoast-seo-wordpress\/ -->\n<title>LENA 530 Level - ARGATECNIC<\/title>\n<meta name=\"robots\" content=\"index, follow, max-snippet:-1, max-image-preview:large, max-video-preview:-1\" \/>\n<link rel=\"canonical\" href=\"https:\/\/argatecnic.pt\/fr\/produit\/pavage-et-nivellement\/nivellement\/lena-530-level\/\" \/>\n<meta property=\"og:locale\" content=\"fr_FR\" \/>\n<meta property=\"og:type\" content=\"article\" \/>\n<meta property=\"og:title\" content=\"LENA 530 Level - ARGATECNIC\" \/>\n<meta property=\"og:description\" content=\"\u00a0 Rectification de supports cimentaires irr\u00e9guliers \u00a0 R\u00e9sistance m\u00e9canique  &nbsp;    &nbsp;    &nbsp;\" \/>\n<meta property=\"og:url\" content=\"https:\/\/argatecnic.pt\/fr\/produit\/pavage-et-nivellement\/nivellement\/lena-530-level\/\" \/>\n<meta property=\"og:site_name\" content=\"ARGATECNIC\" \/>\n<meta property=\"article:modified_time\" content=\"2025-02-25T16:42:54+00:00\" \/>\n<meta property=\"og:image\" content=\"https:\/\/i0.wp.com\/argatecnic.pt\/wp-content\/uploads\/2022\/09\/lena-530-level-saco.png?fit=1484%2C1679&ssl=1\" \/>\n\t<meta property=\"og:image:width\" content=\"1484\" \/>\n\t<meta property=\"og:image:height\" content=\"1679\" \/>\n\t<meta property=\"og:image:type\" content=\"image\/png\" \/>\n<meta name=\"twitter:card\" content=\"summary_large_image\" \/>\n<meta name=\"twitter:label1\" content=\"Dur\u00e9e de lecture estim\u00e9e\" \/>\n\t<meta name=\"twitter:data1\" content=\"1 minute\" \/>\n<script type=\"application\/ld+json\" class=\"yoast-schema-graph\">{\"@context\":\"https:\\\/\\\/schema.org\",\"@graph\":[{\"@type\":\"WebPage\",\"@id\":\"https:\\\/\\\/argatecnic.pt\\\/fr\\\/produit\\\/pavage-et-nivellement\\\/nivellement\\\/lena-530-level\\\/\",\"url\":\"https:\\\/\\\/argatecnic.pt\\\/fr\\\/produit\\\/pavage-et-nivellement\\\/nivellement\\\/lena-530-level\\\/\",\"name\":\"LENA 530 Level - ARGATECNIC\",\"isPartOf\":{\"@id\":\"https:\\\/\\\/argatecnic.pt\\\/fr\\\/#website\"},\"primaryImageOfPage\":{\"@id\":\"https:\\\/\\\/argatecnic.pt\\\/fr\\\/produit\\\/pavage-et-nivellement\\\/nivellement\\\/lena-530-level\\\/#primaryimage\"},\"image\":{\"@id\":\"https:\\\/\\\/argatecnic.pt\\\/fr\\\/produit\\\/pavage-et-nivellement\\\/nivellement\\\/lena-530-level\\\/#primaryimage\"},\"thumbnailUrl\":\"https:\\\/\\\/i0.wp.com\\\/argatecnic.pt\\\/wp-content\\\/uploads\\\/2022\\\/09\\\/lena-530-level-saco.png?fit=1484%2C1679&ssl=1\",\"datePublished\":\"2024-03-11T18:03:24+00:00\",\"dateModified\":\"2025-02-25T16:42:54+00:00\",\"breadcrumb\":{\"@id\":\"https:\\\/\\\/argatecnic.pt\\\/fr\\\/produit\\\/pavage-et-nivellement\\\/nivellement\\\/lena-530-level\\\/#breadcrumb\"},\"inLanguage\":\"fr-FR\",\"potentialAction\":[{\"@type\":\"ReadAction\",\"target\":[\"https:\\\/\\\/argatecnic.pt\\\/fr\\\/produit\\\/pavage-et-nivellement\\\/nivellement\\\/lena-530-level\\\/\"]}]},{\"@type\":\"ImageObject\",\"inLanguage\":\"fr-FR\",\"@id\":\"https:\\\/\\\/argatecnic.pt\\\/fr\\\/produit\\\/pavage-et-nivellement\\\/nivellement\\\/lena-530-level\\\/#primaryimage\",\"url\":\"https:\\\/\\\/i0.wp.com\\\/argatecnic.pt\\\/wp-content\\\/uploads\\\/2022\\\/09\\\/lena-530-level-saco.png?fit=1484%2C1679&ssl=1\",\"contentUrl\":\"https:\\\/\\\/i0.wp.com\\\/argatecnic.pt\\\/wp-content\\\/uploads\\\/2022\\\/09\\\/lena-530-level-saco.png?fit=1484%2C1679&ssl=1\",\"width\":1484,\"height\":1679},{\"@type\":\"BreadcrumbList\",\"@id\":\"https:\\\/\\\/argatecnic.pt\\\/fr\\\/produit\\\/pavage-et-nivellement\\\/nivellement\\\/lena-530-level\\\/#breadcrumb\",\"itemListElement\":[{\"@type\":\"ListItem\",\"position\":1,\"name\":\"Loja\",\"item\":\"https:\\\/\\\/argatecnic.pt\\\/loja\\\/\"},{\"@type\":\"ListItem\",\"position\":2,\"name\":\"LENA 530 Level\"}]},{\"@type\":\"WebSite\",\"@id\":\"https:\\\/\\\/argatecnic.pt\\\/fr\\\/#website\",\"url\":\"https:\\\/\\\/argatecnic.pt\\\/fr\\\/\",\"name\":\"ARGATECNIC\",\"description\":\"argamassas t\u00e9cnicas para a constru\u00e7\u00e3o\",\"potentialAction\":[{\"@type\":\"SearchAction\",\"target\":{\"@type\":\"EntryPoint\",\"urlTemplate\":\"https:\\\/\\\/argatecnic.pt\\\/fr\\\/?s={search_term_string}\"},\"query-input\":{\"@type\":\"PropertyValueSpecification\",\"valueRequired\":true,\"valueName\":\"search_term_string\"}}],\"inLanguage\":\"fr-FR\"}]}<\/script>\n<!-- \/ Yoast SEO plugin. -->","yoast_head_json":{"title":"LENA 530 Level - ARGATECNIC","robots":{"index":"index","follow":"follow","max-snippet":"max-snippet:-1","max-image-preview":"max-image-preview:large","max-video-preview":"max-video-preview:-1"},"canonical":"https:\/\/argatecnic.pt\/fr\/produit\/pavage-et-nivellement\/nivellement\/lena-530-level\/","og_locale":"fr_FR","og_type":"article","og_title":"LENA 530 Level - ARGATECNIC","og_description":"\u00a0 Rectification de supports cimentaires irr\u00e9guliers \u00a0 R\u00e9sistance m\u00e9canique  &nbsp;    &nbsp;    &nbsp;","og_url":"https:\/\/argatecnic.pt\/fr\/produit\/pavage-et-nivellement\/nivellement\/lena-530-level\/","og_site_name":"ARGATECNIC","article_modified_time":"2025-02-25T16:42:54+00:00","og_image":[{"width":1484,"height":1679,"url":"https:\/\/i0.wp.com\/argatecnic.pt\/wp-content\/uploads\/2022\/09\/lena-530-level-saco.png?fit=1484%2C1679&ssl=1","type":"image\/png"}],"twitter_card":"summary_large_image","twitter_misc":{"Dur\u00e9e de lecture estim\u00e9e":"1 minute"},"schema":{"@context":"https:\/\/schema.org","@graph":[{"@type":"WebPage","@id":"https:\/\/argatecnic.pt\/fr\/produit\/pavage-et-nivellement\/nivellement\/lena-530-level\/","url":"https:\/\/argatecnic.pt\/fr\/produit\/pavage-et-nivellement\/nivellement\/lena-530-level\/","name":"LENA 530 Level - ARGATECNIC","isPartOf":{"@id":"https:\/\/argatecnic.pt\/fr\/#website"},"primaryImageOfPage":{"@id":"https:\/\/argatecnic.pt\/fr\/produit\/pavage-et-nivellement\/nivellement\/lena-530-level\/#primaryimage"},"image":{"@id":"https:\/\/argatecnic.pt\/fr\/produit\/pavage-et-nivellement\/nivellement\/lena-530-level\/#primaryimage"},"thumbnailUrl":"https:\/\/i0.wp.com\/argatecnic.pt\/wp-content\/uploads\/2022\/09\/lena-530-level-saco.png?fit=1484%2C1679&ssl=1","datePublished":"2024-03-11T18:03:24+00:00","dateModified":"2025-02-25T16:42:54+00:00","breadcrumb":{"@id":"https:\/\/argatecnic.pt\/fr\/produit\/pavage-et-nivellement\/nivellement\/lena-530-level\/#breadcrumb"},"inLanguage":"fr-FR","potentialAction":[{"@type":"ReadAction","target":["https:\/\/argatecnic.pt\/fr\/produit\/pavage-et-nivellement\/nivellement\/lena-530-level\/"]}]},{"@type":"ImageObject","inLanguage":"fr-FR","@id":"https:\/\/argatecnic.pt\/fr\/produit\/pavage-et-nivellement\/nivellement\/lena-530-level\/#primaryimage","url":"https:\/\/i0.wp.com\/argatecnic.pt\/wp-content\/uploads\/2022\/09\/lena-530-level-saco.png?fit=1484%2C1679&ssl=1","contentUrl":"https:\/\/i0.wp.com\/argatecnic.pt\/wp-content\/uploads\/2022\/09\/lena-530-level-saco.png?fit=1484%2C1679&ssl=1","width":1484,"height":1679},{"@type":"BreadcrumbList","@id":"https:\/\/argatecnic.pt\/fr\/produit\/pavage-et-nivellement\/nivellement\/lena-530-level\/#breadcrumb","itemListElement":[{"@type":"ListItem","position":1,"name":"Loja","item":"https:\/\/argatecnic.pt\/loja\/"},{"@type":"ListItem","position":2,"name":"LENA 530 Level"}]},{"@type":"WebSite","@id":"https:\/\/argatecnic.pt\/fr\/#website","url":"https:\/\/argatecnic.pt\/fr\/","name":"ARGATECNIC","description":"argamassas t\u00e9cnicas para a constru\u00e7\u00e3o","potentialAction":[{"@type":"SearchAction","target":{"@type":"EntryPoint","urlTemplate":"https:\/\/argatecnic.pt\/fr\/?s={search_term_string}"},"query-input":{"@type":"PropertyValueSpecification","valueRequired":true,"valueName":"search_term_string"}}],"inLanguage":"fr-FR"}]}},"jetpack_sharing_enabled":true,"_links":{"self":[{"href":"https:\/\/argatecnic.pt\/fr\/wp-json\/wp\/v2\/product\/40958","targetHints":{"allow":["GET"]}}],"collection":[{"href":"https:\/\/argatecnic.pt\/fr\/wp-json\/wp\/v2\/product"}],"about":[{"href":"https:\/\/argatecnic.pt\/fr\/wp-json\/wp\/v2\/types\/product"}],"replies":[{"embeddable":true,"href":"https:\/\/argatecnic.pt\/fr\/wp-json\/wp\/v2\/comments?post=40958"}],"wp:featuredmedia":[{"embeddable":true,"href":"https:\/\/argatecnic.pt\/fr\/wp-json\/wp\/v2\/media\/4460"}],"wp:attachment":[{"href":"https:\/\/argatecnic.pt\/fr\/wp-json\/wp\/v2\/media?parent=40958"}],"wp:term":[{"taxonomy":"product_brand","embeddable":true,"href":"https:\/\/argatecnic.pt\/fr\/wp-json\/wp\/v2\/product_brand?post=40958"},{"taxonomy":"product_cat","embeddable":true,"href":"https:\/\/argatecnic.pt\/fr\/wp-json\/wp\/v2\/product_cat?post=40958"},{"taxonomy":"product_tag","embeddable":true,"href":"https:\/\/argatecnic.pt\/fr\/wp-json\/wp\/v2\/product_tag?post=40958"}],"curies":[{"name":"wp","href":"https:\/\/api.w.org\/{rel}","templated":true}]}}