{"id":39450,"date":"2022-09-09T13:39:26","date_gmt":"2022-09-09T13:39:26","guid":{"rendered":"https:\/\/argatecnic.pt\/?post_type=product&#038;p=39450"},"modified":"2025-02-25T17:39:54","modified_gmt":"2025-02-25T16:39:54","slug":"lena-521-fluidfloor","status":"publish","type":"product","link":"https:\/\/argatecnic.pt\/fr\/produit\/pavage-et-nivellement\/chapes\/lena-521-fluidfloor\/","title":{"rendered":"LENA 521 Fluidfloor"},"content":{"rendered":"<p><span style=\"color: #898989;\"><strong>PR\u00c9SENTATION:<\/strong><\/span><br \/>\nSacs de 25 kg<br \/>\nPalettes 60 sacs (1500 Kg)<\/p>\n<p><span style=\"color: #898989;\"><strong>DOMAINE D&rsquo;UTILISATION:<\/strong><\/span><br \/>\nLENA 521 FluidFloor\u00a0est destin\u00e9 \u00e0 la mise en \u0153uvre de chapes sur sols int\u00e9rieurs et ext\u00e9rieurs, pouvant \u00eatre appliqu\u00e9 sur des supports en b\u00e9ton, chapes en ciment, panneaux isolants au niveau thermique et acoustique.<br \/>\n<strong style=\"color: #085b8f;\"><br \/>\n<span style=\"color: #898989;\">PR\u00c9PARATION DU MORTIER:<\/span><br \/>\n<\/strong>LENA 521 FluidFloor doit \u00eatre malax\u00e9 \u00e0 l\u2019aide d\u2019un \u00e9quipement appropri\u00e9e avec 3,1 litres d\u2019eau par sac 25 kg.<\/p>\n<p><span style=\"color: #898989;\"><strong>CONSOMMATION TH\u00c9ORIQUE:<\/strong><\/span><br \/>\n21-22 Kg\/m\u00b2\/cm<\/p>\n","protected":false},"excerpt":{"rendered":"<p><img loading=\"lazy\" decoding=\"async\" class=\"alignnone wp-image-745\" src=\"https:\/\/argatecnic.pt\/wp-content\/uploads\/2022\/09\/marcador-pavimentacao-nivelamento.svg\" alt=\"\" width=\"21\" height=\"14\" \/>\u00a0 Parfait pour les grandes surfaces<br \/>\n<img loading=\"lazy\" decoding=\"async\" class=\"alignnone wp-image-745\" src=\"https:\/\/argatecnic.pt\/wp-content\/uploads\/2022\/09\/marcador-pavimentacao-nivelamento.svg\" alt=\"\" width=\"21\" height=\"14\" \/>\u00a0 Bonne productivit\u00e9 lors de l\u2019application<br \/>\n<img loading=\"lazy\" decoding=\"async\" class=\"alignnone wp-image-745\" src=\"https:\/\/argatecnic.pt\/wp-content\/uploads\/2022\/09\/marcador-pavimentacao-nivelamento.svg\" alt=\"\" width=\"21\" height=\"14\" \/>\u00a0 Appropri\u00e9 pour plancher chauffant<\/p>\n<p>&nbsp;<\/p>\n<p><img loading=\"lazy\" decoding=\"async\" class=\"alignnone wp-image-48284\" src=\"https:\/\/argatecnic.pt\/wp-content\/uploads\/2024\/03\/RET-lena-521-Fuildfloor-caracteristiques.svg\" alt=\"\" width=\"364\" height=\"111\" \/><\/p>\n<p>&nbsp;<\/p>\n<p><img loading=\"lazy\" decoding=\"async\" class=\"alignnone wp-image-330\" src=\"https:\/\/argatecnic.pt\/wp-content\/uploads\/2022\/08\/lena-521-fluidfloor-classificacao.svg\" alt=\"\" width=\"75\" height=\"75\" \/><\/p>\n<p>&nbsp;<\/p>\n<p><img loading=\"lazy\" decoding=\"async\" class=\"alignnone wp-image-42877\" src=\"https:\/\/argatecnic.pt\/wp-content\/uploads\/2024\/03\/gris-cor-fr.svg\" alt=\"\" width=\"37\" height=\"51\" \/><\/p>\n","protected":false},"featured_media":643,"comment_status":"open","ping_status":"closed","template":"","meta":{"_et_pb_use_builder":"","_et_pb_old_content":"","_et_gb_content_width":""},"product_brand":[],"product_cat":[203,201],"product_tag":[],"class_list":{"0":"post-39450","1":"product","2":"type-product","3":"status-publish","4":"has-post-thumbnail","6":"product_cat-chapes","7":"product_cat-pavage-et-nivellement","9":"first","10":"instock","11":"shipping-taxable","12":"product-type-simple"},"acf":[],"yoast_head":"<!-- This site is optimized with the Yoast SEO plugin v27.4 - https:\/\/yoast.com\/product\/yoast-seo-wordpress\/ -->\n<title>LENA 521 Fluidfloor - ARGATECNIC<\/title>\n<meta name=\"robots\" content=\"index, follow, max-snippet:-1, max-image-preview:large, max-video-preview:-1\" \/>\n<link rel=\"canonical\" href=\"https:\/\/argatecnic.pt\/fr\/produit\/pavage-et-nivellement\/chapes\/lena-521-fluidfloor\/\" \/>\n<meta property=\"og:locale\" content=\"fr_FR\" \/>\n<meta property=\"og:type\" content=\"article\" \/>\n<meta property=\"og:title\" content=\"LENA 521 Fluidfloor - ARGATECNIC\" \/>\n<meta property=\"og:description\" content=\"\u00a0 Parfait pour les grandes surfaces \u00a0 Bonne productivit\u00e9 lors de l\u2019application \u00a0 Appropri\u00e9 pour plancher chauffant  &nbsp;    &nbsp;    &nbsp;\" \/>\n<meta property=\"og:url\" content=\"https:\/\/argatecnic.pt\/fr\/produit\/pavage-et-nivellement\/chapes\/lena-521-fluidfloor\/\" \/>\n<meta property=\"og:site_name\" content=\"ARGATECNIC\" \/>\n<meta property=\"article:modified_time\" content=\"2025-02-25T16:39:54+00:00\" \/>\n<meta property=\"og:image\" content=\"https:\/\/i0.wp.com\/argatecnic.pt\/wp-content\/uploads\/2022\/09\/lena-521-fluid-floor-saco.png?fit=1484%2C1679&ssl=1\" \/>\n\t<meta property=\"og:image:width\" content=\"1484\" \/>\n\t<meta property=\"og:image:height\" content=\"1679\" \/>\n\t<meta property=\"og:image:type\" content=\"image\/png\" \/>\n<meta name=\"twitter:card\" content=\"summary_large_image\" \/>\n<meta name=\"twitter:label1\" content=\"Dur\u00e9e de lecture estim\u00e9e\" \/>\n\t<meta name=\"twitter:data1\" content=\"1 minute\" \/>\n<script type=\"application\/ld+json\" class=\"yoast-schema-graph\">{\"@context\":\"https:\\\/\\\/schema.org\",\"@graph\":[{\"@type\":\"WebPage\",\"@id\":\"https:\\\/\\\/argatecnic.pt\\\/fr\\\/produit\\\/pavage-et-nivellement\\\/chapes\\\/lena-521-fluidfloor\\\/\",\"url\":\"https:\\\/\\\/argatecnic.pt\\\/fr\\\/produit\\\/pavage-et-nivellement\\\/chapes\\\/lena-521-fluidfloor\\\/\",\"name\":\"LENA 521 Fluidfloor - ARGATECNIC\",\"isPartOf\":{\"@id\":\"https:\\\/\\\/argatecnic.pt\\\/fr\\\/#website\"},\"primaryImageOfPage\":{\"@id\":\"https:\\\/\\\/argatecnic.pt\\\/fr\\\/produit\\\/pavage-et-nivellement\\\/chapes\\\/lena-521-fluidfloor\\\/#primaryimage\"},\"image\":{\"@id\":\"https:\\\/\\\/argatecnic.pt\\\/fr\\\/produit\\\/pavage-et-nivellement\\\/chapes\\\/lena-521-fluidfloor\\\/#primaryimage\"},\"thumbnailUrl\":\"https:\\\/\\\/i0.wp.com\\\/argatecnic.pt\\\/wp-content\\\/uploads\\\/2022\\\/09\\\/lena-521-fluid-floor-saco.png?fit=1484%2C1679&ssl=1\",\"datePublished\":\"2022-09-09T13:39:26+00:00\",\"dateModified\":\"2025-02-25T16:39:54+00:00\",\"breadcrumb\":{\"@id\":\"https:\\\/\\\/argatecnic.pt\\\/fr\\\/produit\\\/pavage-et-nivellement\\\/chapes\\\/lena-521-fluidfloor\\\/#breadcrumb\"},\"inLanguage\":\"fr-FR\",\"potentialAction\":[{\"@type\":\"ReadAction\",\"target\":[\"https:\\\/\\\/argatecnic.pt\\\/fr\\\/produit\\\/pavage-et-nivellement\\\/chapes\\\/lena-521-fluidfloor\\\/\"]}]},{\"@type\":\"ImageObject\",\"inLanguage\":\"fr-FR\",\"@id\":\"https:\\\/\\\/argatecnic.pt\\\/fr\\\/produit\\\/pavage-et-nivellement\\\/chapes\\\/lena-521-fluidfloor\\\/#primaryimage\",\"url\":\"https:\\\/\\\/i0.wp.com\\\/argatecnic.pt\\\/wp-content\\\/uploads\\\/2022\\\/09\\\/lena-521-fluid-floor-saco.png?fit=1484%2C1679&ssl=1\",\"contentUrl\":\"https:\\\/\\\/i0.wp.com\\\/argatecnic.pt\\\/wp-content\\\/uploads\\\/2022\\\/09\\\/lena-521-fluid-floor-saco.png?fit=1484%2C1679&ssl=1\",\"width\":1484,\"height\":1679},{\"@type\":\"BreadcrumbList\",\"@id\":\"https:\\\/\\\/argatecnic.pt\\\/fr\\\/produit\\\/pavage-et-nivellement\\\/chapes\\\/lena-521-fluidfloor\\\/#breadcrumb\",\"itemListElement\":[{\"@type\":\"ListItem\",\"position\":1,\"name\":\"Loja\",\"item\":\"https:\\\/\\\/argatecnic.pt\\\/loja\\\/\"},{\"@type\":\"ListItem\",\"position\":2,\"name\":\"LENA 521 Fluidfloor\"}]},{\"@type\":\"WebSite\",\"@id\":\"https:\\\/\\\/argatecnic.pt\\\/fr\\\/#website\",\"url\":\"https:\\\/\\\/argatecnic.pt\\\/fr\\\/\",\"name\":\"ARGATECNIC\",\"description\":\"argamassas t\u00e9cnicas para a constru\u00e7\u00e3o\",\"potentialAction\":[{\"@type\":\"SearchAction\",\"target\":{\"@type\":\"EntryPoint\",\"urlTemplate\":\"https:\\\/\\\/argatecnic.pt\\\/fr\\\/?s={search_term_string}\"},\"query-input\":{\"@type\":\"PropertyValueSpecification\",\"valueRequired\":true,\"valueName\":\"search_term_string\"}}],\"inLanguage\":\"fr-FR\"}]}<\/script>\n<!-- \/ Yoast SEO plugin. -->","yoast_head_json":{"title":"LENA 521 Fluidfloor - ARGATECNIC","robots":{"index":"index","follow":"follow","max-snippet":"max-snippet:-1","max-image-preview":"max-image-preview:large","max-video-preview":"max-video-preview:-1"},"canonical":"https:\/\/argatecnic.pt\/fr\/produit\/pavage-et-nivellement\/chapes\/lena-521-fluidfloor\/","og_locale":"fr_FR","og_type":"article","og_title":"LENA 521 Fluidfloor - ARGATECNIC","og_description":"\u00a0 Parfait pour les grandes surfaces \u00a0 Bonne productivit\u00e9 lors de l\u2019application \u00a0 Appropri\u00e9 pour plancher chauffant  &nbsp;    &nbsp;    &nbsp;","og_url":"https:\/\/argatecnic.pt\/fr\/produit\/pavage-et-nivellement\/chapes\/lena-521-fluidfloor\/","og_site_name":"ARGATECNIC","article_modified_time":"2025-02-25T16:39:54+00:00","og_image":[{"width":1484,"height":1679,"url":"https:\/\/i0.wp.com\/argatecnic.pt\/wp-content\/uploads\/2022\/09\/lena-521-fluid-floor-saco.png?fit=1484%2C1679&ssl=1","type":"image\/png"}],"twitter_card":"summary_large_image","twitter_misc":{"Dur\u00e9e de lecture estim\u00e9e":"1 minute"},"schema":{"@context":"https:\/\/schema.org","@graph":[{"@type":"WebPage","@id":"https:\/\/argatecnic.pt\/fr\/produit\/pavage-et-nivellement\/chapes\/lena-521-fluidfloor\/","url":"https:\/\/argatecnic.pt\/fr\/produit\/pavage-et-nivellement\/chapes\/lena-521-fluidfloor\/","name":"LENA 521 Fluidfloor - ARGATECNIC","isPartOf":{"@id":"https:\/\/argatecnic.pt\/fr\/#website"},"primaryImageOfPage":{"@id":"https:\/\/argatecnic.pt\/fr\/produit\/pavage-et-nivellement\/chapes\/lena-521-fluidfloor\/#primaryimage"},"image":{"@id":"https:\/\/argatecnic.pt\/fr\/produit\/pavage-et-nivellement\/chapes\/lena-521-fluidfloor\/#primaryimage"},"thumbnailUrl":"https:\/\/i0.wp.com\/argatecnic.pt\/wp-content\/uploads\/2022\/09\/lena-521-fluid-floor-saco.png?fit=1484%2C1679&ssl=1","datePublished":"2022-09-09T13:39:26+00:00","dateModified":"2025-02-25T16:39:54+00:00","breadcrumb":{"@id":"https:\/\/argatecnic.pt\/fr\/produit\/pavage-et-nivellement\/chapes\/lena-521-fluidfloor\/#breadcrumb"},"inLanguage":"fr-FR","potentialAction":[{"@type":"ReadAction","target":["https:\/\/argatecnic.pt\/fr\/produit\/pavage-et-nivellement\/chapes\/lena-521-fluidfloor\/"]}]},{"@type":"ImageObject","inLanguage":"fr-FR","@id":"https:\/\/argatecnic.pt\/fr\/produit\/pavage-et-nivellement\/chapes\/lena-521-fluidfloor\/#primaryimage","url":"https:\/\/i0.wp.com\/argatecnic.pt\/wp-content\/uploads\/2022\/09\/lena-521-fluid-floor-saco.png?fit=1484%2C1679&ssl=1","contentUrl":"https:\/\/i0.wp.com\/argatecnic.pt\/wp-content\/uploads\/2022\/09\/lena-521-fluid-floor-saco.png?fit=1484%2C1679&ssl=1","width":1484,"height":1679},{"@type":"BreadcrumbList","@id":"https:\/\/argatecnic.pt\/fr\/produit\/pavage-et-nivellement\/chapes\/lena-521-fluidfloor\/#breadcrumb","itemListElement":[{"@type":"ListItem","position":1,"name":"Loja","item":"https:\/\/argatecnic.pt\/loja\/"},{"@type":"ListItem","position":2,"name":"LENA 521 Fluidfloor"}]},{"@type":"WebSite","@id":"https:\/\/argatecnic.pt\/fr\/#website","url":"https:\/\/argatecnic.pt\/fr\/","name":"ARGATECNIC","description":"argamassas t\u00e9cnicas para a constru\u00e7\u00e3o","potentialAction":[{"@type":"SearchAction","target":{"@type":"EntryPoint","urlTemplate":"https:\/\/argatecnic.pt\/fr\/?s={search_term_string}"},"query-input":{"@type":"PropertyValueSpecification","valueRequired":true,"valueName":"search_term_string"}}],"inLanguage":"fr-FR"}]}},"jetpack_sharing_enabled":true,"_links":{"self":[{"href":"https:\/\/argatecnic.pt\/fr\/wp-json\/wp\/v2\/product\/39450","targetHints":{"allow":["GET"]}}],"collection":[{"href":"https:\/\/argatecnic.pt\/fr\/wp-json\/wp\/v2\/product"}],"about":[{"href":"https:\/\/argatecnic.pt\/fr\/wp-json\/wp\/v2\/types\/product"}],"replies":[{"embeddable":true,"href":"https:\/\/argatecnic.pt\/fr\/wp-json\/wp\/v2\/comments?post=39450"}],"wp:featuredmedia":[{"embeddable":true,"href":"https:\/\/argatecnic.pt\/fr\/wp-json\/wp\/v2\/media\/643"}],"wp:attachment":[{"href":"https:\/\/argatecnic.pt\/fr\/wp-json\/wp\/v2\/media?parent=39450"}],"wp:term":[{"taxonomy":"product_brand","embeddable":true,"href":"https:\/\/argatecnic.pt\/fr\/wp-json\/wp\/v2\/product_brand?post=39450"},{"taxonomy":"product_cat","embeddable":true,"href":"https:\/\/argatecnic.pt\/fr\/wp-json\/wp\/v2\/product_cat?post=39450"},{"taxonomy":"product_tag","embeddable":true,"href":"https:\/\/argatecnic.pt\/fr\/wp-json\/wp\/v2\/product_tag?post=39450"}],"curies":[{"name":"wp","href":"https:\/\/api.w.org\/{rel}","templated":true}]}}