{"id":39366,"date":"2022-11-02T13:15:30","date_gmt":"2024-03-07T12:51:52","guid":{"rendered":"https:\/\/argatecnic.pt\/?post_type=product&#038;p=39366"},"modified":"2025-02-25T16:59:46","modified_gmt":"2025-02-25T15:59:46","slug":"lena-810-eco","status":"publish","type":"product","link":"https:\/\/argatecnic.pt\/fr\/produit\/revetements\/mortier-couche-mince\/lena-810-eco\/","title":{"rendered":"LENA 810 Eco"},"content":{"rendered":"<p><span style=\"color: #085b8f;\"><strong>PR\u00c9SENTATION:<\/strong><\/span><br \/>\nSacs de 15 kg<br \/>\nPalettes 60 sacs (900 Kg)<\/p>\n<p><span style=\"color: #085b8f;\"><strong>DOMAINE D&rsquo;UTILISATION:<\/strong><\/span><br \/>\nLENA 810 Eco est con\u00e7u pour lisser les surfaces sur les murs et plafonds int\u00e9rieurs et ext\u00e9rieurs. Il est id\u00e9al pour les projets de r\u00e9habilitation et peut \u00eatre appliqu\u00e9 sur des enduits \u00e0 base de chaux, tels que TRADICIOCAL 856 et 857. De plus, il peut \u00eatre utilis\u00e9 sur des supports en pl\u00e2tre et des enduits \u00e0 base de ciment. LENA 810 Eco n\u2019est pas destin\u00e9 \u00e0 la finition finale. Son r\u00f4le est de pr\u00e9parer la surface pour la peinture et un appr\u00eat compatibles, tels que TRADICIOCAL 859 et TRADICIOCAL 859-P.<\/p>\n<p><strong style=\"color: #085b8f;\">PR\u00c9PARATION DU MORTIER:<br \/>\n<\/strong>LENA 810 Eco doit \u00eatre melang\u00e9 m\u00e9caniquement avec un m\u00e9langeur \u00e9lectrique de baisse rotation, avec 6,8 litres d&rsquo;eau pour chaque sac de 15 kg jusqu&rsquo;\u00e0 l&rsquo;obtention d&rsquo;une p\u00e2te tendre, consistante et sans grumeaux.<\/p>\n<p><span style=\"color: #085b8f;\"><strong>CONSOMMATION TH\u00c9ORIQUE:<\/strong><\/span><br \/>\n1,5 a 2,0 Kg\/m\u00b2<\/p>\n","protected":false},"excerpt":{"rendered":"<p><img loading=\"lazy\" decoding=\"async\" class=\"alignnone wp-image-729\" src=\"https:\/\/argatecnic.pt\/wp-content\/uploads\/2022\/08\/marcador-revestimentos.svg\" alt=\"\" width=\"21\" height=\"14\" \/>\u00a0 Finition lisse<br \/>\n<img loading=\"lazy\" decoding=\"async\" class=\"alignnone wp-image-729\" src=\"https:\/\/argatecnic.pt\/wp-content\/uploads\/2022\/08\/marcador-revestimentos.svg\" alt=\"\" width=\"21\" height=\"14\" \/>\u00a0 Rendement \u00e9lev\u00e9 et productivit\u00e9<br \/>\n<img loading=\"lazy\" decoding=\"async\" class=\"alignnone wp-image-729\" src=\"https:\/\/argatecnic.pt\/wp-content\/uploads\/2022\/08\/marcador-revestimentos.svg\" alt=\"\" width=\"21\" height=\"14\" \/>\u00a0 Application sur des enduits frais ou secs<\/p>\n<p>&nbsp;<\/p>\n<p><img loading=\"lazy\" decoding=\"async\" class=\"alignnone wp-image-42203\" src=\"https:\/\/argatecnic.pt\/wp-content\/uploads\/2024\/03\/lena-810-caracteristiques.svg\" alt=\"\" width=\"336\" height=\"100\" \/><\/p>\n<p>&nbsp;<\/p>\n<p><img loading=\"lazy\" decoding=\"async\" class=\"alignnone wp-image-42878\" src=\"https:\/\/argatecnic.pt\/wp-content\/uploads\/2024\/03\/blanc-cor-fr.svg\" alt=\"\" width=\"41\" height=\"51\" \/><\/p>\n","protected":false},"featured_media":4797,"comment_status":"open","ping_status":"closed","template":"","meta":{"_et_pb_use_builder":"","_et_pb_old_content":"","_et_gb_content_width":""},"product_brand":[],"product_cat":[216,215],"product_tag":[],"class_list":{"0":"post-39366","1":"product","2":"type-product","3":"status-publish","4":"has-post-thumbnail","6":"product_cat-mortier-couche-mince","7":"product_cat-revetements","9":"first","10":"instock","11":"shipping-taxable","12":"product-type-simple"},"acf":[],"yoast_head":"<!-- This site is optimized with the Yoast SEO plugin v27.5 - https:\/\/yoast.com\/product\/yoast-seo-wordpress\/ -->\n<title>LENA 810 Eco - ARGATECNIC<\/title>\n<meta name=\"robots\" content=\"index, follow, max-snippet:-1, max-image-preview:large, max-video-preview:-1\" \/>\n<link rel=\"canonical\" href=\"https:\/\/argatecnic.pt\/fr\/produit\/revetements\/mortier-couche-mince\/lena-810-eco\/\" \/>\n<meta property=\"og:locale\" content=\"fr_FR\" \/>\n<meta property=\"og:type\" content=\"article\" \/>\n<meta property=\"og:title\" content=\"LENA 810 Eco - ARGATECNIC\" \/>\n<meta property=\"og:description\" content=\"\u00a0 Finition lisse \u00a0 Rendement \u00e9lev\u00e9 et productivit\u00e9 \u00a0 Application sur des enduits frais ou secs  &nbsp;    &nbsp;\" \/>\n<meta property=\"og:url\" content=\"https:\/\/argatecnic.pt\/fr\/produit\/revetements\/mortier-couche-mince\/lena-810-eco\/\" \/>\n<meta property=\"og:site_name\" content=\"ARGATECNIC\" \/>\n<meta property=\"article:modified_time\" content=\"2025-02-25T15:59:46+00:00\" \/>\n<meta property=\"og:image\" content=\"https:\/\/i0.wp.com\/argatecnic.pt\/wp-content\/uploads\/2022\/11\/lena-810-eco-saco.png?fit=1122%2C1269&ssl=1\" \/>\n\t<meta property=\"og:image:width\" content=\"1122\" \/>\n\t<meta property=\"og:image:height\" content=\"1269\" \/>\n\t<meta property=\"og:image:type\" content=\"image\/png\" \/>\n<meta name=\"twitter:card\" content=\"summary_large_image\" \/>\n<meta name=\"twitter:label1\" content=\"Dur\u00e9e de lecture estim\u00e9e\" \/>\n\t<meta name=\"twitter:data1\" content=\"2 minutes\" \/>\n<script type=\"application\/ld+json\" class=\"yoast-schema-graph\">{\"@context\":\"https:\\\/\\\/schema.org\",\"@graph\":[{\"@type\":\"WebPage\",\"@id\":\"https:\\\/\\\/argatecnic.pt\\\/fr\\\/produit\\\/revetements\\\/mortier-couche-mince\\\/lena-810-eco\\\/\",\"url\":\"https:\\\/\\\/argatecnic.pt\\\/fr\\\/produit\\\/revetements\\\/mortier-couche-mince\\\/lena-810-eco\\\/\",\"name\":\"LENA 810 Eco - ARGATECNIC\",\"isPartOf\":{\"@id\":\"https:\\\/\\\/argatecnic.pt\\\/fr\\\/#website\"},\"primaryImageOfPage\":{\"@id\":\"https:\\\/\\\/argatecnic.pt\\\/fr\\\/produit\\\/revetements\\\/mortier-couche-mince\\\/lena-810-eco\\\/#primaryimage\"},\"image\":{\"@id\":\"https:\\\/\\\/argatecnic.pt\\\/fr\\\/produit\\\/revetements\\\/mortier-couche-mince\\\/lena-810-eco\\\/#primaryimage\"},\"thumbnailUrl\":\"https:\\\/\\\/i0.wp.com\\\/argatecnic.pt\\\/wp-content\\\/uploads\\\/2022\\\/11\\\/lena-810-eco-saco.png?fit=1122%2C1269&ssl=1\",\"datePublished\":\"2024-03-07T12:51:52+00:00\",\"dateModified\":\"2025-02-25T15:59:46+00:00\",\"breadcrumb\":{\"@id\":\"https:\\\/\\\/argatecnic.pt\\\/fr\\\/produit\\\/revetements\\\/mortier-couche-mince\\\/lena-810-eco\\\/#breadcrumb\"},\"inLanguage\":\"fr-FR\",\"potentialAction\":[{\"@type\":\"ReadAction\",\"target\":[\"https:\\\/\\\/argatecnic.pt\\\/fr\\\/produit\\\/revetements\\\/mortier-couche-mince\\\/lena-810-eco\\\/\"]}]},{\"@type\":\"ImageObject\",\"inLanguage\":\"fr-FR\",\"@id\":\"https:\\\/\\\/argatecnic.pt\\\/fr\\\/produit\\\/revetements\\\/mortier-couche-mince\\\/lena-810-eco\\\/#primaryimage\",\"url\":\"https:\\\/\\\/i0.wp.com\\\/argatecnic.pt\\\/wp-content\\\/uploads\\\/2022\\\/11\\\/lena-810-eco-saco.png?fit=1122%2C1269&ssl=1\",\"contentUrl\":\"https:\\\/\\\/i0.wp.com\\\/argatecnic.pt\\\/wp-content\\\/uploads\\\/2022\\\/11\\\/lena-810-eco-saco.png?fit=1122%2C1269&ssl=1\",\"width\":1122,\"height\":1269},{\"@type\":\"BreadcrumbList\",\"@id\":\"https:\\\/\\\/argatecnic.pt\\\/fr\\\/produit\\\/revetements\\\/mortier-couche-mince\\\/lena-810-eco\\\/#breadcrumb\",\"itemListElement\":[{\"@type\":\"ListItem\",\"position\":1,\"name\":\"Loja\",\"item\":\"https:\\\/\\\/argatecnic.pt\\\/loja\\\/\"},{\"@type\":\"ListItem\",\"position\":2,\"name\":\"LENA 810 Eco\"}]},{\"@type\":\"WebSite\",\"@id\":\"https:\\\/\\\/argatecnic.pt\\\/fr\\\/#website\",\"url\":\"https:\\\/\\\/argatecnic.pt\\\/fr\\\/\",\"name\":\"ARGATECNIC\",\"description\":\"argamassas t\u00e9cnicas para a constru\u00e7\u00e3o\",\"potentialAction\":[{\"@type\":\"SearchAction\",\"target\":{\"@type\":\"EntryPoint\",\"urlTemplate\":\"https:\\\/\\\/argatecnic.pt\\\/fr\\\/?s={search_term_string}\"},\"query-input\":{\"@type\":\"PropertyValueSpecification\",\"valueRequired\":true,\"valueName\":\"search_term_string\"}}],\"inLanguage\":\"fr-FR\"}]}<\/script>\n<!-- \/ Yoast SEO plugin. -->","yoast_head_json":{"title":"LENA 810 Eco - ARGATECNIC","robots":{"index":"index","follow":"follow","max-snippet":"max-snippet:-1","max-image-preview":"max-image-preview:large","max-video-preview":"max-video-preview:-1"},"canonical":"https:\/\/argatecnic.pt\/fr\/produit\/revetements\/mortier-couche-mince\/lena-810-eco\/","og_locale":"fr_FR","og_type":"article","og_title":"LENA 810 Eco - ARGATECNIC","og_description":"\u00a0 Finition lisse \u00a0 Rendement \u00e9lev\u00e9 et productivit\u00e9 \u00a0 Application sur des enduits frais ou secs  &nbsp;    &nbsp;","og_url":"https:\/\/argatecnic.pt\/fr\/produit\/revetements\/mortier-couche-mince\/lena-810-eco\/","og_site_name":"ARGATECNIC","article_modified_time":"2025-02-25T15:59:46+00:00","og_image":[{"width":1122,"height":1269,"url":"https:\/\/i0.wp.com\/argatecnic.pt\/wp-content\/uploads\/2022\/11\/lena-810-eco-saco.png?fit=1122%2C1269&ssl=1","type":"image\/png"}],"twitter_card":"summary_large_image","twitter_misc":{"Dur\u00e9e de lecture estim\u00e9e":"2 minutes"},"schema":{"@context":"https:\/\/schema.org","@graph":[{"@type":"WebPage","@id":"https:\/\/argatecnic.pt\/fr\/produit\/revetements\/mortier-couche-mince\/lena-810-eco\/","url":"https:\/\/argatecnic.pt\/fr\/produit\/revetements\/mortier-couche-mince\/lena-810-eco\/","name":"LENA 810 Eco - ARGATECNIC","isPartOf":{"@id":"https:\/\/argatecnic.pt\/fr\/#website"},"primaryImageOfPage":{"@id":"https:\/\/argatecnic.pt\/fr\/produit\/revetements\/mortier-couche-mince\/lena-810-eco\/#primaryimage"},"image":{"@id":"https:\/\/argatecnic.pt\/fr\/produit\/revetements\/mortier-couche-mince\/lena-810-eco\/#primaryimage"},"thumbnailUrl":"https:\/\/i0.wp.com\/argatecnic.pt\/wp-content\/uploads\/2022\/11\/lena-810-eco-saco.png?fit=1122%2C1269&ssl=1","datePublished":"2024-03-07T12:51:52+00:00","dateModified":"2025-02-25T15:59:46+00:00","breadcrumb":{"@id":"https:\/\/argatecnic.pt\/fr\/produit\/revetements\/mortier-couche-mince\/lena-810-eco\/#breadcrumb"},"inLanguage":"fr-FR","potentialAction":[{"@type":"ReadAction","target":["https:\/\/argatecnic.pt\/fr\/produit\/revetements\/mortier-couche-mince\/lena-810-eco\/"]}]},{"@type":"ImageObject","inLanguage":"fr-FR","@id":"https:\/\/argatecnic.pt\/fr\/produit\/revetements\/mortier-couche-mince\/lena-810-eco\/#primaryimage","url":"https:\/\/i0.wp.com\/argatecnic.pt\/wp-content\/uploads\/2022\/11\/lena-810-eco-saco.png?fit=1122%2C1269&ssl=1","contentUrl":"https:\/\/i0.wp.com\/argatecnic.pt\/wp-content\/uploads\/2022\/11\/lena-810-eco-saco.png?fit=1122%2C1269&ssl=1","width":1122,"height":1269},{"@type":"BreadcrumbList","@id":"https:\/\/argatecnic.pt\/fr\/produit\/revetements\/mortier-couche-mince\/lena-810-eco\/#breadcrumb","itemListElement":[{"@type":"ListItem","position":1,"name":"Loja","item":"https:\/\/argatecnic.pt\/loja\/"},{"@type":"ListItem","position":2,"name":"LENA 810 Eco"}]},{"@type":"WebSite","@id":"https:\/\/argatecnic.pt\/fr\/#website","url":"https:\/\/argatecnic.pt\/fr\/","name":"ARGATECNIC","description":"argamassas t\u00e9cnicas para a constru\u00e7\u00e3o","potentialAction":[{"@type":"SearchAction","target":{"@type":"EntryPoint","urlTemplate":"https:\/\/argatecnic.pt\/fr\/?s={search_term_string}"},"query-input":{"@type":"PropertyValueSpecification","valueRequired":true,"valueName":"search_term_string"}}],"inLanguage":"fr-FR"}]}},"jetpack_sharing_enabled":true,"_links":{"self":[{"href":"https:\/\/argatecnic.pt\/fr\/wp-json\/wp\/v2\/product\/39366","targetHints":{"allow":["GET"]}}],"collection":[{"href":"https:\/\/argatecnic.pt\/fr\/wp-json\/wp\/v2\/product"}],"about":[{"href":"https:\/\/argatecnic.pt\/fr\/wp-json\/wp\/v2\/types\/product"}],"replies":[{"embeddable":true,"href":"https:\/\/argatecnic.pt\/fr\/wp-json\/wp\/v2\/comments?post=39366"}],"wp:featuredmedia":[{"embeddable":true,"href":"https:\/\/argatecnic.pt\/fr\/wp-json\/wp\/v2\/media\/4797"}],"wp:attachment":[{"href":"https:\/\/argatecnic.pt\/fr\/wp-json\/wp\/v2\/media?parent=39366"}],"wp:term":[{"taxonomy":"product_brand","embeddable":true,"href":"https:\/\/argatecnic.pt\/fr\/wp-json\/wp\/v2\/product_brand?post=39366"},{"taxonomy":"product_cat","embeddable":true,"href":"https:\/\/argatecnic.pt\/fr\/wp-json\/wp\/v2\/product_cat?post=39366"},{"taxonomy":"product_tag","embeddable":true,"href":"https:\/\/argatecnic.pt\/fr\/wp-json\/wp\/v2\/product_tag?post=39366"}],"curies":[{"name":"wp","href":"https:\/\/api.w.org\/{rel}","templated":true}]}}