{"id":39132,"date":"2022-08-17T18:31:23","date_gmt":"2022-08-17T18:31:23","guid":{"rendered":"https:\/\/argatecnic.pt\/?post_type=product&#038;p=39132"},"modified":"2025-02-25T16:10:28","modified_gmt":"2025-02-25T15:10:28","slug":"lena-2-flex-top","status":"publish","type":"product","link":"https:\/\/argatecnic.pt\/fr\/produit\/colles-et-joints\/mortier-colle\/exterieur\/lena-2-flex-top\/","title":{"rendered":"LENA 2 Flex Top"},"content":{"rendered":"<p><span style=\"color: #e84653;\"><strong>PR\u00c9SENTATION:<\/strong><\/span><br \/>\nSacs de 25 kg<br \/>\nPalettes 60 sacs (1500 Kg)<\/p>\n<p><span style=\"color: #e84653;\"><strong>DOMAINE D&rsquo;UTILISATION:<\/strong><\/span><br \/>\nLENA 2 Flex Top est appropri\u00e9 au collage de carreaux c\u00e9ramiques (gr\u00e8s press\u00e9 et porcelain\u00e9), de moyen et grand format, sur des supports \u00e0 base de ciment (enduits, b\u00e9ton et chapes) et \u00e0 base d&rsquo;autres mat\u00e9riaux, tels que les rev\u00eatements c\u00e9ramiques (uniquement en int\u00e9rieur) et les plaques de pl\u00e2tre. Il est \u00e9galement recommand\u00e9 pour le collage de pierres naturelles en int\u00e9rieur.<\/p>\n<p><span style=\"color: #e84653;\"><strong>PR\u00c9PARATION DU MORTIER-COLLE:<\/strong><\/span><br \/>\nLENA 2 Flex Top doit \u00eatre malax\u00e9 m\u00e9caniquement, avec 6,5 \u00e0 7,0 litres d&rsquo;eau pour chaque sac de 25 kg, au moyen d&rsquo;un malaxeur \u00e9lectrique \u00e0 vitesse lente, jusqu&rsquo;\u00e0 ce quon obtienne une p\u00e2te tendre, consistante et sans grumeaux.<\/p>\n<p><span style=\"color: #e84653;\"><strong>CONSOMMATION TH\u00c9ORIQUE:<\/strong><\/span><br \/>\nSimple encollage: 4 Kg\/m\u00b2<br \/>\nDouble encollage: 6 Kg\/m\u00b2<\/p>\n","protected":false},"excerpt":{"rendered":"<p><img loading=\"lazy\" decoding=\"async\" class=\"alignnone wp-image-102\" src=\"https:\/\/argatecnic.pt\/wp-content\/uploads\/2022\/08\/icone-argatecnic.png\" alt=\"\" width=\"21\" height=\"15\" \/>\u00a0 Piscines<br \/>\n<img loading=\"lazy\" decoding=\"async\" class=\"alignnone wp-image-102\" src=\"https:\/\/argatecnic.pt\/wp-content\/uploads\/2022\/08\/icone-argatecnic.png\" alt=\"\" width=\"21\" height=\"15\" \/>\u00a0 Pierres naturelles \u00e0 l&rsquo;int\u00e9rieur<br \/>\n<img loading=\"lazy\" decoding=\"async\" class=\"alignnone wp-image-102\" src=\"https:\/\/argatecnic.pt\/wp-content\/uploads\/2022\/08\/icone-argatecnic.png\" alt=\"\" width=\"21\" height=\"15\" \/>\u00a0 Surfaces peintes<br \/>\n<img loading=\"lazy\" decoding=\"async\" class=\"alignnone wp-image-102\" src=\"https:\/\/argatecnic.pt\/wp-content\/uploads\/2022\/08\/icone-argatecnic.png\" alt=\"\" width=\"21\" height=\"15\" \/>\u00a0 Imperm\u00e9abilisation<\/p>\n<p>&nbsp;<\/p>\n<p><img loading=\"lazy\" decoding=\"async\" class=\"alignnone wp-image-42223\" src=\"https:\/\/argatecnic.pt\/wp-content\/uploads\/2024\/03\/lena-2-Flex-Top-caracteristiques.svg\" alt=\"\" width=\"375\" height=\"113\" \/><\/p>\n<p>&nbsp;<\/p>\n<p><img loading=\"lazy\" decoding=\"async\" class=\"alignnone wp-image-273\" src=\"https:\/\/argatecnic.pt\/wp-content\/uploads\/2022\/08\/lena-2-flex-classificacao.svg\" alt=\"\" width=\"60\" height=\"60\" \/><\/p>\n<p>&nbsp;<\/p>\n<p><img loading=\"lazy\" decoding=\"async\" class=\"alignnone wp-image-42877\" src=\"https:\/\/argatecnic.pt\/wp-content\/uploads\/2024\/03\/gris-cor-fr.svg\" alt=\"\" width=\"37\" height=\"51\" \/> <img loading=\"lazy\" decoding=\"async\" class=\"alignnone wp-image-42878\" src=\"https:\/\/argatecnic.pt\/wp-content\/uploads\/2024\/03\/blanc-cor-fr.svg\" alt=\"\" width=\"41\" height=\"51\" \/><\/p>\n","protected":false},"featured_media":1434,"comment_status":"open","ping_status":"closed","template":"","meta":{"_et_pb_use_builder":"","_et_pb_old_content":"","_et_gb_content_width":""},"product_brand":[],"product_cat":[187,186],"product_tag":[],"class_list":{"0":"post-39132","1":"product","2":"type-product","3":"status-publish","4":"has-post-thumbnail","6":"product_cat-exterieur","7":"product_cat-mortier-colle","9":"first","10":"instock","11":"shipping-taxable","12":"product-type-simple"},"acf":[],"yoast_head":"<!-- This site is optimized with the Yoast SEO plugin v27.4 - https:\/\/yoast.com\/product\/yoast-seo-wordpress\/ -->\n<title>LENA 2 Flex Top - ARGATECNIC<\/title>\n<meta name=\"robots\" content=\"index, follow, max-snippet:-1, max-image-preview:large, max-video-preview:-1\" \/>\n<link rel=\"canonical\" href=\"https:\/\/argatecnic.pt\/fr\/produit\/colles-et-joints\/mortier-colle\/exterieur\/lena-2-flex-top\/\" \/>\n<meta property=\"og:locale\" content=\"fr_FR\" \/>\n<meta property=\"og:type\" content=\"article\" \/>\n<meta property=\"og:title\" content=\"LENA 2 Flex Top - ARGATECNIC\" \/>\n<meta property=\"og:description\" content=\"\u00a0 Piscines \u00a0 Pierres naturelles \u00e0 l&#039;int\u00e9rieur \u00a0 Surfaces peintes \u00a0 Imperm\u00e9abilisation  &nbsp;    &nbsp;    &nbsp;\" \/>\n<meta property=\"og:url\" content=\"https:\/\/argatecnic.pt\/fr\/produit\/colles-et-joints\/mortier-colle\/exterieur\/lena-2-flex-top\/\" \/>\n<meta property=\"og:site_name\" content=\"ARGATECNIC\" \/>\n<meta property=\"article:modified_time\" content=\"2025-02-25T15:10:28+00:00\" \/>\n<meta property=\"og:image\" content=\"https:\/\/i0.wp.com\/argatecnic.pt\/wp-content\/uploads\/2022\/08\/lena-2-flextop-branco-saco.png?fit=1484%2C1679&ssl=1\" \/>\n\t<meta property=\"og:image:width\" content=\"1484\" \/>\n\t<meta property=\"og:image:height\" content=\"1679\" \/>\n\t<meta property=\"og:image:type\" content=\"image\/png\" \/>\n<meta name=\"twitter:card\" content=\"summary_large_image\" \/>\n<meta name=\"twitter:label1\" content=\"Dur\u00e9e de lecture estim\u00e9e\" \/>\n\t<meta name=\"twitter:data1\" content=\"1 minute\" \/>\n<script type=\"application\/ld+json\" class=\"yoast-schema-graph\">{\"@context\":\"https:\\\/\\\/schema.org\",\"@graph\":[{\"@type\":\"WebPage\",\"@id\":\"https:\\\/\\\/argatecnic.pt\\\/fr\\\/produit\\\/colles-et-joints\\\/mortier-colle\\\/exterieur\\\/lena-2-flex-top\\\/\",\"url\":\"https:\\\/\\\/argatecnic.pt\\\/fr\\\/produit\\\/colles-et-joints\\\/mortier-colle\\\/exterieur\\\/lena-2-flex-top\\\/\",\"name\":\"LENA 2 Flex Top - ARGATECNIC\",\"isPartOf\":{\"@id\":\"https:\\\/\\\/argatecnic.pt\\\/fr\\\/#website\"},\"primaryImageOfPage\":{\"@id\":\"https:\\\/\\\/argatecnic.pt\\\/fr\\\/produit\\\/colles-et-joints\\\/mortier-colle\\\/exterieur\\\/lena-2-flex-top\\\/#primaryimage\"},\"image\":{\"@id\":\"https:\\\/\\\/argatecnic.pt\\\/fr\\\/produit\\\/colles-et-joints\\\/mortier-colle\\\/exterieur\\\/lena-2-flex-top\\\/#primaryimage\"},\"thumbnailUrl\":\"https:\\\/\\\/i0.wp.com\\\/argatecnic.pt\\\/wp-content\\\/uploads\\\/2022\\\/08\\\/lena-2-flextop-branco-saco.png?fit=1484%2C1679&ssl=1\",\"datePublished\":\"2022-08-17T18:31:23+00:00\",\"dateModified\":\"2025-02-25T15:10:28+00:00\",\"breadcrumb\":{\"@id\":\"https:\\\/\\\/argatecnic.pt\\\/fr\\\/produit\\\/colles-et-joints\\\/mortier-colle\\\/exterieur\\\/lena-2-flex-top\\\/#breadcrumb\"},\"inLanguage\":\"fr-FR\",\"potentialAction\":[{\"@type\":\"ReadAction\",\"target\":[\"https:\\\/\\\/argatecnic.pt\\\/fr\\\/produit\\\/colles-et-joints\\\/mortier-colle\\\/exterieur\\\/lena-2-flex-top\\\/\"]}]},{\"@type\":\"ImageObject\",\"inLanguage\":\"fr-FR\",\"@id\":\"https:\\\/\\\/argatecnic.pt\\\/fr\\\/produit\\\/colles-et-joints\\\/mortier-colle\\\/exterieur\\\/lena-2-flex-top\\\/#primaryimage\",\"url\":\"https:\\\/\\\/i0.wp.com\\\/argatecnic.pt\\\/wp-content\\\/uploads\\\/2022\\\/08\\\/lena-2-flextop-branco-saco.png?fit=1484%2C1679&ssl=1\",\"contentUrl\":\"https:\\\/\\\/i0.wp.com\\\/argatecnic.pt\\\/wp-content\\\/uploads\\\/2022\\\/08\\\/lena-2-flextop-branco-saco.png?fit=1484%2C1679&ssl=1\",\"width\":1484,\"height\":1679},{\"@type\":\"BreadcrumbList\",\"@id\":\"https:\\\/\\\/argatecnic.pt\\\/fr\\\/produit\\\/colles-et-joints\\\/mortier-colle\\\/exterieur\\\/lena-2-flex-top\\\/#breadcrumb\",\"itemListElement\":[{\"@type\":\"ListItem\",\"position\":1,\"name\":\"Loja\",\"item\":\"https:\\\/\\\/argatecnic.pt\\\/loja\\\/\"},{\"@type\":\"ListItem\",\"position\":2,\"name\":\"LENA 2 Flex Top\"}]},{\"@type\":\"WebSite\",\"@id\":\"https:\\\/\\\/argatecnic.pt\\\/fr\\\/#website\",\"url\":\"https:\\\/\\\/argatecnic.pt\\\/fr\\\/\",\"name\":\"ARGATECNIC\",\"description\":\"argamassas t\u00e9cnicas para a constru\u00e7\u00e3o\",\"potentialAction\":[{\"@type\":\"SearchAction\",\"target\":{\"@type\":\"EntryPoint\",\"urlTemplate\":\"https:\\\/\\\/argatecnic.pt\\\/fr\\\/?s={search_term_string}\"},\"query-input\":{\"@type\":\"PropertyValueSpecification\",\"valueRequired\":true,\"valueName\":\"search_term_string\"}}],\"inLanguage\":\"fr-FR\"}]}<\/script>\n<!-- \/ Yoast SEO plugin. -->","yoast_head_json":{"title":"LENA 2 Flex Top - ARGATECNIC","robots":{"index":"index","follow":"follow","max-snippet":"max-snippet:-1","max-image-preview":"max-image-preview:large","max-video-preview":"max-video-preview:-1"},"canonical":"https:\/\/argatecnic.pt\/fr\/produit\/colles-et-joints\/mortier-colle\/exterieur\/lena-2-flex-top\/","og_locale":"fr_FR","og_type":"article","og_title":"LENA 2 Flex Top - ARGATECNIC","og_description":"\u00a0 Piscines \u00a0 Pierres naturelles \u00e0 l'int\u00e9rieur \u00a0 Surfaces peintes \u00a0 Imperm\u00e9abilisation  &nbsp;    &nbsp;    &nbsp;","og_url":"https:\/\/argatecnic.pt\/fr\/produit\/colles-et-joints\/mortier-colle\/exterieur\/lena-2-flex-top\/","og_site_name":"ARGATECNIC","article_modified_time":"2025-02-25T15:10:28+00:00","og_image":[{"width":1484,"height":1679,"url":"https:\/\/i0.wp.com\/argatecnic.pt\/wp-content\/uploads\/2022\/08\/lena-2-flextop-branco-saco.png?fit=1484%2C1679&ssl=1","type":"image\/png"}],"twitter_card":"summary_large_image","twitter_misc":{"Dur\u00e9e de lecture estim\u00e9e":"1 minute"},"schema":{"@context":"https:\/\/schema.org","@graph":[{"@type":"WebPage","@id":"https:\/\/argatecnic.pt\/fr\/produit\/colles-et-joints\/mortier-colle\/exterieur\/lena-2-flex-top\/","url":"https:\/\/argatecnic.pt\/fr\/produit\/colles-et-joints\/mortier-colle\/exterieur\/lena-2-flex-top\/","name":"LENA 2 Flex Top - ARGATECNIC","isPartOf":{"@id":"https:\/\/argatecnic.pt\/fr\/#website"},"primaryImageOfPage":{"@id":"https:\/\/argatecnic.pt\/fr\/produit\/colles-et-joints\/mortier-colle\/exterieur\/lena-2-flex-top\/#primaryimage"},"image":{"@id":"https:\/\/argatecnic.pt\/fr\/produit\/colles-et-joints\/mortier-colle\/exterieur\/lena-2-flex-top\/#primaryimage"},"thumbnailUrl":"https:\/\/i0.wp.com\/argatecnic.pt\/wp-content\/uploads\/2022\/08\/lena-2-flextop-branco-saco.png?fit=1484%2C1679&ssl=1","datePublished":"2022-08-17T18:31:23+00:00","dateModified":"2025-02-25T15:10:28+00:00","breadcrumb":{"@id":"https:\/\/argatecnic.pt\/fr\/produit\/colles-et-joints\/mortier-colle\/exterieur\/lena-2-flex-top\/#breadcrumb"},"inLanguage":"fr-FR","potentialAction":[{"@type":"ReadAction","target":["https:\/\/argatecnic.pt\/fr\/produit\/colles-et-joints\/mortier-colle\/exterieur\/lena-2-flex-top\/"]}]},{"@type":"ImageObject","inLanguage":"fr-FR","@id":"https:\/\/argatecnic.pt\/fr\/produit\/colles-et-joints\/mortier-colle\/exterieur\/lena-2-flex-top\/#primaryimage","url":"https:\/\/i0.wp.com\/argatecnic.pt\/wp-content\/uploads\/2022\/08\/lena-2-flextop-branco-saco.png?fit=1484%2C1679&ssl=1","contentUrl":"https:\/\/i0.wp.com\/argatecnic.pt\/wp-content\/uploads\/2022\/08\/lena-2-flextop-branco-saco.png?fit=1484%2C1679&ssl=1","width":1484,"height":1679},{"@type":"BreadcrumbList","@id":"https:\/\/argatecnic.pt\/fr\/produit\/colles-et-joints\/mortier-colle\/exterieur\/lena-2-flex-top\/#breadcrumb","itemListElement":[{"@type":"ListItem","position":1,"name":"Loja","item":"https:\/\/argatecnic.pt\/loja\/"},{"@type":"ListItem","position":2,"name":"LENA 2 Flex Top"}]},{"@type":"WebSite","@id":"https:\/\/argatecnic.pt\/fr\/#website","url":"https:\/\/argatecnic.pt\/fr\/","name":"ARGATECNIC","description":"argamassas t\u00e9cnicas para a constru\u00e7\u00e3o","potentialAction":[{"@type":"SearchAction","target":{"@type":"EntryPoint","urlTemplate":"https:\/\/argatecnic.pt\/fr\/?s={search_term_string}"},"query-input":{"@type":"PropertyValueSpecification","valueRequired":true,"valueName":"search_term_string"}}],"inLanguage":"fr-FR"}]}},"jetpack_sharing_enabled":true,"_links":{"self":[{"href":"https:\/\/argatecnic.pt\/fr\/wp-json\/wp\/v2\/product\/39132","targetHints":{"allow":["GET"]}}],"collection":[{"href":"https:\/\/argatecnic.pt\/fr\/wp-json\/wp\/v2\/product"}],"about":[{"href":"https:\/\/argatecnic.pt\/fr\/wp-json\/wp\/v2\/types\/product"}],"replies":[{"embeddable":true,"href":"https:\/\/argatecnic.pt\/fr\/wp-json\/wp\/v2\/comments?post=39132"}],"wp:featuredmedia":[{"embeddable":true,"href":"https:\/\/argatecnic.pt\/fr\/wp-json\/wp\/v2\/media\/1434"}],"wp:attachment":[{"href":"https:\/\/argatecnic.pt\/fr\/wp-json\/wp\/v2\/media?parent=39132"}],"wp:term":[{"taxonomy":"product_brand","embeddable":true,"href":"https:\/\/argatecnic.pt\/fr\/wp-json\/wp\/v2\/product_brand?post=39132"},{"taxonomy":"product_cat","embeddable":true,"href":"https:\/\/argatecnic.pt\/fr\/wp-json\/wp\/v2\/product_cat?post=39132"},{"taxonomy":"product_tag","embeddable":true,"href":"https:\/\/argatecnic.pt\/fr\/wp-json\/wp\/v2\/product_tag?post=39132"}],"curies":[{"name":"wp","href":"https:\/\/api.w.org\/{rel}","templated":true}]}}