{"id":8079,"date":"2023-11-07T18:54:05","date_gmt":"2023-11-07T17:54:05","guid":{"rendered":"https:\/\/argatecnic.pt\/politique-de-confidentialite\/"},"modified":"2023-11-07T18:54:05","modified_gmt":"2023-11-07T17:54:05","slug":"politique-de-confidentialite","status":"publish","type":"page","link":"https:\/\/argatecnic.pt\/fr\/politique-de-confidentialite\/","title":{"rendered":"Politique de confidentialit\u00e9"},"content":{"rendered":"<h2><strong>POLITIQUE DE CONFIDENTIALIT\u00c9<\/strong><br \/>\nIDENTIFICATION DU RESPONSABLE DU TRAITEMENT:<\/h2>\n<blockquote><p><strong>Nome:<\/strong> LENARGATECNIC, LDA. avec la marque d\u00e9pos\u00e9e ARGATECNIC<br \/>\nSi\u00e8ge de l&rsquo;entreprise: Rua dos Castanheiros, 11 Boa Vista<br \/>\nNIPC: 501456783<br \/>\nT\u00e9l\u00e9phone: +351 244 723 720<br \/>\nE-mail: geral@argatecnic.pt<\/p><\/blockquote>\n<p>(Articles 8, 13, 14 et 21 du R\u00e8glement G\u00e9n\u00e9ral sur la Protection des Donn\u00e9es &#8211; RGPD)<\/p>\n<p>&nbsp;<\/p>\n<h4><span style=\"color: #000000\"><strong>Ce website fait partie de LENARGATECNIC, LDA.<br \/>\n<\/strong><\/span><strong style=\"color: #000000\">Cet avis de confidentialit\u00e9 explique comment nous utilisons les informations personnelles que nous recueillons \u00e0 votre sujet lorsque vous utilisez ce website.<\/strong><\/h4>\n<p>&nbsp;<\/p>\n<p><strong><span style=\"color: #333333;font-size: 22px\">Th\u00e8mes<\/span><\/strong><\/p>\n<p><a href=\"https:\/\/i0.wp.com\/argatecnic.pt\/wp-content\/uploads\/2022\/09\/icone-argatecnic..png?ssl=1\"><img data-recalc-dims=\"1\" loading=\"lazy\" decoding=\"async\" class=\"alignnone wp-image-2339\" src=\"https:\/\/i0.wp.com\/argatecnic.pt\/wp-content\/uploads\/2022\/09\/icone-argatecnic..png?resize=20%2C14&#038;ssl=1\" alt=\"\" width=\"20\" height=\"14\"><\/a> Quelles sont les informations que nous recueillons \u00e0 votre sujet ?<\/p>\n<p><a href=\"https:\/\/i0.wp.com\/argatecnic.pt\/wp-content\/uploads\/2022\/09\/icone-argatecnic..png?ssl=1\"><img data-recalc-dims=\"1\" loading=\"lazy\" decoding=\"async\" class=\"alignnone wp-image-2339\" src=\"https:\/\/i0.wp.com\/argatecnic.pt\/wp-content\/uploads\/2022\/09\/icone-argatecnic..png?resize=20%2C14&#038;ssl=1\" alt=\"\" width=\"20\" height=\"14\"><\/a> Comment utilisons-nous les informations vous concernant ?<\/p>\n<p><a href=\"https:\/\/i0.wp.com\/argatecnic.pt\/wp-content\/uploads\/2022\/09\/icone-argatecnic..png?ssl=1\"><img data-recalc-dims=\"1\" loading=\"lazy\" decoding=\"async\" class=\"alignnone wp-image-2339\" src=\"https:\/\/i0.wp.com\/argatecnic.pt\/wp-content\/uploads\/2022\/09\/icone-argatecnic..png?resize=20%2C14&#038;ssl=1\" alt=\"\" width=\"20\" height=\"14\"><\/a> Marketing<\/p>\n<p><a href=\"https:\/\/i0.wp.com\/argatecnic.pt\/wp-content\/uploads\/2022\/09\/icone-argatecnic..png?ssl=1\"><img data-recalc-dims=\"1\" loading=\"lazy\" decoding=\"async\" class=\"alignnone wp-image-2339\" src=\"https:\/\/i0.wp.com\/argatecnic.pt\/wp-content\/uploads\/2022\/09\/icone-argatecnic..png?resize=20%2C14&#038;ssl=1\" alt=\"\" width=\"20\" height=\"14\"><\/a> Acc\u00e8s et correction de vos informations<\/p>\n<p><a href=\"https:\/\/i0.wp.com\/argatecnic.pt\/wp-content\/uploads\/2022\/09\/icone-argatecnic..png?ssl=1\"><img data-recalc-dims=\"1\" loading=\"lazy\" decoding=\"async\" class=\"alignnone wp-image-2339\" src=\"https:\/\/i0.wp.com\/argatecnic.pt\/wp-content\/uploads\/2022\/09\/icone-argatecnic..png?resize=20%2C14&#038;ssl=1\" alt=\"\" width=\"20\" height=\"14\"><\/a> Autres websites<\/p>\n<p><a href=\"https:\/\/i0.wp.com\/argatecnic.pt\/wp-content\/uploads\/2022\/09\/icone-argatecnic..png?ssl=1\"><img data-recalc-dims=\"1\" loading=\"lazy\" decoding=\"async\" class=\"alignnone wp-image-2339\" src=\"https:\/\/i0.wp.com\/argatecnic.pt\/wp-content\/uploads\/2022\/09\/icone-argatecnic..png?resize=20%2C14&#038;ssl=1\" alt=\"\" width=\"20\" height=\"14\"><\/a> Modifications du pr\u00e9sent avis de confidentialit\u00e9<\/p>\n<p><a href=\"https:\/\/i0.wp.com\/argatecnic.pt\/wp-content\/uploads\/2022\/09\/icone-argatecnic..png?ssl=1\"><img data-recalc-dims=\"1\" loading=\"lazy\" decoding=\"async\" class=\"alignnone wp-image-2339\" src=\"https:\/\/i0.wp.com\/argatecnic.pt\/wp-content\/uploads\/2022\/09\/icone-argatecnic..png?resize=20%2C14&#038;ssl=1\" alt=\"\" width=\"20\" height=\"14\"><\/a> NOUS CONTACTER<\/p>\n<p>&nbsp;<\/p>\n<h3><strong>Quelles sont les informations que nous recueillons \u00e0 votre sujet ?<\/strong><\/h3>\n<p>Nous recueillons des informations sur vous lorsque vous vous inscrivez sur notre website ou lorsque vous faites une demande de contact.<\/p>\n<p>Toutes les donn\u00e9es recueillies par LENARGATECNIC, LDA sont des informations fournies volontairement par le client et ne seront pas transmises \u00e0 des tiers. Les informations sont collect\u00e9es lorsque le client :<\/p>\n<ul>\n<li>S&rsquo;inscrit \u00e0 la newsletter &#8211; Son but est uniquement l&rsquo;envoi de notre newsletter. Si l&rsquo;utilisateur souhaite cesser de recevoir notre newsletter, il suffit de contacter l&rsquo;adresse e-mail newsletter@argatecnic.pt ou, en alternance, de suivre le lien de d\u00e9sabonnement qui lui a \u00e9t\u00e9 envoy\u00e9 lors de l&rsquo;inscription \u00e0 la newsletter. De cette mani\u00e8re, les donn\u00e9es collect\u00e9es seront supprim\u00e9es et oubli\u00e9es.<\/li>\n<li>Envoie un e-mail de contact &#8211; Il est destin\u00e9 uniquement \u00e0 donner suite au contact effectu\u00e9 par l&rsquo;utilisateur du website.<br \/>\nEnvoie un curriculum vitae en r\u00e9ponse \u00e0 une offre d&#8217;emploi ou envoie une candidature spontan\u00e9e.<br \/>\nLe website d&rsquo;ARGATECNIC est connect\u00e9 \u00e0 Google Analytics uniquement \u00e0 des fins statistiques de visites sur le site Web et de performance, les informations collect\u00e9es ne seront pas utilis\u00e9es \u00e0 des fins de remarketing.<\/li>\n<\/ul>\n<p>&nbsp;<\/p>\n<h3><strong>Comment utilisons-nous les informations vous concernant?<\/strong><\/h3>\n<p>Les donn\u00e9es collect\u00e9es servent \u00e0 traiter votre demande, \u00e0 g\u00e9rer votre compte et, si vous le souhaitez, \u00e0 vous envoyer des informations par e-mail sur d&rsquo;autres produits et services que nous pensons susceptibles de vous int\u00e9resser.<\/p>\n<p>Nous utilisons les informations collect\u00e9es sur le website pour personnaliser vos prochaines visites sur notre site.<\/p>\n<p>Les curriculum vitae soumis volontairement pour des candidatures spontan\u00e9es seront examin\u00e9s et conserv\u00e9s pendant seulement 1 an dans l&rsquo;espoir d&rsquo;avoir un poste \u00e0 pourvoir<\/p>\n<p>&nbsp;<\/p>\n<h3><strong>Marketing<\/strong><\/h3>\n<p>Nous aimerions pouvoir vous envoyer des informations sur les produits ARGATECNIC qui pourraient \u00eatre ou devenir d&rsquo;int\u00e9r\u00eat pour vous Si vous avez donn\u00e9 votre consentement pr\u00e9c\u00e9demment, vous pouvez toujours choisir de vous d\u00e9sabonner. Vous avez le droit \u00e0 tout moment de ne pas \u00eatre contact\u00e9 pour des campagnes de marketing. Pour cela, il vous suffit d&rsquo;envoyer un e-mail \u00e0 newsletter@argatecnic.pt, en indiquant express\u00e9ment que vous souhaitez cesser de recevoir des informations marketing.<\/p>\n<p>&nbsp;<\/p>\n<h3><strong>Acc\u00e8s et correction de vos informations<\/strong><\/h3>\n<p>Vous avez le droit de demander une copie des informations que nous avons vous concernant. Si vous souhaitez demander une copie partielle ou compl\u00e8te des informations vous concernant d\u00e9tenues par LENARGATECNIC, LDA. veuillez nous envoyer un e-mail \u00e0 l&rsquo;adresse geral@argatecnic.pt ou \u00e9crivez-nous \u00e0 Rua dos Castanheiros, 11 | Apto 182, Boa Vista 2420-415 Leiria.<\/p>\n<p>Nous voulons nous assurer de l&rsquo;exactitude et de la fiabilit\u00e9 des informations que nous d\u00e9tenons vous concernant. Vous pouvez nous demander de corriger ou de supprimer les informations qui ne sont pas \u00e0 jour.<\/p>\n<p>L&rsquo;entit\u00e9 comp\u00e9tente pour la protection de vos donn\u00e9es personnelles est la CNPD &#8211; Commission nationale de la protection des donn\u00e9es.<\/p>\n<p>Vous avez le droit de vous opposer \u00e0 tout moment, pour des raisons tenant \u00e0 votre situation particuli\u00e8re, au traitement des donn\u00e9es personnelles vous concernant sur la base de l&rsquo;article 6, n\u00ba1, point e) ou f), ou de l&rsquo;article 6, paragraphe 4, du RGPD. Le responsable du traitement cesse de traiter les donn\u00e9es personnelles, sauf s&rsquo;il peut d\u00e9montrer qu&rsquo;il existe des motifs l\u00e9gitimes et imp\u00e9rieux pour le traitement qui pr\u00e9valent sur les int\u00e9r\u00eats, droits et libert\u00e9s de la personne concern\u00e9e, ou pour l&rsquo;\u00e9tablissement, l&rsquo;exercice ou la d\u00e9fense d&rsquo;un droit en justice.<\/p>\n<p>&nbsp;<\/p>\n<h3><strong>Autres websites<\/strong><\/h3>\n<p>Ce website contient des liens vers d&rsquo;autres website. Cette politique de confidentialit\u00e9 s&rsquo;applique uniquement \u00e0 ce website. Vous devez lire les politiques de confidentialit\u00e9 des autres sites Web.<\/p>\n<p>&nbsp;<\/p>\n<h3><strong>Modifications \u00e0 cette politique de confidentialit\u00e9<\/strong><\/h3>\n<p>Nos politiques de confidentialit\u00e9 sont r\u00e9guli\u00e8rement r\u00e9vis\u00e9es et toutes les modifications seront publi\u00e9es sur ce website. La derni\u00e8re mise \u00e0 jour date du 29 septembre 2022.<\/p>\n<p>&nbsp;<\/p>\n<h3><strong>Contacts<\/strong><\/h3>\n<p>Si vous avez des questions concernant notre politique de confidentialit\u00e9 ou les informations que nous avons vous concernant, veuillez utiliser l&rsquo;adresse geral@argatecnic.pt pour des \u00e9claircissements.<\/p>\n","protected":false},"excerpt":{"rendered":"<p>POLITIQUE DE CONFIDENTIALIT\u00c9 IDENTIFICATION DU RESPONSABLE DU TRAITEMENT: Nome: LENARGATECNIC, LDA. avec la marque d\u00e9pos\u00e9e ARGATECNIC Si\u00e8ge de l&rsquo;entreprise: Rua dos Castanheiros, 11 Boa Vista NIPC: 501456783 T\u00e9l\u00e9phone: +351 244 723 720 E-mail: geral@argatecnic.pt (Articles 8, 13, 14 et 21 du R\u00e8glement G\u00e9n\u00e9ral sur la Protection des Donn\u00e9es &#8211; RGPD) &nbsp; Ce website fait partie [&hellip;]<\/p>\n","protected":false},"author":1,"featured_media":0,"parent":0,"menu_order":0,"comment_status":"closed","ping_status":"open","template":"","meta":{"_et_pb_use_builder":"","_et_pb_old_content":"","_et_gb_content_width":"","footnotes":""},"class_list":["post-8079","page","type-page","status-publish","hentry"],"acf":[],"yoast_head":"<!-- This site is optimized with the Yoast SEO plugin v27.4 - https:\/\/yoast.com\/product\/yoast-seo-wordpress\/ -->\n<title>Politique de confidentialit\u00e9 - ARGATECNIC<\/title>\n<meta name=\"robots\" content=\"index, follow, max-snippet:-1, max-image-preview:large, max-video-preview:-1\" \/>\n<link rel=\"canonical\" href=\"https:\/\/argatecnic.pt\/fr\/politique-de-confidentialite\/\" \/>\n<meta property=\"og:locale\" content=\"fr_FR\" \/>\n<meta property=\"og:type\" content=\"article\" \/>\n<meta property=\"og:title\" content=\"Politique de confidentialit\u00e9 - ARGATECNIC\" \/>\n<meta property=\"og:description\" content=\"POLITIQUE DE CONFIDENTIALIT\u00c9 IDENTIFICATION DU RESPONSABLE DU TRAITEMENT: Nome: LENARGATECNIC, LDA. avec la marque d\u00e9pos\u00e9e ARGATECNIC Si\u00e8ge de l&rsquo;entreprise: Rua dos Castanheiros, 11 Boa Vista NIPC: 501456783 T\u00e9l\u00e9phone: +351 244 723 720 E-mail: geral@argatecnic.pt (Articles 8, 13, 14 et 21 du R\u00e8glement G\u00e9n\u00e9ral sur la Protection des Donn\u00e9es &#8211; RGPD) &nbsp; Ce website fait partie [&hellip;]\" \/>\n<meta property=\"og:url\" content=\"https:\/\/argatecnic.pt\/fr\/politique-de-confidentialite\/\" \/>\n<meta property=\"og:site_name\" content=\"ARGATECNIC\" \/>\n<meta property=\"og:image\" content=\"https:\/\/argatecnic.pt\/wp-content\/uploads\/2022\/09\/icone-argatecnic..png\" \/>\n<meta name=\"twitter:card\" content=\"summary_large_image\" \/>\n<meta name=\"twitter:label1\" content=\"Dur\u00e9e de lecture estim\u00e9e\" \/>\n\t<meta name=\"twitter:data1\" content=\"4 minutes\" \/>\n<script type=\"application\/ld+json\" class=\"yoast-schema-graph\">{\"@context\":\"https:\\\/\\\/schema.org\",\"@graph\":[{\"@type\":\"WebPage\",\"@id\":\"https:\\\/\\\/argatecnic.pt\\\/fr\\\/politique-de-confidentialite\\\/\",\"url\":\"https:\\\/\\\/argatecnic.pt\\\/fr\\\/politique-de-confidentialite\\\/\",\"name\":\"Politique de confidentialit\u00e9 - ARGATECNIC\",\"isPartOf\":{\"@id\":\"https:\\\/\\\/argatecnic.pt\\\/fr\\\/#website\"},\"primaryImageOfPage\":{\"@id\":\"https:\\\/\\\/argatecnic.pt\\\/fr\\\/politique-de-confidentialite\\\/#primaryimage\"},\"image\":{\"@id\":\"https:\\\/\\\/argatecnic.pt\\\/fr\\\/politique-de-confidentialite\\\/#primaryimage\"},\"thumbnailUrl\":\"https:\\\/\\\/argatecnic.pt\\\/wp-content\\\/uploads\\\/2022\\\/09\\\/icone-argatecnic..png\",\"datePublished\":\"2023-11-07T17:54:05+00:00\",\"inLanguage\":\"fr-FR\",\"potentialAction\":[{\"@type\":\"ReadAction\",\"target\":[\"https:\\\/\\\/argatecnic.pt\\\/fr\\\/politique-de-confidentialite\\\/\"]}]},{\"@type\":\"ImageObject\",\"inLanguage\":\"fr-FR\",\"@id\":\"https:\\\/\\\/argatecnic.pt\\\/fr\\\/politique-de-confidentialite\\\/#primaryimage\",\"url\":\"https:\\\/\\\/argatecnic.pt\\\/wp-content\\\/uploads\\\/2022\\\/09\\\/icone-argatecnic..png\",\"contentUrl\":\"https:\\\/\\\/argatecnic.pt\\\/wp-content\\\/uploads\\\/2022\\\/09\\\/icone-argatecnic..png\"},{\"@type\":\"WebSite\",\"@id\":\"https:\\\/\\\/argatecnic.pt\\\/fr\\\/#website\",\"url\":\"https:\\\/\\\/argatecnic.pt\\\/fr\\\/\",\"name\":\"ARGATECNIC\",\"description\":\"argamassas t\u00e9cnicas para a constru\u00e7\u00e3o\",\"potentialAction\":[{\"@type\":\"SearchAction\",\"target\":{\"@type\":\"EntryPoint\",\"urlTemplate\":\"https:\\\/\\\/argatecnic.pt\\\/fr\\\/?s={search_term_string}\"},\"query-input\":{\"@type\":\"PropertyValueSpecification\",\"valueRequired\":true,\"valueName\":\"search_term_string\"}}],\"inLanguage\":\"fr-FR\"}]}<\/script>\n<!-- \/ Yoast SEO plugin. -->","yoast_head_json":{"title":"Politique de confidentialit\u00e9 - ARGATECNIC","robots":{"index":"index","follow":"follow","max-snippet":"max-snippet:-1","max-image-preview":"max-image-preview:large","max-video-preview":"max-video-preview:-1"},"canonical":"https:\/\/argatecnic.pt\/fr\/politique-de-confidentialite\/","og_locale":"fr_FR","og_type":"article","og_title":"Politique de confidentialit\u00e9 - ARGATECNIC","og_description":"POLITIQUE DE CONFIDENTIALIT\u00c9 IDENTIFICATION DU RESPONSABLE DU TRAITEMENT: Nome: LENARGATECNIC, LDA. avec la marque d\u00e9pos\u00e9e ARGATECNIC Si\u00e8ge de l&rsquo;entreprise: Rua dos Castanheiros, 11 Boa Vista NIPC: 501456783 T\u00e9l\u00e9phone: +351 244 723 720 E-mail: geral@argatecnic.pt (Articles 8, 13, 14 et 21 du R\u00e8glement G\u00e9n\u00e9ral sur la Protection des Donn\u00e9es &#8211; RGPD) &nbsp; Ce website fait partie [&hellip;]","og_url":"https:\/\/argatecnic.pt\/fr\/politique-de-confidentialite\/","og_site_name":"ARGATECNIC","og_image":[{"url":"https:\/\/argatecnic.pt\/wp-content\/uploads\/2022\/09\/icone-argatecnic..png","type":"","width":"","height":""}],"twitter_card":"summary_large_image","twitter_misc":{"Dur\u00e9e de lecture estim\u00e9e":"4 minutes"},"schema":{"@context":"https:\/\/schema.org","@graph":[{"@type":"WebPage","@id":"https:\/\/argatecnic.pt\/fr\/politique-de-confidentialite\/","url":"https:\/\/argatecnic.pt\/fr\/politique-de-confidentialite\/","name":"Politique de confidentialit\u00e9 - ARGATECNIC","isPartOf":{"@id":"https:\/\/argatecnic.pt\/fr\/#website"},"primaryImageOfPage":{"@id":"https:\/\/argatecnic.pt\/fr\/politique-de-confidentialite\/#primaryimage"},"image":{"@id":"https:\/\/argatecnic.pt\/fr\/politique-de-confidentialite\/#primaryimage"},"thumbnailUrl":"https:\/\/argatecnic.pt\/wp-content\/uploads\/2022\/09\/icone-argatecnic..png","datePublished":"2023-11-07T17:54:05+00:00","inLanguage":"fr-FR","potentialAction":[{"@type":"ReadAction","target":["https:\/\/argatecnic.pt\/fr\/politique-de-confidentialite\/"]}]},{"@type":"ImageObject","inLanguage":"fr-FR","@id":"https:\/\/argatecnic.pt\/fr\/politique-de-confidentialite\/#primaryimage","url":"https:\/\/argatecnic.pt\/wp-content\/uploads\/2022\/09\/icone-argatecnic..png","contentUrl":"https:\/\/argatecnic.pt\/wp-content\/uploads\/2022\/09\/icone-argatecnic..png"},{"@type":"WebSite","@id":"https:\/\/argatecnic.pt\/fr\/#website","url":"https:\/\/argatecnic.pt\/fr\/","name":"ARGATECNIC","description":"argamassas t\u00e9cnicas para a constru\u00e7\u00e3o","potentialAction":[{"@type":"SearchAction","target":{"@type":"EntryPoint","urlTemplate":"https:\/\/argatecnic.pt\/fr\/?s={search_term_string}"},"query-input":{"@type":"PropertyValueSpecification","valueRequired":true,"valueName":"search_term_string"}}],"inLanguage":"fr-FR"}]}},"jetpack_sharing_enabled":true,"_links":{"self":[{"href":"https:\/\/argatecnic.pt\/fr\/wp-json\/wp\/v2\/pages\/8079","targetHints":{"allow":["GET"]}}],"collection":[{"href":"https:\/\/argatecnic.pt\/fr\/wp-json\/wp\/v2\/pages"}],"about":[{"href":"https:\/\/argatecnic.pt\/fr\/wp-json\/wp\/v2\/types\/page"}],"author":[{"embeddable":true,"href":"https:\/\/argatecnic.pt\/fr\/wp-json\/wp\/v2\/users\/1"}],"replies":[{"embeddable":true,"href":"https:\/\/argatecnic.pt\/fr\/wp-json\/wp\/v2\/comments?post=8079"}],"version-history":[{"count":0,"href":"https:\/\/argatecnic.pt\/fr\/wp-json\/wp\/v2\/pages\/8079\/revisions"}],"wp:attachment":[{"href":"https:\/\/argatecnic.pt\/fr\/wp-json\/wp\/v2\/media?parent=8079"}],"curies":[{"name":"wp","href":"https:\/\/api.w.org\/{rel}","templated":true}]}}