{"id":8077,"date":"2023-11-07T17:58:48","date_gmt":"2023-11-07T16:58:48","guid":{"rendered":"https:\/\/argatecnic.pt\/rebranding-2\/"},"modified":"2023-11-07T17:58:48","modified_gmt":"2023-11-07T16:58:48","slug":"rebranding-2","status":"publish","type":"page","link":"https:\/\/argatecnic.pt\/fr\/rebranding-2\/","title":{"rendered":"Rebranding"},"content":{"rendered":"<h1>\u00c0 40 ans, LENA ARGATECNIC se revitalise et devient ARGATECNIC.<\/h1>\n<blockquote>\n<h5><span style=\"color: #000000\">Dans un march\u00e9 aussi concurrentiel et en constante \u00e9volution, 40 ans ne sont possibles qu&rsquo;avec la capacit\u00e9 de s&rsquo;adapter et d&rsquo;\u00e9voluer. Pour marquer cet anniversaire, la marque s&rsquo;est dot\u00e9e d&rsquo;un nouveau nom et d&rsquo;une nouvelle image, tout en conservant la qualit\u00e9 et la fiabilit\u00e9 qu&rsquo;elle a toujours eues, en se modernisant et en se pr\u00e9parant pour l&rsquo;avenir\u00a0\u00bb, explique <em>Michael Franco<\/em>, directeur d&rsquo;ARGATECNIC.<\/span><\/h5>\n<\/blockquote>\n<p>Il s&rsquo;agit d&rsquo;un rebranding total qui implique une nouvelle identit\u00e9 visuelle, un changement de nom, de nouvelles couleurs, un emballage de produit, un site web et d&rsquo;autres moyens de communication. La marque ARGATECNIC est n\u00e9e d&rsquo;une entreprise aux racines familiales et passionn\u00e9e par le monde de la construction. Le d\u00e9but de son histoire remonte \u00e0 un petit garage de Boa Vista, \u00e0 Leiria, o\u00f9 elle a commenc\u00e9 par la fabrication de ciments adh\u00e9sifs par Diamantino Br\u00e1s Franco, le fondateur de l&rsquo;entreprise. C&rsquo;est la premi\u00e8re marque portugaise \u00e0 \u00eatre certifi\u00e9e dans cette gamme de produits. Aujourd&rsquo;hui, 40 ans plus tard, elle dispose de 10 000 m\u00b2 d&rsquo;installations et d&rsquo;une capacit\u00e9 de production journali\u00e8re de 1 200 tonnes sur ses 3 lignes de production, ce qui lui permet de d\u00e9velopper et de fabriquer une plus large gamme de produits, en s&rsquo;appuyant sur son laboratoire d\u00e9di\u00e9 non seulement au contr\u00f4le rigoureux de la qualit\u00e9, mais aussi \u00e0 la recherche et au d\u00e9veloppement de nouveaux produits et de nouvelles solutions.<\/p>\n<p>L&rsquo;objectif de ce rebranding est non seulement de moderniser la marque et de la pr\u00e9parer pour l&rsquo;avenir, mais aussi de refl\u00e9ter son offre et son positionnement actuels. Il ne s&rsquo;agit pas seulement d&rsquo;un changement de nom et de logo. Un changement de positionnement qui s&rsquo;accompagne de la nouvelle signature de la marque : \u00ab\u00a0mortiers techniques pour la construction\u00a0\u00bb. Nous voulons \u00eatre de plus en plus reconnus pour la qualit\u00e9 de tous nos mortiers : des ciments adh\u00e9sifs et des enduits aux mortiers plus techniques et de r\u00e9habilitation, dans le domaine de l&rsquo;isolation thermique, dans le domaine des mortiers \u00e9cologiques \u00e0 base de chaux ou de la r\u00e9paration du b\u00e9ton\u00a0\u00bb, d\u00e9clare <em>Michael Franco<\/em>, directeur d&rsquo;ARGATECNIC.<\/p>\n<p>La nouvelle image et le nouveau positionnement de la marque seront communiqu\u00e9s par le biais de campagnes ext\u00e9rieures, de d\u00e9pliants, de magazines sp\u00e9cialis\u00e9s, de journ\u00e9es portes ouvertes chez les clients, de r\u00e9seaux sociaux et du r\u00e9seau commercial.<\/p>\n","protected":false},"excerpt":{"rendered":"<p>\u00c0 40 ans, LENA ARGATECNIC se revitalise et devient ARGATECNIC. Dans un march\u00e9 aussi concurrentiel et en constante \u00e9volution, 40 ans ne sont possibles qu&rsquo;avec la capacit\u00e9 de s&rsquo;adapter et d&rsquo;\u00e9voluer. Pour marquer cet anniversaire, la marque s&rsquo;est dot\u00e9e d&rsquo;un nouveau nom et d&rsquo;une nouvelle image, tout en conservant la qualit\u00e9 et la fiabilit\u00e9 qu&rsquo;elle [&hellip;]<\/p>\n","protected":false},"author":2,"featured_media":0,"parent":0,"menu_order":0,"comment_status":"closed","ping_status":"closed","template":"","meta":{"_et_pb_use_builder":"","_et_pb_old_content":"","_et_gb_content_width":"","footnotes":""},"class_list":["post-8077","page","type-page","status-publish","hentry"],"acf":[],"yoast_head":"<!-- This site is optimized with the Yoast SEO plugin v27.6 - https:\/\/yoast.com\/product\/yoast-seo-wordpress\/ -->\n<title>Rebranding - ARGATECNIC<\/title>\n<meta name=\"robots\" content=\"index, follow, max-snippet:-1, max-image-preview:large, max-video-preview:-1\" \/>\n<link rel=\"canonical\" href=\"https:\/\/argatecnic.pt\/fr\/rebranding-2\/\" \/>\n<meta property=\"og:locale\" content=\"fr_FR\" \/>\n<meta property=\"og:type\" content=\"article\" \/>\n<meta property=\"og:title\" content=\"Rebranding - ARGATECNIC\" \/>\n<meta property=\"og:description\" content=\"\u00c0 40 ans, LENA ARGATECNIC se revitalise et devient ARGATECNIC. Dans un march\u00e9 aussi concurrentiel et en constante \u00e9volution, 40 ans ne sont possibles qu&rsquo;avec la capacit\u00e9 de s&rsquo;adapter et d&rsquo;\u00e9voluer. Pour marquer cet anniversaire, la marque s&rsquo;est dot\u00e9e d&rsquo;un nouveau nom et d&rsquo;une nouvelle image, tout en conservant la qualit\u00e9 et la fiabilit\u00e9 qu&rsquo;elle [&hellip;]\" \/>\n<meta property=\"og:url\" content=\"https:\/\/argatecnic.pt\/fr\/rebranding-2\/\" \/>\n<meta property=\"og:site_name\" content=\"ARGATECNIC\" \/>\n<meta name=\"twitter:card\" content=\"summary_large_image\" \/>\n<meta name=\"twitter:label1\" content=\"Dur\u00e9e de lecture estim\u00e9e\" \/>\n\t<meta name=\"twitter:data1\" content=\"2 minutes\" \/>\n<script type=\"application\/ld+json\" class=\"yoast-schema-graph\">{\"@context\":\"https:\\\/\\\/schema.org\",\"@graph\":[{\"@type\":\"WebPage\",\"@id\":\"https:\\\/\\\/argatecnic.pt\\\/fr\\\/rebranding-2\\\/\",\"url\":\"https:\\\/\\\/argatecnic.pt\\\/fr\\\/rebranding-2\\\/\",\"name\":\"Rebranding - ARGATECNIC\",\"isPartOf\":{\"@id\":\"https:\\\/\\\/argatecnic.pt\\\/fr\\\/#website\"},\"datePublished\":\"2023-11-07T16:58:48+00:00\",\"inLanguage\":\"fr-FR\",\"potentialAction\":[{\"@type\":\"ReadAction\",\"target\":[\"https:\\\/\\\/argatecnic.pt\\\/fr\\\/rebranding-2\\\/\"]}]},{\"@type\":\"WebSite\",\"@id\":\"https:\\\/\\\/argatecnic.pt\\\/fr\\\/#website\",\"url\":\"https:\\\/\\\/argatecnic.pt\\\/fr\\\/\",\"name\":\"ARGATECNIC\",\"description\":\"argamassas t\u00e9cnicas para a constru\u00e7\u00e3o\",\"potentialAction\":[{\"@type\":\"SearchAction\",\"target\":{\"@type\":\"EntryPoint\",\"urlTemplate\":\"https:\\\/\\\/argatecnic.pt\\\/fr\\\/?s={search_term_string}\"},\"query-input\":{\"@type\":\"PropertyValueSpecification\",\"valueRequired\":true,\"valueName\":\"search_term_string\"}}],\"inLanguage\":\"fr-FR\"}]}<\/script>\n<!-- \/ Yoast SEO plugin. -->","yoast_head_json":{"title":"Rebranding - ARGATECNIC","robots":{"index":"index","follow":"follow","max-snippet":"max-snippet:-1","max-image-preview":"max-image-preview:large","max-video-preview":"max-video-preview:-1"},"canonical":"https:\/\/argatecnic.pt\/fr\/rebranding-2\/","og_locale":"fr_FR","og_type":"article","og_title":"Rebranding - ARGATECNIC","og_description":"\u00c0 40 ans, LENA ARGATECNIC se revitalise et devient ARGATECNIC. Dans un march\u00e9 aussi concurrentiel et en constante \u00e9volution, 40 ans ne sont possibles qu&rsquo;avec la capacit\u00e9 de s&rsquo;adapter et d&rsquo;\u00e9voluer. Pour marquer cet anniversaire, la marque s&rsquo;est dot\u00e9e d&rsquo;un nouveau nom et d&rsquo;une nouvelle image, tout en conservant la qualit\u00e9 et la fiabilit\u00e9 qu&rsquo;elle [&hellip;]","og_url":"https:\/\/argatecnic.pt\/fr\/rebranding-2\/","og_site_name":"ARGATECNIC","twitter_card":"summary_large_image","twitter_misc":{"Dur\u00e9e de lecture estim\u00e9e":"2 minutes"},"schema":{"@context":"https:\/\/schema.org","@graph":[{"@type":"WebPage","@id":"https:\/\/argatecnic.pt\/fr\/rebranding-2\/","url":"https:\/\/argatecnic.pt\/fr\/rebranding-2\/","name":"Rebranding - ARGATECNIC","isPartOf":{"@id":"https:\/\/argatecnic.pt\/fr\/#website"},"datePublished":"2023-11-07T16:58:48+00:00","inLanguage":"fr-FR","potentialAction":[{"@type":"ReadAction","target":["https:\/\/argatecnic.pt\/fr\/rebranding-2\/"]}]},{"@type":"WebSite","@id":"https:\/\/argatecnic.pt\/fr\/#website","url":"https:\/\/argatecnic.pt\/fr\/","name":"ARGATECNIC","description":"argamassas t\u00e9cnicas para a constru\u00e7\u00e3o","potentialAction":[{"@type":"SearchAction","target":{"@type":"EntryPoint","urlTemplate":"https:\/\/argatecnic.pt\/fr\/?s={search_term_string}"},"query-input":{"@type":"PropertyValueSpecification","valueRequired":true,"valueName":"search_term_string"}}],"inLanguage":"fr-FR"}]}},"jetpack_sharing_enabled":true,"_links":{"self":[{"href":"https:\/\/argatecnic.pt\/fr\/wp-json\/wp\/v2\/pages\/8077","targetHints":{"allow":["GET"]}}],"collection":[{"href":"https:\/\/argatecnic.pt\/fr\/wp-json\/wp\/v2\/pages"}],"about":[{"href":"https:\/\/argatecnic.pt\/fr\/wp-json\/wp\/v2\/types\/page"}],"author":[{"embeddable":true,"href":"https:\/\/argatecnic.pt\/fr\/wp-json\/wp\/v2\/users\/2"}],"replies":[{"embeddable":true,"href":"https:\/\/argatecnic.pt\/fr\/wp-json\/wp\/v2\/comments?post=8077"}],"version-history":[{"count":0,"href":"https:\/\/argatecnic.pt\/fr\/wp-json\/wp\/v2\/pages\/8077\/revisions"}],"wp:attachment":[{"href":"https:\/\/argatecnic.pt\/fr\/wp-json\/wp\/v2\/media?parent=8077"}],"curies":[{"name":"wp","href":"https:\/\/api.w.org\/{rel}","templated":true}]}}