{"id":8073,"date":"2023-11-07T17:50:15","date_gmt":"2023-11-07T16:50:15","guid":{"rendered":"https:\/\/argatecnic.pt\/soutenabilite\/"},"modified":"2024-03-18T12:21:58","modified_gmt":"2024-03-18T11:21:58","slug":"soutenabilite","status":"publish","type":"page","link":"https:\/\/argatecnic.pt\/fr\/soutenabilite\/","title":{"rendered":"SOUTENABILIT\u00c9"},"content":{"rendered":"<h2><strong>NOUS TRAVAILLONS CHAQUE JOUR POUR<\/strong> Construire un avenir plus vert et durable.<\/h2>\r\n<blockquote>\r\n<p>La durabilit\u00e9 fait partie de la culture d&rsquo;ARGATECNIC. Nous voulons nous distinguer non seulement par l&rsquo;excellence et la qualit\u00e9 de nos produits, mais aussi par notre comportement conscient et durable dans le secteur de la construction. Un engagement envers nous-m\u00eames, en tant qu&rsquo;individus, et envers la soci\u00e9t\u00e9.<\/p>\r\n<\/blockquote>\r\n<p><a href=\"https:\/\/i0.wp.com\/argatecnic.pt\/wp-content\/uploads\/2022\/09\/icone-argatecnic..png?ssl=1\"><img data-recalc-dims=\"1\" loading=\"lazy\" decoding=\"async\" class=\"alignnone wp-image-2339\" src=\"https:\/\/i0.wp.com\/argatecnic.pt\/wp-content\/uploads\/2022\/09\/icone-argatecnic..png?resize=20%2C14&#038;ssl=1\" alt=\"\" width=\"20\" height=\"14\" \/><\/a> <strong>D\u00c9VELOPPEMENT DE PRODUITS DURABLES.<\/strong><br \/>Avec un engagement fort en faveur du d\u00e9veloppement et de l&rsquo;innovation, nous avons mis au point des solutions durables, minimisant l&rsquo;utilisation des ressources naturelles. En particulier, les produits \u00e9cologiques \u00e0 base de chaux, les produits de r\u00e9novation utilisant des mati\u00e8res premi\u00e8res recycl\u00e9es, les produits\/syst\u00e8mes d&rsquo;isolation thermique et acoustique.<br \/>En outre, les formulations sont constamment d\u00e9velopp\u00e9es et optimis\u00e9es afin de minimiser l&rsquo;utilisation de mati\u00e8res premi\u00e8res polluantes.<\/p>\r\n<p><a href=\"https:\/\/i0.wp.com\/argatecnic.pt\/wp-content\/uploads\/2022\/09\/icone-argatecnic..png?ssl=1\"><img data-recalc-dims=\"1\" loading=\"lazy\" decoding=\"async\" class=\"alignnone wp-image-2339\" src=\"https:\/\/i0.wp.com\/argatecnic.pt\/wp-content\/uploads\/2022\/09\/icone-argatecnic..png?resize=20%2C14&#038;ssl=1\" alt=\"\" width=\"20\" height=\"14\" \/><\/a> <strong>DES POLITIQUES INTERNES RESPECTUEUSES DE L&rsquo;ENVIRONNEMENT<\/strong><br \/>En plus de rendre nos produits plus durables, nous nous effor\u00e7ons d&rsquo;adopter des politiques internes plus respectueuses de l&rsquo;environnement. Par exemple, nous encourageons l&rsquo;\u00e9conomie circulaire en r\u00e9incorporant les d\u00e9chets de certains produits dans la formulation d&rsquo;autres, en garantissant toujours une qualit\u00e9 maximale du produit.<\/p>\r\n<p><a href=\"https:\/\/i0.wp.com\/argatecnic.pt\/wp-content\/uploads\/2022\/09\/icone-argatecnic..png?ssl=1\"><img data-recalc-dims=\"1\" loading=\"lazy\" decoding=\"async\" class=\"alignnone wp-image-2339\" src=\"https:\/\/i0.wp.com\/argatecnic.pt\/wp-content\/uploads\/2022\/09\/icone-argatecnic..png?resize=20%2C14&#038;ssl=1\" alt=\"\" width=\"20\" height=\"14\" \/><\/a> <strong>S\u00c9PARATION ET TRAITEMENT DES D\u00c9CHETS<\/strong> <br \/>Nous trions les d\u00e9chets en fonction de leur type, en particulier le plastique et le carton. Nous envoyons ces d\u00e9chets \u00e0 une organisation certifi\u00e9e qui les traite et les valorise.<\/p>\r\n<p><a href=\"https:\/\/i0.wp.com\/argatecnic.pt\/wp-content\/uploads\/2022\/09\/icone-argatecnic..png?ssl=1\"><img data-recalc-dims=\"1\" loading=\"lazy\" decoding=\"async\" class=\"alignnone wp-image-2339\" src=\"https:\/\/i0.wp.com\/argatecnic.pt\/wp-content\/uploads\/2022\/09\/icone-argatecnic..png?resize=20%2C14&#038;ssl=1\" alt=\"\" width=\"20\" height=\"14\" \/><\/a> <strong>DE L&rsquo;\u00c9NERGIE PROVENANT DE SOURCES 100 % RENOUVELABLES<\/strong><br \/>Nous avons un fournisseur d&rsquo;\u00e9nergie verte, utilisant des sources 100 % renouvelables et sans \u00e9missions de carbone, ce qui r\u00e9duit l&rsquo;impact sur l&rsquo;environnement et am\u00e9liore la sant\u00e9 publique.<\/p>\r\n<p><strong><a href=\"https:\/\/i0.wp.com\/argatecnic.pt\/wp-content\/uploads\/2022\/09\/icone-argatecnic..png?ssl=1\"><img data-recalc-dims=\"1\" loading=\"lazy\" decoding=\"async\" class=\"alignnone wp-image-2339\" src=\"https:\/\/i0.wp.com\/argatecnic.pt\/wp-content\/uploads\/2022\/09\/icone-argatecnic..png?resize=20%2C14&#038;ssl=1\" alt=\"\" width=\"20\" height=\"14\" \/><\/a> CADEAUX \u00c9COLOGIQUES<\/strong><br \/>Nous proposons une gamme de cadeaux durables, tels que des thermos r\u00e9utilisables (pour r\u00e9duire l&rsquo;utilisation de bouteilles et de gobelets en plastique), des cahiers fabriqu\u00e9s \u00e0 partir de papier recycl\u00e9 et des stylos fabriqu\u00e9s \u00e0 partir de plastique recycl\u00e9.<\/p>\r\n<p><strong><a href=\"https:\/\/i0.wp.com\/argatecnic.pt\/wp-content\/uploads\/2022\/09\/icone-argatecnic..png?ssl=1\"><img data-recalc-dims=\"1\" loading=\"lazy\" decoding=\"async\" class=\"alignnone wp-image-2339\" src=\"https:\/\/i0.wp.com\/argatecnic.pt\/wp-content\/uploads\/2022\/09\/icone-argatecnic..png?resize=20%2C14&#038;ssl=1\" alt=\"\" width=\"20\" height=\"14\" \/><\/a> R\u00c9UTILISATION DES EMBALLAGES<\/strong><br \/>Nous r\u00e9utilisons les emballages p\u00e9rim\u00e9s en les transformant en sacs pour le mat\u00e9riel de marketing.<\/p>\r\n","protected":false},"excerpt":{"rendered":"<p>NOUS TRAVAILLONS CHAQUE JOUR POUR Construire un avenir plus vert et durable. La durabilit\u00e9 fait partie de la culture d&rsquo;ARGATECNIC. Nous voulons nous distinguer non seulement par l&rsquo;excellence et la qualit\u00e9 de nos produits, mais aussi par notre comportement conscient et durable dans le secteur de la construction. Un engagement envers nous-m\u00eames, en tant qu&rsquo;individus, [&hellip;]<\/p>\n","protected":false},"author":1,"featured_media":4628,"parent":0,"menu_order":0,"comment_status":"closed","ping_status":"closed","template":"","meta":{"_et_pb_use_builder":"","_et_pb_old_content":"","_et_gb_content_width":"","footnotes":""},"class_list":["post-8073","page","type-page","status-publish","has-post-thumbnail","hentry"],"acf":[],"yoast_head":"<!-- This site is optimized with the Yoast SEO plugin v27.4 - https:\/\/yoast.com\/product\/yoast-seo-wordpress\/ -->\n<title>SOUTENABILIT\u00c9 - ARGATECNIC<\/title>\n<meta name=\"robots\" content=\"index, follow, max-snippet:-1, max-image-preview:large, max-video-preview:-1\" \/>\n<link rel=\"canonical\" href=\"https:\/\/argatecnic.pt\/fr\/soutenabilite\/\" \/>\n<meta property=\"og:locale\" content=\"fr_FR\" \/>\n<meta property=\"og:type\" content=\"article\" \/>\n<meta property=\"og:title\" content=\"SOUTENABILIT\u00c9 - ARGATECNIC\" \/>\n<meta property=\"og:description\" content=\"NOUS TRAVAILLONS CHAQUE JOUR POUR Construire un avenir plus vert et durable. La durabilit\u00e9 fait partie de la culture d&rsquo;ARGATECNIC. Nous voulons nous distinguer non seulement par l&rsquo;excellence et la qualit\u00e9 de nos produits, mais aussi par notre comportement conscient et durable dans le secteur de la construction. Un engagement envers nous-m\u00eames, en tant qu&rsquo;individus, [&hellip;]\" \/>\n<meta property=\"og:url\" content=\"https:\/\/argatecnic.pt\/fr\/soutenabilite\/\" \/>\n<meta property=\"og:site_name\" content=\"ARGATECNIC\" \/>\n<meta property=\"article:modified_time\" content=\"2024-03-18T11:21:58+00:00\" \/>\n<meta property=\"og:image\" content=\"https:\/\/i0.wp.com\/argatecnic.pt\/wp-content\/uploads\/2022\/09\/sustentabilidade.jpg?fit=664%2C1055&ssl=1\" \/>\n\t<meta property=\"og:image:width\" content=\"664\" \/>\n\t<meta property=\"og:image:height\" content=\"1055\" \/>\n\t<meta property=\"og:image:type\" content=\"image\/jpeg\" \/>\n<meta name=\"twitter:card\" content=\"summary_large_image\" \/>\n<meta name=\"twitter:label1\" content=\"Dur\u00e9e de lecture estim\u00e9e\" \/>\n\t<meta name=\"twitter:data1\" content=\"3 minutes\" \/>\n<script type=\"application\/ld+json\" class=\"yoast-schema-graph\">{\"@context\":\"https:\\\/\\\/schema.org\",\"@graph\":[{\"@type\":\"WebPage\",\"@id\":\"https:\\\/\\\/argatecnic.pt\\\/fr\\\/soutenabilite\\\/\",\"url\":\"https:\\\/\\\/argatecnic.pt\\\/fr\\\/soutenabilite\\\/\",\"name\":\"SOUTENABILIT\u00c9 - ARGATECNIC\",\"isPartOf\":{\"@id\":\"https:\\\/\\\/argatecnic.pt\\\/fr\\\/#website\"},\"primaryImageOfPage\":{\"@id\":\"https:\\\/\\\/argatecnic.pt\\\/fr\\\/soutenabilite\\\/#primaryimage\"},\"image\":{\"@id\":\"https:\\\/\\\/argatecnic.pt\\\/fr\\\/soutenabilite\\\/#primaryimage\"},\"thumbnailUrl\":\"https:\\\/\\\/i0.wp.com\\\/argatecnic.pt\\\/wp-content\\\/uploads\\\/2022\\\/09\\\/sustentabilidade.jpg?fit=664%2C1055&ssl=1\",\"datePublished\":\"2023-11-07T16:50:15+00:00\",\"dateModified\":\"2024-03-18T11:21:58+00:00\",\"inLanguage\":\"fr-FR\",\"potentialAction\":[{\"@type\":\"ReadAction\",\"target\":[\"https:\\\/\\\/argatecnic.pt\\\/fr\\\/soutenabilite\\\/\"]}]},{\"@type\":\"ImageObject\",\"inLanguage\":\"fr-FR\",\"@id\":\"https:\\\/\\\/argatecnic.pt\\\/fr\\\/soutenabilite\\\/#primaryimage\",\"url\":\"https:\\\/\\\/i0.wp.com\\\/argatecnic.pt\\\/wp-content\\\/uploads\\\/2022\\\/09\\\/sustentabilidade.jpg?fit=664%2C1055&ssl=1\",\"contentUrl\":\"https:\\\/\\\/i0.wp.com\\\/argatecnic.pt\\\/wp-content\\\/uploads\\\/2022\\\/09\\\/sustentabilidade.jpg?fit=664%2C1055&ssl=1\",\"width\":664,\"height\":1055},{\"@type\":\"WebSite\",\"@id\":\"https:\\\/\\\/argatecnic.pt\\\/fr\\\/#website\",\"url\":\"https:\\\/\\\/argatecnic.pt\\\/fr\\\/\",\"name\":\"ARGATECNIC\",\"description\":\"argamassas t\u00e9cnicas para a constru\u00e7\u00e3o\",\"potentialAction\":[{\"@type\":\"SearchAction\",\"target\":{\"@type\":\"EntryPoint\",\"urlTemplate\":\"https:\\\/\\\/argatecnic.pt\\\/fr\\\/?s={search_term_string}\"},\"query-input\":{\"@type\":\"PropertyValueSpecification\",\"valueRequired\":true,\"valueName\":\"search_term_string\"}}],\"inLanguage\":\"fr-FR\"}]}<\/script>\n<!-- \/ Yoast SEO plugin. -->","yoast_head_json":{"title":"SOUTENABILIT\u00c9 - ARGATECNIC","robots":{"index":"index","follow":"follow","max-snippet":"max-snippet:-1","max-image-preview":"max-image-preview:large","max-video-preview":"max-video-preview:-1"},"canonical":"https:\/\/argatecnic.pt\/fr\/soutenabilite\/","og_locale":"fr_FR","og_type":"article","og_title":"SOUTENABILIT\u00c9 - ARGATECNIC","og_description":"NOUS TRAVAILLONS CHAQUE JOUR POUR Construire un avenir plus vert et durable. La durabilit\u00e9 fait partie de la culture d&rsquo;ARGATECNIC. Nous voulons nous distinguer non seulement par l&rsquo;excellence et la qualit\u00e9 de nos produits, mais aussi par notre comportement conscient et durable dans le secteur de la construction. Un engagement envers nous-m\u00eames, en tant qu&rsquo;individus, [&hellip;]","og_url":"https:\/\/argatecnic.pt\/fr\/soutenabilite\/","og_site_name":"ARGATECNIC","article_modified_time":"2024-03-18T11:21:58+00:00","og_image":[{"width":664,"height":1055,"url":"https:\/\/i0.wp.com\/argatecnic.pt\/wp-content\/uploads\/2022\/09\/sustentabilidade.jpg?fit=664%2C1055&ssl=1","type":"image\/jpeg"}],"twitter_card":"summary_large_image","twitter_misc":{"Dur\u00e9e de lecture estim\u00e9e":"3 minutes"},"schema":{"@context":"https:\/\/schema.org","@graph":[{"@type":"WebPage","@id":"https:\/\/argatecnic.pt\/fr\/soutenabilite\/","url":"https:\/\/argatecnic.pt\/fr\/soutenabilite\/","name":"SOUTENABILIT\u00c9 - ARGATECNIC","isPartOf":{"@id":"https:\/\/argatecnic.pt\/fr\/#website"},"primaryImageOfPage":{"@id":"https:\/\/argatecnic.pt\/fr\/soutenabilite\/#primaryimage"},"image":{"@id":"https:\/\/argatecnic.pt\/fr\/soutenabilite\/#primaryimage"},"thumbnailUrl":"https:\/\/i0.wp.com\/argatecnic.pt\/wp-content\/uploads\/2022\/09\/sustentabilidade.jpg?fit=664%2C1055&ssl=1","datePublished":"2023-11-07T16:50:15+00:00","dateModified":"2024-03-18T11:21:58+00:00","inLanguage":"fr-FR","potentialAction":[{"@type":"ReadAction","target":["https:\/\/argatecnic.pt\/fr\/soutenabilite\/"]}]},{"@type":"ImageObject","inLanguage":"fr-FR","@id":"https:\/\/argatecnic.pt\/fr\/soutenabilite\/#primaryimage","url":"https:\/\/i0.wp.com\/argatecnic.pt\/wp-content\/uploads\/2022\/09\/sustentabilidade.jpg?fit=664%2C1055&ssl=1","contentUrl":"https:\/\/i0.wp.com\/argatecnic.pt\/wp-content\/uploads\/2022\/09\/sustentabilidade.jpg?fit=664%2C1055&ssl=1","width":664,"height":1055},{"@type":"WebSite","@id":"https:\/\/argatecnic.pt\/fr\/#website","url":"https:\/\/argatecnic.pt\/fr\/","name":"ARGATECNIC","description":"argamassas t\u00e9cnicas para a constru\u00e7\u00e3o","potentialAction":[{"@type":"SearchAction","target":{"@type":"EntryPoint","urlTemplate":"https:\/\/argatecnic.pt\/fr\/?s={search_term_string}"},"query-input":{"@type":"PropertyValueSpecification","valueRequired":true,"valueName":"search_term_string"}}],"inLanguage":"fr-FR"}]}},"jetpack_sharing_enabled":true,"_links":{"self":[{"href":"https:\/\/argatecnic.pt\/fr\/wp-json\/wp\/v2\/pages\/8073","targetHints":{"allow":["GET"]}}],"collection":[{"href":"https:\/\/argatecnic.pt\/fr\/wp-json\/wp\/v2\/pages"}],"about":[{"href":"https:\/\/argatecnic.pt\/fr\/wp-json\/wp\/v2\/types\/page"}],"author":[{"embeddable":true,"href":"https:\/\/argatecnic.pt\/fr\/wp-json\/wp\/v2\/users\/1"}],"replies":[{"embeddable":true,"href":"https:\/\/argatecnic.pt\/fr\/wp-json\/wp\/v2\/comments?post=8073"}],"version-history":[{"count":0,"href":"https:\/\/argatecnic.pt\/fr\/wp-json\/wp\/v2\/pages\/8073\/revisions"}],"wp:featuredmedia":[{"embeddable":true,"href":"https:\/\/argatecnic.pt\/fr\/wp-json\/wp\/v2\/media\/4628"}],"wp:attachment":[{"href":"https:\/\/argatecnic.pt\/fr\/wp-json\/wp\/v2\/media?parent=8073"}],"curies":[{"name":"wp","href":"https:\/\/api.w.org\/{rel}","templated":true}]}}