{"id":8067,"date":"2023-11-07T16:53:39","date_gmt":"2023-11-07T15:53:39","guid":{"rendered":"https:\/\/argatecnic.pt\/nous-contacter\/"},"modified":"2024-03-14T17:08:26","modified_gmt":"2024-03-14T16:08:26","slug":"nous-contacter","status":"publish","type":"page","link":"https:\/\/argatecnic.pt\/fr\/nous-contacter\/","title":{"rendered":"NOUS CONTACTER"},"content":{"rendered":"<p>[et_pb_section fb_built=\u00a0\u00bb1&Prime; admin_label=\u00a0\u00bbsection\u00a0\u00bb _builder_version=\u00a0\u00bb4.16&Prime; global_colors_info=\u00a0\u00bb{}\u00a0\u00bb][et_pb_row admin_label=\u00a0\u00bbrow\u00a0\u00bb _builder_version=\u00a0\u00bb4.16&Prime; background_size=\u00a0\u00bbinitial\u00a0\u00bb background_position=\u00a0\u00bbtop_left\u00a0\u00bb background_repeat=\u00a0\u00bbrepeat\u00a0\u00bb global_colors_info=\u00a0\u00bb{}\u00a0\u00bb][et_pb_column type=\u00a0\u00bb4_4&Prime; _builder_version=\u00a0\u00bb4.16&Prime; custom_padding=\u00a0\u00bb|||\u00a0\u00bb global_colors_info=\u00a0\u00bb{}\u00a0\u00bb custom_padding__hover=\u00a0\u00bb|||\u00a0\u00bb][et_pb_text admin_label=\u00a0\u00bbText\u00a0\u00bb _builder_version=\u00a0\u00bb4.23&Prime; background_size=\u00a0\u00bbinitial\u00a0\u00bb background_position=\u00a0\u00bbtop_left\u00a0\u00bb background_repeat=\u00a0\u00bbrepeat\u00a0\u00bb global_colors_info=\u00a0\u00bb{}\u00a0\u00bb]<\/p>\n<h4><strong>EMAIL<\/strong><\/h4>\n<p><a href=\"mailto:geral@argatecnic.pt\"><strong>geral@argatecnic.pt<\/strong><\/a><\/p>\n<h4><strong>TELEPHONE<\/strong><\/h4>\n<p>+351 244 723 720<br \/><em>appel vers le r\u00e9seau fixe national<\/em><\/p>\n<h4><strong>Adresse<\/strong><\/h4>\n<p>Rua dos Castanheiros 11, Boa Vista<br \/>2420-415 Leiria, PORTUGAL<\/p>\n<h4><strong>Horaires d&rsquo;ouverture<\/strong><\/h4>\n<p>08h30 &#8211; 13h00<br \/>14h30 &#8211; 18h00<\/p>\n<p><strong>Horaire sp\u00e9cial d&rsquo;exp\u00e9dition: <\/strong>08h30 \u00e0s 18h30 (sans interruption)<\/p>\n<p>[\/et_pb_text][\/et_pb_column][\/et_pb_row][\/et_pb_section]<\/p>\n","protected":false},"excerpt":{"rendered":"<p>EMAIL geral@argatecnic.pt TELEPHONE +351 244 723 720appel vers le r\u00e9seau fixe national Adresse Rua dos Castanheiros 11, Boa Vista2420-415 Leiria, PORTUGAL Horaires d&rsquo;ouverture 08h30 &#8211; 13h0014h30 &#8211; 18h00 Horaire sp\u00e9cial d&rsquo;exp\u00e9dition: 08h30 \u00e0s 18h30 (sans interruption)<\/p>\n","protected":false},"author":1,"featured_media":4189,"parent":0,"menu_order":0,"comment_status":"closed","ping_status":"closed","template":"","meta":{"_et_pb_use_builder":"on","_et_pb_old_content":"<h4>EMAIL<\/h4>\r\n<a href=\"mailto:geral@argatecnic.pt\"><strong>geral@argatecnic.pt<\/strong><\/a>\r\n<h4>TELEFONE<\/h4>\r\n+351 244 723 720\r\n<h4>MORADA<\/h4>\r\nRua dos Castanheiros 11, Boa Vista\r\n2420-415 Leiria\r\n\r\n\u00a0","_et_gb_content_width":"","footnotes":""},"class_list":["post-8067","page","type-page","status-publish","has-post-thumbnail","hentry"],"acf":[],"yoast_head":"<!-- This site is optimized with the Yoast SEO plugin v27.4 - https:\/\/yoast.com\/product\/yoast-seo-wordpress\/ -->\n<title>NOUS CONTACTER - ARGATECNIC<\/title>\n<meta name=\"robots\" content=\"index, follow, max-snippet:-1, max-image-preview:large, max-video-preview:-1\" \/>\n<link rel=\"canonical\" href=\"https:\/\/argatecnic.pt\/fr\/nous-contacter\/\" \/>\n<meta property=\"og:locale\" content=\"fr_FR\" \/>\n<meta property=\"og:type\" content=\"article\" \/>\n<meta property=\"og:title\" content=\"NOUS CONTACTER - ARGATECNIC\" \/>\n<meta property=\"og:description\" content=\"EMAIL geral@argatecnic.pt TELEPHONE +351 244 723 720appel vers le r\u00e9seau fixe national Adresse Rua dos Castanheiros 11, Boa Vista2420-415 Leiria, PORTUGAL Horaires d&#039;ouverture 08h30 - 13h0014h30 - 18h00 Horaire sp\u00e9cial d&#039;exp\u00e9dition: 08h30 \u00e0s 18h30 (sans interruption)\" \/>\n<meta property=\"og:url\" content=\"https:\/\/argatecnic.pt\/fr\/nous-contacter\/\" \/>\n<meta property=\"og:site_name\" content=\"ARGATECNIC\" \/>\n<meta property=\"article:modified_time\" content=\"2024-03-14T16:08:26+00:00\" \/>\n<meta property=\"og:image\" content=\"https:\/\/i0.wp.com\/argatecnic.pt\/wp-content\/uploads\/2022\/09\/apoio-tecnico.jpg?fit=1069%2C617&ssl=1\" \/>\n\t<meta property=\"og:image:width\" content=\"1069\" \/>\n\t<meta property=\"og:image:height\" content=\"617\" \/>\n\t<meta property=\"og:image:type\" content=\"image\/jpeg\" \/>\n<meta name=\"twitter:card\" content=\"summary_large_image\" \/>\n<meta name=\"twitter:label1\" content=\"Dur\u00e9e de lecture estim\u00e9e\" \/>\n\t<meta name=\"twitter:data1\" content=\"1 minute\" \/>\n<script type=\"application\/ld+json\" class=\"yoast-schema-graph\">{\"@context\":\"https:\\\/\\\/schema.org\",\"@graph\":[{\"@type\":\"WebPage\",\"@id\":\"https:\\\/\\\/argatecnic.pt\\\/fr\\\/nous-contacter\\\/\",\"url\":\"https:\\\/\\\/argatecnic.pt\\\/fr\\\/nous-contacter\\\/\",\"name\":\"NOUS CONTACTER - ARGATECNIC\",\"isPartOf\":{\"@id\":\"https:\\\/\\\/argatecnic.pt\\\/fr\\\/#website\"},\"primaryImageOfPage\":{\"@id\":\"https:\\\/\\\/argatecnic.pt\\\/fr\\\/nous-contacter\\\/#primaryimage\"},\"image\":{\"@id\":\"https:\\\/\\\/argatecnic.pt\\\/fr\\\/nous-contacter\\\/#primaryimage\"},\"thumbnailUrl\":\"https:\\\/\\\/i0.wp.com\\\/argatecnic.pt\\\/wp-content\\\/uploads\\\/2022\\\/09\\\/apoio-tecnico.jpg?fit=1069%2C617&ssl=1\",\"datePublished\":\"2023-11-07T15:53:39+00:00\",\"dateModified\":\"2024-03-14T16:08:26+00:00\",\"inLanguage\":\"fr-FR\",\"potentialAction\":[{\"@type\":\"ReadAction\",\"target\":[\"https:\\\/\\\/argatecnic.pt\\\/fr\\\/nous-contacter\\\/\"]}]},{\"@type\":\"ImageObject\",\"inLanguage\":\"fr-FR\",\"@id\":\"https:\\\/\\\/argatecnic.pt\\\/fr\\\/nous-contacter\\\/#primaryimage\",\"url\":\"https:\\\/\\\/i0.wp.com\\\/argatecnic.pt\\\/wp-content\\\/uploads\\\/2022\\\/09\\\/apoio-tecnico.jpg?fit=1069%2C617&ssl=1\",\"contentUrl\":\"https:\\\/\\\/i0.wp.com\\\/argatecnic.pt\\\/wp-content\\\/uploads\\\/2022\\\/09\\\/apoio-tecnico.jpg?fit=1069%2C617&ssl=1\",\"width\":1069,\"height\":617},{\"@type\":\"WebSite\",\"@id\":\"https:\\\/\\\/argatecnic.pt\\\/fr\\\/#website\",\"url\":\"https:\\\/\\\/argatecnic.pt\\\/fr\\\/\",\"name\":\"ARGATECNIC\",\"description\":\"argamassas t\u00e9cnicas para a constru\u00e7\u00e3o\",\"potentialAction\":[{\"@type\":\"SearchAction\",\"target\":{\"@type\":\"EntryPoint\",\"urlTemplate\":\"https:\\\/\\\/argatecnic.pt\\\/fr\\\/?s={search_term_string}\"},\"query-input\":{\"@type\":\"PropertyValueSpecification\",\"valueRequired\":true,\"valueName\":\"search_term_string\"}}],\"inLanguage\":\"fr-FR\"}]}<\/script>\n<!-- \/ Yoast SEO plugin. -->","yoast_head_json":{"title":"NOUS CONTACTER - ARGATECNIC","robots":{"index":"index","follow":"follow","max-snippet":"max-snippet:-1","max-image-preview":"max-image-preview:large","max-video-preview":"max-video-preview:-1"},"canonical":"https:\/\/argatecnic.pt\/fr\/nous-contacter\/","og_locale":"fr_FR","og_type":"article","og_title":"NOUS CONTACTER - ARGATECNIC","og_description":"EMAIL geral@argatecnic.pt TELEPHONE +351 244 723 720appel vers le r\u00e9seau fixe national Adresse Rua dos Castanheiros 11, Boa Vista2420-415 Leiria, PORTUGAL Horaires d'ouverture 08h30 - 13h0014h30 - 18h00 Horaire sp\u00e9cial d'exp\u00e9dition: 08h30 \u00e0s 18h30 (sans interruption)","og_url":"https:\/\/argatecnic.pt\/fr\/nous-contacter\/","og_site_name":"ARGATECNIC","article_modified_time":"2024-03-14T16:08:26+00:00","og_image":[{"width":1069,"height":617,"url":"https:\/\/i0.wp.com\/argatecnic.pt\/wp-content\/uploads\/2022\/09\/apoio-tecnico.jpg?fit=1069%2C617&ssl=1","type":"image\/jpeg"}],"twitter_card":"summary_large_image","twitter_misc":{"Dur\u00e9e de lecture estim\u00e9e":"1 minute"},"schema":{"@context":"https:\/\/schema.org","@graph":[{"@type":"WebPage","@id":"https:\/\/argatecnic.pt\/fr\/nous-contacter\/","url":"https:\/\/argatecnic.pt\/fr\/nous-contacter\/","name":"NOUS CONTACTER - ARGATECNIC","isPartOf":{"@id":"https:\/\/argatecnic.pt\/fr\/#website"},"primaryImageOfPage":{"@id":"https:\/\/argatecnic.pt\/fr\/nous-contacter\/#primaryimage"},"image":{"@id":"https:\/\/argatecnic.pt\/fr\/nous-contacter\/#primaryimage"},"thumbnailUrl":"https:\/\/i0.wp.com\/argatecnic.pt\/wp-content\/uploads\/2022\/09\/apoio-tecnico.jpg?fit=1069%2C617&ssl=1","datePublished":"2023-11-07T15:53:39+00:00","dateModified":"2024-03-14T16:08:26+00:00","inLanguage":"fr-FR","potentialAction":[{"@type":"ReadAction","target":["https:\/\/argatecnic.pt\/fr\/nous-contacter\/"]}]},{"@type":"ImageObject","inLanguage":"fr-FR","@id":"https:\/\/argatecnic.pt\/fr\/nous-contacter\/#primaryimage","url":"https:\/\/i0.wp.com\/argatecnic.pt\/wp-content\/uploads\/2022\/09\/apoio-tecnico.jpg?fit=1069%2C617&ssl=1","contentUrl":"https:\/\/i0.wp.com\/argatecnic.pt\/wp-content\/uploads\/2022\/09\/apoio-tecnico.jpg?fit=1069%2C617&ssl=1","width":1069,"height":617},{"@type":"WebSite","@id":"https:\/\/argatecnic.pt\/fr\/#website","url":"https:\/\/argatecnic.pt\/fr\/","name":"ARGATECNIC","description":"argamassas t\u00e9cnicas para a constru\u00e7\u00e3o","potentialAction":[{"@type":"SearchAction","target":{"@type":"EntryPoint","urlTemplate":"https:\/\/argatecnic.pt\/fr\/?s={search_term_string}"},"query-input":{"@type":"PropertyValueSpecification","valueRequired":true,"valueName":"search_term_string"}}],"inLanguage":"fr-FR"}]}},"jetpack_sharing_enabled":true,"_links":{"self":[{"href":"https:\/\/argatecnic.pt\/fr\/wp-json\/wp\/v2\/pages\/8067","targetHints":{"allow":["GET"]}}],"collection":[{"href":"https:\/\/argatecnic.pt\/fr\/wp-json\/wp\/v2\/pages"}],"about":[{"href":"https:\/\/argatecnic.pt\/fr\/wp-json\/wp\/v2\/types\/page"}],"author":[{"embeddable":true,"href":"https:\/\/argatecnic.pt\/fr\/wp-json\/wp\/v2\/users\/1"}],"replies":[{"embeddable":true,"href":"https:\/\/argatecnic.pt\/fr\/wp-json\/wp\/v2\/comments?post=8067"}],"version-history":[{"count":0,"href":"https:\/\/argatecnic.pt\/fr\/wp-json\/wp\/v2\/pages\/8067\/revisions"}],"wp:featuredmedia":[{"embeddable":true,"href":"https:\/\/argatecnic.pt\/fr\/wp-json\/wp\/v2\/media\/4189"}],"wp:attachment":[{"href":"https:\/\/argatecnic.pt\/fr\/wp-json\/wp\/v2\/media?parent=8067"}],"curies":[{"name":"wp","href":"https:\/\/api.w.org\/{rel}","templated":true}]}}