{"id":8066,"date":"2023-11-07T13:55:56","date_gmt":"2023-11-07T12:55:56","guid":{"rendered":"https:\/\/argatecnic.pt\/certification\/"},"modified":"2024-03-14T16:57:54","modified_gmt":"2024-03-14T15:57:54","slug":"certification","status":"publish","type":"page","link":"https:\/\/argatecnic.pt\/fr\/certification\/","title":{"rendered":"Certification"},"content":{"rendered":"<p>[et_pb_section fb_built=\u00a0\u00bb1&Prime; admin_label=\u00a0\u00bbsection\u00a0\u00bb _builder_version=\u00a0\u00bb4.16&Prime; global_colors_info=\u00a0\u00bb{}\u00a0\u00bb][et_pb_row admin_label=\u00a0\u00bbrow\u00a0\u00bb _builder_version=\u00a0\u00bb4.16&Prime; background_size=\u00a0\u00bbinitial\u00a0\u00bb background_position=\u00a0\u00bbtop_left\u00a0\u00bb background_repeat=\u00a0\u00bbrepeat\u00a0\u00bb global_colors_info=\u00a0\u00bb{}\u00a0\u00bb][et_pb_column type=\u00a0\u00bb4_4&Prime; _builder_version=\u00a0\u00bb4.16&Prime; custom_padding=\u00a0\u00bb|||\u00a0\u00bb global_colors_info=\u00a0\u00bb{}\u00a0\u00bb custom_padding__hover=\u00a0\u00bb|||\u00a0\u00bb][et_pb_text admin_label=\u00a0\u00bbText\u00a0\u00bb _builder_version=\u00a0\u00bb4.23&Prime; background_size=\u00a0\u00bbinitial\u00a0\u00bb background_position=\u00a0\u00bbtop_left\u00a0\u00bb background_repeat=\u00a0\u00bbrepeat\u00a0\u00bb global_colors_info=\u00a0\u00bb{}\u00a0\u00bb]<\/p>\n<h4>CERTIFICATION NP EN ISO 9001 &#8211; Syst\u00e8me de gestion de la qualit\u00e9<\/h4>\n<p>ARGATECNIC est certifi\u00e9 par SGS (leader mondial de la certification) selon la norme NP EN ISO 9001:2015, qui est une r\u00e9f\u00e9rence internationale pour la certification des syst\u00e8mes de gestion de la qualit\u00e9.<\/p>\n<p>La mise en \u0153uvre du syst\u00e8me de gestion de la qualit\u00e9 (SGQ) est un facteur strat\u00e9gique qui nous permet d&rsquo;am\u00e9liorer continuellement nos performances globales et de continuer \u00e0 nous concentrer sur la fourniture de produits de haute qualit\u00e9.<\/p>\n<p>Cette certification refl\u00e8te nos efforts continus pour satisfaire toujours mieux nos clients, en leur transmettant une confiance et une s\u00e9curit\u00e9 accrues.<\/p>\n<a href='https:\/\/argatecnic.pt\/wp-content\/uploads\/2023\/05\/certificado-conformidade-9001.pdf' class='small-button smallblue'>Certificat<\/a>\n<p>[\/et_pb_text][\/et_pb_column][\/et_pb_row][\/et_pb_section]<\/p>\n","protected":false},"excerpt":{"rendered":"<p>CERTIFICATION NP EN ISO 9001 &#8211; Syst\u00e8me de gestion de la qualit\u00e9 ARGATECNIC est certifi\u00e9 par SGS (leader mondial de la certification) selon la norme NP EN ISO 9001:2015, qui est une r\u00e9f\u00e9rence internationale pour la certification des syst\u00e8mes de gestion de la qualit\u00e9. La mise en \u0153uvre du syst\u00e8me de gestion de la qualit\u00e9 [&hellip;]<\/p>\n","protected":false},"author":1,"featured_media":2447,"parent":0,"menu_order":0,"comment_status":"closed","ping_status":"closed","template":"","meta":{"_et_pb_use_builder":"on","_et_pb_old_content":"<h4>CERTIFICATION NP EN ISO 9001 - Syst\u00e8me de gestion de la qualit\u00e9<\/h4>\r\nARGATECNIC est certifi\u00e9 par SGS (leader mondial de la certification) selon la norme NP EN ISO 9001:2015, qui est une r\u00e9f\u00e9rence internationale pour la certification des syst\u00e8mes de gestion de la qualit\u00e9.\r\n\r\nLa mise en \u0153uvre du syst\u00e8me de gestion de la qualit\u00e9 (SGQ) est un facteur strat\u00e9gique qui nous permet d'am\u00e9liorer continuellement nos performances globales et de continuer \u00e0 nous concentrer sur la fourniture de produits de haute qualit\u00e9.\r\n\r\nCette certification refl\u00e8te nos efforts continus pour satisfaire toujours mieux nos clients, en leur transmettant une confiance et une s\u00e9curit\u00e9 accrues.\r\n\r\n[button link=\"https:\/\/argatecnic.pt\/wp-content\/uploads\/2023\/05\/certificado-conformidade-9001.pdf\"] Certificat[\/button]\r\n\r\n\u00a0\r\n<h4>NP 4457:2007 CERTIFICATION - Syst\u00e8me de management de la recherche, du d\u00e9veloppement et de l'innovation (RDI)<\/h4>\r\nLENARGATECNIC est \u00e9galement certifi\u00e9 par IDI - Research, Development and Innovation Management, conform\u00e9ment \u00e0 la norme NP 4457:2007.\r\n\r\nCette norme d\u00e9finit les exigences d'un syst\u00e8me efficace de gestion de la recherche, du d\u00e9veloppement et de l'innovation (RDI), dans le but principal d'aider les organisations \u00e0 promouvoir des politiques de RDI ayant un impact sur les niveaux d'efficacit\u00e9 et d'efficience de l'innovation (que ce soit dans le d\u00e9veloppement de nouveaux produits, processus, m\u00e9thodes marketing ou d'organisation).\r\n\r\nCette certification reconna\u00eet le travail accompli au cours des derni\u00e8res ann\u00e9es et t\u00e9moigne de notre engagement \u00e0 am\u00e9liorer en permanence l'efficacit\u00e9 et la performance de toutes nos activit\u00e9s, dans le but de proposer \u00e0 nos clients des produits innovants, distinctifs et de haute qualit\u00e9.\r\n\r\nLe succ\u00e8s de toute organisation passe par la recherche constante de l'am\u00e9lioration. Cro\u00eetre et s'am\u00e9liorer est notre objectif quotidien.\r\n\r\n<strong>[button link=\"https:\/\/argatecnic.pt\/wp-content\/uploads\/2023\/05\/certificado-conformidade-4457.pdf\"] Certificat[\/button]<\/strong>","_et_gb_content_width":"","footnotes":""},"class_list":["post-8066","page","type-page","status-publish","has-post-thumbnail","hentry"],"acf":[],"yoast_head":"<!-- This site is optimized with the Yoast SEO plugin v27.4 - https:\/\/yoast.com\/product\/yoast-seo-wordpress\/ -->\n<title>Certification - ARGATECNIC<\/title>\n<meta name=\"robots\" content=\"index, follow, max-snippet:-1, max-image-preview:large, max-video-preview:-1\" \/>\n<link rel=\"canonical\" href=\"https:\/\/argatecnic.pt\/fr\/certification\/\" \/>\n<meta property=\"og:locale\" content=\"fr_FR\" \/>\n<meta property=\"og:type\" content=\"article\" \/>\n<meta property=\"og:title\" content=\"Certification - ARGATECNIC\" \/>\n<meta property=\"og:description\" content=\"CERTIFICATION NP EN ISO 9001 - Syst\u00e8me de gestion de la qualit\u00e9 ARGATECNIC est certifi\u00e9 par SGS (leader mondial de la certification) selon la norme NP EN ISO 9001:2015, qui est une r\u00e9f\u00e9rence internationale pour la certification des syst\u00e8mes de gestion de la qualit\u00e9. La mise en \u0153uvre du syst\u00e8me de gestion de la qualit\u00e9 [&hellip;]\" \/>\n<meta property=\"og:url\" content=\"https:\/\/argatecnic.pt\/fr\/certification\/\" \/>\n<meta property=\"og:site_name\" content=\"ARGATECNIC\" \/>\n<meta property=\"article:modified_time\" content=\"2024-03-14T15:57:54+00:00\" \/>\n<meta property=\"og:image\" content=\"https:\/\/i0.wp.com\/argatecnic.pt\/wp-content\/uploads\/2022\/09\/certificacao-1-e1704282159142.png?fit=881%2C732&ssl=1\" \/>\n\t<meta property=\"og:image:width\" content=\"881\" \/>\n\t<meta property=\"og:image:height\" content=\"732\" \/>\n\t<meta property=\"og:image:type\" content=\"image\/png\" \/>\n<meta name=\"twitter:card\" content=\"summary_large_image\" \/>\n<meta name=\"twitter:label1\" content=\"Dur\u00e9e de lecture estim\u00e9e\" \/>\n\t<meta name=\"twitter:data1\" content=\"1 minute\" \/>\n<script type=\"application\/ld+json\" class=\"yoast-schema-graph\">{\"@context\":\"https:\\\/\\\/schema.org\",\"@graph\":[{\"@type\":\"WebPage\",\"@id\":\"https:\\\/\\\/argatecnic.pt\\\/fr\\\/certification\\\/\",\"url\":\"https:\\\/\\\/argatecnic.pt\\\/fr\\\/certification\\\/\",\"name\":\"Certification - ARGATECNIC\",\"isPartOf\":{\"@id\":\"https:\\\/\\\/argatecnic.pt\\\/fr\\\/#website\"},\"primaryImageOfPage\":{\"@id\":\"https:\\\/\\\/argatecnic.pt\\\/fr\\\/certification\\\/#primaryimage\"},\"image\":{\"@id\":\"https:\\\/\\\/argatecnic.pt\\\/fr\\\/certification\\\/#primaryimage\"},\"thumbnailUrl\":\"https:\\\/\\\/i0.wp.com\\\/argatecnic.pt\\\/wp-content\\\/uploads\\\/2022\\\/09\\\/certificacao-1-e1704282159142.png?fit=881%2C732&ssl=1\",\"datePublished\":\"2023-11-07T12:55:56+00:00\",\"dateModified\":\"2024-03-14T15:57:54+00:00\",\"inLanguage\":\"fr-FR\",\"potentialAction\":[{\"@type\":\"ReadAction\",\"target\":[\"https:\\\/\\\/argatecnic.pt\\\/fr\\\/certification\\\/\"]}]},{\"@type\":\"ImageObject\",\"inLanguage\":\"fr-FR\",\"@id\":\"https:\\\/\\\/argatecnic.pt\\\/fr\\\/certification\\\/#primaryimage\",\"url\":\"https:\\\/\\\/i0.wp.com\\\/argatecnic.pt\\\/wp-content\\\/uploads\\\/2022\\\/09\\\/certificacao-1-e1704282159142.png?fit=881%2C732&ssl=1\",\"contentUrl\":\"https:\\\/\\\/i0.wp.com\\\/argatecnic.pt\\\/wp-content\\\/uploads\\\/2022\\\/09\\\/certificacao-1-e1704282159142.png?fit=881%2C732&ssl=1\",\"width\":881,\"height\":732},{\"@type\":\"WebSite\",\"@id\":\"https:\\\/\\\/argatecnic.pt\\\/fr\\\/#website\",\"url\":\"https:\\\/\\\/argatecnic.pt\\\/fr\\\/\",\"name\":\"ARGATECNIC\",\"description\":\"argamassas t\u00e9cnicas para a constru\u00e7\u00e3o\",\"potentialAction\":[{\"@type\":\"SearchAction\",\"target\":{\"@type\":\"EntryPoint\",\"urlTemplate\":\"https:\\\/\\\/argatecnic.pt\\\/fr\\\/?s={search_term_string}\"},\"query-input\":{\"@type\":\"PropertyValueSpecification\",\"valueRequired\":true,\"valueName\":\"search_term_string\"}}],\"inLanguage\":\"fr-FR\"}]}<\/script>\n<!-- \/ Yoast SEO plugin. -->","yoast_head_json":{"title":"Certification - ARGATECNIC","robots":{"index":"index","follow":"follow","max-snippet":"max-snippet:-1","max-image-preview":"max-image-preview:large","max-video-preview":"max-video-preview:-1"},"canonical":"https:\/\/argatecnic.pt\/fr\/certification\/","og_locale":"fr_FR","og_type":"article","og_title":"Certification - ARGATECNIC","og_description":"CERTIFICATION NP EN ISO 9001 - Syst\u00e8me de gestion de la qualit\u00e9 ARGATECNIC est certifi\u00e9 par SGS (leader mondial de la certification) selon la norme NP EN ISO 9001:2015, qui est une r\u00e9f\u00e9rence internationale pour la certification des syst\u00e8mes de gestion de la qualit\u00e9. La mise en \u0153uvre du syst\u00e8me de gestion de la qualit\u00e9 [&hellip;]","og_url":"https:\/\/argatecnic.pt\/fr\/certification\/","og_site_name":"ARGATECNIC","article_modified_time":"2024-03-14T15:57:54+00:00","og_image":[{"width":881,"height":732,"url":"https:\/\/i0.wp.com\/argatecnic.pt\/wp-content\/uploads\/2022\/09\/certificacao-1-e1704282159142.png?fit=881%2C732&ssl=1","type":"image\/png"}],"twitter_card":"summary_large_image","twitter_misc":{"Dur\u00e9e de lecture estim\u00e9e":"1 minute"},"schema":{"@context":"https:\/\/schema.org","@graph":[{"@type":"WebPage","@id":"https:\/\/argatecnic.pt\/fr\/certification\/","url":"https:\/\/argatecnic.pt\/fr\/certification\/","name":"Certification - ARGATECNIC","isPartOf":{"@id":"https:\/\/argatecnic.pt\/fr\/#website"},"primaryImageOfPage":{"@id":"https:\/\/argatecnic.pt\/fr\/certification\/#primaryimage"},"image":{"@id":"https:\/\/argatecnic.pt\/fr\/certification\/#primaryimage"},"thumbnailUrl":"https:\/\/i0.wp.com\/argatecnic.pt\/wp-content\/uploads\/2022\/09\/certificacao-1-e1704282159142.png?fit=881%2C732&ssl=1","datePublished":"2023-11-07T12:55:56+00:00","dateModified":"2024-03-14T15:57:54+00:00","inLanguage":"fr-FR","potentialAction":[{"@type":"ReadAction","target":["https:\/\/argatecnic.pt\/fr\/certification\/"]}]},{"@type":"ImageObject","inLanguage":"fr-FR","@id":"https:\/\/argatecnic.pt\/fr\/certification\/#primaryimage","url":"https:\/\/i0.wp.com\/argatecnic.pt\/wp-content\/uploads\/2022\/09\/certificacao-1-e1704282159142.png?fit=881%2C732&ssl=1","contentUrl":"https:\/\/i0.wp.com\/argatecnic.pt\/wp-content\/uploads\/2022\/09\/certificacao-1-e1704282159142.png?fit=881%2C732&ssl=1","width":881,"height":732},{"@type":"WebSite","@id":"https:\/\/argatecnic.pt\/fr\/#website","url":"https:\/\/argatecnic.pt\/fr\/","name":"ARGATECNIC","description":"argamassas t\u00e9cnicas para a constru\u00e7\u00e3o","potentialAction":[{"@type":"SearchAction","target":{"@type":"EntryPoint","urlTemplate":"https:\/\/argatecnic.pt\/fr\/?s={search_term_string}"},"query-input":{"@type":"PropertyValueSpecification","valueRequired":true,"valueName":"search_term_string"}}],"inLanguage":"fr-FR"}]}},"jetpack_sharing_enabled":true,"_links":{"self":[{"href":"https:\/\/argatecnic.pt\/fr\/wp-json\/wp\/v2\/pages\/8066","targetHints":{"allow":["GET"]}}],"collection":[{"href":"https:\/\/argatecnic.pt\/fr\/wp-json\/wp\/v2\/pages"}],"about":[{"href":"https:\/\/argatecnic.pt\/fr\/wp-json\/wp\/v2\/types\/page"}],"author":[{"embeddable":true,"href":"https:\/\/argatecnic.pt\/fr\/wp-json\/wp\/v2\/users\/1"}],"replies":[{"embeddable":true,"href":"https:\/\/argatecnic.pt\/fr\/wp-json\/wp\/v2\/comments?post=8066"}],"version-history":[{"count":0,"href":"https:\/\/argatecnic.pt\/fr\/wp-json\/wp\/v2\/pages\/8066\/revisions"}],"wp:featuredmedia":[{"embeddable":true,"href":"https:\/\/argatecnic.pt\/fr\/wp-json\/wp\/v2\/media\/2447"}],"wp:attachment":[{"href":"https:\/\/argatecnic.pt\/fr\/wp-json\/wp\/v2\/media?parent=8066"}],"curies":[{"name":"wp","href":"https:\/\/api.w.org\/{rel}","templated":true}]}}