{"id":8060,"date":"2023-11-07T13:40:24","date_gmt":"2023-11-07T12:40:24","guid":{"rendered":"https:\/\/argatecnic.pt\/a-propos-de-nous\/"},"modified":"2024-03-18T11:05:21","modified_gmt":"2024-03-18T10:05:21","slug":"a-propos-de-nous","status":"publish","type":"page","link":"https:\/\/argatecnic.pt\/fr\/a-propos-de-nous\/","title":{"rendered":"QUI SOMMES-NOUS ?"},"content":{"rendered":"\r\n<h2 class=\"wp-block-heading\"><strong>DEPUIS 1982 &#8211; MORTIERS TECHNIQUES POUR LA CONSTRUCTION <\/strong><\/h2>\r\n<p><span style=\"color: #000000;\"><span style=\"font-size: 14px;\">A LENARGATECNIC, LDA., comercialmente designada por\u00a0<\/span><strong style=\"font-size: 14px;\">ARGATECNIC<\/strong><span style=\"font-size: 14px;\">\u00a0(marca registada), iniciou a sua atividade em 1982, em Leiria, com o fabrico de cimentos cola. Foi a empresa nacional pioneira na certifica\u00e7\u00e3o desta gama de produtos, primando pela sua qualidade e garantia, sendo uma refer\u00eancia no setor. Foi inclusivamente o s\u00f3cio fundador n\u00ba2 da APFAC (Associa\u00e7\u00e3o Portuguesa dos Fabricantes de Argamassas de Constru\u00e7\u00e3o), considerando ser uma mais-valia para a partilha de conhecimento e para a promo\u00e7\u00e3o da marca.<\/span><\/span><\/p>\r\n<p><span style=\"color: #000000;\">Desde essa altura que o crescimento e alargamento da gama de produtos tem sido uma constante, disponibilizando atualmente solu\u00e7\u00f5es t\u00e9cnicas e de reabilita\u00e7\u00e3o na \u00e1rea do isolamento t\u00e9rmico, na \u00e1rea das argamassas \u00e0\u00a0base de cal e repara\u00e7\u00e3o de bet\u00e3o, solu\u00e7\u00f5es de impermeabiliza\u00e7\u00e3o, autonivelantes, entre outros. Com uma<strong>\u00a0forte aposta no desenvolvimento e inova\u00e7\u00e3o<\/strong>, a LENARGATECNIC, LDA. procura novas\u00a0<strong>solu\u00e7\u00f5es<\/strong>, de\u00a0<strong>cariz sustent\u00e1vel<\/strong>, com utiliza\u00e7\u00e3o de\u00a0<strong>materiais reciclados<\/strong>\u00a0e\u00a0<strong>mat\u00e9rias-primas ecol\u00f3gicas<\/strong>\u00a0(baixas emiss\u00f5es gasosas), minimizando a utiliza\u00e7\u00e3o de recursos naturais. A preocupa\u00e7\u00e3o com o meio ambiente \u00e9 fundamental, pois s\u00f3 deste modo conseguiremos assegurar o futuro das pr\u00f3ximas gera\u00e7\u00f5es.<\/span><\/p>\r\n<p><span style=\"color: #000000;\">A LENARGATECNIC, LDA. \u00e9 uma empresa de ra\u00edzes familiares, que tem crescido e evolu\u00eddo, acompanhando as atuais exig\u00eancias do mercado.\u00a0<strong>Orgulha-se de ao longo destes anos ter conseguido superar com sucesso todas as adversidades e de atualmente contar com a colabora\u00e7\u00e3o de uma equipa forte, coesa e determinada.\u00a0<\/strong><\/span><\/p>\r\n","protected":false},"excerpt":{"rendered":"<p>DEPUIS 1982 &#8211; MORTIERS TECHNIQUES POUR LA CONSTRUCTION A LENARGATECNIC, LDA., comercialmente designada por\u00a0ARGATECNIC\u00a0(marca registada), iniciou a sua atividade em 1982, em Leiria, com o fabrico de cimentos cola. Foi a empresa nacional pioneira na certifica\u00e7\u00e3o desta gama de produtos, primando pela sua qualidade e garantia, sendo uma refer\u00eancia no setor. Foi inclusivamente o s\u00f3cio [&hellip;]<\/p>\n","protected":false},"author":1,"featured_media":2385,"parent":0,"menu_order":0,"comment_status":"closed","ping_status":"closed","template":"","meta":{"_et_pb_use_builder":"off","_et_pb_old_content":"","_et_gb_content_width":"","footnotes":""},"class_list":["post-8060","page","type-page","status-publish","has-post-thumbnail","hentry"],"acf":[],"yoast_head":"<!-- This site is optimized with the Yoast SEO plugin v27.4 - https:\/\/yoast.com\/product\/yoast-seo-wordpress\/ -->\n<title>QUI SOMMES-NOUS ? - ARGATECNIC<\/title>\n<meta name=\"robots\" content=\"index, follow, max-snippet:-1, max-image-preview:large, max-video-preview:-1\" \/>\n<link rel=\"canonical\" href=\"https:\/\/argatecnic.pt\/fr\/a-propos-de-nous\/\" \/>\n<meta property=\"og:locale\" content=\"fr_FR\" \/>\n<meta property=\"og:type\" content=\"article\" \/>\n<meta property=\"og:title\" content=\"QUI SOMMES-NOUS ? - ARGATECNIC\" \/>\n<meta property=\"og:description\" content=\"DEPUIS 1982 &#8211; MORTIERS TECHNIQUES POUR LA CONSTRUCTION A LENARGATECNIC, LDA., comercialmente designada por\u00a0ARGATECNIC\u00a0(marca registada), iniciou a sua atividade em 1982, em Leiria, com o fabrico de cimentos cola. Foi a empresa nacional pioneira na certifica\u00e7\u00e3o desta gama de produtos, primando pela sua qualidade e garantia, sendo uma refer\u00eancia no setor. Foi inclusivamente o s\u00f3cio [&hellip;]\" \/>\n<meta property=\"og:url\" content=\"https:\/\/argatecnic.pt\/fr\/a-propos-de-nous\/\" \/>\n<meta property=\"og:site_name\" content=\"ARGATECNIC\" \/>\n<meta property=\"article:modified_time\" content=\"2024-03-18T10:05:21+00:00\" \/>\n<meta property=\"og:image\" content=\"https:\/\/i0.wp.com\/argatecnic.pt\/wp-content\/uploads\/2022\/09\/EQUIPA.jpg?fit=1069%2C884&ssl=1\" \/>\n\t<meta property=\"og:image:width\" content=\"1069\" \/>\n\t<meta property=\"og:image:height\" content=\"884\" \/>\n\t<meta property=\"og:image:type\" content=\"image\/jpeg\" \/>\n<meta name=\"twitter:card\" content=\"summary_large_image\" \/>\n<meta name=\"twitter:label1\" content=\"Dur\u00e9e de lecture estim\u00e9e\" \/>\n\t<meta name=\"twitter:data1\" content=\"2 minutes\" \/>\n<script type=\"application\/ld+json\" class=\"yoast-schema-graph\">{\"@context\":\"https:\\\/\\\/schema.org\",\"@graph\":[{\"@type\":\"WebPage\",\"@id\":\"https:\\\/\\\/argatecnic.pt\\\/fr\\\/a-propos-de-nous\\\/\",\"url\":\"https:\\\/\\\/argatecnic.pt\\\/fr\\\/a-propos-de-nous\\\/\",\"name\":\"QUI SOMMES-NOUS ? - ARGATECNIC\",\"isPartOf\":{\"@id\":\"https:\\\/\\\/argatecnic.pt\\\/fr\\\/#website\"},\"primaryImageOfPage\":{\"@id\":\"https:\\\/\\\/argatecnic.pt\\\/fr\\\/a-propos-de-nous\\\/#primaryimage\"},\"image\":{\"@id\":\"https:\\\/\\\/argatecnic.pt\\\/fr\\\/a-propos-de-nous\\\/#primaryimage\"},\"thumbnailUrl\":\"https:\\\/\\\/i0.wp.com\\\/argatecnic.pt\\\/wp-content\\\/uploads\\\/2022\\\/09\\\/EQUIPA.jpg?fit=1069%2C884&ssl=1\",\"datePublished\":\"2023-11-07T12:40:24+00:00\",\"dateModified\":\"2024-03-18T10:05:21+00:00\",\"inLanguage\":\"fr-FR\",\"potentialAction\":[{\"@type\":\"ReadAction\",\"target\":[\"https:\\\/\\\/argatecnic.pt\\\/fr\\\/a-propos-de-nous\\\/\"]}]},{\"@type\":\"ImageObject\",\"inLanguage\":\"fr-FR\",\"@id\":\"https:\\\/\\\/argatecnic.pt\\\/fr\\\/a-propos-de-nous\\\/#primaryimage\",\"url\":\"https:\\\/\\\/i0.wp.com\\\/argatecnic.pt\\\/wp-content\\\/uploads\\\/2022\\\/09\\\/EQUIPA.jpg?fit=1069%2C884&ssl=1\",\"contentUrl\":\"https:\\\/\\\/i0.wp.com\\\/argatecnic.pt\\\/wp-content\\\/uploads\\\/2022\\\/09\\\/EQUIPA.jpg?fit=1069%2C884&ssl=1\",\"width\":1069,\"height\":884},{\"@type\":\"WebSite\",\"@id\":\"https:\\\/\\\/argatecnic.pt\\\/fr\\\/#website\",\"url\":\"https:\\\/\\\/argatecnic.pt\\\/fr\\\/\",\"name\":\"ARGATECNIC\",\"description\":\"argamassas t\u00e9cnicas para a constru\u00e7\u00e3o\",\"potentialAction\":[{\"@type\":\"SearchAction\",\"target\":{\"@type\":\"EntryPoint\",\"urlTemplate\":\"https:\\\/\\\/argatecnic.pt\\\/fr\\\/?s={search_term_string}\"},\"query-input\":{\"@type\":\"PropertyValueSpecification\",\"valueRequired\":true,\"valueName\":\"search_term_string\"}}],\"inLanguage\":\"fr-FR\"}]}<\/script>\n<!-- \/ Yoast SEO plugin. -->","yoast_head_json":{"title":"QUI SOMMES-NOUS ? - ARGATECNIC","robots":{"index":"index","follow":"follow","max-snippet":"max-snippet:-1","max-image-preview":"max-image-preview:large","max-video-preview":"max-video-preview:-1"},"canonical":"https:\/\/argatecnic.pt\/fr\/a-propos-de-nous\/","og_locale":"fr_FR","og_type":"article","og_title":"QUI SOMMES-NOUS ? - ARGATECNIC","og_description":"DEPUIS 1982 &#8211; MORTIERS TECHNIQUES POUR LA CONSTRUCTION A LENARGATECNIC, LDA., comercialmente designada por\u00a0ARGATECNIC\u00a0(marca registada), iniciou a sua atividade em 1982, em Leiria, com o fabrico de cimentos cola. Foi a empresa nacional pioneira na certifica\u00e7\u00e3o desta gama de produtos, primando pela sua qualidade e garantia, sendo uma refer\u00eancia no setor. Foi inclusivamente o s\u00f3cio [&hellip;]","og_url":"https:\/\/argatecnic.pt\/fr\/a-propos-de-nous\/","og_site_name":"ARGATECNIC","article_modified_time":"2024-03-18T10:05:21+00:00","og_image":[{"width":1069,"height":884,"url":"https:\/\/i0.wp.com\/argatecnic.pt\/wp-content\/uploads\/2022\/09\/EQUIPA.jpg?fit=1069%2C884&ssl=1","type":"image\/jpeg"}],"twitter_card":"summary_large_image","twitter_misc":{"Dur\u00e9e de lecture estim\u00e9e":"2 minutes"},"schema":{"@context":"https:\/\/schema.org","@graph":[{"@type":"WebPage","@id":"https:\/\/argatecnic.pt\/fr\/a-propos-de-nous\/","url":"https:\/\/argatecnic.pt\/fr\/a-propos-de-nous\/","name":"QUI SOMMES-NOUS ? - ARGATECNIC","isPartOf":{"@id":"https:\/\/argatecnic.pt\/fr\/#website"},"primaryImageOfPage":{"@id":"https:\/\/argatecnic.pt\/fr\/a-propos-de-nous\/#primaryimage"},"image":{"@id":"https:\/\/argatecnic.pt\/fr\/a-propos-de-nous\/#primaryimage"},"thumbnailUrl":"https:\/\/i0.wp.com\/argatecnic.pt\/wp-content\/uploads\/2022\/09\/EQUIPA.jpg?fit=1069%2C884&ssl=1","datePublished":"2023-11-07T12:40:24+00:00","dateModified":"2024-03-18T10:05:21+00:00","inLanguage":"fr-FR","potentialAction":[{"@type":"ReadAction","target":["https:\/\/argatecnic.pt\/fr\/a-propos-de-nous\/"]}]},{"@type":"ImageObject","inLanguage":"fr-FR","@id":"https:\/\/argatecnic.pt\/fr\/a-propos-de-nous\/#primaryimage","url":"https:\/\/i0.wp.com\/argatecnic.pt\/wp-content\/uploads\/2022\/09\/EQUIPA.jpg?fit=1069%2C884&ssl=1","contentUrl":"https:\/\/i0.wp.com\/argatecnic.pt\/wp-content\/uploads\/2022\/09\/EQUIPA.jpg?fit=1069%2C884&ssl=1","width":1069,"height":884},{"@type":"WebSite","@id":"https:\/\/argatecnic.pt\/fr\/#website","url":"https:\/\/argatecnic.pt\/fr\/","name":"ARGATECNIC","description":"argamassas t\u00e9cnicas para a constru\u00e7\u00e3o","potentialAction":[{"@type":"SearchAction","target":{"@type":"EntryPoint","urlTemplate":"https:\/\/argatecnic.pt\/fr\/?s={search_term_string}"},"query-input":{"@type":"PropertyValueSpecification","valueRequired":true,"valueName":"search_term_string"}}],"inLanguage":"fr-FR"}]}},"jetpack_sharing_enabled":true,"_links":{"self":[{"href":"https:\/\/argatecnic.pt\/fr\/wp-json\/wp\/v2\/pages\/8060","targetHints":{"allow":["GET"]}}],"collection":[{"href":"https:\/\/argatecnic.pt\/fr\/wp-json\/wp\/v2\/pages"}],"about":[{"href":"https:\/\/argatecnic.pt\/fr\/wp-json\/wp\/v2\/types\/page"}],"author":[{"embeddable":true,"href":"https:\/\/argatecnic.pt\/fr\/wp-json\/wp\/v2\/users\/1"}],"replies":[{"embeddable":true,"href":"https:\/\/argatecnic.pt\/fr\/wp-json\/wp\/v2\/comments?post=8060"}],"version-history":[{"count":0,"href":"https:\/\/argatecnic.pt\/fr\/wp-json\/wp\/v2\/pages\/8060\/revisions"}],"wp:featuredmedia":[{"embeddable":true,"href":"https:\/\/argatecnic.pt\/fr\/wp-json\/wp\/v2\/media\/2385"}],"wp:attachment":[{"href":"https:\/\/argatecnic.pt\/fr\/wp-json\/wp\/v2\/media?parent=8060"}],"curies":[{"name":"wp","href":"https:\/\/api.w.org\/{rel}","templated":true}]}}