{"id":5738,"date":"2023-05-16T09:12:52","date_gmt":"2023-05-16T08:12:53","guid":{"rendered":"https:\/\/argatecnic.pt\/?post_type=product&#038;p=5738"},"modified":"2025-02-26T13:32:47","modified_gmt":"2025-02-26T12:32:47","slug":"gestap","status":"publish","type":"product","link":"https:\/\/argatecnic.pt\/en\/product\/plaster\/gestap\/","title":{"rendered":"GESTAP"},"content":{"rendered":"<p><span style=\"color: #96648d;\"><strong>PRESENTATION:<\/strong><\/span><br \/>\n20 kg bags<\/p>\n<p><span style=\"color: #96648d;\"><strong>DOMAIN OF UTILIZATION:\u00a0<\/strong><\/span><br \/>\nGESTAP is suitable for creating joints in all types of gypsum boards, as well as for filling irregularities in the boards, finishing over screws, and repairing minor damages, resulting in smooth and flat surfaces. Level of finishing: Q3.<\/p>\n<p><span style=\"color: #96648d;\"><strong>MORTAR PREPARATION:<\/strong><\/span><br \/>\nGESTAP is prepared by slowly mixing the product in a clean container with 0.5 liters of water\/kg until saturation. Allow it to rest for 5 minutes, so that the additives can act properly, and mix manually or with a mixer until obtaining a creamy, homogeneous, and consistent paste for application.<\/p>\n<p><span style=\"color: #96648d;\"><strong>WORKING TIME:<\/strong><\/span><br \/>\nAvailable in 1-hour and 2-hour versions.<\/p>\n","protected":false},"excerpt":{"rendered":"<p><a href=\"https:\/\/argatecnic.pt\/wp-content\/uploads\/2023\/05\/marcador-gesso.svg\"><img loading=\"lazy\" decoding=\"async\" class=\"alignnone wp-image-5717\" src=\"https:\/\/argatecnic.pt\/wp-content\/uploads\/2023\/05\/marcador-gesso.svg\" alt=\"\" width=\"21\" height=\"14\" \/><\/a>\u00a0 Excellent workability<br \/>\n<a href=\"https:\/\/argatecnic.pt\/wp-content\/uploads\/2023\/05\/marcador-gesso.svg\"><img loading=\"lazy\" decoding=\"async\" class=\"alignnone wp-image-5717\" src=\"https:\/\/argatecnic.pt\/wp-content\/uploads\/2023\/05\/marcador-gesso.svg\" alt=\"\" width=\"21\" height=\"14\" \/><\/a>\u00a0 Good coverage power<br \/>\n<a href=\"https:\/\/argatecnic.pt\/wp-content\/uploads\/2023\/05\/marcador-gesso.svg\"><img loading=\"lazy\" decoding=\"async\" class=\"alignnone wp-image-5717\" src=\"https:\/\/argatecnic.pt\/wp-content\/uploads\/2023\/05\/marcador-gesso.svg\" alt=\"\" width=\"21\" height=\"14\" \/><\/a>\u00a0 High adhesion<br \/>\n<a href=\"https:\/\/argatecnic.pt\/wp-content\/uploads\/2023\/05\/marcador-gesso.svg\"><img loading=\"lazy\" decoding=\"async\" class=\"alignnone wp-image-5717\" src=\"https:\/\/argatecnic.pt\/wp-content\/uploads\/2023\/05\/marcador-gesso.svg\" alt=\"\" width=\"21\" height=\"14\" \/><\/a>\u00a0 Manual\/mechanical mixing<\/p>\n<p>&nbsp;<\/p>\n<p><img loading=\"lazy\" decoding=\"async\" class=\"alignnone wp-image-6369\" src=\"https:\/\/argatecnic.pt\/wp-content\/uploads\/2023\/05\/gestap-characteristics-en.svg\" alt=\"\" width=\"400\" height=\"112\" \/><\/p>\n<p>&nbsp;<\/p>\n<p><img loading=\"lazy\" decoding=\"async\" class=\"alignnone wp-image-5711\" src=\"https:\/\/argatecnic.pt\/wp-content\/uploads\/2023\/05\/gestap-classificacao.svg\" alt=\"\" width=\"89\" height=\"89\" \/><\/p>\n<p><img loading=\"lazy\" decoding=\"async\" class=\"alignnone wp-image-5181\" src=\"https:\/\/argatecnic.pt\/wp-content\/uploads\/2023\/04\/cor-white-en.svg\" alt=\"\" width=\"41\" height=\"50\" \/><\/p>\n","protected":false},"featured_media":5804,"comment_status":"open","ping_status":"closed","template":"","meta":{"_et_pb_use_builder":"","_et_pb_old_content":"","_et_gb_content_width":""},"product_brand":[],"product_cat":[167],"product_tag":[],"class_list":{"0":"post-5738","1":"product","2":"type-product","3":"status-publish","4":"has-post-thumbnail","6":"product_cat-plaster","8":"first","9":"instock","10":"shipping-taxable","11":"product-type-simple"},"acf":[],"yoast_head":"<!-- This site is optimized with the Yoast SEO plugin v27.4 - https:\/\/yoast.com\/product\/yoast-seo-wordpress\/ -->\n<title>GESTAP - ARGATECNIC<\/title>\n<meta name=\"robots\" content=\"index, follow, max-snippet:-1, max-image-preview:large, max-video-preview:-1\" \/>\n<link rel=\"canonical\" href=\"https:\/\/argatecnic.pt\/en\/product\/plaster\/gestap\/\" \/>\n<meta property=\"og:locale\" content=\"en_US\" \/>\n<meta property=\"og:type\" content=\"article\" \/>\n<meta property=\"og:title\" content=\"GESTAP - ARGATECNIC\" \/>\n<meta property=\"og:description\" content=\"\u00a0 Excellent workability \u00a0 Good coverage power \u00a0 High adhesion \u00a0 Manual\/mechanical mixing  &nbsp;    &nbsp;\" \/>\n<meta property=\"og:url\" content=\"https:\/\/argatecnic.pt\/en\/product\/plaster\/gestap\/\" \/>\n<meta property=\"og:site_name\" content=\"ARGATECNIC\" \/>\n<meta property=\"article:modified_time\" content=\"2025-02-26T12:32:47+00:00\" \/>\n<meta property=\"og:image\" content=\"https:\/\/argatecnic.pt\/wp-content\/uploads\/2023\/05\/gestap-mockup-1-905x1024.png\" \/>\n\t<meta property=\"og:image:width\" content=\"905\" \/>\n\t<meta property=\"og:image:height\" content=\"1024\" \/>\n\t<meta property=\"og:image:type\" content=\"image\/png\" \/>\n<meta name=\"twitter:card\" content=\"summary_large_image\" \/>\n<meta name=\"twitter:label1\" content=\"Est. reading time\" \/>\n\t<meta name=\"twitter:data1\" content=\"1 minute\" \/>\n<script type=\"application\/ld+json\" class=\"yoast-schema-graph\">{\"@context\":\"https:\\\/\\\/schema.org\",\"@graph\":[{\"@type\":\"WebPage\",\"@id\":\"https:\\\/\\\/argatecnic.pt\\\/en\\\/product\\\/plaster\\\/gestap\\\/\",\"url\":\"https:\\\/\\\/argatecnic.pt\\\/en\\\/product\\\/plaster\\\/gestap\\\/\",\"name\":\"GESTAP - ARGATECNIC\",\"isPartOf\":{\"@id\":\"https:\\\/\\\/argatecnic.pt\\\/en\\\/#website\"},\"primaryImageOfPage\":{\"@id\":\"https:\\\/\\\/argatecnic.pt\\\/en\\\/product\\\/plaster\\\/gestap\\\/#primaryimage\"},\"image\":{\"@id\":\"https:\\\/\\\/argatecnic.pt\\\/en\\\/product\\\/plaster\\\/gestap\\\/#primaryimage\"},\"thumbnailUrl\":\"https:\\\/\\\/i0.wp.com\\\/argatecnic.pt\\\/wp-content\\\/uploads\\\/2023\\\/05\\\/gestap-mockup-1.png?fit=2968%2C3358&ssl=1\",\"datePublished\":\"2023-05-16T08:12:53+00:00\",\"dateModified\":\"2025-02-26T12:32:47+00:00\",\"breadcrumb\":{\"@id\":\"https:\\\/\\\/argatecnic.pt\\\/en\\\/product\\\/plaster\\\/gestap\\\/#breadcrumb\"},\"inLanguage\":\"en-US\",\"potentialAction\":[{\"@type\":\"ReadAction\",\"target\":[\"https:\\\/\\\/argatecnic.pt\\\/en\\\/product\\\/plaster\\\/gestap\\\/\"]}]},{\"@type\":\"ImageObject\",\"inLanguage\":\"en-US\",\"@id\":\"https:\\\/\\\/argatecnic.pt\\\/en\\\/product\\\/plaster\\\/gestap\\\/#primaryimage\",\"url\":\"https:\\\/\\\/i0.wp.com\\\/argatecnic.pt\\\/wp-content\\\/uploads\\\/2023\\\/05\\\/gestap-mockup-1.png?fit=2968%2C3358&ssl=1\",\"contentUrl\":\"https:\\\/\\\/i0.wp.com\\\/argatecnic.pt\\\/wp-content\\\/uploads\\\/2023\\\/05\\\/gestap-mockup-1.png?fit=2968%2C3358&ssl=1\",\"width\":2968,\"height\":3358},{\"@type\":\"BreadcrumbList\",\"@id\":\"https:\\\/\\\/argatecnic.pt\\\/en\\\/product\\\/plaster\\\/gestap\\\/#breadcrumb\",\"itemListElement\":[{\"@type\":\"ListItem\",\"position\":1,\"name\":\"Loja\",\"item\":\"https:\\\/\\\/argatecnic.pt\\\/en\\\/loja\\\/\"},{\"@type\":\"ListItem\",\"position\":2,\"name\":\"GESTAP\"}]},{\"@type\":\"WebSite\",\"@id\":\"https:\\\/\\\/argatecnic.pt\\\/en\\\/#website\",\"url\":\"https:\\\/\\\/argatecnic.pt\\\/en\\\/\",\"name\":\"ARGATECNIC\",\"description\":\"argamassas t\u00e9cnicas para a constru\u00e7\u00e3o\",\"potentialAction\":[{\"@type\":\"SearchAction\",\"target\":{\"@type\":\"EntryPoint\",\"urlTemplate\":\"https:\\\/\\\/argatecnic.pt\\\/en\\\/?s={search_term_string}\"},\"query-input\":{\"@type\":\"PropertyValueSpecification\",\"valueRequired\":true,\"valueName\":\"search_term_string\"}}],\"inLanguage\":\"en-US\"}]}<\/script>\n<!-- \/ Yoast SEO plugin. -->","yoast_head_json":{"title":"GESTAP - ARGATECNIC","robots":{"index":"index","follow":"follow","max-snippet":"max-snippet:-1","max-image-preview":"max-image-preview:large","max-video-preview":"max-video-preview:-1"},"canonical":"https:\/\/argatecnic.pt\/en\/product\/plaster\/gestap\/","og_locale":"en_US","og_type":"article","og_title":"GESTAP - ARGATECNIC","og_description":"\u00a0 Excellent workability \u00a0 Good coverage power \u00a0 High adhesion \u00a0 Manual\/mechanical mixing  &nbsp;    &nbsp;","og_url":"https:\/\/argatecnic.pt\/en\/product\/plaster\/gestap\/","og_site_name":"ARGATECNIC","article_modified_time":"2025-02-26T12:32:47+00:00","og_image":[{"width":905,"height":1024,"url":"https:\/\/argatecnic.pt\/wp-content\/uploads\/2023\/05\/gestap-mockup-1-905x1024.png","type":"image\/png"}],"twitter_card":"summary_large_image","twitter_misc":{"Est. reading time":"1 minute"},"schema":{"@context":"https:\/\/schema.org","@graph":[{"@type":"WebPage","@id":"https:\/\/argatecnic.pt\/en\/product\/plaster\/gestap\/","url":"https:\/\/argatecnic.pt\/en\/product\/plaster\/gestap\/","name":"GESTAP - ARGATECNIC","isPartOf":{"@id":"https:\/\/argatecnic.pt\/en\/#website"},"primaryImageOfPage":{"@id":"https:\/\/argatecnic.pt\/en\/product\/plaster\/gestap\/#primaryimage"},"image":{"@id":"https:\/\/argatecnic.pt\/en\/product\/plaster\/gestap\/#primaryimage"},"thumbnailUrl":"https:\/\/i0.wp.com\/argatecnic.pt\/wp-content\/uploads\/2023\/05\/gestap-mockup-1.png?fit=2968%2C3358&ssl=1","datePublished":"2023-05-16T08:12:53+00:00","dateModified":"2025-02-26T12:32:47+00:00","breadcrumb":{"@id":"https:\/\/argatecnic.pt\/en\/product\/plaster\/gestap\/#breadcrumb"},"inLanguage":"en-US","potentialAction":[{"@type":"ReadAction","target":["https:\/\/argatecnic.pt\/en\/product\/plaster\/gestap\/"]}]},{"@type":"ImageObject","inLanguage":"en-US","@id":"https:\/\/argatecnic.pt\/en\/product\/plaster\/gestap\/#primaryimage","url":"https:\/\/i0.wp.com\/argatecnic.pt\/wp-content\/uploads\/2023\/05\/gestap-mockup-1.png?fit=2968%2C3358&ssl=1","contentUrl":"https:\/\/i0.wp.com\/argatecnic.pt\/wp-content\/uploads\/2023\/05\/gestap-mockup-1.png?fit=2968%2C3358&ssl=1","width":2968,"height":3358},{"@type":"BreadcrumbList","@id":"https:\/\/argatecnic.pt\/en\/product\/plaster\/gestap\/#breadcrumb","itemListElement":[{"@type":"ListItem","position":1,"name":"Loja","item":"https:\/\/argatecnic.pt\/en\/loja\/"},{"@type":"ListItem","position":2,"name":"GESTAP"}]},{"@type":"WebSite","@id":"https:\/\/argatecnic.pt\/en\/#website","url":"https:\/\/argatecnic.pt\/en\/","name":"ARGATECNIC","description":"argamassas t\u00e9cnicas para a constru\u00e7\u00e3o","potentialAction":[{"@type":"SearchAction","target":{"@type":"EntryPoint","urlTemplate":"https:\/\/argatecnic.pt\/en\/?s={search_term_string}"},"query-input":{"@type":"PropertyValueSpecification","valueRequired":true,"valueName":"search_term_string"}}],"inLanguage":"en-US"}]}},"jetpack_sharing_enabled":true,"_links":{"self":[{"href":"https:\/\/argatecnic.pt\/en\/wp-json\/wp\/v2\/product\/5738","targetHints":{"allow":["GET"]}}],"collection":[{"href":"https:\/\/argatecnic.pt\/en\/wp-json\/wp\/v2\/product"}],"about":[{"href":"https:\/\/argatecnic.pt\/en\/wp-json\/wp\/v2\/types\/product"}],"replies":[{"embeddable":true,"href":"https:\/\/argatecnic.pt\/en\/wp-json\/wp\/v2\/comments?post=5738"}],"wp:featuredmedia":[{"embeddable":true,"href":"https:\/\/argatecnic.pt\/en\/wp-json\/wp\/v2\/media\/5804"}],"wp:attachment":[{"href":"https:\/\/argatecnic.pt\/en\/wp-json\/wp\/v2\/media?parent=5738"}],"wp:term":[{"taxonomy":"product_brand","embeddable":true,"href":"https:\/\/argatecnic.pt\/en\/wp-json\/wp\/v2\/product_brand?post=5738"},{"taxonomy":"product_cat","embeddable":true,"href":"https:\/\/argatecnic.pt\/en\/wp-json\/wp\/v2\/product_cat?post=5738"},{"taxonomy":"product_tag","embeddable":true,"href":"https:\/\/argatecnic.pt\/en\/wp-json\/wp\/v2\/product_tag?post=5738"}],"curies":[{"name":"wp","href":"https:\/\/api.w.org\/{rel}","templated":true}]}}