{"id":5292,"date":"2022-09-13T16:24:51","date_gmt":"2022-09-13T16:24:51","guid":{"rendered":"https:\/\/argatecnic.pt\/produto\/uncategorized\/lena-870\/"},"modified":"2025-02-26T12:26:32","modified_gmt":"2025-02-26T11:26:32","slug":"lena-870","status":"publish","type":"product","link":"https:\/\/argatecnic.pt\/en\/product\/complementary\/lena-870\/","title":{"rendered":"LENA 870"},"content":{"rendered":"<p><span style=\"color: #0e8a71;\"><strong>PRESENTATION:<\/strong><\/span><br \/>\n5L and 20L buckets<\/p>\n<p><span style=\"color: #0e8a71;\"><strong>DOMAIN OF UTILIZATION:\u00a0<\/strong><\/span><br \/>\nLENA 870 can be used as an adhesion promoter (in the form of an additive or adhesion primer) or as an additive, when added to mortars (additive mortar). It is used as a promoter when seeking to improve the adhesion of mortars to surfaces with low absorption properties and porosity, such as those made out of concrete or old plaster. When used as an additive in ARGATECNIC dry mortars, it makes an excellent plaster repair product.<\/p>\n<p><span style=\"color: #0e8a71;\"><strong>PREPARATION:<\/strong><\/span><br \/>\nThe product preparation depends on the intended application type, according to the table below:<\/p>\n<p><img loading=\"lazy\" decoding=\"async\" data-attachment-id=\"5374\" data-permalink=\"https:\/\/argatecnic.pt\/en\/produto\/complementares\/lena-870\/attachment\/870-applications\/\" data-orig-file=\"https:\/\/argatecnic.pt\/wp-content\/uploads\/2022\/09\/870-applications.svg\" data-orig-size=\"1585,608\" data-comments-opened=\"1\" data-image-meta=\"[]\" data-image-title=\"870-applications\" data-image-description=\"\" data-image-caption=\"\" data-large-file=\"https:\/\/argatecnic.pt\/wp-content\/uploads\/2022\/09\/870-applications.svg\" class=\"alignnone wp-image-5374 \" src=\"https:\/\/argatecnic.pt\/wp-content\/uploads\/2022\/09\/870-applications.svg\" alt=\"\" width=\"861\" height=\"341\" \/><\/p>\n<p>&nbsp;<\/p>\n","protected":false},"excerpt":{"rendered":"<p><a href=\"https:\/\/argatecnic.pt\/wp-content\/uploads\/2022\/09\/marcador-complementares.svg\"><img loading=\"lazy\" decoding=\"async\" class=\"alignnone wp-image-1297\" src=\"https:\/\/argatecnic.pt\/wp-content\/uploads\/2022\/09\/marcador-complementares.svg\" alt=\"\" width=\"21\" height=\"14\" \/><\/a><a href=\"https:\/\/argatecnic.pt\/wp-content\/uploads\/2022\/09\/marcador-impermeabilizacao.svg\">\u00a0<\/a> Adhesion promoter on various substrates<br \/>\n<a href=\"https:\/\/argatecnic.pt\/wp-content\/uploads\/2022\/09\/marcador-complementares.svg\"><img loading=\"lazy\" decoding=\"async\" class=\"alignnone wp-image-1297\" src=\"https:\/\/argatecnic.pt\/wp-content\/uploads\/2022\/09\/marcador-complementares.svg\" alt=\"\" width=\"21\" height=\"14\" \/><\/a>\u00a0 Additive for mortars: improves adhesion and impermeability<\/p>\n<p>&nbsp;<\/p>\n<p><img loading=\"lazy\" decoding=\"async\" class=\"alignnone wp-image-5322 \" src=\"https:\/\/argatecnic.pt\/wp-content\/uploads\/2022\/09\/lena-870-characteristics-en.svg\" alt=\"\" width=\"301\" height=\"123\" \/><\/p>\n","protected":false},"featured_media":4147,"comment_status":"open","ping_status":"closed","template":"","meta":{"_et_pb_use_builder":"","_et_pb_old_content":"","_et_gb_content_width":""},"product_brand":[],"product_cat":[152],"product_tag":[],"class_list":{"0":"post-5292","1":"product","2":"type-product","3":"status-publish","4":"has-post-thumbnail","6":"product_cat-complementary","8":"first","9":"instock","10":"shipping-taxable","11":"product-type-simple"},"acf":[],"yoast_head":"<!-- This site is optimized with the Yoast SEO plugin v27.4 - https:\/\/yoast.com\/product\/yoast-seo-wordpress\/ -->\n<title>LENA 870 - ARGATECNIC<\/title>\n<meta name=\"robots\" content=\"index, follow, max-snippet:-1, max-image-preview:large, max-video-preview:-1\" \/>\n<link rel=\"canonical\" href=\"https:\/\/argatecnic.pt\/en\/product\/complementary\/lena-870\/\" \/>\n<meta property=\"og:locale\" content=\"en_US\" \/>\n<meta property=\"og:type\" content=\"article\" \/>\n<meta property=\"og:title\" content=\"LENA 870 - ARGATECNIC\" \/>\n<meta property=\"og:description\" content=\"\u00a0 Adhesion promoter on various substrates \u00a0 Additive for mortars: improves adhesion and impermeability  &nbsp;\" \/>\n<meta property=\"og:url\" content=\"https:\/\/argatecnic.pt\/en\/product\/complementary\/lena-870\/\" \/>\n<meta property=\"og:site_name\" content=\"ARGATECNIC\" \/>\n<meta property=\"article:modified_time\" content=\"2025-02-26T11:26:32+00:00\" \/>\n<meta property=\"og:image\" content=\"https:\/\/i0.wp.com\/argatecnic.pt\/wp-content\/uploads\/2022\/09\/Lena-870-20L-balde.png?fit=1250%2C1250&ssl=1\" \/>\n\t<meta property=\"og:image:width\" content=\"1250\" \/>\n\t<meta property=\"og:image:height\" content=\"1250\" \/>\n\t<meta property=\"og:image:type\" content=\"image\/png\" \/>\n<meta name=\"twitter:card\" content=\"summary_large_image\" \/>\n<meta name=\"twitter:label1\" content=\"Est. reading time\" \/>\n\t<meta name=\"twitter:data1\" content=\"1 minute\" \/>\n<script type=\"application\/ld+json\" class=\"yoast-schema-graph\">{\"@context\":\"https:\\\/\\\/schema.org\",\"@graph\":[{\"@type\":\"WebPage\",\"@id\":\"https:\\\/\\\/argatecnic.pt\\\/en\\\/product\\\/complementary\\\/lena-870\\\/\",\"url\":\"https:\\\/\\\/argatecnic.pt\\\/en\\\/product\\\/complementary\\\/lena-870\\\/\",\"name\":\"LENA 870 - ARGATECNIC\",\"isPartOf\":{\"@id\":\"https:\\\/\\\/argatecnic.pt\\\/en\\\/#website\"},\"primaryImageOfPage\":{\"@id\":\"https:\\\/\\\/argatecnic.pt\\\/en\\\/product\\\/complementary\\\/lena-870\\\/#primaryimage\"},\"image\":{\"@id\":\"https:\\\/\\\/argatecnic.pt\\\/en\\\/product\\\/complementary\\\/lena-870\\\/#primaryimage\"},\"thumbnailUrl\":\"https:\\\/\\\/i0.wp.com\\\/argatecnic.pt\\\/wp-content\\\/uploads\\\/2022\\\/09\\\/Lena-870-20L-balde.png?fit=1250%2C1250&ssl=1\",\"datePublished\":\"2022-09-13T16:24:51+00:00\",\"dateModified\":\"2025-02-26T11:26:32+00:00\",\"breadcrumb\":{\"@id\":\"https:\\\/\\\/argatecnic.pt\\\/en\\\/product\\\/complementary\\\/lena-870\\\/#breadcrumb\"},\"inLanguage\":\"en-US\",\"potentialAction\":[{\"@type\":\"ReadAction\",\"target\":[\"https:\\\/\\\/argatecnic.pt\\\/en\\\/product\\\/complementary\\\/lena-870\\\/\"]}]},{\"@type\":\"ImageObject\",\"inLanguage\":\"en-US\",\"@id\":\"https:\\\/\\\/argatecnic.pt\\\/en\\\/product\\\/complementary\\\/lena-870\\\/#primaryimage\",\"url\":\"https:\\\/\\\/i0.wp.com\\\/argatecnic.pt\\\/wp-content\\\/uploads\\\/2022\\\/09\\\/Lena-870-20L-balde.png?fit=1250%2C1250&ssl=1\",\"contentUrl\":\"https:\\\/\\\/i0.wp.com\\\/argatecnic.pt\\\/wp-content\\\/uploads\\\/2022\\\/09\\\/Lena-870-20L-balde.png?fit=1250%2C1250&ssl=1\",\"width\":1250,\"height\":1250},{\"@type\":\"BreadcrumbList\",\"@id\":\"https:\\\/\\\/argatecnic.pt\\\/en\\\/product\\\/complementary\\\/lena-870\\\/#breadcrumb\",\"itemListElement\":[{\"@type\":\"ListItem\",\"position\":1,\"name\":\"Loja\",\"item\":\"https:\\\/\\\/argatecnic.pt\\\/en\\\/loja\\\/\"},{\"@type\":\"ListItem\",\"position\":2,\"name\":\"LENA 870\"}]},{\"@type\":\"WebSite\",\"@id\":\"https:\\\/\\\/argatecnic.pt\\\/en\\\/#website\",\"url\":\"https:\\\/\\\/argatecnic.pt\\\/en\\\/\",\"name\":\"ARGATECNIC\",\"description\":\"argamassas t\u00e9cnicas para a constru\u00e7\u00e3o\",\"potentialAction\":[{\"@type\":\"SearchAction\",\"target\":{\"@type\":\"EntryPoint\",\"urlTemplate\":\"https:\\\/\\\/argatecnic.pt\\\/en\\\/?s={search_term_string}\"},\"query-input\":{\"@type\":\"PropertyValueSpecification\",\"valueRequired\":true,\"valueName\":\"search_term_string\"}}],\"inLanguage\":\"en-US\"}]}<\/script>\n<!-- \/ Yoast SEO plugin. -->","yoast_head_json":{"title":"LENA 870 - ARGATECNIC","robots":{"index":"index","follow":"follow","max-snippet":"max-snippet:-1","max-image-preview":"max-image-preview:large","max-video-preview":"max-video-preview:-1"},"canonical":"https:\/\/argatecnic.pt\/en\/product\/complementary\/lena-870\/","og_locale":"en_US","og_type":"article","og_title":"LENA 870 - ARGATECNIC","og_description":"\u00a0 Adhesion promoter on various substrates \u00a0 Additive for mortars: improves adhesion and impermeability  &nbsp;","og_url":"https:\/\/argatecnic.pt\/en\/product\/complementary\/lena-870\/","og_site_name":"ARGATECNIC","article_modified_time":"2025-02-26T11:26:32+00:00","og_image":[{"width":1250,"height":1250,"url":"https:\/\/i0.wp.com\/argatecnic.pt\/wp-content\/uploads\/2022\/09\/Lena-870-20L-balde.png?fit=1250%2C1250&ssl=1","type":"image\/png"}],"twitter_card":"summary_large_image","twitter_misc":{"Est. reading time":"1 minute"},"schema":{"@context":"https:\/\/schema.org","@graph":[{"@type":"WebPage","@id":"https:\/\/argatecnic.pt\/en\/product\/complementary\/lena-870\/","url":"https:\/\/argatecnic.pt\/en\/product\/complementary\/lena-870\/","name":"LENA 870 - ARGATECNIC","isPartOf":{"@id":"https:\/\/argatecnic.pt\/en\/#website"},"primaryImageOfPage":{"@id":"https:\/\/argatecnic.pt\/en\/product\/complementary\/lena-870\/#primaryimage"},"image":{"@id":"https:\/\/argatecnic.pt\/en\/product\/complementary\/lena-870\/#primaryimage"},"thumbnailUrl":"https:\/\/i0.wp.com\/argatecnic.pt\/wp-content\/uploads\/2022\/09\/Lena-870-20L-balde.png?fit=1250%2C1250&ssl=1","datePublished":"2022-09-13T16:24:51+00:00","dateModified":"2025-02-26T11:26:32+00:00","breadcrumb":{"@id":"https:\/\/argatecnic.pt\/en\/product\/complementary\/lena-870\/#breadcrumb"},"inLanguage":"en-US","potentialAction":[{"@type":"ReadAction","target":["https:\/\/argatecnic.pt\/en\/product\/complementary\/lena-870\/"]}]},{"@type":"ImageObject","inLanguage":"en-US","@id":"https:\/\/argatecnic.pt\/en\/product\/complementary\/lena-870\/#primaryimage","url":"https:\/\/i0.wp.com\/argatecnic.pt\/wp-content\/uploads\/2022\/09\/Lena-870-20L-balde.png?fit=1250%2C1250&ssl=1","contentUrl":"https:\/\/i0.wp.com\/argatecnic.pt\/wp-content\/uploads\/2022\/09\/Lena-870-20L-balde.png?fit=1250%2C1250&ssl=1","width":1250,"height":1250},{"@type":"BreadcrumbList","@id":"https:\/\/argatecnic.pt\/en\/product\/complementary\/lena-870\/#breadcrumb","itemListElement":[{"@type":"ListItem","position":1,"name":"Loja","item":"https:\/\/argatecnic.pt\/en\/loja\/"},{"@type":"ListItem","position":2,"name":"LENA 870"}]},{"@type":"WebSite","@id":"https:\/\/argatecnic.pt\/en\/#website","url":"https:\/\/argatecnic.pt\/en\/","name":"ARGATECNIC","description":"argamassas t\u00e9cnicas para a constru\u00e7\u00e3o","potentialAction":[{"@type":"SearchAction","target":{"@type":"EntryPoint","urlTemplate":"https:\/\/argatecnic.pt\/en\/?s={search_term_string}"},"query-input":{"@type":"PropertyValueSpecification","valueRequired":true,"valueName":"search_term_string"}}],"inLanguage":"en-US"}]}},"jetpack_sharing_enabled":true,"_links":{"self":[{"href":"https:\/\/argatecnic.pt\/en\/wp-json\/wp\/v2\/product\/5292","targetHints":{"allow":["GET"]}}],"collection":[{"href":"https:\/\/argatecnic.pt\/en\/wp-json\/wp\/v2\/product"}],"about":[{"href":"https:\/\/argatecnic.pt\/en\/wp-json\/wp\/v2\/types\/product"}],"replies":[{"embeddable":true,"href":"https:\/\/argatecnic.pt\/en\/wp-json\/wp\/v2\/comments?post=5292"}],"wp:featuredmedia":[{"embeddable":true,"href":"https:\/\/argatecnic.pt\/en\/wp-json\/wp\/v2\/media\/4147"}],"wp:attachment":[{"href":"https:\/\/argatecnic.pt\/en\/wp-json\/wp\/v2\/media?parent=5292"}],"wp:term":[{"taxonomy":"product_brand","embeddable":true,"href":"https:\/\/argatecnic.pt\/en\/wp-json\/wp\/v2\/product_brand?post=5292"},{"taxonomy":"product_cat","embeddable":true,"href":"https:\/\/argatecnic.pt\/en\/wp-json\/wp\/v2\/product_cat?post=5292"},{"taxonomy":"product_tag","embeddable":true,"href":"https:\/\/argatecnic.pt\/en\/wp-json\/wp\/v2\/product_tag?post=5292"}],"curies":[{"name":"wp","href":"https:\/\/api.w.org\/{rel}","templated":true}]}}