{"id":5291,"date":"2022-09-13T15:50:38","date_gmt":"2022-09-13T15:50:38","guid":{"rendered":"https:\/\/argatecnic.pt\/produto\/uncategorized\/impertec-893-one\/"},"modified":"2025-02-26T14:02:22","modified_gmt":"2025-02-26T13:02:22","slug":"impertec-893-one","status":"publish","type":"product","link":"https:\/\/argatecnic.pt\/en\/product\/waterproofing\/monocomponent\/impertec-893-one\/","title":{"rendered":"IMPERTEC 893 One"},"content":{"rendered":"<p><span style=\"color: #4492c6;\"><strong>PRESENTATION:<\/strong><\/span><br \/>\n20 Kg bag<\/p>\n<p><span style=\"color: #4492c6;\"><strong>DOMAIN OF UTILIZATION:\u00a0<\/strong><\/span><br \/>\nIMPERTEC 893 One is suitable for waterproofing swimming pools, balconies, terraces, bathrooms and underground constructions (basement walls and foundations. It has excellent adhesion on any type of cementitious surfaces (cement render, concrete), and on ceramic or stone, except in swimming pools or water tanks.<br \/>\nIt\u2019s U.V. resistant and permeable to water vapor.<\/p>\n<p><span style=\"color: #4492c6;\"><strong>MORTAR PREPARATION:<\/strong><\/span><br \/>\nIMPERTEC 893 One is mechanically mixed with 4,2 liters of water per 20 kg bag with low speed electric mixer until a fluid, consistent and lump-free paste is obtained.<\/p>\n<p><span style=\"color: #4492c6;\"><strong>THEORETICAL CONSUMPTION:\u00a0\u00a0<\/strong><\/span><br \/>\n3,0 Kg\/m\u00b2<\/p>\n","protected":false},"excerpt":{"rendered":"<p><a href=\"https:\/\/argatecnic.pt\/wp-content\/uploads\/2022\/09\/marcador-impermeabilizacao.svg\"><img loading=\"lazy\" decoding=\"async\" class=\"alignnone wp-image-1285\" src=\"https:\/\/argatecnic.pt\/wp-content\/uploads\/2022\/09\/marcador-impermeabilizacao.svg\" alt=\"\" width=\"21\" height=\"14\" \/>\u00a0<\/a> Elasticity<br \/>\n<a href=\"https:\/\/argatecnic.pt\/wp-content\/uploads\/2022\/09\/marcador-impermeabilizacao.svg\"><img loading=\"lazy\" decoding=\"async\" class=\"alignnone wp-image-1285\" src=\"https:\/\/argatecnic.pt\/wp-content\/uploads\/2022\/09\/marcador-impermeabilizacao.svg\" alt=\"\" width=\"21\" height=\"14\" \/><\/a>\u00a0 Adhesion strength<br \/>\n<a href=\"https:\/\/argatecnic.pt\/wp-content\/uploads\/2022\/09\/marcador-impermeabilizacao.svg\"><img loading=\"lazy\" decoding=\"async\" class=\"alignnone wp-image-1285\" src=\"https:\/\/argatecnic.pt\/wp-content\/uploads\/2022\/09\/marcador-impermeabilizacao.svg\" alt=\"\" width=\"21\" height=\"14\" \/><\/a>\u00a0 Crack resistance, even at low temperatures<br \/>\n<a href=\"https:\/\/argatecnic.pt\/wp-content\/uploads\/2022\/09\/marcador-impermeabilizacao.svg\"><img loading=\"lazy\" decoding=\"async\" class=\"alignnone wp-image-1285\" src=\"https:\/\/argatecnic.pt\/wp-content\/uploads\/2022\/09\/marcador-impermeabilizacao.svg\" alt=\"\" width=\"21\" height=\"14\" \/><\/a>\u00a0 Resistance to alkalinity<\/p>\n<p>&nbsp;<\/p>\n<p><img loading=\"lazy\" decoding=\"async\" class=\"alignnone wp-image-5319 \" src=\"https:\/\/argatecnic.pt\/wp-content\/uploads\/2022\/09\/impertec-893-one-characteristics-en.svg\" alt=\"\" width=\"351\" height=\"122\" \/><\/p>\n<p>&nbsp;<\/p>\n<p><a href=\"https:\/\/argatecnic.pt\/wp-content\/uploads\/2022\/08\/cor-cinza.svg\">\u00a0<img loading=\"lazy\" decoding=\"async\" class=\"alignnone wp-image-5178\" src=\"https:\/\/argatecnic.pt\/wp-content\/uploads\/2023\/04\/cor-grey-en.svg\" alt=\"\" width=\"36\" height=\"150\" \/><\/a><\/p>\n","protected":false},"featured_media":4051,"comment_status":"open","ping_status":"closed","template":"","meta":{"_et_pb_use_builder":"","_et_pb_old_content":"","_et_gb_content_width":""},"product_brand":[],"product_cat":[130,128],"product_tag":[],"class_list":{"0":"post-5291","1":"product","2":"type-product","3":"status-publish","4":"has-post-thumbnail","6":"product_cat-monocomponent","7":"product_cat-waterproofing","9":"first","10":"instock","11":"featured","12":"shipping-taxable","13":"product-type-simple"},"acf":[],"yoast_head":"<!-- This site is optimized with the Yoast SEO plugin v27.5 - https:\/\/yoast.com\/product\/yoast-seo-wordpress\/ -->\n<title>IMPERTEC 893 One - ARGATECNIC<\/title>\n<meta name=\"robots\" content=\"index, follow, max-snippet:-1, max-image-preview:large, max-video-preview:-1\" \/>\n<link rel=\"canonical\" href=\"https:\/\/argatecnic.pt\/en\/product\/waterproofing\/monocomponent\/impertec-893-one\/\" \/>\n<meta property=\"og:locale\" content=\"en_US\" \/>\n<meta property=\"og:type\" content=\"article\" \/>\n<meta property=\"og:title\" content=\"IMPERTEC 893 One - ARGATECNIC\" \/>\n<meta property=\"og:description\" content=\"\u00a0 Elasticity \u00a0 Adhesion strength \u00a0 Crack resistance, even at low temperatures \u00a0 Resistance to alkalinity  &nbsp;    &nbsp;  \u00a0\" \/>\n<meta property=\"og:url\" content=\"https:\/\/argatecnic.pt\/en\/product\/waterproofing\/monocomponent\/impertec-893-one\/\" \/>\n<meta property=\"og:site_name\" content=\"ARGATECNIC\" \/>\n<meta property=\"article:modified_time\" content=\"2025-02-26T13:02:22+00:00\" \/>\n<meta property=\"og:image\" content=\"https:\/\/i0.wp.com\/argatecnic.pt\/wp-content\/uploads\/2022\/09\/impertec-893-one-saco.png?fit=1484%2C1679&ssl=1\" \/>\n\t<meta property=\"og:image:width\" content=\"1484\" \/>\n\t<meta property=\"og:image:height\" content=\"1679\" \/>\n\t<meta property=\"og:image:type\" content=\"image\/png\" \/>\n<meta name=\"twitter:card\" content=\"summary_large_image\" \/>\n<meta name=\"twitter:label1\" content=\"Est. reading time\" \/>\n\t<meta name=\"twitter:data1\" content=\"1 minute\" \/>\n<script type=\"application\/ld+json\" class=\"yoast-schema-graph\">{\"@context\":\"https:\\\/\\\/schema.org\",\"@graph\":[{\"@type\":\"WebPage\",\"@id\":\"https:\\\/\\\/argatecnic.pt\\\/en\\\/product\\\/waterproofing\\\/monocomponent\\\/impertec-893-one\\\/\",\"url\":\"https:\\\/\\\/argatecnic.pt\\\/en\\\/product\\\/waterproofing\\\/monocomponent\\\/impertec-893-one\\\/\",\"name\":\"IMPERTEC 893 One - ARGATECNIC\",\"isPartOf\":{\"@id\":\"https:\\\/\\\/argatecnic.pt\\\/en\\\/#website\"},\"primaryImageOfPage\":{\"@id\":\"https:\\\/\\\/argatecnic.pt\\\/en\\\/product\\\/waterproofing\\\/monocomponent\\\/impertec-893-one\\\/#primaryimage\"},\"image\":{\"@id\":\"https:\\\/\\\/argatecnic.pt\\\/en\\\/product\\\/waterproofing\\\/monocomponent\\\/impertec-893-one\\\/#primaryimage\"},\"thumbnailUrl\":\"https:\\\/\\\/i0.wp.com\\\/argatecnic.pt\\\/wp-content\\\/uploads\\\/2022\\\/09\\\/impertec-893-one-saco.png?fit=1484%2C1679&ssl=1\",\"datePublished\":\"2022-09-13T15:50:38+00:00\",\"dateModified\":\"2025-02-26T13:02:22+00:00\",\"breadcrumb\":{\"@id\":\"https:\\\/\\\/argatecnic.pt\\\/en\\\/product\\\/waterproofing\\\/monocomponent\\\/impertec-893-one\\\/#breadcrumb\"},\"inLanguage\":\"en-US\",\"potentialAction\":[{\"@type\":\"ReadAction\",\"target\":[\"https:\\\/\\\/argatecnic.pt\\\/en\\\/product\\\/waterproofing\\\/monocomponent\\\/impertec-893-one\\\/\"]}]},{\"@type\":\"ImageObject\",\"inLanguage\":\"en-US\",\"@id\":\"https:\\\/\\\/argatecnic.pt\\\/en\\\/product\\\/waterproofing\\\/monocomponent\\\/impertec-893-one\\\/#primaryimage\",\"url\":\"https:\\\/\\\/i0.wp.com\\\/argatecnic.pt\\\/wp-content\\\/uploads\\\/2022\\\/09\\\/impertec-893-one-saco.png?fit=1484%2C1679&ssl=1\",\"contentUrl\":\"https:\\\/\\\/i0.wp.com\\\/argatecnic.pt\\\/wp-content\\\/uploads\\\/2022\\\/09\\\/impertec-893-one-saco.png?fit=1484%2C1679&ssl=1\",\"width\":1484,\"height\":1679},{\"@type\":\"BreadcrumbList\",\"@id\":\"https:\\\/\\\/argatecnic.pt\\\/en\\\/product\\\/waterproofing\\\/monocomponent\\\/impertec-893-one\\\/#breadcrumb\",\"itemListElement\":[{\"@type\":\"ListItem\",\"position\":1,\"name\":\"Loja\",\"item\":\"https:\\\/\\\/argatecnic.pt\\\/en\\\/loja\\\/\"},{\"@type\":\"ListItem\",\"position\":2,\"name\":\"IMPERTEC 893 One\"}]},{\"@type\":\"WebSite\",\"@id\":\"https:\\\/\\\/argatecnic.pt\\\/en\\\/#website\",\"url\":\"https:\\\/\\\/argatecnic.pt\\\/en\\\/\",\"name\":\"ARGATECNIC\",\"description\":\"argamassas t\u00e9cnicas para a constru\u00e7\u00e3o\",\"potentialAction\":[{\"@type\":\"SearchAction\",\"target\":{\"@type\":\"EntryPoint\",\"urlTemplate\":\"https:\\\/\\\/argatecnic.pt\\\/en\\\/?s={search_term_string}\"},\"query-input\":{\"@type\":\"PropertyValueSpecification\",\"valueRequired\":true,\"valueName\":\"search_term_string\"}}],\"inLanguage\":\"en-US\"}]}<\/script>\n<!-- \/ Yoast SEO plugin. -->","yoast_head_json":{"title":"IMPERTEC 893 One - ARGATECNIC","robots":{"index":"index","follow":"follow","max-snippet":"max-snippet:-1","max-image-preview":"max-image-preview:large","max-video-preview":"max-video-preview:-1"},"canonical":"https:\/\/argatecnic.pt\/en\/product\/waterproofing\/monocomponent\/impertec-893-one\/","og_locale":"en_US","og_type":"article","og_title":"IMPERTEC 893 One - ARGATECNIC","og_description":"\u00a0 Elasticity \u00a0 Adhesion strength \u00a0 Crack resistance, even at low temperatures \u00a0 Resistance to alkalinity  &nbsp;    &nbsp;  \u00a0","og_url":"https:\/\/argatecnic.pt\/en\/product\/waterproofing\/monocomponent\/impertec-893-one\/","og_site_name":"ARGATECNIC","article_modified_time":"2025-02-26T13:02:22+00:00","og_image":[{"width":1484,"height":1679,"url":"https:\/\/i0.wp.com\/argatecnic.pt\/wp-content\/uploads\/2022\/09\/impertec-893-one-saco.png?fit=1484%2C1679&ssl=1","type":"image\/png"}],"twitter_card":"summary_large_image","twitter_misc":{"Est. reading time":"1 minute"},"schema":{"@context":"https:\/\/schema.org","@graph":[{"@type":"WebPage","@id":"https:\/\/argatecnic.pt\/en\/product\/waterproofing\/monocomponent\/impertec-893-one\/","url":"https:\/\/argatecnic.pt\/en\/product\/waterproofing\/monocomponent\/impertec-893-one\/","name":"IMPERTEC 893 One - ARGATECNIC","isPartOf":{"@id":"https:\/\/argatecnic.pt\/en\/#website"},"primaryImageOfPage":{"@id":"https:\/\/argatecnic.pt\/en\/product\/waterproofing\/monocomponent\/impertec-893-one\/#primaryimage"},"image":{"@id":"https:\/\/argatecnic.pt\/en\/product\/waterproofing\/monocomponent\/impertec-893-one\/#primaryimage"},"thumbnailUrl":"https:\/\/i0.wp.com\/argatecnic.pt\/wp-content\/uploads\/2022\/09\/impertec-893-one-saco.png?fit=1484%2C1679&ssl=1","datePublished":"2022-09-13T15:50:38+00:00","dateModified":"2025-02-26T13:02:22+00:00","breadcrumb":{"@id":"https:\/\/argatecnic.pt\/en\/product\/waterproofing\/monocomponent\/impertec-893-one\/#breadcrumb"},"inLanguage":"en-US","potentialAction":[{"@type":"ReadAction","target":["https:\/\/argatecnic.pt\/en\/product\/waterproofing\/monocomponent\/impertec-893-one\/"]}]},{"@type":"ImageObject","inLanguage":"en-US","@id":"https:\/\/argatecnic.pt\/en\/product\/waterproofing\/monocomponent\/impertec-893-one\/#primaryimage","url":"https:\/\/i0.wp.com\/argatecnic.pt\/wp-content\/uploads\/2022\/09\/impertec-893-one-saco.png?fit=1484%2C1679&ssl=1","contentUrl":"https:\/\/i0.wp.com\/argatecnic.pt\/wp-content\/uploads\/2022\/09\/impertec-893-one-saco.png?fit=1484%2C1679&ssl=1","width":1484,"height":1679},{"@type":"BreadcrumbList","@id":"https:\/\/argatecnic.pt\/en\/product\/waterproofing\/monocomponent\/impertec-893-one\/#breadcrumb","itemListElement":[{"@type":"ListItem","position":1,"name":"Loja","item":"https:\/\/argatecnic.pt\/en\/loja\/"},{"@type":"ListItem","position":2,"name":"IMPERTEC 893 One"}]},{"@type":"WebSite","@id":"https:\/\/argatecnic.pt\/en\/#website","url":"https:\/\/argatecnic.pt\/en\/","name":"ARGATECNIC","description":"argamassas t\u00e9cnicas para a constru\u00e7\u00e3o","potentialAction":[{"@type":"SearchAction","target":{"@type":"EntryPoint","urlTemplate":"https:\/\/argatecnic.pt\/en\/?s={search_term_string}"},"query-input":{"@type":"PropertyValueSpecification","valueRequired":true,"valueName":"search_term_string"}}],"inLanguage":"en-US"}]}},"jetpack_sharing_enabled":true,"_links":{"self":[{"href":"https:\/\/argatecnic.pt\/en\/wp-json\/wp\/v2\/product\/5291","targetHints":{"allow":["GET"]}}],"collection":[{"href":"https:\/\/argatecnic.pt\/en\/wp-json\/wp\/v2\/product"}],"about":[{"href":"https:\/\/argatecnic.pt\/en\/wp-json\/wp\/v2\/types\/product"}],"replies":[{"embeddable":true,"href":"https:\/\/argatecnic.pt\/en\/wp-json\/wp\/v2\/comments?post=5291"}],"wp:featuredmedia":[{"embeddable":true,"href":"https:\/\/argatecnic.pt\/en\/wp-json\/wp\/v2\/media\/4051"}],"wp:attachment":[{"href":"https:\/\/argatecnic.pt\/en\/wp-json\/wp\/v2\/media?parent=5291"}],"wp:term":[{"taxonomy":"product_brand","embeddable":true,"href":"https:\/\/argatecnic.pt\/en\/wp-json\/wp\/v2\/product_brand?post=5291"},{"taxonomy":"product_cat","embeddable":true,"href":"https:\/\/argatecnic.pt\/en\/wp-json\/wp\/v2\/product_cat?post=5291"},{"taxonomy":"product_tag","embeddable":true,"href":"https:\/\/argatecnic.pt\/en\/wp-json\/wp\/v2\/product_tag?post=5291"}],"curies":[{"name":"wp","href":"https:\/\/api.w.org\/{rel}","templated":true}]}}