{"id":5286,"date":"2022-09-13T14:33:14","date_gmt":"2022-09-13T14:33:14","guid":{"rendered":"https:\/\/argatecnic.pt\/produto\/uncategorized\/tradiciocal-859\/"},"modified":"2025-02-26T12:34:13","modified_gmt":"2025-02-26T11:34:13","slug":"tradiciocal-859","status":"publish","type":"product","link":"https:\/\/argatecnic.pt\/en\/product\/lime-based-rehabilitation\/finishing\/tradiciocal-859\/","title":{"rendered":"TRADICIOCAL 859"},"content":{"rendered":"<p><span style=\"color: #a78d2a;\"><strong>PRESENTATION:<\/strong><\/span><br \/>\n22 Kg Bucket<\/p>\n<p><span style=\"color: #a78d2a;\"><strong>DOMAIN OF UTILIZATION:\u00a0<\/strong><\/span><br \/>\nTRADICIOCAL 859 is applied both indoors and outdoors on substrates of a mineral nature: cement\/lime plaster, brick, stone, concrete and whitewashed surfaces to which primer TRADICIOCAL 859-P has previously been applied.<br \/>\nTRADICIOCAL 859 provides a matt finish with an identical appearance to that obtained with mineral paints (e.g. lime). Due to its excellent properties, it is especially suitable for painting facades, including for the rehabilitation of historic buildings.<\/p>\n<p><span style=\"color: #a78d2a;\"><strong>PREPARATION:<\/strong><\/span><br \/>\nTRADICIOCAL 859 is supplied ready for use.<\/p>\n<p><span style=\"color: #a78d2a;\"><strong>THEORETICAL CONSUMPTION:<\/strong><\/span><br \/>\n8 a 12 m\u00b2 \/ L \/ coat<\/p>\n","protected":false},"excerpt":{"rendered":"<p><a href=\"https:\/\/argatecnic.pt\/wp-content\/uploads\/2022\/08\/marcador-tradiciocal.svg\"><img loading=\"lazy\" decoding=\"async\" class=\"alignnone wp-image-735\" src=\"https:\/\/argatecnic.pt\/wp-content\/uploads\/2022\/08\/marcador-tradiciocal.svg\" alt=\"\" width=\"21\" height=\"14\" \/><\/a>\u00a0 Mineral Paint<br \/>\n<a href=\"https:\/\/argatecnic.pt\/wp-content\/uploads\/2022\/08\/marcador-tradiciocal.svg\"><img loading=\"lazy\" decoding=\"async\" class=\"alignnone wp-image-735\" src=\"https:\/\/argatecnic.pt\/wp-content\/uploads\/2022\/08\/marcador-tradiciocal.svg\" alt=\"\" width=\"21\" height=\"14\" \/><\/a>\u00a0 High Durability<br \/>\n<a href=\"https:\/\/argatecnic.pt\/wp-content\/uploads\/2022\/08\/marcador-tradiciocal.svg\"><img loading=\"lazy\" decoding=\"async\" class=\"alignnone wp-image-735\" src=\"https:\/\/argatecnic.pt\/wp-content\/uploads\/2022\/08\/marcador-tradiciocal.svg\" alt=\"\" width=\"21\" height=\"14\" \/><\/a>\u00a0 High Alkaline Resistance<\/p>\n<p>&nbsp;<\/p>\n<p><img loading=\"lazy\" decoding=\"async\" class=\"alignnone wp-image-5361 \" src=\"https:\/\/argatecnic.pt\/wp-content\/uploads\/2022\/09\/tradiciocal-859-characteristics-en-1.svg\" alt=\"\" width=\"371\" height=\"130\" \/><\/p>\n<p>&nbsp;<\/p>\n","protected":false},"featured_media":4040,"comment_status":"open","ping_status":"closed","template":"","meta":{"_et_pb_use_builder":"","_et_pb_old_content":"","_et_gb_content_width":""},"product_brand":[],"product_cat":[142,134],"product_tag":[],"class_list":{"0":"post-5286","1":"product","2":"type-product","3":"status-publish","4":"has-post-thumbnail","6":"product_cat-finishing","7":"product_cat-lime-based-rehabilitation","9":"first","10":"instock","11":"shipping-taxable","12":"product-type-simple"},"acf":[],"yoast_head":"<!-- This site is optimized with the Yoast SEO plugin v27.4 - https:\/\/yoast.com\/product\/yoast-seo-wordpress\/ -->\n<title>TRADICIOCAL 859 - ARGATECNIC<\/title>\n<meta name=\"robots\" content=\"index, follow, max-snippet:-1, max-image-preview:large, max-video-preview:-1\" \/>\n<link rel=\"canonical\" href=\"https:\/\/argatecnic.pt\/en\/product\/lime-based-rehabilitation\/finishing\/tradiciocal-859\/\" \/>\n<meta property=\"og:locale\" content=\"en_US\" \/>\n<meta property=\"og:type\" content=\"article\" \/>\n<meta property=\"og:title\" content=\"TRADICIOCAL 859 - ARGATECNIC\" \/>\n<meta property=\"og:description\" content=\"\u00a0 Mineral Paint \u00a0 High Durability \u00a0 High Alkaline Resistance  &nbsp;    &nbsp;\" \/>\n<meta property=\"og:url\" content=\"https:\/\/argatecnic.pt\/en\/product\/lime-based-rehabilitation\/finishing\/tradiciocal-859\/\" \/>\n<meta property=\"og:site_name\" content=\"ARGATECNIC\" \/>\n<meta property=\"article:modified_time\" content=\"2025-02-26T11:34:13+00:00\" \/>\n<meta property=\"og:image\" content=\"https:\/\/i0.wp.com\/argatecnic.pt\/wp-content\/uploads\/2022\/09\/tradiciocal-859-balde.png?fit=1250%2C1250&ssl=1\" \/>\n\t<meta property=\"og:image:width\" content=\"1250\" \/>\n\t<meta property=\"og:image:height\" content=\"1250\" \/>\n\t<meta property=\"og:image:type\" content=\"image\/png\" \/>\n<meta name=\"twitter:card\" content=\"summary_large_image\" \/>\n<meta name=\"twitter:label1\" content=\"Est. reading time\" \/>\n\t<meta name=\"twitter:data1\" content=\"1 minute\" \/>\n<script type=\"application\/ld+json\" class=\"yoast-schema-graph\">{\"@context\":\"https:\\\/\\\/schema.org\",\"@graph\":[{\"@type\":\"WebPage\",\"@id\":\"https:\\\/\\\/argatecnic.pt\\\/en\\\/product\\\/lime-based-rehabilitation\\\/finishing\\\/tradiciocal-859\\\/\",\"url\":\"https:\\\/\\\/argatecnic.pt\\\/en\\\/product\\\/lime-based-rehabilitation\\\/finishing\\\/tradiciocal-859\\\/\",\"name\":\"TRADICIOCAL 859 - ARGATECNIC\",\"isPartOf\":{\"@id\":\"https:\\\/\\\/argatecnic.pt\\\/en\\\/#website\"},\"primaryImageOfPage\":{\"@id\":\"https:\\\/\\\/argatecnic.pt\\\/en\\\/product\\\/lime-based-rehabilitation\\\/finishing\\\/tradiciocal-859\\\/#primaryimage\"},\"image\":{\"@id\":\"https:\\\/\\\/argatecnic.pt\\\/en\\\/product\\\/lime-based-rehabilitation\\\/finishing\\\/tradiciocal-859\\\/#primaryimage\"},\"thumbnailUrl\":\"https:\\\/\\\/i0.wp.com\\\/argatecnic.pt\\\/wp-content\\\/uploads\\\/2022\\\/09\\\/tradiciocal-859-balde.png?fit=1250%2C1250&ssl=1\",\"datePublished\":\"2022-09-13T14:33:14+00:00\",\"dateModified\":\"2025-02-26T11:34:13+00:00\",\"breadcrumb\":{\"@id\":\"https:\\\/\\\/argatecnic.pt\\\/en\\\/product\\\/lime-based-rehabilitation\\\/finishing\\\/tradiciocal-859\\\/#breadcrumb\"},\"inLanguage\":\"en-US\",\"potentialAction\":[{\"@type\":\"ReadAction\",\"target\":[\"https:\\\/\\\/argatecnic.pt\\\/en\\\/product\\\/lime-based-rehabilitation\\\/finishing\\\/tradiciocal-859\\\/\"]}]},{\"@type\":\"ImageObject\",\"inLanguage\":\"en-US\",\"@id\":\"https:\\\/\\\/argatecnic.pt\\\/en\\\/product\\\/lime-based-rehabilitation\\\/finishing\\\/tradiciocal-859\\\/#primaryimage\",\"url\":\"https:\\\/\\\/i0.wp.com\\\/argatecnic.pt\\\/wp-content\\\/uploads\\\/2022\\\/09\\\/tradiciocal-859-balde.png?fit=1250%2C1250&ssl=1\",\"contentUrl\":\"https:\\\/\\\/i0.wp.com\\\/argatecnic.pt\\\/wp-content\\\/uploads\\\/2022\\\/09\\\/tradiciocal-859-balde.png?fit=1250%2C1250&ssl=1\",\"width\":1250,\"height\":1250},{\"@type\":\"BreadcrumbList\",\"@id\":\"https:\\\/\\\/argatecnic.pt\\\/en\\\/product\\\/lime-based-rehabilitation\\\/finishing\\\/tradiciocal-859\\\/#breadcrumb\",\"itemListElement\":[{\"@type\":\"ListItem\",\"position\":1,\"name\":\"Loja\",\"item\":\"https:\\\/\\\/argatecnic.pt\\\/en\\\/loja\\\/\"},{\"@type\":\"ListItem\",\"position\":2,\"name\":\"TRADICIOCAL 859\"}]},{\"@type\":\"WebSite\",\"@id\":\"https:\\\/\\\/argatecnic.pt\\\/en\\\/#website\",\"url\":\"https:\\\/\\\/argatecnic.pt\\\/en\\\/\",\"name\":\"ARGATECNIC\",\"description\":\"argamassas t\u00e9cnicas para a constru\u00e7\u00e3o\",\"potentialAction\":[{\"@type\":\"SearchAction\",\"target\":{\"@type\":\"EntryPoint\",\"urlTemplate\":\"https:\\\/\\\/argatecnic.pt\\\/en\\\/?s={search_term_string}\"},\"query-input\":{\"@type\":\"PropertyValueSpecification\",\"valueRequired\":true,\"valueName\":\"search_term_string\"}}],\"inLanguage\":\"en-US\"}]}<\/script>\n<!-- \/ Yoast SEO plugin. -->","yoast_head_json":{"title":"TRADICIOCAL 859 - ARGATECNIC","robots":{"index":"index","follow":"follow","max-snippet":"max-snippet:-1","max-image-preview":"max-image-preview:large","max-video-preview":"max-video-preview:-1"},"canonical":"https:\/\/argatecnic.pt\/en\/product\/lime-based-rehabilitation\/finishing\/tradiciocal-859\/","og_locale":"en_US","og_type":"article","og_title":"TRADICIOCAL 859 - ARGATECNIC","og_description":"\u00a0 Mineral Paint \u00a0 High Durability \u00a0 High Alkaline Resistance  &nbsp;    &nbsp;","og_url":"https:\/\/argatecnic.pt\/en\/product\/lime-based-rehabilitation\/finishing\/tradiciocal-859\/","og_site_name":"ARGATECNIC","article_modified_time":"2025-02-26T11:34:13+00:00","og_image":[{"width":1250,"height":1250,"url":"https:\/\/i0.wp.com\/argatecnic.pt\/wp-content\/uploads\/2022\/09\/tradiciocal-859-balde.png?fit=1250%2C1250&ssl=1","type":"image\/png"}],"twitter_card":"summary_large_image","twitter_misc":{"Est. reading time":"1 minute"},"schema":{"@context":"https:\/\/schema.org","@graph":[{"@type":"WebPage","@id":"https:\/\/argatecnic.pt\/en\/product\/lime-based-rehabilitation\/finishing\/tradiciocal-859\/","url":"https:\/\/argatecnic.pt\/en\/product\/lime-based-rehabilitation\/finishing\/tradiciocal-859\/","name":"TRADICIOCAL 859 - ARGATECNIC","isPartOf":{"@id":"https:\/\/argatecnic.pt\/en\/#website"},"primaryImageOfPage":{"@id":"https:\/\/argatecnic.pt\/en\/product\/lime-based-rehabilitation\/finishing\/tradiciocal-859\/#primaryimage"},"image":{"@id":"https:\/\/argatecnic.pt\/en\/product\/lime-based-rehabilitation\/finishing\/tradiciocal-859\/#primaryimage"},"thumbnailUrl":"https:\/\/i0.wp.com\/argatecnic.pt\/wp-content\/uploads\/2022\/09\/tradiciocal-859-balde.png?fit=1250%2C1250&ssl=1","datePublished":"2022-09-13T14:33:14+00:00","dateModified":"2025-02-26T11:34:13+00:00","breadcrumb":{"@id":"https:\/\/argatecnic.pt\/en\/product\/lime-based-rehabilitation\/finishing\/tradiciocal-859\/#breadcrumb"},"inLanguage":"en-US","potentialAction":[{"@type":"ReadAction","target":["https:\/\/argatecnic.pt\/en\/product\/lime-based-rehabilitation\/finishing\/tradiciocal-859\/"]}]},{"@type":"ImageObject","inLanguage":"en-US","@id":"https:\/\/argatecnic.pt\/en\/product\/lime-based-rehabilitation\/finishing\/tradiciocal-859\/#primaryimage","url":"https:\/\/i0.wp.com\/argatecnic.pt\/wp-content\/uploads\/2022\/09\/tradiciocal-859-balde.png?fit=1250%2C1250&ssl=1","contentUrl":"https:\/\/i0.wp.com\/argatecnic.pt\/wp-content\/uploads\/2022\/09\/tradiciocal-859-balde.png?fit=1250%2C1250&ssl=1","width":1250,"height":1250},{"@type":"BreadcrumbList","@id":"https:\/\/argatecnic.pt\/en\/product\/lime-based-rehabilitation\/finishing\/tradiciocal-859\/#breadcrumb","itemListElement":[{"@type":"ListItem","position":1,"name":"Loja","item":"https:\/\/argatecnic.pt\/en\/loja\/"},{"@type":"ListItem","position":2,"name":"TRADICIOCAL 859"}]},{"@type":"WebSite","@id":"https:\/\/argatecnic.pt\/en\/#website","url":"https:\/\/argatecnic.pt\/en\/","name":"ARGATECNIC","description":"argamassas t\u00e9cnicas para a constru\u00e7\u00e3o","potentialAction":[{"@type":"SearchAction","target":{"@type":"EntryPoint","urlTemplate":"https:\/\/argatecnic.pt\/en\/?s={search_term_string}"},"query-input":{"@type":"PropertyValueSpecification","valueRequired":true,"valueName":"search_term_string"}}],"inLanguage":"en-US"}]}},"jetpack_sharing_enabled":true,"_links":{"self":[{"href":"https:\/\/argatecnic.pt\/en\/wp-json\/wp\/v2\/product\/5286","targetHints":{"allow":["GET"]}}],"collection":[{"href":"https:\/\/argatecnic.pt\/en\/wp-json\/wp\/v2\/product"}],"about":[{"href":"https:\/\/argatecnic.pt\/en\/wp-json\/wp\/v2\/types\/product"}],"replies":[{"embeddable":true,"href":"https:\/\/argatecnic.pt\/en\/wp-json\/wp\/v2\/comments?post=5286"}],"wp:featuredmedia":[{"embeddable":true,"href":"https:\/\/argatecnic.pt\/en\/wp-json\/wp\/v2\/media\/4040"}],"wp:attachment":[{"href":"https:\/\/argatecnic.pt\/en\/wp-json\/wp\/v2\/media?parent=5286"}],"wp:term":[{"taxonomy":"product_brand","embeddable":true,"href":"https:\/\/argatecnic.pt\/en\/wp-json\/wp\/v2\/product_brand?post=5286"},{"taxonomy":"product_cat","embeddable":true,"href":"https:\/\/argatecnic.pt\/en\/wp-json\/wp\/v2\/product_cat?post=5286"},{"taxonomy":"product_tag","embeddable":true,"href":"https:\/\/argatecnic.pt\/en\/wp-json\/wp\/v2\/product_tag?post=5286"}],"curies":[{"name":"wp","href":"https:\/\/api.w.org\/{rel}","templated":true}]}}