{"id":5280,"date":"2022-09-13T11:17:38","date_gmt":"2022-09-13T11:17:38","guid":{"rendered":"https:\/\/argatecnic.pt\/produto\/uncategorized\/tradiciocal-850\/"},"modified":"2025-02-26T12:44:48","modified_gmt":"2025-02-26T11:44:48","slug":"tradiciocal-850","status":"publish","type":"product","link":"https:\/\/argatecnic.pt\/en\/product\/lime-based-rehabilitation\/grouting\/tradiciocal-850\/","title":{"rendered":"TRADICIOCAL 850"},"content":{"rendered":"<p><span style=\"color: #a78d2a;\"><strong>PRESENTATION:<\/strong><\/span><br \/>\n25 Kg bag<\/p>\n<p><span style=\"color: #a78d2a;\"><strong>DOMAIN OF UTILIZATION:\u00a0<\/strong><\/span><br \/>\nTRADICIOCAL 850 is indicated for filling the joints between old masonry stones in internal and external walls. It allows to maintain the original aesthetic aspect, respecting the characteristics of the support.<\/p>\n<p><span style=\"color: #a78d2a;\"><strong>MORTAR PREPARATION:<\/strong><\/span><br \/>\nTRADICIOCAL 850 is mechanically mixed with 5,0 liters of water per 25 kg bag with low speed electric mixer until a smooth, consistent and lump-free paste is obtained.<\/p>\n<p><span style=\"color: #a78d2a;\"><strong>THEORETICAL CONSUMPTION:\u00a0<\/strong><\/span><br \/>\n16 Kg\/m\u00b2\/cm<\/p>\n","protected":false},"excerpt":{"rendered":"<p><a href=\"https:\/\/argatecnic.pt\/wp-content\/uploads\/2022\/08\/marcador-tradiciocal.svg\"><img loading=\"lazy\" decoding=\"async\" class=\"alignnone wp-image-735\" src=\"https:\/\/argatecnic.pt\/wp-content\/uploads\/2022\/08\/marcador-tradiciocal.svg\" alt=\"\" width=\"21\" height=\"14\" \/><\/a>\u00a0 Fully compatible with old masonry<br \/>\n<a href=\"https:\/\/argatecnic.pt\/wp-content\/uploads\/2022\/08\/marcador-tradiciocal.svg\"><img loading=\"lazy\" decoding=\"async\" class=\"alignnone wp-image-735\" src=\"https:\/\/argatecnic.pt\/wp-content\/uploads\/2022\/08\/marcador-tradiciocal.svg\" alt=\"\" width=\"21\" height=\"14\" \/><\/a>\u00a0 Fine sandy finish<br \/>\n<a href=\"https:\/\/argatecnic.pt\/wp-content\/uploads\/2022\/08\/marcador-tradiciocal.svg\"><img loading=\"lazy\" decoding=\"async\" class=\"alignnone wp-image-735\" src=\"https:\/\/argatecnic.pt\/wp-content\/uploads\/2022\/08\/marcador-tradiciocal.svg\" alt=\"\" width=\"21\" height=\"14\" \/><\/a>\u00a0 Resistant to salts<\/p>\n<p>&nbsp;<\/p>\n<p><img loading=\"lazy\" decoding=\"async\" class=\"alignnone wp-image-5331 \" src=\"https:\/\/argatecnic.pt\/wp-content\/uploads\/2022\/09\/tradiciocal-850-characteristics-en.svg\" alt=\"\" width=\"403\" height=\"109\" \/><\/p>\n<p>&nbsp;<\/p>\n<p><img loading=\"lazy\" decoding=\"async\" class=\"alignnone wp-image-44945 \" src=\"https:\/\/argatecnic.pt\/wp-content\/uploads\/2024\/03\/cor-natural.svg\" alt=\"\" width=\"46\" height=\"53\" \/><\/p>\n","protected":false},"featured_media":4034,"comment_status":"open","ping_status":"closed","template":"","meta":{"_et_pb_use_builder":"","_et_pb_old_content":"","_et_gb_content_width":""},"product_brand":[],"product_cat":[140,134],"product_tag":[],"class_list":{"0":"post-5280","1":"product","2":"type-product","3":"status-publish","4":"has-post-thumbnail","6":"product_cat-grouting","7":"product_cat-lime-based-rehabilitation","9":"first","10":"instock","11":"shipping-taxable","12":"product-type-simple"},"acf":[],"yoast_head":"<!-- This site is optimized with the Yoast SEO plugin v27.4 - https:\/\/yoast.com\/product\/yoast-seo-wordpress\/ -->\n<title>TRADICIOCAL 850 - ARGATECNIC<\/title>\n<meta name=\"robots\" content=\"index, follow, max-snippet:-1, max-image-preview:large, max-video-preview:-1\" \/>\n<link rel=\"canonical\" href=\"https:\/\/argatecnic.pt\/en\/product\/lime-based-rehabilitation\/grouting\/tradiciocal-850\/\" \/>\n<meta property=\"og:locale\" content=\"en_US\" \/>\n<meta property=\"og:type\" content=\"article\" \/>\n<meta property=\"og:title\" content=\"TRADICIOCAL 850 - ARGATECNIC\" \/>\n<meta property=\"og:description\" content=\"\u00a0 Fully compatible with old masonry \u00a0 Fine sandy finish \u00a0 Resistant to salts  &nbsp;    &nbsp;\" \/>\n<meta property=\"og:url\" content=\"https:\/\/argatecnic.pt\/en\/product\/lime-based-rehabilitation\/grouting\/tradiciocal-850\/\" \/>\n<meta property=\"og:site_name\" content=\"ARGATECNIC\" \/>\n<meta property=\"article:modified_time\" content=\"2025-02-26T11:44:48+00:00\" \/>\n<meta property=\"og:image\" content=\"https:\/\/i0.wp.com\/argatecnic.pt\/wp-content\/uploads\/2022\/09\/tradiciocal-850-saco.png?fit=1484%2C1679&ssl=1\" \/>\n\t<meta property=\"og:image:width\" content=\"1484\" \/>\n\t<meta property=\"og:image:height\" content=\"1679\" \/>\n\t<meta property=\"og:image:type\" content=\"image\/png\" \/>\n<meta name=\"twitter:card\" content=\"summary_large_image\" \/>\n<meta name=\"twitter:label1\" content=\"Est. reading time\" \/>\n\t<meta name=\"twitter:data1\" content=\"1 minute\" \/>\n<script type=\"application\/ld+json\" class=\"yoast-schema-graph\">{\"@context\":\"https:\\\/\\\/schema.org\",\"@graph\":[{\"@type\":\"WebPage\",\"@id\":\"https:\\\/\\\/argatecnic.pt\\\/en\\\/product\\\/lime-based-rehabilitation\\\/grouting\\\/tradiciocal-850\\\/\",\"url\":\"https:\\\/\\\/argatecnic.pt\\\/en\\\/product\\\/lime-based-rehabilitation\\\/grouting\\\/tradiciocal-850\\\/\",\"name\":\"TRADICIOCAL 850 - ARGATECNIC\",\"isPartOf\":{\"@id\":\"https:\\\/\\\/argatecnic.pt\\\/en\\\/#website\"},\"primaryImageOfPage\":{\"@id\":\"https:\\\/\\\/argatecnic.pt\\\/en\\\/product\\\/lime-based-rehabilitation\\\/grouting\\\/tradiciocal-850\\\/#primaryimage\"},\"image\":{\"@id\":\"https:\\\/\\\/argatecnic.pt\\\/en\\\/product\\\/lime-based-rehabilitation\\\/grouting\\\/tradiciocal-850\\\/#primaryimage\"},\"thumbnailUrl\":\"https:\\\/\\\/i0.wp.com\\\/argatecnic.pt\\\/wp-content\\\/uploads\\\/2022\\\/09\\\/tradiciocal-850-saco.png?fit=1484%2C1679&ssl=1\",\"datePublished\":\"2022-09-13T11:17:38+00:00\",\"dateModified\":\"2025-02-26T11:44:48+00:00\",\"breadcrumb\":{\"@id\":\"https:\\\/\\\/argatecnic.pt\\\/en\\\/product\\\/lime-based-rehabilitation\\\/grouting\\\/tradiciocal-850\\\/#breadcrumb\"},\"inLanguage\":\"en-US\",\"potentialAction\":[{\"@type\":\"ReadAction\",\"target\":[\"https:\\\/\\\/argatecnic.pt\\\/en\\\/product\\\/lime-based-rehabilitation\\\/grouting\\\/tradiciocal-850\\\/\"]}]},{\"@type\":\"ImageObject\",\"inLanguage\":\"en-US\",\"@id\":\"https:\\\/\\\/argatecnic.pt\\\/en\\\/product\\\/lime-based-rehabilitation\\\/grouting\\\/tradiciocal-850\\\/#primaryimage\",\"url\":\"https:\\\/\\\/i0.wp.com\\\/argatecnic.pt\\\/wp-content\\\/uploads\\\/2022\\\/09\\\/tradiciocal-850-saco.png?fit=1484%2C1679&ssl=1\",\"contentUrl\":\"https:\\\/\\\/i0.wp.com\\\/argatecnic.pt\\\/wp-content\\\/uploads\\\/2022\\\/09\\\/tradiciocal-850-saco.png?fit=1484%2C1679&ssl=1\",\"width\":1484,\"height\":1679},{\"@type\":\"BreadcrumbList\",\"@id\":\"https:\\\/\\\/argatecnic.pt\\\/en\\\/product\\\/lime-based-rehabilitation\\\/grouting\\\/tradiciocal-850\\\/#breadcrumb\",\"itemListElement\":[{\"@type\":\"ListItem\",\"position\":1,\"name\":\"Loja\",\"item\":\"https:\\\/\\\/argatecnic.pt\\\/en\\\/loja\\\/\"},{\"@type\":\"ListItem\",\"position\":2,\"name\":\"TRADICIOCAL 850\"}]},{\"@type\":\"WebSite\",\"@id\":\"https:\\\/\\\/argatecnic.pt\\\/en\\\/#website\",\"url\":\"https:\\\/\\\/argatecnic.pt\\\/en\\\/\",\"name\":\"ARGATECNIC\",\"description\":\"argamassas t\u00e9cnicas para a constru\u00e7\u00e3o\",\"potentialAction\":[{\"@type\":\"SearchAction\",\"target\":{\"@type\":\"EntryPoint\",\"urlTemplate\":\"https:\\\/\\\/argatecnic.pt\\\/en\\\/?s={search_term_string}\"},\"query-input\":{\"@type\":\"PropertyValueSpecification\",\"valueRequired\":true,\"valueName\":\"search_term_string\"}}],\"inLanguage\":\"en-US\"}]}<\/script>\n<!-- \/ Yoast SEO plugin. -->","yoast_head_json":{"title":"TRADICIOCAL 850 - ARGATECNIC","robots":{"index":"index","follow":"follow","max-snippet":"max-snippet:-1","max-image-preview":"max-image-preview:large","max-video-preview":"max-video-preview:-1"},"canonical":"https:\/\/argatecnic.pt\/en\/product\/lime-based-rehabilitation\/grouting\/tradiciocal-850\/","og_locale":"en_US","og_type":"article","og_title":"TRADICIOCAL 850 - ARGATECNIC","og_description":"\u00a0 Fully compatible with old masonry \u00a0 Fine sandy finish \u00a0 Resistant to salts  &nbsp;    &nbsp;","og_url":"https:\/\/argatecnic.pt\/en\/product\/lime-based-rehabilitation\/grouting\/tradiciocal-850\/","og_site_name":"ARGATECNIC","article_modified_time":"2025-02-26T11:44:48+00:00","og_image":[{"width":1484,"height":1679,"url":"https:\/\/i0.wp.com\/argatecnic.pt\/wp-content\/uploads\/2022\/09\/tradiciocal-850-saco.png?fit=1484%2C1679&ssl=1","type":"image\/png"}],"twitter_card":"summary_large_image","twitter_misc":{"Est. reading time":"1 minute"},"schema":{"@context":"https:\/\/schema.org","@graph":[{"@type":"WebPage","@id":"https:\/\/argatecnic.pt\/en\/product\/lime-based-rehabilitation\/grouting\/tradiciocal-850\/","url":"https:\/\/argatecnic.pt\/en\/product\/lime-based-rehabilitation\/grouting\/tradiciocal-850\/","name":"TRADICIOCAL 850 - ARGATECNIC","isPartOf":{"@id":"https:\/\/argatecnic.pt\/en\/#website"},"primaryImageOfPage":{"@id":"https:\/\/argatecnic.pt\/en\/product\/lime-based-rehabilitation\/grouting\/tradiciocal-850\/#primaryimage"},"image":{"@id":"https:\/\/argatecnic.pt\/en\/product\/lime-based-rehabilitation\/grouting\/tradiciocal-850\/#primaryimage"},"thumbnailUrl":"https:\/\/i0.wp.com\/argatecnic.pt\/wp-content\/uploads\/2022\/09\/tradiciocal-850-saco.png?fit=1484%2C1679&ssl=1","datePublished":"2022-09-13T11:17:38+00:00","dateModified":"2025-02-26T11:44:48+00:00","breadcrumb":{"@id":"https:\/\/argatecnic.pt\/en\/product\/lime-based-rehabilitation\/grouting\/tradiciocal-850\/#breadcrumb"},"inLanguage":"en-US","potentialAction":[{"@type":"ReadAction","target":["https:\/\/argatecnic.pt\/en\/product\/lime-based-rehabilitation\/grouting\/tradiciocal-850\/"]}]},{"@type":"ImageObject","inLanguage":"en-US","@id":"https:\/\/argatecnic.pt\/en\/product\/lime-based-rehabilitation\/grouting\/tradiciocal-850\/#primaryimage","url":"https:\/\/i0.wp.com\/argatecnic.pt\/wp-content\/uploads\/2022\/09\/tradiciocal-850-saco.png?fit=1484%2C1679&ssl=1","contentUrl":"https:\/\/i0.wp.com\/argatecnic.pt\/wp-content\/uploads\/2022\/09\/tradiciocal-850-saco.png?fit=1484%2C1679&ssl=1","width":1484,"height":1679},{"@type":"BreadcrumbList","@id":"https:\/\/argatecnic.pt\/en\/product\/lime-based-rehabilitation\/grouting\/tradiciocal-850\/#breadcrumb","itemListElement":[{"@type":"ListItem","position":1,"name":"Loja","item":"https:\/\/argatecnic.pt\/en\/loja\/"},{"@type":"ListItem","position":2,"name":"TRADICIOCAL 850"}]},{"@type":"WebSite","@id":"https:\/\/argatecnic.pt\/en\/#website","url":"https:\/\/argatecnic.pt\/en\/","name":"ARGATECNIC","description":"argamassas t\u00e9cnicas para a constru\u00e7\u00e3o","potentialAction":[{"@type":"SearchAction","target":{"@type":"EntryPoint","urlTemplate":"https:\/\/argatecnic.pt\/en\/?s={search_term_string}"},"query-input":{"@type":"PropertyValueSpecification","valueRequired":true,"valueName":"search_term_string"}}],"inLanguage":"en-US"}]}},"jetpack_sharing_enabled":true,"_links":{"self":[{"href":"https:\/\/argatecnic.pt\/en\/wp-json\/wp\/v2\/product\/5280","targetHints":{"allow":["GET"]}}],"collection":[{"href":"https:\/\/argatecnic.pt\/en\/wp-json\/wp\/v2\/product"}],"about":[{"href":"https:\/\/argatecnic.pt\/en\/wp-json\/wp\/v2\/types\/product"}],"replies":[{"embeddable":true,"href":"https:\/\/argatecnic.pt\/en\/wp-json\/wp\/v2\/comments?post=5280"}],"wp:featuredmedia":[{"embeddable":true,"href":"https:\/\/argatecnic.pt\/en\/wp-json\/wp\/v2\/media\/4034"}],"wp:attachment":[{"href":"https:\/\/argatecnic.pt\/en\/wp-json\/wp\/v2\/media?parent=5280"}],"wp:term":[{"taxonomy":"product_brand","embeddable":true,"href":"https:\/\/argatecnic.pt\/en\/wp-json\/wp\/v2\/product_brand?post=5280"},{"taxonomy":"product_cat","embeddable":true,"href":"https:\/\/argatecnic.pt\/en\/wp-json\/wp\/v2\/product_cat?post=5280"},{"taxonomy":"product_tag","embeddable":true,"href":"https:\/\/argatecnic.pt\/en\/wp-json\/wp\/v2\/product_tag?post=5280"}],"curies":[{"name":"wp","href":"https:\/\/api.w.org\/{rel}","templated":true}]}}