{"id":5279,"date":"2022-09-13T08:43:48","date_gmt":"2022-09-13T08:43:48","guid":{"rendered":"https:\/\/argatecnic.pt\/produto\/uncategorized\/betgrout-843\/"},"modified":"2025-02-26T13:45:34","modified_gmt":"2025-02-26T12:45:34","slug":"betgrout-843","status":"publish","type":"product","link":"https:\/\/argatecnic.pt\/en\/product\/repair\/anchorages\/betgrout-843\/","title":{"rendered":"BETGROUT 843"},"content":{"rendered":"<p><span style=\"color: #73a545;\"><strong>PRESENTATION:<\/strong><\/span><br \/>\n25 Kg bag<\/p>\n<p><span style=\"color: #73a545;\"><strong>DOMAIN OF UTILIZATION:\u00a0<\/strong><\/span><br \/>\nBETGROUT 843 is indicated for anchorage of metal elements in concrete (cables, bars, reinforcements, etc.), for filler the base of support equipment, machine foundations, manhole cover, filling cracks and cavities confined within the concrete.<\/p>\n<p><span style=\"color: #73a545;\"><strong>MORTAR PREPARATION:<\/strong><\/span><br \/>\nBETGROUT 843 is mechanically mixed with 3,5 liters of water per 25 kg bag with low speed electric mixer until a fluid, consistent and lump-free paste is obtained.<\/p>\n<p><span style=\"color: #73a545;\"><strong>THEORETICAL CONSUMPTION:\u00a0<\/strong><\/span><br \/>\n21 Kg\/m\u00b2\/cm<\/p>\n","protected":false},"excerpt":{"rendered":"<p><img loading=\"lazy\" decoding=\"async\" class=\"alignnone wp-image-733\" src=\"https:\/\/argatecnic.pt\/wp-content\/uploads\/2022\/08\/marcador-betao.svg\" alt=\"\" width=\"21\" height=\"14\" \/>\u00a0 Metal fastening\/anchoring<br \/>\n<a href=\"https:\/\/argatecnic.pt\/wp-content\/uploads\/2022\/08\/marcador-betao.svg\"><img loading=\"lazy\" decoding=\"async\" class=\"alignnone wp-image-733\" src=\"https:\/\/argatecnic.pt\/wp-content\/uploads\/2022\/08\/marcador-betao.svg\" alt=\"\" width=\"21\" height=\"14\" \/><\/a>\u00a0 Service placement after 2 hours<br \/>\n<a href=\"https:\/\/argatecnic.pt\/wp-content\/uploads\/2022\/08\/marcador-betao.svg\"><img loading=\"lazy\" decoding=\"async\" class=\"alignnone wp-image-733\" src=\"https:\/\/argatecnic.pt\/wp-content\/uploads\/2022\/08\/marcador-betao.svg\" alt=\"\" width=\"21\" height=\"14\" \/><\/a>\u00a0 Expansive properties<br \/>\n<a href=\"https:\/\/argatecnic.pt\/wp-content\/uploads\/2022\/08\/marcador-betao.svg\"><img loading=\"lazy\" decoding=\"async\" class=\"alignnone wp-image-733\" src=\"https:\/\/argatecnic.pt\/wp-content\/uploads\/2022\/08\/marcador-betao.svg\" alt=\"\" width=\"21\" height=\"14\" \/><\/a>\u00a0 High mechanical strength<\/p>\n<p>&nbsp;<\/p>\n<p><img loading=\"lazy\" decoding=\"async\" class=\"alignnone wp-image-51693\" src=\"https:\/\/argatecnic.pt\/wp-content\/uploads\/2022\/09\/betgrout-843-characteristics-en-ret.svg\" alt=\"\" width=\"301\" height=\"103\" \/><\/p>\n<p>&nbsp;<\/p>\n<p><img loading=\"lazy\" decoding=\"async\" class=\"alignnone wp-image-321\" src=\"https:\/\/argatecnic.pt\/wp-content\/uploads\/2022\/08\/betgrout-843-classificacao.svg\" alt=\"\" width=\"75\" height=\"75\" \/><\/p>\n<p>&nbsp;<\/p>\n<p><a href=\"https:\/\/argatecnic.pt\/wp-content\/uploads\/2022\/08\/cor-cinza.svg\">\u00a0\u00a0<img loading=\"lazy\" decoding=\"async\" class=\"alignnone wp-image-5178\" src=\"https:\/\/argatecnic.pt\/wp-content\/uploads\/2023\/04\/cor-grey-en.svg\" alt=\"\" width=\"36\" height=\"150\" \/><\/a><\/p>\n","protected":false},"featured_media":118061,"comment_status":"open","ping_status":"closed","template":"","meta":{"_et_pb_use_builder":"","_et_pb_old_content":"","_et_gb_content_width":""},"product_brand":[],"product_cat":[133,138],"product_tag":[],"class_list":{"0":"post-5279","1":"product","2":"type-product","3":"status-publish","4":"has-post-thumbnail","6":"product_cat-repair","7":"product_cat-anchorages","9":"first","10":"instock","11":"shipping-taxable","12":"product-type-simple"},"acf":[],"yoast_head":"<!-- This site is optimized with the Yoast SEO plugin v27.4 - https:\/\/yoast.com\/product\/yoast-seo-wordpress\/ -->\n<title>BETGROUT 843 - ARGATECNIC<\/title>\n<meta name=\"robots\" content=\"index, follow, max-snippet:-1, max-image-preview:large, max-video-preview:-1\" \/>\n<link rel=\"canonical\" href=\"https:\/\/argatecnic.pt\/en\/product\/repair\/anchorages\/betgrout-843\/\" \/>\n<meta property=\"og:locale\" content=\"en_US\" \/>\n<meta property=\"og:type\" content=\"article\" \/>\n<meta property=\"og:title\" content=\"BETGROUT 843 - ARGATECNIC\" \/>\n<meta property=\"og:description\" content=\"\u00a0 Metal fastening\/anchoring \u00a0 Service placement after 2 hours \u00a0 Expansive properties \u00a0 High mechanical strength  &nbsp;    &nbsp;    &nbsp;  \u00a0\u00a0\" \/>\n<meta property=\"og:url\" content=\"https:\/\/argatecnic.pt\/en\/product\/repair\/anchorages\/betgrout-843\/\" \/>\n<meta property=\"og:site_name\" content=\"ARGATECNIC\" \/>\n<meta property=\"article:modified_time\" content=\"2025-02-26T12:45:34+00:00\" \/>\n<meta property=\"og:image\" content=\"https:\/\/i0.wp.com\/argatecnic.pt\/wp-content\/uploads\/2024\/12\/betgrout-843-mockup.png?fit=2968%2C3358&ssl=1\" \/>\n\t<meta property=\"og:image:width\" content=\"2968\" \/>\n\t<meta property=\"og:image:height\" content=\"3358\" \/>\n\t<meta property=\"og:image:type\" content=\"image\/png\" \/>\n<meta name=\"twitter:card\" content=\"summary_large_image\" \/>\n<meta name=\"twitter:label1\" content=\"Est. reading time\" \/>\n\t<meta name=\"twitter:data1\" content=\"1 minute\" \/>\n<script type=\"application\/ld+json\" class=\"yoast-schema-graph\">{\"@context\":\"https:\\\/\\\/schema.org\",\"@graph\":[{\"@type\":\"WebPage\",\"@id\":\"https:\\\/\\\/argatecnic.pt\\\/en\\\/product\\\/repair\\\/anchorages\\\/betgrout-843\\\/\",\"url\":\"https:\\\/\\\/argatecnic.pt\\\/en\\\/product\\\/repair\\\/anchorages\\\/betgrout-843\\\/\",\"name\":\"BETGROUT 843 - ARGATECNIC\",\"isPartOf\":{\"@id\":\"https:\\\/\\\/argatecnic.pt\\\/en\\\/#website\"},\"primaryImageOfPage\":{\"@id\":\"https:\\\/\\\/argatecnic.pt\\\/en\\\/product\\\/repair\\\/anchorages\\\/betgrout-843\\\/#primaryimage\"},\"image\":{\"@id\":\"https:\\\/\\\/argatecnic.pt\\\/en\\\/product\\\/repair\\\/anchorages\\\/betgrout-843\\\/#primaryimage\"},\"thumbnailUrl\":\"https:\\\/\\\/i0.wp.com\\\/argatecnic.pt\\\/wp-content\\\/uploads\\\/2024\\\/12\\\/betgrout-843-mockup.png?fit=2968%2C3358&ssl=1\",\"datePublished\":\"2022-09-13T08:43:48+00:00\",\"dateModified\":\"2025-02-26T12:45:34+00:00\",\"breadcrumb\":{\"@id\":\"https:\\\/\\\/argatecnic.pt\\\/en\\\/product\\\/repair\\\/anchorages\\\/betgrout-843\\\/#breadcrumb\"},\"inLanguage\":\"en-US\",\"potentialAction\":[{\"@type\":\"ReadAction\",\"target\":[\"https:\\\/\\\/argatecnic.pt\\\/en\\\/product\\\/repair\\\/anchorages\\\/betgrout-843\\\/\"]}]},{\"@type\":\"ImageObject\",\"inLanguage\":\"en-US\",\"@id\":\"https:\\\/\\\/argatecnic.pt\\\/en\\\/product\\\/repair\\\/anchorages\\\/betgrout-843\\\/#primaryimage\",\"url\":\"https:\\\/\\\/i0.wp.com\\\/argatecnic.pt\\\/wp-content\\\/uploads\\\/2024\\\/12\\\/betgrout-843-mockup.png?fit=2968%2C3358&ssl=1\",\"contentUrl\":\"https:\\\/\\\/i0.wp.com\\\/argatecnic.pt\\\/wp-content\\\/uploads\\\/2024\\\/12\\\/betgrout-843-mockup.png?fit=2968%2C3358&ssl=1\",\"width\":2968,\"height\":3358},{\"@type\":\"BreadcrumbList\",\"@id\":\"https:\\\/\\\/argatecnic.pt\\\/en\\\/product\\\/repair\\\/anchorages\\\/betgrout-843\\\/#breadcrumb\",\"itemListElement\":[{\"@type\":\"ListItem\",\"position\":1,\"name\":\"Loja\",\"item\":\"https:\\\/\\\/argatecnic.pt\\\/en\\\/loja\\\/\"},{\"@type\":\"ListItem\",\"position\":2,\"name\":\"BETGROUT 843\"}]},{\"@type\":\"WebSite\",\"@id\":\"https:\\\/\\\/argatecnic.pt\\\/en\\\/#website\",\"url\":\"https:\\\/\\\/argatecnic.pt\\\/en\\\/\",\"name\":\"ARGATECNIC\",\"description\":\"argamassas t\u00e9cnicas para a constru\u00e7\u00e3o\",\"potentialAction\":[{\"@type\":\"SearchAction\",\"target\":{\"@type\":\"EntryPoint\",\"urlTemplate\":\"https:\\\/\\\/argatecnic.pt\\\/en\\\/?s={search_term_string}\"},\"query-input\":{\"@type\":\"PropertyValueSpecification\",\"valueRequired\":true,\"valueName\":\"search_term_string\"}}],\"inLanguage\":\"en-US\"}]}<\/script>\n<!-- \/ Yoast SEO plugin. -->","yoast_head_json":{"title":"BETGROUT 843 - ARGATECNIC","robots":{"index":"index","follow":"follow","max-snippet":"max-snippet:-1","max-image-preview":"max-image-preview:large","max-video-preview":"max-video-preview:-1"},"canonical":"https:\/\/argatecnic.pt\/en\/product\/repair\/anchorages\/betgrout-843\/","og_locale":"en_US","og_type":"article","og_title":"BETGROUT 843 - ARGATECNIC","og_description":"\u00a0 Metal fastening\/anchoring \u00a0 Service placement after 2 hours \u00a0 Expansive properties \u00a0 High mechanical strength  &nbsp;    &nbsp;    &nbsp;  \u00a0\u00a0","og_url":"https:\/\/argatecnic.pt\/en\/product\/repair\/anchorages\/betgrout-843\/","og_site_name":"ARGATECNIC","article_modified_time":"2025-02-26T12:45:34+00:00","og_image":[{"width":2968,"height":3358,"url":"https:\/\/i0.wp.com\/argatecnic.pt\/wp-content\/uploads\/2024\/12\/betgrout-843-mockup.png?fit=2968%2C3358&ssl=1","type":"image\/png"}],"twitter_card":"summary_large_image","twitter_misc":{"Est. reading time":"1 minute"},"schema":{"@context":"https:\/\/schema.org","@graph":[{"@type":"WebPage","@id":"https:\/\/argatecnic.pt\/en\/product\/repair\/anchorages\/betgrout-843\/","url":"https:\/\/argatecnic.pt\/en\/product\/repair\/anchorages\/betgrout-843\/","name":"BETGROUT 843 - ARGATECNIC","isPartOf":{"@id":"https:\/\/argatecnic.pt\/en\/#website"},"primaryImageOfPage":{"@id":"https:\/\/argatecnic.pt\/en\/product\/repair\/anchorages\/betgrout-843\/#primaryimage"},"image":{"@id":"https:\/\/argatecnic.pt\/en\/product\/repair\/anchorages\/betgrout-843\/#primaryimage"},"thumbnailUrl":"https:\/\/i0.wp.com\/argatecnic.pt\/wp-content\/uploads\/2024\/12\/betgrout-843-mockup.png?fit=2968%2C3358&ssl=1","datePublished":"2022-09-13T08:43:48+00:00","dateModified":"2025-02-26T12:45:34+00:00","breadcrumb":{"@id":"https:\/\/argatecnic.pt\/en\/product\/repair\/anchorages\/betgrout-843\/#breadcrumb"},"inLanguage":"en-US","potentialAction":[{"@type":"ReadAction","target":["https:\/\/argatecnic.pt\/en\/product\/repair\/anchorages\/betgrout-843\/"]}]},{"@type":"ImageObject","inLanguage":"en-US","@id":"https:\/\/argatecnic.pt\/en\/product\/repair\/anchorages\/betgrout-843\/#primaryimage","url":"https:\/\/i0.wp.com\/argatecnic.pt\/wp-content\/uploads\/2024\/12\/betgrout-843-mockup.png?fit=2968%2C3358&ssl=1","contentUrl":"https:\/\/i0.wp.com\/argatecnic.pt\/wp-content\/uploads\/2024\/12\/betgrout-843-mockup.png?fit=2968%2C3358&ssl=1","width":2968,"height":3358},{"@type":"BreadcrumbList","@id":"https:\/\/argatecnic.pt\/en\/product\/repair\/anchorages\/betgrout-843\/#breadcrumb","itemListElement":[{"@type":"ListItem","position":1,"name":"Loja","item":"https:\/\/argatecnic.pt\/en\/loja\/"},{"@type":"ListItem","position":2,"name":"BETGROUT 843"}]},{"@type":"WebSite","@id":"https:\/\/argatecnic.pt\/en\/#website","url":"https:\/\/argatecnic.pt\/en\/","name":"ARGATECNIC","description":"argamassas t\u00e9cnicas para a constru\u00e7\u00e3o","potentialAction":[{"@type":"SearchAction","target":{"@type":"EntryPoint","urlTemplate":"https:\/\/argatecnic.pt\/en\/?s={search_term_string}"},"query-input":{"@type":"PropertyValueSpecification","valueRequired":true,"valueName":"search_term_string"}}],"inLanguage":"en-US"}]}},"jetpack_sharing_enabled":true,"_links":{"self":[{"href":"https:\/\/argatecnic.pt\/en\/wp-json\/wp\/v2\/product\/5279","targetHints":{"allow":["GET"]}}],"collection":[{"href":"https:\/\/argatecnic.pt\/en\/wp-json\/wp\/v2\/product"}],"about":[{"href":"https:\/\/argatecnic.pt\/en\/wp-json\/wp\/v2\/types\/product"}],"replies":[{"embeddable":true,"href":"https:\/\/argatecnic.pt\/en\/wp-json\/wp\/v2\/comments?post=5279"}],"wp:featuredmedia":[{"embeddable":true,"href":"https:\/\/argatecnic.pt\/en\/wp-json\/wp\/v2\/media\/118061"}],"wp:attachment":[{"href":"https:\/\/argatecnic.pt\/en\/wp-json\/wp\/v2\/media?parent=5279"}],"wp:term":[{"taxonomy":"product_brand","embeddable":true,"href":"https:\/\/argatecnic.pt\/en\/wp-json\/wp\/v2\/product_brand?post=5279"},{"taxonomy":"product_cat","embeddable":true,"href":"https:\/\/argatecnic.pt\/en\/wp-json\/wp\/v2\/product_cat?post=5279"},{"taxonomy":"product_tag","embeddable":true,"href":"https:\/\/argatecnic.pt\/en\/wp-json\/wp\/v2\/product_tag?post=5279"}],"curies":[{"name":"wp","href":"https:\/\/api.w.org\/{rel}","templated":true}]}}