{"id":5271,"date":"2022-09-09T16:58:08","date_gmt":"2022-09-09T16:58:08","guid":{"rendered":"https:\/\/argatecnic.pt\/produto\/uncategorized\/lena-etics-825-p\/"},"modified":"2025-02-26T13:53:34","modified_gmt":"2025-02-26T12:53:34","slug":"lena-etics-825-p","status":"publish","type":"product","link":"https:\/\/argatecnic.pt\/en\/product\/thermal-insulation\/finishes\/lena-etics-825-p\/","title":{"rendered":"LENA ETICS 825-P"},"content":{"rendered":"<p><span style=\"color: #e7751c;\"><strong>PRESENTATION:<\/strong><\/span><br \/>\n15 L buckets<\/p>\n<p><span style=\"color: #e7751c;\"><strong>DOMAIN OF UTILIZATION:\u00a0<\/strong><\/span><br \/>\nLENA ETICS 825-P is applied over the base layer of the ETICS, and then subsequently covered with acrylic coating &#8211; LENA\u00ae 825. It can also be applied to both internal and external cement-based surfaces prior to painting.<br \/>\nThe purpose of the LENA 825-P primer is to regulate substrate absorption, boost coating adherence, and the opacity of the final system.<\/p>\n<p><span style=\"color: #e7751c;\"><strong>PRODUCT PREPARATION:<\/strong><\/span><br \/>\nLENA ETICS 825-P is supplied ready for use.<\/p>\n<p><span style=\"color: #e7751c;\"><strong>THEORETICAL CONSUMPTION:<\/strong><\/span><br \/>\n8 a 12 m\u00b2\/L<\/p>\n","protected":false},"excerpt":{"rendered":"<p><a href=\"https:\/\/argatecnic.pt\/wp-content\/uploads\/2022\/09\/marcador-isolamento-termico.svg\"><img loading=\"lazy\" decoding=\"async\" class=\"alignnone wp-image-760\" src=\"https:\/\/argatecnic.pt\/wp-content\/uploads\/2022\/09\/marcador-isolamento-termico.svg\" alt=\"\" width=\"20\" height=\"14\" \/> <\/a>\u00a0Regulates substrate absorption<br \/>\n<a href=\"https:\/\/argatecnic.pt\/wp-content\/uploads\/2022\/09\/marcador-isolamento-termico.svg\"><img loading=\"lazy\" decoding=\"async\" class=\"alignnone wp-image-760\" src=\"https:\/\/argatecnic.pt\/wp-content\/uploads\/2022\/09\/marcador-isolamento-termico.svg\" alt=\"\" width=\"20\" height=\"14\" \/> <\/a>\u00a0Resistant to alkalinity<br \/>\n<a href=\"https:\/\/argatecnic.pt\/wp-content\/uploads\/2022\/09\/marcador-isolamento-termico.svg\"><img loading=\"lazy\" decoding=\"async\" class=\"alignnone wp-image-760\" src=\"https:\/\/argatecnic.pt\/wp-content\/uploads\/2022\/09\/marcador-isolamento-termico.svg\" alt=\"\" width=\"20\" height=\"14\" \/> <\/a>\u00a0High yield<br \/>\n<a href=\"https:\/\/argatecnic.pt\/wp-content\/uploads\/2022\/09\/marcador-isolamento-termico.svg\"><img loading=\"lazy\" decoding=\"async\" class=\"alignnone wp-image-760\" src=\"https:\/\/argatecnic.pt\/wp-content\/uploads\/2022\/09\/marcador-isolamento-termico.svg\" alt=\"\" width=\"20\" height=\"14\" \/> \u00a0<\/a>Excellent coverage<\/p>\n<p>&nbsp;<\/p>\n<p><img loading=\"lazy\" decoding=\"async\" class=\"alignnone wp-image-5263\" src=\"https:\/\/argatecnic.pt\/wp-content\/uploads\/2022\/09\/lena-etics-825-p-characteristics-en.svg\" alt=\"\" width=\"412\" height=\"134\" \/><\/p>\n","protected":false},"featured_media":4033,"comment_status":"open","ping_status":"closed","template":"","meta":{"_et_pb_use_builder":"","_et_pb_old_content":"","_et_gb_content_width":""},"product_brand":[],"product_cat":[156,132],"product_tag":[],"class_list":{"0":"post-5271","1":"product","2":"type-product","3":"status-publish","4":"has-post-thumbnail","6":"product_cat-finishes","7":"product_cat-thermal-insulation","9":"first","10":"instock","11":"shipping-taxable","12":"product-type-simple"},"acf":[],"yoast_head":"<!-- This site is optimized with the Yoast SEO plugin v27.4 - https:\/\/yoast.com\/product\/yoast-seo-wordpress\/ -->\n<title>LENA ETICS 825-P - ARGATECNIC<\/title>\n<meta name=\"robots\" content=\"index, follow, max-snippet:-1, max-image-preview:large, max-video-preview:-1\" \/>\n<link rel=\"canonical\" href=\"https:\/\/argatecnic.pt\/en\/product\/thermal-insulation\/finishes\/lena-etics-825-p\/\" \/>\n<meta property=\"og:locale\" content=\"en_US\" \/>\n<meta property=\"og:type\" content=\"article\" \/>\n<meta property=\"og:title\" content=\"LENA ETICS 825-P - ARGATECNIC\" \/>\n<meta property=\"og:description\" content=\"\u00a0Regulates substrate absorption  \u00a0Resistant to alkalinity  \u00a0High yield  \u00a0Excellent coverage  &nbsp;\" \/>\n<meta property=\"og:url\" content=\"https:\/\/argatecnic.pt\/en\/product\/thermal-insulation\/finishes\/lena-etics-825-p\/\" \/>\n<meta property=\"og:site_name\" content=\"ARGATECNIC\" \/>\n<meta property=\"article:modified_time\" content=\"2025-02-26T12:53:34+00:00\" \/>\n<meta property=\"og:image\" content=\"https:\/\/i0.wp.com\/argatecnic.pt\/wp-content\/uploads\/2022\/09\/lena-etics-825p-balde.png?fit=1250%2C1250&ssl=1\" \/>\n\t<meta property=\"og:image:width\" content=\"1250\" \/>\n\t<meta property=\"og:image:height\" content=\"1250\" \/>\n\t<meta property=\"og:image:type\" content=\"image\/png\" \/>\n<meta name=\"twitter:card\" content=\"summary_large_image\" \/>\n<meta name=\"twitter:label1\" content=\"Est. reading time\" \/>\n\t<meta name=\"twitter:data1\" content=\"1 minute\" \/>\n<script type=\"application\/ld+json\" class=\"yoast-schema-graph\">{\"@context\":\"https:\\\/\\\/schema.org\",\"@graph\":[{\"@type\":\"WebPage\",\"@id\":\"https:\\\/\\\/argatecnic.pt\\\/en\\\/product\\\/thermal-insulation\\\/finishes\\\/lena-etics-825-p\\\/\",\"url\":\"https:\\\/\\\/argatecnic.pt\\\/en\\\/product\\\/thermal-insulation\\\/finishes\\\/lena-etics-825-p\\\/\",\"name\":\"LENA ETICS 825-P - ARGATECNIC\",\"isPartOf\":{\"@id\":\"https:\\\/\\\/argatecnic.pt\\\/en\\\/#website\"},\"primaryImageOfPage\":{\"@id\":\"https:\\\/\\\/argatecnic.pt\\\/en\\\/product\\\/thermal-insulation\\\/finishes\\\/lena-etics-825-p\\\/#primaryimage\"},\"image\":{\"@id\":\"https:\\\/\\\/argatecnic.pt\\\/en\\\/product\\\/thermal-insulation\\\/finishes\\\/lena-etics-825-p\\\/#primaryimage\"},\"thumbnailUrl\":\"https:\\\/\\\/i0.wp.com\\\/argatecnic.pt\\\/wp-content\\\/uploads\\\/2022\\\/09\\\/lena-etics-825p-balde.png?fit=1250%2C1250&ssl=1\",\"datePublished\":\"2022-09-09T16:58:08+00:00\",\"dateModified\":\"2025-02-26T12:53:34+00:00\",\"breadcrumb\":{\"@id\":\"https:\\\/\\\/argatecnic.pt\\\/en\\\/product\\\/thermal-insulation\\\/finishes\\\/lena-etics-825-p\\\/#breadcrumb\"},\"inLanguage\":\"en-US\",\"potentialAction\":[{\"@type\":\"ReadAction\",\"target\":[\"https:\\\/\\\/argatecnic.pt\\\/en\\\/product\\\/thermal-insulation\\\/finishes\\\/lena-etics-825-p\\\/\"]}]},{\"@type\":\"ImageObject\",\"inLanguage\":\"en-US\",\"@id\":\"https:\\\/\\\/argatecnic.pt\\\/en\\\/product\\\/thermal-insulation\\\/finishes\\\/lena-etics-825-p\\\/#primaryimage\",\"url\":\"https:\\\/\\\/i0.wp.com\\\/argatecnic.pt\\\/wp-content\\\/uploads\\\/2022\\\/09\\\/lena-etics-825p-balde.png?fit=1250%2C1250&ssl=1\",\"contentUrl\":\"https:\\\/\\\/i0.wp.com\\\/argatecnic.pt\\\/wp-content\\\/uploads\\\/2022\\\/09\\\/lena-etics-825p-balde.png?fit=1250%2C1250&ssl=1\",\"width\":1250,\"height\":1250},{\"@type\":\"BreadcrumbList\",\"@id\":\"https:\\\/\\\/argatecnic.pt\\\/en\\\/product\\\/thermal-insulation\\\/finishes\\\/lena-etics-825-p\\\/#breadcrumb\",\"itemListElement\":[{\"@type\":\"ListItem\",\"position\":1,\"name\":\"Loja\",\"item\":\"https:\\\/\\\/argatecnic.pt\\\/en\\\/loja\\\/\"},{\"@type\":\"ListItem\",\"position\":2,\"name\":\"LENA ETICS 825-P\"}]},{\"@type\":\"WebSite\",\"@id\":\"https:\\\/\\\/argatecnic.pt\\\/en\\\/#website\",\"url\":\"https:\\\/\\\/argatecnic.pt\\\/en\\\/\",\"name\":\"ARGATECNIC\",\"description\":\"argamassas t\u00e9cnicas para a constru\u00e7\u00e3o\",\"potentialAction\":[{\"@type\":\"SearchAction\",\"target\":{\"@type\":\"EntryPoint\",\"urlTemplate\":\"https:\\\/\\\/argatecnic.pt\\\/en\\\/?s={search_term_string}\"},\"query-input\":{\"@type\":\"PropertyValueSpecification\",\"valueRequired\":true,\"valueName\":\"search_term_string\"}}],\"inLanguage\":\"en-US\"}]}<\/script>\n<!-- \/ Yoast SEO plugin. -->","yoast_head_json":{"title":"LENA ETICS 825-P - ARGATECNIC","robots":{"index":"index","follow":"follow","max-snippet":"max-snippet:-1","max-image-preview":"max-image-preview:large","max-video-preview":"max-video-preview:-1"},"canonical":"https:\/\/argatecnic.pt\/en\/product\/thermal-insulation\/finishes\/lena-etics-825-p\/","og_locale":"en_US","og_type":"article","og_title":"LENA ETICS 825-P - ARGATECNIC","og_description":"\u00a0Regulates substrate absorption  \u00a0Resistant to alkalinity  \u00a0High yield  \u00a0Excellent coverage  &nbsp;","og_url":"https:\/\/argatecnic.pt\/en\/product\/thermal-insulation\/finishes\/lena-etics-825-p\/","og_site_name":"ARGATECNIC","article_modified_time":"2025-02-26T12:53:34+00:00","og_image":[{"width":1250,"height":1250,"url":"https:\/\/i0.wp.com\/argatecnic.pt\/wp-content\/uploads\/2022\/09\/lena-etics-825p-balde.png?fit=1250%2C1250&ssl=1","type":"image\/png"}],"twitter_card":"summary_large_image","twitter_misc":{"Est. reading time":"1 minute"},"schema":{"@context":"https:\/\/schema.org","@graph":[{"@type":"WebPage","@id":"https:\/\/argatecnic.pt\/en\/product\/thermal-insulation\/finishes\/lena-etics-825-p\/","url":"https:\/\/argatecnic.pt\/en\/product\/thermal-insulation\/finishes\/lena-etics-825-p\/","name":"LENA ETICS 825-P - ARGATECNIC","isPartOf":{"@id":"https:\/\/argatecnic.pt\/en\/#website"},"primaryImageOfPage":{"@id":"https:\/\/argatecnic.pt\/en\/product\/thermal-insulation\/finishes\/lena-etics-825-p\/#primaryimage"},"image":{"@id":"https:\/\/argatecnic.pt\/en\/product\/thermal-insulation\/finishes\/lena-etics-825-p\/#primaryimage"},"thumbnailUrl":"https:\/\/i0.wp.com\/argatecnic.pt\/wp-content\/uploads\/2022\/09\/lena-etics-825p-balde.png?fit=1250%2C1250&ssl=1","datePublished":"2022-09-09T16:58:08+00:00","dateModified":"2025-02-26T12:53:34+00:00","breadcrumb":{"@id":"https:\/\/argatecnic.pt\/en\/product\/thermal-insulation\/finishes\/lena-etics-825-p\/#breadcrumb"},"inLanguage":"en-US","potentialAction":[{"@type":"ReadAction","target":["https:\/\/argatecnic.pt\/en\/product\/thermal-insulation\/finishes\/lena-etics-825-p\/"]}]},{"@type":"ImageObject","inLanguage":"en-US","@id":"https:\/\/argatecnic.pt\/en\/product\/thermal-insulation\/finishes\/lena-etics-825-p\/#primaryimage","url":"https:\/\/i0.wp.com\/argatecnic.pt\/wp-content\/uploads\/2022\/09\/lena-etics-825p-balde.png?fit=1250%2C1250&ssl=1","contentUrl":"https:\/\/i0.wp.com\/argatecnic.pt\/wp-content\/uploads\/2022\/09\/lena-etics-825p-balde.png?fit=1250%2C1250&ssl=1","width":1250,"height":1250},{"@type":"BreadcrumbList","@id":"https:\/\/argatecnic.pt\/en\/product\/thermal-insulation\/finishes\/lena-etics-825-p\/#breadcrumb","itemListElement":[{"@type":"ListItem","position":1,"name":"Loja","item":"https:\/\/argatecnic.pt\/en\/loja\/"},{"@type":"ListItem","position":2,"name":"LENA ETICS 825-P"}]},{"@type":"WebSite","@id":"https:\/\/argatecnic.pt\/en\/#website","url":"https:\/\/argatecnic.pt\/en\/","name":"ARGATECNIC","description":"argamassas t\u00e9cnicas para a constru\u00e7\u00e3o","potentialAction":[{"@type":"SearchAction","target":{"@type":"EntryPoint","urlTemplate":"https:\/\/argatecnic.pt\/en\/?s={search_term_string}"},"query-input":{"@type":"PropertyValueSpecification","valueRequired":true,"valueName":"search_term_string"}}],"inLanguage":"en-US"}]}},"jetpack_sharing_enabled":true,"_links":{"self":[{"href":"https:\/\/argatecnic.pt\/en\/wp-json\/wp\/v2\/product\/5271","targetHints":{"allow":["GET"]}}],"collection":[{"href":"https:\/\/argatecnic.pt\/en\/wp-json\/wp\/v2\/product"}],"about":[{"href":"https:\/\/argatecnic.pt\/en\/wp-json\/wp\/v2\/types\/product"}],"replies":[{"embeddable":true,"href":"https:\/\/argatecnic.pt\/en\/wp-json\/wp\/v2\/comments?post=5271"}],"wp:featuredmedia":[{"embeddable":true,"href":"https:\/\/argatecnic.pt\/en\/wp-json\/wp\/v2\/media\/4033"}],"wp:attachment":[{"href":"https:\/\/argatecnic.pt\/en\/wp-json\/wp\/v2\/media?parent=5271"}],"wp:term":[{"taxonomy":"product_brand","embeddable":true,"href":"https:\/\/argatecnic.pt\/en\/wp-json\/wp\/v2\/product_brand?post=5271"},{"taxonomy":"product_cat","embeddable":true,"href":"https:\/\/argatecnic.pt\/en\/wp-json\/wp\/v2\/product_cat?post=5271"},{"taxonomy":"product_tag","embeddable":true,"href":"https:\/\/argatecnic.pt\/en\/wp-json\/wp\/v2\/product_tag?post=5271"}],"curies":[{"name":"wp","href":"https:\/\/api.w.org\/{rel}","templated":true}]}}