{"id":5270,"date":"2022-09-09T16:44:46","date_gmt":"2022-09-09T16:44:46","guid":{"rendered":"https:\/\/argatecnic.pt\/produto\/uncategorized\/lena-etics-823\/"},"modified":"2025-02-26T13:54:10","modified_gmt":"2025-02-26T12:54:10","slug":"lena-etics-823","status":"publish","type":"product","link":"https:\/\/argatecnic.pt\/en\/product\/thermal-insulation\/finishes\/lena-etics-823\/","title":{"rendered":"LENA ETICS 823"},"content":{"rendered":"<p><span style=\"color: #e7751c;\"><strong>PRESENTATION:<\/strong><\/span><br \/>\n25 kg bags<br \/>\nPallets 60 bags (1500 Kg)<\/p>\n<p><span style=\"color: #e7751c;\"><strong>DOMAIN OF UTILIZATION:\u00a0<\/strong><\/span><br \/>\nLENA ETICS 823 can be applied in internal and external surfaces, constituting a sandblasted finish for the ETICS System. It also allows the rehabilitation of old render areas, which presents associated phatologies or deficiencies of finishing.<\/p>\n<p><span style=\"color: #e7751c;\"><strong>MORTAR PREPARATION:<\/strong><\/span><br \/>\nLENA ETICS 823 should be kneaded with 4,5 liters of water per 25 kg bag, until a uniform and lump-free paste is obtained.<\/p>\n<p><span style=\"color: #e7751c;\"><strong>THEORETICAL CONSUMPTION:<\/strong><\/span><br \/>\n2-3 Kg\/m\u00b2<\/p>\n","protected":false},"excerpt":{"rendered":"<p><a href=\"https:\/\/argatecnic.pt\/wp-content\/uploads\/2022\/09\/marcador-isolamento-termico.svg\"><img loading=\"lazy\" decoding=\"async\" class=\"alignnone wp-image-760\" src=\"https:\/\/argatecnic.pt\/wp-content\/uploads\/2022\/09\/marcador-isolamento-termico.svg\" alt=\"\" width=\"20\" height=\"14\" \/> <\/a>\u00a0Fine textured finish: for ETICS and traditional renders<br \/>\n<a href=\"https:\/\/argatecnic.pt\/wp-content\/uploads\/2022\/09\/marcador-isolamento-termico.svg\"><img loading=\"lazy\" decoding=\"async\" class=\"alignnone wp-image-760\" src=\"https:\/\/argatecnic.pt\/wp-content\/uploads\/2022\/09\/marcador-isolamento-termico.svg\" alt=\"\" width=\"20\" height=\"14\" \/> <\/a>\u00a0No painting required<br \/>\n<a href=\"https:\/\/argatecnic.pt\/wp-content\/uploads\/2022\/09\/marcador-isolamento-termico.svg\"><img loading=\"lazy\" decoding=\"async\" class=\"alignnone wp-image-760\" src=\"https:\/\/argatecnic.pt\/wp-content\/uploads\/2022\/09\/marcador-isolamento-termico.svg\" alt=\"\" width=\"20\" height=\"14\" \/> \u00a0<\/a>Vapor permeable<br \/>\n<a href=\"https:\/\/argatecnic.pt\/wp-content\/uploads\/2022\/09\/marcador-isolamento-termico.svg\"><img loading=\"lazy\" decoding=\"async\" class=\"alignnone wp-image-760\" src=\"https:\/\/argatecnic.pt\/wp-content\/uploads\/2022\/09\/marcador-isolamento-termico.svg\" alt=\"\" width=\"20\" height=\"14\" \/>\u00a0 <\/a>Weather-resistant<\/p>\n<p>&nbsp;<\/p>\n<p><img loading=\"lazy\" decoding=\"async\" class=\"alignnone wp-image-5251 \" src=\"https:\/\/argatecnic.pt\/wp-content\/uploads\/2022\/09\/lena-etics-823-characteristics-en.svg\" alt=\"\" width=\"398\" height=\"134\" \/><\/p>\n<p>&nbsp;<\/p>\n<p><a href=\"https:\/\/argatecnic.pt\/wp-content\/uploads\/2022\/08\/cor-cinza.svg\">\u00a0 <img loading=\"lazy\" decoding=\"async\" class=\"alignnone wp-image-5181\" src=\"https:\/\/argatecnic.pt\/wp-content\/uploads\/2023\/04\/cor-white-en.svg\" alt=\"\" width=\"41\" height=\"50\" \/>\u00a0 <img loading=\"lazy\" decoding=\"async\" class=\"alignnone wp-image-5214\" src=\"https:\/\/argatecnic.pt\/wp-content\/uploads\/2022\/08\/cor-cream-en.svg\" alt=\"\" width=\"46\" height=\"51\" \/>\u00a0<\/a> \u00a0<a href=\"https:\/\/argatecnic.pt\/wp-content\/uploads\/2022\/08\/cor-cinza.svg\"><img loading=\"lazy\" decoding=\"async\" class=\"alignnone wp-image-5205\" src=\"https:\/\/argatecnic.pt\/wp-content\/uploads\/2022\/08\/cor-beige-en.svg\" alt=\"\" width=\"37\" height=\"52\" \/><\/a><\/p>\n<p>&nbsp;<\/p>\n","protected":false},"featured_media":4029,"comment_status":"open","ping_status":"closed","template":"","meta":{"_et_pb_use_builder":"","_et_pb_old_content":"","_et_gb_content_width":""},"product_brand":[],"product_cat":[156,132],"product_tag":[],"class_list":{"0":"post-5270","1":"product","2":"type-product","3":"status-publish","4":"has-post-thumbnail","6":"product_cat-finishes","7":"product_cat-thermal-insulation","9":"first","10":"instock","11":"shipping-taxable","12":"product-type-simple"},"acf":[],"yoast_head":"<!-- This site is optimized with the Yoast SEO plugin v27.4 - https:\/\/yoast.com\/product\/yoast-seo-wordpress\/ -->\n<title>LENA ETICS 823 - ARGATECNIC<\/title>\n<meta name=\"robots\" content=\"index, follow, max-snippet:-1, max-image-preview:large, max-video-preview:-1\" \/>\n<link rel=\"canonical\" href=\"https:\/\/argatecnic.pt\/en\/product\/thermal-insulation\/finishes\/lena-etics-823\/\" \/>\n<meta property=\"og:locale\" content=\"en_US\" \/>\n<meta property=\"og:type\" content=\"article\" \/>\n<meta property=\"og:title\" content=\"LENA ETICS 823 - ARGATECNIC\" \/>\n<meta property=\"og:description\" content=\"\u00a0Fine textured finish: for ETICS and traditional renders  \u00a0No painting required  \u00a0Vapor permeable \u00a0 Weather-resistant  &nbsp;    &nbsp;  \u00a0 \u00a0 \u00a0 \u00a0  &nbsp;\" \/>\n<meta property=\"og:url\" content=\"https:\/\/argatecnic.pt\/en\/product\/thermal-insulation\/finishes\/lena-etics-823\/\" \/>\n<meta property=\"og:site_name\" content=\"ARGATECNIC\" \/>\n<meta property=\"article:modified_time\" content=\"2025-02-26T12:54:10+00:00\" \/>\n<meta property=\"og:image\" content=\"https:\/\/i0.wp.com\/argatecnic.pt\/wp-content\/uploads\/2022\/09\/lena-etics-823-saco.png?fit=1484%2C1679&ssl=1\" \/>\n\t<meta property=\"og:image:width\" content=\"1484\" \/>\n\t<meta property=\"og:image:height\" content=\"1679\" \/>\n\t<meta property=\"og:image:type\" content=\"image\/png\" \/>\n<meta name=\"twitter:card\" content=\"summary_large_image\" \/>\n<meta name=\"twitter:label1\" content=\"Est. reading time\" \/>\n\t<meta name=\"twitter:data1\" content=\"1 minute\" \/>\n<script type=\"application\/ld+json\" class=\"yoast-schema-graph\">{\"@context\":\"https:\\\/\\\/schema.org\",\"@graph\":[{\"@type\":\"WebPage\",\"@id\":\"https:\\\/\\\/argatecnic.pt\\\/en\\\/product\\\/thermal-insulation\\\/finishes\\\/lena-etics-823\\\/\",\"url\":\"https:\\\/\\\/argatecnic.pt\\\/en\\\/product\\\/thermal-insulation\\\/finishes\\\/lena-etics-823\\\/\",\"name\":\"LENA ETICS 823 - ARGATECNIC\",\"isPartOf\":{\"@id\":\"https:\\\/\\\/argatecnic.pt\\\/en\\\/#website\"},\"primaryImageOfPage\":{\"@id\":\"https:\\\/\\\/argatecnic.pt\\\/en\\\/product\\\/thermal-insulation\\\/finishes\\\/lena-etics-823\\\/#primaryimage\"},\"image\":{\"@id\":\"https:\\\/\\\/argatecnic.pt\\\/en\\\/product\\\/thermal-insulation\\\/finishes\\\/lena-etics-823\\\/#primaryimage\"},\"thumbnailUrl\":\"https:\\\/\\\/i0.wp.com\\\/argatecnic.pt\\\/wp-content\\\/uploads\\\/2022\\\/09\\\/lena-etics-823-saco.png?fit=1484%2C1679&ssl=1\",\"datePublished\":\"2022-09-09T16:44:46+00:00\",\"dateModified\":\"2025-02-26T12:54:10+00:00\",\"breadcrumb\":{\"@id\":\"https:\\\/\\\/argatecnic.pt\\\/en\\\/product\\\/thermal-insulation\\\/finishes\\\/lena-etics-823\\\/#breadcrumb\"},\"inLanguage\":\"en-US\",\"potentialAction\":[{\"@type\":\"ReadAction\",\"target\":[\"https:\\\/\\\/argatecnic.pt\\\/en\\\/product\\\/thermal-insulation\\\/finishes\\\/lena-etics-823\\\/\"]}]},{\"@type\":\"ImageObject\",\"inLanguage\":\"en-US\",\"@id\":\"https:\\\/\\\/argatecnic.pt\\\/en\\\/product\\\/thermal-insulation\\\/finishes\\\/lena-etics-823\\\/#primaryimage\",\"url\":\"https:\\\/\\\/i0.wp.com\\\/argatecnic.pt\\\/wp-content\\\/uploads\\\/2022\\\/09\\\/lena-etics-823-saco.png?fit=1484%2C1679&ssl=1\",\"contentUrl\":\"https:\\\/\\\/i0.wp.com\\\/argatecnic.pt\\\/wp-content\\\/uploads\\\/2022\\\/09\\\/lena-etics-823-saco.png?fit=1484%2C1679&ssl=1\",\"width\":1484,\"height\":1679},{\"@type\":\"BreadcrumbList\",\"@id\":\"https:\\\/\\\/argatecnic.pt\\\/en\\\/product\\\/thermal-insulation\\\/finishes\\\/lena-etics-823\\\/#breadcrumb\",\"itemListElement\":[{\"@type\":\"ListItem\",\"position\":1,\"name\":\"Loja\",\"item\":\"https:\\\/\\\/argatecnic.pt\\\/en\\\/loja\\\/\"},{\"@type\":\"ListItem\",\"position\":2,\"name\":\"LENA ETICS 823\"}]},{\"@type\":\"WebSite\",\"@id\":\"https:\\\/\\\/argatecnic.pt\\\/en\\\/#website\",\"url\":\"https:\\\/\\\/argatecnic.pt\\\/en\\\/\",\"name\":\"ARGATECNIC\",\"description\":\"argamassas t\u00e9cnicas para a constru\u00e7\u00e3o\",\"potentialAction\":[{\"@type\":\"SearchAction\",\"target\":{\"@type\":\"EntryPoint\",\"urlTemplate\":\"https:\\\/\\\/argatecnic.pt\\\/en\\\/?s={search_term_string}\"},\"query-input\":{\"@type\":\"PropertyValueSpecification\",\"valueRequired\":true,\"valueName\":\"search_term_string\"}}],\"inLanguage\":\"en-US\"}]}<\/script>\n<!-- \/ Yoast SEO plugin. -->","yoast_head_json":{"title":"LENA ETICS 823 - ARGATECNIC","robots":{"index":"index","follow":"follow","max-snippet":"max-snippet:-1","max-image-preview":"max-image-preview:large","max-video-preview":"max-video-preview:-1"},"canonical":"https:\/\/argatecnic.pt\/en\/product\/thermal-insulation\/finishes\/lena-etics-823\/","og_locale":"en_US","og_type":"article","og_title":"LENA ETICS 823 - ARGATECNIC","og_description":"\u00a0Fine textured finish: for ETICS and traditional renders  \u00a0No painting required  \u00a0Vapor permeable \u00a0 Weather-resistant  &nbsp;    &nbsp;  \u00a0 \u00a0 \u00a0 \u00a0  &nbsp;","og_url":"https:\/\/argatecnic.pt\/en\/product\/thermal-insulation\/finishes\/lena-etics-823\/","og_site_name":"ARGATECNIC","article_modified_time":"2025-02-26T12:54:10+00:00","og_image":[{"width":1484,"height":1679,"url":"https:\/\/i0.wp.com\/argatecnic.pt\/wp-content\/uploads\/2022\/09\/lena-etics-823-saco.png?fit=1484%2C1679&ssl=1","type":"image\/png"}],"twitter_card":"summary_large_image","twitter_misc":{"Est. reading time":"1 minute"},"schema":{"@context":"https:\/\/schema.org","@graph":[{"@type":"WebPage","@id":"https:\/\/argatecnic.pt\/en\/product\/thermal-insulation\/finishes\/lena-etics-823\/","url":"https:\/\/argatecnic.pt\/en\/product\/thermal-insulation\/finishes\/lena-etics-823\/","name":"LENA ETICS 823 - ARGATECNIC","isPartOf":{"@id":"https:\/\/argatecnic.pt\/en\/#website"},"primaryImageOfPage":{"@id":"https:\/\/argatecnic.pt\/en\/product\/thermal-insulation\/finishes\/lena-etics-823\/#primaryimage"},"image":{"@id":"https:\/\/argatecnic.pt\/en\/product\/thermal-insulation\/finishes\/lena-etics-823\/#primaryimage"},"thumbnailUrl":"https:\/\/i0.wp.com\/argatecnic.pt\/wp-content\/uploads\/2022\/09\/lena-etics-823-saco.png?fit=1484%2C1679&ssl=1","datePublished":"2022-09-09T16:44:46+00:00","dateModified":"2025-02-26T12:54:10+00:00","breadcrumb":{"@id":"https:\/\/argatecnic.pt\/en\/product\/thermal-insulation\/finishes\/lena-etics-823\/#breadcrumb"},"inLanguage":"en-US","potentialAction":[{"@type":"ReadAction","target":["https:\/\/argatecnic.pt\/en\/product\/thermal-insulation\/finishes\/lena-etics-823\/"]}]},{"@type":"ImageObject","inLanguage":"en-US","@id":"https:\/\/argatecnic.pt\/en\/product\/thermal-insulation\/finishes\/lena-etics-823\/#primaryimage","url":"https:\/\/i0.wp.com\/argatecnic.pt\/wp-content\/uploads\/2022\/09\/lena-etics-823-saco.png?fit=1484%2C1679&ssl=1","contentUrl":"https:\/\/i0.wp.com\/argatecnic.pt\/wp-content\/uploads\/2022\/09\/lena-etics-823-saco.png?fit=1484%2C1679&ssl=1","width":1484,"height":1679},{"@type":"BreadcrumbList","@id":"https:\/\/argatecnic.pt\/en\/product\/thermal-insulation\/finishes\/lena-etics-823\/#breadcrumb","itemListElement":[{"@type":"ListItem","position":1,"name":"Loja","item":"https:\/\/argatecnic.pt\/en\/loja\/"},{"@type":"ListItem","position":2,"name":"LENA ETICS 823"}]},{"@type":"WebSite","@id":"https:\/\/argatecnic.pt\/en\/#website","url":"https:\/\/argatecnic.pt\/en\/","name":"ARGATECNIC","description":"argamassas t\u00e9cnicas para a constru\u00e7\u00e3o","potentialAction":[{"@type":"SearchAction","target":{"@type":"EntryPoint","urlTemplate":"https:\/\/argatecnic.pt\/en\/?s={search_term_string}"},"query-input":{"@type":"PropertyValueSpecification","valueRequired":true,"valueName":"search_term_string"}}],"inLanguage":"en-US"}]}},"jetpack_sharing_enabled":true,"_links":{"self":[{"href":"https:\/\/argatecnic.pt\/en\/wp-json\/wp\/v2\/product\/5270","targetHints":{"allow":["GET"]}}],"collection":[{"href":"https:\/\/argatecnic.pt\/en\/wp-json\/wp\/v2\/product"}],"about":[{"href":"https:\/\/argatecnic.pt\/en\/wp-json\/wp\/v2\/types\/product"}],"replies":[{"embeddable":true,"href":"https:\/\/argatecnic.pt\/en\/wp-json\/wp\/v2\/comments?post=5270"}],"wp:featuredmedia":[{"embeddable":true,"href":"https:\/\/argatecnic.pt\/en\/wp-json\/wp\/v2\/media\/4029"}],"wp:attachment":[{"href":"https:\/\/argatecnic.pt\/en\/wp-json\/wp\/v2\/media?parent=5270"}],"wp:term":[{"taxonomy":"product_brand","embeddable":true,"href":"https:\/\/argatecnic.pt\/en\/wp-json\/wp\/v2\/product_brand?post=5270"},{"taxonomy":"product_cat","embeddable":true,"href":"https:\/\/argatecnic.pt\/en\/wp-json\/wp\/v2\/product_cat?post=5270"},{"taxonomy":"product_tag","embeddable":true,"href":"https:\/\/argatecnic.pt\/en\/wp-json\/wp\/v2\/product_tag?post=5270"}],"curies":[{"name":"wp","href":"https:\/\/api.w.org\/{rel}","templated":true}]}}