{"id":5269,"date":"2022-09-09T16:08:46","date_gmt":"2022-09-09T16:08:46","guid":{"rendered":"https:\/\/argatecnic.pt\/produto\/uncategorized\/lena-etics-824-plus\/"},"modified":"2025-02-26T13:55:04","modified_gmt":"2025-02-26T12:55:04","slug":"lena-etics-824-plus","status":"publish","type":"product","link":"https:\/\/argatecnic.pt\/en\/product\/thermal-insulation\/adhesive-and-basecoat-mortar\/lena-etics-824-plus\/","title":{"rendered":"LENA ETICS 824 Plus"},"content":{"rendered":"<p><span style=\"color: #e7751c;\"><strong>PRESENTATION:<\/strong><\/span><br \/>\n25 kg bags<br \/>\nPallets 60 bags (1500 Kg)<\/p>\n<p><span style=\"color: #e7751c;\"><strong>DOMAIN OF UTILIZATION:\u00a0<\/strong><\/span><br \/>\nLENA ETICS 824 Plus \u00e9 indicado na colagem de poliestireno expandido (EPS), extrudido (XPS) sem pel\u00edcula, l\u00e3 de rocha ou placas de aglomerado de corti\u00e7a, sobre revestimentos cer\u00e2micos, placas de isolamento t\u00e9rmico ou tinta (pode igualmente ser utilizado sobre suportes de bet\u00e3o e reboco \u00e0 base de cimento).<\/p>\n<p><span style=\"color: #e7751c;\"><strong>MORTAR PREPARATION:<\/strong><\/span><br \/>\nLENA ETICS 824 Plus deve ser amassado com cerca de 5 litros de \u00e1gua por saco de 25 kg, at\u00e9 obter uma pasta uniforme e sem grumos.<\/p>\n<p><span style=\"color: #e7751c;\"><strong>THEORETICAL CONSUMPTION:<\/strong><\/span><br \/>\nBonding: 5 &#8211; 6 Kg\/m\u00b2<br \/>\nSmoothing: 4 &#8211; 4,5 Kg\/m\u00b2<\/p>\n","protected":false},"excerpt":{"rendered":"<p><a href=\"https:\/\/argatecnic.pt\/wp-content\/uploads\/2022\/09\/marcador-isolamento-termico.svg\"><img loading=\"lazy\" decoding=\"async\" class=\"alignnone wp-image-760\" src=\"https:\/\/argatecnic.pt\/wp-content\/uploads\/2022\/09\/marcador-isolamento-termico.svg\" alt=\"\" width=\"20\" height=\"14\" \/> <\/a>\u00a0Reinforced adhesion<br \/>\n<a href=\"https:\/\/argatecnic.pt\/wp-content\/uploads\/2022\/09\/marcador-isolamento-termico.svg\"><img loading=\"lazy\" decoding=\"async\" class=\"alignnone wp-image-760\" src=\"https:\/\/argatecnic.pt\/wp-content\/uploads\/2022\/09\/marcador-isolamento-termico.svg\" alt=\"\" width=\"20\" height=\"14\" \/> \u00a0<\/a>Direct bonding on paint and ceramic tiles<br \/>\n<a href=\"https:\/\/argatecnic.pt\/wp-content\/uploads\/2022\/09\/marcador-isolamento-termico.svg\"><img loading=\"lazy\" decoding=\"async\" class=\"alignnone wp-image-760\" src=\"https:\/\/argatecnic.pt\/wp-content\/uploads\/2022\/09\/marcador-isolamento-termico.svg\" alt=\"\" width=\"20\" height=\"14\" \/> <\/a>\u00a0Fibre-reinforced<\/p>\n<p>&nbsp;<\/p>\n<p><img loading=\"lazy\" decoding=\"async\" class=\"alignnone wp-image-5257 \" src=\"https:\/\/argatecnic.pt\/wp-content\/uploads\/2022\/09\/lena-etics-824-plus-characteristics-en.svg\" alt=\"\" width=\"444\" height=\"134\" \/><\/p>\n<p>&nbsp;<\/p>\n<p><a href=\"https:\/\/argatecnic.pt\/wp-content\/uploads\/2022\/08\/cor-cinza.svg\">\u00a0\u00a0<\/a><a href=\"https:\/\/argatecnic.pt\/wp-content\/uploads\/2022\/08\/cor-cinza.svg\"><img loading=\"lazy\" decoding=\"async\" class=\"alignnone wp-image-5178\" src=\"https:\/\/argatecnic.pt\/wp-content\/uploads\/2023\/04\/cor-grey-en.svg\" alt=\"\" width=\"36\" height=\"150\" \/><\/a><\/p>\n","protected":false},"featured_media":4030,"comment_status":"open","ping_status":"closed","template":"","meta":{"_et_pb_use_builder":"","_et_pb_old_content":"","_et_gb_content_width":""},"product_brand":[],"product_cat":[154,132],"product_tag":[],"class_list":{"0":"post-5269","1":"product","2":"type-product","3":"status-publish","4":"has-post-thumbnail","6":"product_cat-adhesive-and-basecoat-mortar","7":"product_cat-thermal-insulation","9":"first","10":"instock","11":"shipping-taxable","12":"product-type-simple"},"acf":[],"yoast_head":"<!-- This site is optimized with the Yoast SEO plugin v27.4 - https:\/\/yoast.com\/product\/yoast-seo-wordpress\/ -->\n<title>LENA ETICS 824 Plus - ARGATECNIC<\/title>\n<meta name=\"robots\" content=\"index, follow, max-snippet:-1, max-image-preview:large, max-video-preview:-1\" \/>\n<link rel=\"canonical\" href=\"https:\/\/argatecnic.pt\/en\/product\/thermal-insulation\/adhesive-and-basecoat-mortar\/lena-etics-824-plus\/\" \/>\n<meta property=\"og:locale\" content=\"en_US\" \/>\n<meta property=\"og:type\" content=\"article\" \/>\n<meta property=\"og:title\" content=\"LENA ETICS 824 Plus - ARGATECNIC\" \/>\n<meta property=\"og:description\" content=\"\u00a0Reinforced adhesion  \u00a0Direct bonding on paint and ceramic tiles  \u00a0Fibre-reinforced  &nbsp;    &nbsp;  \u00a0\u00a0\" \/>\n<meta property=\"og:url\" content=\"https:\/\/argatecnic.pt\/en\/product\/thermal-insulation\/adhesive-and-basecoat-mortar\/lena-etics-824-plus\/\" \/>\n<meta property=\"og:site_name\" content=\"ARGATECNIC\" \/>\n<meta property=\"article:modified_time\" content=\"2025-02-26T12:55:04+00:00\" \/>\n<meta property=\"og:image\" content=\"https:\/\/i0.wp.com\/argatecnic.pt\/wp-content\/uploads\/2022\/09\/lena-etics-824-plus-saco.png?fit=1484%2C1679&ssl=1\" \/>\n\t<meta property=\"og:image:width\" content=\"1484\" \/>\n\t<meta property=\"og:image:height\" content=\"1679\" \/>\n\t<meta property=\"og:image:type\" content=\"image\/png\" \/>\n<meta name=\"twitter:card\" content=\"summary_large_image\" \/>\n<meta name=\"twitter:label1\" content=\"Est. reading time\" \/>\n\t<meta name=\"twitter:data1\" content=\"1 minute\" \/>\n<script type=\"application\/ld+json\" class=\"yoast-schema-graph\">{\"@context\":\"https:\\\/\\\/schema.org\",\"@graph\":[{\"@type\":\"WebPage\",\"@id\":\"https:\\\/\\\/argatecnic.pt\\\/en\\\/product\\\/thermal-insulation\\\/adhesive-and-basecoat-mortar\\\/lena-etics-824-plus\\\/\",\"url\":\"https:\\\/\\\/argatecnic.pt\\\/en\\\/product\\\/thermal-insulation\\\/adhesive-and-basecoat-mortar\\\/lena-etics-824-plus\\\/\",\"name\":\"LENA ETICS 824 Plus - ARGATECNIC\",\"isPartOf\":{\"@id\":\"https:\\\/\\\/argatecnic.pt\\\/en\\\/#website\"},\"primaryImageOfPage\":{\"@id\":\"https:\\\/\\\/argatecnic.pt\\\/en\\\/product\\\/thermal-insulation\\\/adhesive-and-basecoat-mortar\\\/lena-etics-824-plus\\\/#primaryimage\"},\"image\":{\"@id\":\"https:\\\/\\\/argatecnic.pt\\\/en\\\/product\\\/thermal-insulation\\\/adhesive-and-basecoat-mortar\\\/lena-etics-824-plus\\\/#primaryimage\"},\"thumbnailUrl\":\"https:\\\/\\\/i0.wp.com\\\/argatecnic.pt\\\/wp-content\\\/uploads\\\/2022\\\/09\\\/lena-etics-824-plus-saco.png?fit=1484%2C1679&ssl=1\",\"datePublished\":\"2022-09-09T16:08:46+00:00\",\"dateModified\":\"2025-02-26T12:55:04+00:00\",\"breadcrumb\":{\"@id\":\"https:\\\/\\\/argatecnic.pt\\\/en\\\/product\\\/thermal-insulation\\\/adhesive-and-basecoat-mortar\\\/lena-etics-824-plus\\\/#breadcrumb\"},\"inLanguage\":\"en-US\",\"potentialAction\":[{\"@type\":\"ReadAction\",\"target\":[\"https:\\\/\\\/argatecnic.pt\\\/en\\\/product\\\/thermal-insulation\\\/adhesive-and-basecoat-mortar\\\/lena-etics-824-plus\\\/\"]}]},{\"@type\":\"ImageObject\",\"inLanguage\":\"en-US\",\"@id\":\"https:\\\/\\\/argatecnic.pt\\\/en\\\/product\\\/thermal-insulation\\\/adhesive-and-basecoat-mortar\\\/lena-etics-824-plus\\\/#primaryimage\",\"url\":\"https:\\\/\\\/i0.wp.com\\\/argatecnic.pt\\\/wp-content\\\/uploads\\\/2022\\\/09\\\/lena-etics-824-plus-saco.png?fit=1484%2C1679&ssl=1\",\"contentUrl\":\"https:\\\/\\\/i0.wp.com\\\/argatecnic.pt\\\/wp-content\\\/uploads\\\/2022\\\/09\\\/lena-etics-824-plus-saco.png?fit=1484%2C1679&ssl=1\",\"width\":1484,\"height\":1679},{\"@type\":\"BreadcrumbList\",\"@id\":\"https:\\\/\\\/argatecnic.pt\\\/en\\\/product\\\/thermal-insulation\\\/adhesive-and-basecoat-mortar\\\/lena-etics-824-plus\\\/#breadcrumb\",\"itemListElement\":[{\"@type\":\"ListItem\",\"position\":1,\"name\":\"Loja\",\"item\":\"https:\\\/\\\/argatecnic.pt\\\/en\\\/loja\\\/\"},{\"@type\":\"ListItem\",\"position\":2,\"name\":\"LENA ETICS 824 Plus\"}]},{\"@type\":\"WebSite\",\"@id\":\"https:\\\/\\\/argatecnic.pt\\\/en\\\/#website\",\"url\":\"https:\\\/\\\/argatecnic.pt\\\/en\\\/\",\"name\":\"ARGATECNIC\",\"description\":\"argamassas t\u00e9cnicas para a constru\u00e7\u00e3o\",\"potentialAction\":[{\"@type\":\"SearchAction\",\"target\":{\"@type\":\"EntryPoint\",\"urlTemplate\":\"https:\\\/\\\/argatecnic.pt\\\/en\\\/?s={search_term_string}\"},\"query-input\":{\"@type\":\"PropertyValueSpecification\",\"valueRequired\":true,\"valueName\":\"search_term_string\"}}],\"inLanguage\":\"en-US\"}]}<\/script>\n<!-- \/ Yoast SEO plugin. -->","yoast_head_json":{"title":"LENA ETICS 824 Plus - ARGATECNIC","robots":{"index":"index","follow":"follow","max-snippet":"max-snippet:-1","max-image-preview":"max-image-preview:large","max-video-preview":"max-video-preview:-1"},"canonical":"https:\/\/argatecnic.pt\/en\/product\/thermal-insulation\/adhesive-and-basecoat-mortar\/lena-etics-824-plus\/","og_locale":"en_US","og_type":"article","og_title":"LENA ETICS 824 Plus - ARGATECNIC","og_description":"\u00a0Reinforced adhesion  \u00a0Direct bonding on paint and ceramic tiles  \u00a0Fibre-reinforced  &nbsp;    &nbsp;  \u00a0\u00a0","og_url":"https:\/\/argatecnic.pt\/en\/product\/thermal-insulation\/adhesive-and-basecoat-mortar\/lena-etics-824-plus\/","og_site_name":"ARGATECNIC","article_modified_time":"2025-02-26T12:55:04+00:00","og_image":[{"width":1484,"height":1679,"url":"https:\/\/i0.wp.com\/argatecnic.pt\/wp-content\/uploads\/2022\/09\/lena-etics-824-plus-saco.png?fit=1484%2C1679&ssl=1","type":"image\/png"}],"twitter_card":"summary_large_image","twitter_misc":{"Est. reading time":"1 minute"},"schema":{"@context":"https:\/\/schema.org","@graph":[{"@type":"WebPage","@id":"https:\/\/argatecnic.pt\/en\/product\/thermal-insulation\/adhesive-and-basecoat-mortar\/lena-etics-824-plus\/","url":"https:\/\/argatecnic.pt\/en\/product\/thermal-insulation\/adhesive-and-basecoat-mortar\/lena-etics-824-plus\/","name":"LENA ETICS 824 Plus - ARGATECNIC","isPartOf":{"@id":"https:\/\/argatecnic.pt\/en\/#website"},"primaryImageOfPage":{"@id":"https:\/\/argatecnic.pt\/en\/product\/thermal-insulation\/adhesive-and-basecoat-mortar\/lena-etics-824-plus\/#primaryimage"},"image":{"@id":"https:\/\/argatecnic.pt\/en\/product\/thermal-insulation\/adhesive-and-basecoat-mortar\/lena-etics-824-plus\/#primaryimage"},"thumbnailUrl":"https:\/\/i0.wp.com\/argatecnic.pt\/wp-content\/uploads\/2022\/09\/lena-etics-824-plus-saco.png?fit=1484%2C1679&ssl=1","datePublished":"2022-09-09T16:08:46+00:00","dateModified":"2025-02-26T12:55:04+00:00","breadcrumb":{"@id":"https:\/\/argatecnic.pt\/en\/product\/thermal-insulation\/adhesive-and-basecoat-mortar\/lena-etics-824-plus\/#breadcrumb"},"inLanguage":"en-US","potentialAction":[{"@type":"ReadAction","target":["https:\/\/argatecnic.pt\/en\/product\/thermal-insulation\/adhesive-and-basecoat-mortar\/lena-etics-824-plus\/"]}]},{"@type":"ImageObject","inLanguage":"en-US","@id":"https:\/\/argatecnic.pt\/en\/product\/thermal-insulation\/adhesive-and-basecoat-mortar\/lena-etics-824-plus\/#primaryimage","url":"https:\/\/i0.wp.com\/argatecnic.pt\/wp-content\/uploads\/2022\/09\/lena-etics-824-plus-saco.png?fit=1484%2C1679&ssl=1","contentUrl":"https:\/\/i0.wp.com\/argatecnic.pt\/wp-content\/uploads\/2022\/09\/lena-etics-824-plus-saco.png?fit=1484%2C1679&ssl=1","width":1484,"height":1679},{"@type":"BreadcrumbList","@id":"https:\/\/argatecnic.pt\/en\/product\/thermal-insulation\/adhesive-and-basecoat-mortar\/lena-etics-824-plus\/#breadcrumb","itemListElement":[{"@type":"ListItem","position":1,"name":"Loja","item":"https:\/\/argatecnic.pt\/en\/loja\/"},{"@type":"ListItem","position":2,"name":"LENA ETICS 824 Plus"}]},{"@type":"WebSite","@id":"https:\/\/argatecnic.pt\/en\/#website","url":"https:\/\/argatecnic.pt\/en\/","name":"ARGATECNIC","description":"argamassas t\u00e9cnicas para a constru\u00e7\u00e3o","potentialAction":[{"@type":"SearchAction","target":{"@type":"EntryPoint","urlTemplate":"https:\/\/argatecnic.pt\/en\/?s={search_term_string}"},"query-input":{"@type":"PropertyValueSpecification","valueRequired":true,"valueName":"search_term_string"}}],"inLanguage":"en-US"}]}},"jetpack_sharing_enabled":true,"_links":{"self":[{"href":"https:\/\/argatecnic.pt\/en\/wp-json\/wp\/v2\/product\/5269","targetHints":{"allow":["GET"]}}],"collection":[{"href":"https:\/\/argatecnic.pt\/en\/wp-json\/wp\/v2\/product"}],"about":[{"href":"https:\/\/argatecnic.pt\/en\/wp-json\/wp\/v2\/types\/product"}],"replies":[{"embeddable":true,"href":"https:\/\/argatecnic.pt\/en\/wp-json\/wp\/v2\/comments?post=5269"}],"wp:featuredmedia":[{"embeddable":true,"href":"https:\/\/argatecnic.pt\/en\/wp-json\/wp\/v2\/media\/4030"}],"wp:attachment":[{"href":"https:\/\/argatecnic.pt\/en\/wp-json\/wp\/v2\/media?parent=5269"}],"wp:term":[{"taxonomy":"product_brand","embeddable":true,"href":"https:\/\/argatecnic.pt\/en\/wp-json\/wp\/v2\/product_brand?post=5269"},{"taxonomy":"product_cat","embeddable":true,"href":"https:\/\/argatecnic.pt\/en\/wp-json\/wp\/v2\/product_cat?post=5269"},{"taxonomy":"product_tag","embeddable":true,"href":"https:\/\/argatecnic.pt\/en\/wp-json\/wp\/v2\/product_tag?post=5269"}],"curies":[{"name":"wp","href":"https:\/\/api.w.org\/{rel}","templated":true}]}}