{"id":5268,"date":"2022-09-09T15:55:58","date_gmt":"2022-09-09T15:55:58","guid":{"rendered":"https:\/\/argatecnic.pt\/produto\/uncategorized\/lena-etics-824\/"},"modified":"2025-02-26T13:56:36","modified_gmt":"2025-02-26T12:56:36","slug":"lena-etics-824","status":"publish","type":"product","link":"https:\/\/argatecnic.pt\/en\/product\/thermal-insulation\/adhesive-and-basecoat-mortar\/lena-etics-824\/","title":{"rendered":"LENA ETICS 824"},"content":{"rendered":"<p><span style=\"color: #e7751c;\"><strong>PRESENTATION:<\/strong><\/span><br \/>\n25 kg bags<br \/>\nPallets 60 bags (1500 Kg)<\/p>\n<p><span style=\"color: #e7751c;\"><strong>DOMAIN OF UTILIZATION:\u00a0<\/strong><\/span><br \/>\nLENA ETICS 824 is used as adhesive and basecoat mortar of the insulation material: expanded polystyrene (EPS), extruded polystyrene (XPS), mineral wool or agglomerated cork.<\/p>\n<p><span style=\"color: #e7751c;\"><strong>MORTAR PREPARATION:<\/strong><\/span><br \/>\nLENA ETICS 824 should be kneaded with 5 liters of water per 25 kg bag, until a uniform and lump-free paste is obtained.<\/p>\n<p><span style=\"color: #e7751c;\"><strong>THEORETICAL CONSUMPTION:<\/strong><\/span><br \/>\nBond and smooth: 8-10 Kg\/m\u00b2<\/p>\n","protected":false},"excerpt":{"rendered":"<p><a href=\"https:\/\/argatecnic.pt\/wp-content\/uploads\/2022\/09\/marcador-isolamento-termico.svg\"><img loading=\"lazy\" decoding=\"async\" class=\"alignnone wp-image-760\" src=\"https:\/\/argatecnic.pt\/wp-content\/uploads\/2022\/09\/marcador-isolamento-termico.svg\" alt=\"\" width=\"20\" height=\"14\" \/> \u00a0<\/a>High adhesion<br \/>\n<a href=\"https:\/\/argatecnic.pt\/wp-content\/uploads\/2022\/09\/marcador-isolamento-termico.svg\"><img loading=\"lazy\" decoding=\"async\" class=\"alignnone wp-image-760\" src=\"https:\/\/argatecnic.pt\/wp-content\/uploads\/2022\/09\/marcador-isolamento-termico.svg\" alt=\"\" width=\"20\" height=\"14\" \/> <\/a>\u00a0Excellent yield<br \/>\n<a href=\"https:\/\/argatecnic.pt\/wp-content\/uploads\/2022\/09\/marcador-isolamento-termico.svg\"><img loading=\"lazy\" decoding=\"async\" class=\"alignnone wp-image-760\" src=\"https:\/\/argatecnic.pt\/wp-content\/uploads\/2022\/09\/marcador-isolamento-termico.svg\" alt=\"\" width=\"20\" height=\"14\" \/> \u00a0<\/a>Crack-resistant<\/p>\n<p>&nbsp;<\/p>\n<p><img loading=\"lazy\" decoding=\"async\" class=\"alignnone wp-image-5254 \" src=\"https:\/\/argatecnic.pt\/wp-content\/uploads\/2022\/09\/lena-etics-824-characteristics-en.svg\" alt=\"\" width=\"444\" height=\"134\" \/><\/p>\n<p>&nbsp;<\/p>\n<p><a href=\"https:\/\/argatecnic.pt\/wp-content\/uploads\/2022\/08\/cor-cinza.svg\"> <img loading=\"lazy\" decoding=\"async\" class=\"alignnone wp-image-5178\" src=\"https:\/\/argatecnic.pt\/wp-content\/uploads\/2023\/04\/cor-grey-en.svg\" alt=\"\" width=\"36\" height=\"150\" \/> \u00a0<img loading=\"lazy\" decoding=\"async\" class=\"alignnone wp-image-5181\" src=\"https:\/\/argatecnic.pt\/wp-content\/uploads\/2023\/04\/cor-white-en.svg\" alt=\"\" width=\"41\" height=\"50\" \/><\/a><\/p>\n","protected":false},"featured_media":4160,"comment_status":"open","ping_status":"closed","template":"","meta":{"_et_pb_use_builder":"","_et_pb_old_content":"","_et_gb_content_width":""},"product_brand":[],"product_cat":[154,132],"product_tag":[],"class_list":{"0":"post-5268","1":"product","2":"type-product","3":"status-publish","4":"has-post-thumbnail","6":"product_cat-adhesive-and-basecoat-mortar","7":"product_cat-thermal-insulation","9":"first","10":"instock","11":"shipping-taxable","12":"product-type-simple"},"acf":[],"yoast_head":"<!-- This site is optimized with the Yoast SEO plugin v27.4 - https:\/\/yoast.com\/product\/yoast-seo-wordpress\/ -->\n<title>LENA ETICS 824 - ARGATECNIC<\/title>\n<meta name=\"robots\" content=\"index, follow, max-snippet:-1, max-image-preview:large, max-video-preview:-1\" \/>\n<link rel=\"canonical\" href=\"https:\/\/argatecnic.pt\/en\/product\/thermal-insulation\/adhesive-and-basecoat-mortar\/lena-etics-824\/\" \/>\n<meta property=\"og:locale\" content=\"en_US\" \/>\n<meta property=\"og:type\" content=\"article\" \/>\n<meta property=\"og:title\" content=\"LENA ETICS 824 - ARGATECNIC\" \/>\n<meta property=\"og:description\" content=\"\u00a0High adhesion  \u00a0Excellent yield  \u00a0Crack-resistant  &nbsp;    &nbsp;   \u00a0\" \/>\n<meta property=\"og:url\" content=\"https:\/\/argatecnic.pt\/en\/product\/thermal-insulation\/adhesive-and-basecoat-mortar\/lena-etics-824\/\" \/>\n<meta property=\"og:site_name\" content=\"ARGATECNIC\" \/>\n<meta property=\"article:modified_time\" content=\"2025-02-26T12:56:36+00:00\" \/>\n<meta property=\"og:image\" content=\"https:\/\/i0.wp.com\/argatecnic.pt\/wp-content\/uploads\/2022\/09\/lena-etics-824-branco-mockup.png?fit=2968%2C3358&ssl=1\" \/>\n\t<meta property=\"og:image:width\" content=\"2968\" \/>\n\t<meta property=\"og:image:height\" content=\"3358\" \/>\n\t<meta property=\"og:image:type\" content=\"image\/png\" \/>\n<meta name=\"twitter:card\" content=\"summary_large_image\" \/>\n<meta name=\"twitter:label1\" content=\"Est. reading time\" \/>\n\t<meta name=\"twitter:data1\" content=\"1 minute\" \/>\n<script type=\"application\/ld+json\" class=\"yoast-schema-graph\">{\"@context\":\"https:\\\/\\\/schema.org\",\"@graph\":[{\"@type\":\"WebPage\",\"@id\":\"https:\\\/\\\/argatecnic.pt\\\/en\\\/product\\\/thermal-insulation\\\/adhesive-and-basecoat-mortar\\\/lena-etics-824\\\/\",\"url\":\"https:\\\/\\\/argatecnic.pt\\\/en\\\/product\\\/thermal-insulation\\\/adhesive-and-basecoat-mortar\\\/lena-etics-824\\\/\",\"name\":\"LENA ETICS 824 - ARGATECNIC\",\"isPartOf\":{\"@id\":\"https:\\\/\\\/argatecnic.pt\\\/en\\\/#website\"},\"primaryImageOfPage\":{\"@id\":\"https:\\\/\\\/argatecnic.pt\\\/en\\\/product\\\/thermal-insulation\\\/adhesive-and-basecoat-mortar\\\/lena-etics-824\\\/#primaryimage\"},\"image\":{\"@id\":\"https:\\\/\\\/argatecnic.pt\\\/en\\\/product\\\/thermal-insulation\\\/adhesive-and-basecoat-mortar\\\/lena-etics-824\\\/#primaryimage\"},\"thumbnailUrl\":\"https:\\\/\\\/i0.wp.com\\\/argatecnic.pt\\\/wp-content\\\/uploads\\\/2022\\\/09\\\/lena-etics-824-branco-mockup.png?fit=2968%2C3358&ssl=1\",\"datePublished\":\"2022-09-09T15:55:58+00:00\",\"dateModified\":\"2025-02-26T12:56:36+00:00\",\"breadcrumb\":{\"@id\":\"https:\\\/\\\/argatecnic.pt\\\/en\\\/product\\\/thermal-insulation\\\/adhesive-and-basecoat-mortar\\\/lena-etics-824\\\/#breadcrumb\"},\"inLanguage\":\"en-US\",\"potentialAction\":[{\"@type\":\"ReadAction\",\"target\":[\"https:\\\/\\\/argatecnic.pt\\\/en\\\/product\\\/thermal-insulation\\\/adhesive-and-basecoat-mortar\\\/lena-etics-824\\\/\"]}]},{\"@type\":\"ImageObject\",\"inLanguage\":\"en-US\",\"@id\":\"https:\\\/\\\/argatecnic.pt\\\/en\\\/product\\\/thermal-insulation\\\/adhesive-and-basecoat-mortar\\\/lena-etics-824\\\/#primaryimage\",\"url\":\"https:\\\/\\\/i0.wp.com\\\/argatecnic.pt\\\/wp-content\\\/uploads\\\/2022\\\/09\\\/lena-etics-824-branco-mockup.png?fit=2968%2C3358&ssl=1\",\"contentUrl\":\"https:\\\/\\\/i0.wp.com\\\/argatecnic.pt\\\/wp-content\\\/uploads\\\/2022\\\/09\\\/lena-etics-824-branco-mockup.png?fit=2968%2C3358&ssl=1\",\"width\":2968,\"height\":3358},{\"@type\":\"BreadcrumbList\",\"@id\":\"https:\\\/\\\/argatecnic.pt\\\/en\\\/product\\\/thermal-insulation\\\/adhesive-and-basecoat-mortar\\\/lena-etics-824\\\/#breadcrumb\",\"itemListElement\":[{\"@type\":\"ListItem\",\"position\":1,\"name\":\"Loja\",\"item\":\"https:\\\/\\\/argatecnic.pt\\\/en\\\/loja\\\/\"},{\"@type\":\"ListItem\",\"position\":2,\"name\":\"LENA ETICS 824\"}]},{\"@type\":\"WebSite\",\"@id\":\"https:\\\/\\\/argatecnic.pt\\\/en\\\/#website\",\"url\":\"https:\\\/\\\/argatecnic.pt\\\/en\\\/\",\"name\":\"ARGATECNIC\",\"description\":\"argamassas t\u00e9cnicas para a constru\u00e7\u00e3o\",\"potentialAction\":[{\"@type\":\"SearchAction\",\"target\":{\"@type\":\"EntryPoint\",\"urlTemplate\":\"https:\\\/\\\/argatecnic.pt\\\/en\\\/?s={search_term_string}\"},\"query-input\":{\"@type\":\"PropertyValueSpecification\",\"valueRequired\":true,\"valueName\":\"search_term_string\"}}],\"inLanguage\":\"en-US\"}]}<\/script>\n<!-- \/ Yoast SEO plugin. -->","yoast_head_json":{"title":"LENA ETICS 824 - ARGATECNIC","robots":{"index":"index","follow":"follow","max-snippet":"max-snippet:-1","max-image-preview":"max-image-preview:large","max-video-preview":"max-video-preview:-1"},"canonical":"https:\/\/argatecnic.pt\/en\/product\/thermal-insulation\/adhesive-and-basecoat-mortar\/lena-etics-824\/","og_locale":"en_US","og_type":"article","og_title":"LENA ETICS 824 - ARGATECNIC","og_description":"\u00a0High adhesion  \u00a0Excellent yield  \u00a0Crack-resistant  &nbsp;    &nbsp;   \u00a0","og_url":"https:\/\/argatecnic.pt\/en\/product\/thermal-insulation\/adhesive-and-basecoat-mortar\/lena-etics-824\/","og_site_name":"ARGATECNIC","article_modified_time":"2025-02-26T12:56:36+00:00","og_image":[{"width":2968,"height":3358,"url":"https:\/\/i0.wp.com\/argatecnic.pt\/wp-content\/uploads\/2022\/09\/lena-etics-824-branco-mockup.png?fit=2968%2C3358&ssl=1","type":"image\/png"}],"twitter_card":"summary_large_image","twitter_misc":{"Est. reading time":"1 minute"},"schema":{"@context":"https:\/\/schema.org","@graph":[{"@type":"WebPage","@id":"https:\/\/argatecnic.pt\/en\/product\/thermal-insulation\/adhesive-and-basecoat-mortar\/lena-etics-824\/","url":"https:\/\/argatecnic.pt\/en\/product\/thermal-insulation\/adhesive-and-basecoat-mortar\/lena-etics-824\/","name":"LENA ETICS 824 - ARGATECNIC","isPartOf":{"@id":"https:\/\/argatecnic.pt\/en\/#website"},"primaryImageOfPage":{"@id":"https:\/\/argatecnic.pt\/en\/product\/thermal-insulation\/adhesive-and-basecoat-mortar\/lena-etics-824\/#primaryimage"},"image":{"@id":"https:\/\/argatecnic.pt\/en\/product\/thermal-insulation\/adhesive-and-basecoat-mortar\/lena-etics-824\/#primaryimage"},"thumbnailUrl":"https:\/\/i0.wp.com\/argatecnic.pt\/wp-content\/uploads\/2022\/09\/lena-etics-824-branco-mockup.png?fit=2968%2C3358&ssl=1","datePublished":"2022-09-09T15:55:58+00:00","dateModified":"2025-02-26T12:56:36+00:00","breadcrumb":{"@id":"https:\/\/argatecnic.pt\/en\/product\/thermal-insulation\/adhesive-and-basecoat-mortar\/lena-etics-824\/#breadcrumb"},"inLanguage":"en-US","potentialAction":[{"@type":"ReadAction","target":["https:\/\/argatecnic.pt\/en\/product\/thermal-insulation\/adhesive-and-basecoat-mortar\/lena-etics-824\/"]}]},{"@type":"ImageObject","inLanguage":"en-US","@id":"https:\/\/argatecnic.pt\/en\/product\/thermal-insulation\/adhesive-and-basecoat-mortar\/lena-etics-824\/#primaryimage","url":"https:\/\/i0.wp.com\/argatecnic.pt\/wp-content\/uploads\/2022\/09\/lena-etics-824-branco-mockup.png?fit=2968%2C3358&ssl=1","contentUrl":"https:\/\/i0.wp.com\/argatecnic.pt\/wp-content\/uploads\/2022\/09\/lena-etics-824-branco-mockup.png?fit=2968%2C3358&ssl=1","width":2968,"height":3358},{"@type":"BreadcrumbList","@id":"https:\/\/argatecnic.pt\/en\/product\/thermal-insulation\/adhesive-and-basecoat-mortar\/lena-etics-824\/#breadcrumb","itemListElement":[{"@type":"ListItem","position":1,"name":"Loja","item":"https:\/\/argatecnic.pt\/en\/loja\/"},{"@type":"ListItem","position":2,"name":"LENA ETICS 824"}]},{"@type":"WebSite","@id":"https:\/\/argatecnic.pt\/en\/#website","url":"https:\/\/argatecnic.pt\/en\/","name":"ARGATECNIC","description":"argamassas t\u00e9cnicas para a constru\u00e7\u00e3o","potentialAction":[{"@type":"SearchAction","target":{"@type":"EntryPoint","urlTemplate":"https:\/\/argatecnic.pt\/en\/?s={search_term_string}"},"query-input":{"@type":"PropertyValueSpecification","valueRequired":true,"valueName":"search_term_string"}}],"inLanguage":"en-US"}]}},"jetpack_sharing_enabled":true,"_links":{"self":[{"href":"https:\/\/argatecnic.pt\/en\/wp-json\/wp\/v2\/product\/5268","targetHints":{"allow":["GET"]}}],"collection":[{"href":"https:\/\/argatecnic.pt\/en\/wp-json\/wp\/v2\/product"}],"about":[{"href":"https:\/\/argatecnic.pt\/en\/wp-json\/wp\/v2\/types\/product"}],"replies":[{"embeddable":true,"href":"https:\/\/argatecnic.pt\/en\/wp-json\/wp\/v2\/comments?post=5268"}],"wp:featuredmedia":[{"embeddable":true,"href":"https:\/\/argatecnic.pt\/en\/wp-json\/wp\/v2\/media\/4160"}],"wp:attachment":[{"href":"https:\/\/argatecnic.pt\/en\/wp-json\/wp\/v2\/media?parent=5268"}],"wp:term":[{"taxonomy":"product_brand","embeddable":true,"href":"https:\/\/argatecnic.pt\/en\/wp-json\/wp\/v2\/product_brand?post=5268"},{"taxonomy":"product_cat","embeddable":true,"href":"https:\/\/argatecnic.pt\/en\/wp-json\/wp\/v2\/product_cat?post=5268"},{"taxonomy":"product_tag","embeddable":true,"href":"https:\/\/argatecnic.pt\/en\/wp-json\/wp\/v2\/product_tag?post=5268"}],"curies":[{"name":"wp","href":"https:\/\/api.w.org\/{rel}","templated":true}]}}