{"id":5267,"date":"2022-09-09T15:22:05","date_gmt":"2022-09-09T15:22:05","guid":{"rendered":"https:\/\/argatecnic.pt\/produto\/uncategorized\/lena-530-level\/"},"modified":"2025-02-26T13:22:13","modified_gmt":"2025-02-26T12:22:13","slug":"lena-530-level","status":"publish","type":"product","link":"https:\/\/argatecnic.pt\/en\/product\/paving-and-leveling\/leveling\/lena-530-level\/","title":{"rendered":"LENA 530 Level"},"content":{"rendered":"<p><span style=\"color: #898989;\"><strong>PRESENTATION:<\/strong><\/span><br \/>\n25 kg bags<br \/>\nPallets 60 bags (1500 Kg)<\/p>\n<p><span style=\"color: #898989;\"><strong>DOMAIN OF UTILIZATION:<\/strong><\/span><br \/>\nLENA 530 Level is a thixotropic, fibre-reinforced mortar with normal setting time and shrinkage compensation, designed for the levelling of irregular, absorbent cementitious substrates on floors and walls, both indoors and outdoors, up to 25mm thick. It is especially suitable for providing flatness to irregular or degraded plastered walls.<\/p>\n<p><span style=\"color: #898989;\"><strong>MORTAR PREPARATION:<\/strong><\/span><br \/>\nLENA 530 Level should be mixed in suitable equipment with 4,0 liters of water per 25 kg bag.<\/p>\n<p><span style=\"color: #898989;\"><strong>THEORETICAL CONSUMPTION:<\/strong><\/span><br \/>\n1,6 Kg\/m\u00b2\/mm<\/p>\n","protected":false},"excerpt":{"rendered":"<p><a href=\"https:\/\/argatecnic.pt\/wp-content\/uploads\/2022\/09\/marcador-pavimentacao-nivelamento.svg\"><img loading=\"lazy\" decoding=\"async\" class=\"alignnone wp-image-745\" src=\"https:\/\/argatecnic.pt\/wp-content\/uploads\/2022\/09\/marcador-pavimentacao-nivelamento.svg\" alt=\"\" width=\"21\" height=\"14\" \/><\/a>\u00a0 Rectification of irregular cementitious supports<br \/>\n<a href=\"https:\/\/argatecnic.pt\/wp-content\/uploads\/2022\/09\/marcador-pavimentacao-nivelamento.svg\"><img loading=\"lazy\" decoding=\"async\" class=\"alignnone wp-image-745\" src=\"https:\/\/argatecnic.pt\/wp-content\/uploads\/2022\/09\/marcador-pavimentacao-nivelamento.svg\" alt=\"\" width=\"21\" height=\"14\" \/><\/a>\u00a0 Mechanical strength<\/p>\n<p>&nbsp;<\/p>\n<p><img loading=\"lazy\" decoding=\"async\" class=\"alignnone wp-image-44526\" src=\"https:\/\/argatecnic.pt\/wp-content\/uploads\/2022\/09\/en-lena-530-level-characteristics.svg\" alt=\"\" width=\"406\" height=\"130\" \/><\/p>\n<p>&nbsp;<\/p>\n<p><img loading=\"lazy\" decoding=\"async\" class=\"alignnone wp-image-7493\" src=\"https:\/\/argatecnic.pt\/wp-content\/uploads\/2022\/09\/lena-530-level-classificacao.svg\" alt=\"\" width=\"75\" height=\"75\" \/><\/p>\n<p>&nbsp;<\/p>\n<p><a href=\"https:\/\/argatecnic.pt\/wp-content\/uploads\/2022\/08\/cor-cinza.svg\">\u00a0<\/a><a href=\"https:\/\/argatecnic.pt\/wp-content\/uploads\/2022\/08\/cor-cinza.svg\">\u00a0<\/a><img loading=\"lazy\" decoding=\"async\" class=\"alignnone wp-image-5178\" src=\"https:\/\/argatecnic.pt\/wp-content\/uploads\/2023\/04\/cor-grey-en.svg\" alt=\"\" width=\"36\" height=\"150\" \/><\/p>\n","protected":false},"featured_media":5641,"comment_status":"open","ping_status":"closed","template":"","meta":{"_et_pb_use_builder":"","_et_pb_old_content":"","_et_gb_content_width":""},"product_brand":[],"product_cat":[143,146],"product_tag":[],"class_list":{"0":"post-5267","1":"product","2":"type-product","3":"status-publish","4":"has-post-thumbnail","6":"product_cat-leveling","7":"product_cat-paving-and-leveling","9":"first","10":"instock","11":"shipping-taxable","12":"product-type-simple"},"acf":[],"yoast_head":"<!-- This site is optimized with the Yoast SEO plugin v27.4 - https:\/\/yoast.com\/product\/yoast-seo-wordpress\/ -->\n<title>LENA 530 Level - ARGATECNIC<\/title>\n<meta name=\"robots\" content=\"index, follow, max-snippet:-1, max-image-preview:large, max-video-preview:-1\" \/>\n<link rel=\"canonical\" href=\"https:\/\/argatecnic.pt\/en\/product\/paving-and-leveling\/leveling\/lena-530-level\/\" \/>\n<meta property=\"og:locale\" content=\"en_US\" \/>\n<meta property=\"og:type\" content=\"article\" \/>\n<meta property=\"og:title\" content=\"LENA 530 Level - ARGATECNIC\" \/>\n<meta property=\"og:description\" content=\"\u00a0 Rectification of irregular cementitious supports \u00a0 Mechanical strength  &nbsp;    &nbsp;    &nbsp;  \u00a0\u00a0\" \/>\n<meta property=\"og:url\" content=\"https:\/\/argatecnic.pt\/en\/product\/paving-and-leveling\/leveling\/lena-530-level\/\" \/>\n<meta property=\"og:site_name\" content=\"ARGATECNIC\" \/>\n<meta property=\"article:modified_time\" content=\"2025-02-26T12:22:13+00:00\" \/>\n<meta property=\"og:image\" content=\"https:\/\/argatecnic.pt\/wp-content\/uploads\/2022\/09\/lena-530-level-mockup-905x1024.png\" \/>\n\t<meta property=\"og:image:width\" content=\"905\" \/>\n\t<meta property=\"og:image:height\" content=\"1024\" \/>\n\t<meta property=\"og:image:type\" content=\"image\/png\" \/>\n<meta name=\"twitter:card\" content=\"summary_large_image\" \/>\n<meta name=\"twitter:label1\" content=\"Est. reading time\" \/>\n\t<meta name=\"twitter:data1\" content=\"1 minute\" \/>\n<script type=\"application\/ld+json\" class=\"yoast-schema-graph\">{\"@context\":\"https:\\\/\\\/schema.org\",\"@graph\":[{\"@type\":\"WebPage\",\"@id\":\"https:\\\/\\\/argatecnic.pt\\\/en\\\/product\\\/paving-and-leveling\\\/leveling\\\/lena-530-level\\\/\",\"url\":\"https:\\\/\\\/argatecnic.pt\\\/en\\\/product\\\/paving-and-leveling\\\/leveling\\\/lena-530-level\\\/\",\"name\":\"LENA 530 Level - ARGATECNIC\",\"isPartOf\":{\"@id\":\"https:\\\/\\\/argatecnic.pt\\\/en\\\/#website\"},\"primaryImageOfPage\":{\"@id\":\"https:\\\/\\\/argatecnic.pt\\\/en\\\/product\\\/paving-and-leveling\\\/leveling\\\/lena-530-level\\\/#primaryimage\"},\"image\":{\"@id\":\"https:\\\/\\\/argatecnic.pt\\\/en\\\/product\\\/paving-and-leveling\\\/leveling\\\/lena-530-level\\\/#primaryimage\"},\"thumbnailUrl\":\"https:\\\/\\\/i0.wp.com\\\/argatecnic.pt\\\/wp-content\\\/uploads\\\/2022\\\/09\\\/lena-530-level-mockup.png?fit=2968%2C3358&ssl=1\",\"datePublished\":\"2022-09-09T15:22:05+00:00\",\"dateModified\":\"2025-02-26T12:22:13+00:00\",\"breadcrumb\":{\"@id\":\"https:\\\/\\\/argatecnic.pt\\\/en\\\/product\\\/paving-and-leveling\\\/leveling\\\/lena-530-level\\\/#breadcrumb\"},\"inLanguage\":\"en-US\",\"potentialAction\":[{\"@type\":\"ReadAction\",\"target\":[\"https:\\\/\\\/argatecnic.pt\\\/en\\\/product\\\/paving-and-leveling\\\/leveling\\\/lena-530-level\\\/\"]}]},{\"@type\":\"ImageObject\",\"inLanguage\":\"en-US\",\"@id\":\"https:\\\/\\\/argatecnic.pt\\\/en\\\/product\\\/paving-and-leveling\\\/leveling\\\/lena-530-level\\\/#primaryimage\",\"url\":\"https:\\\/\\\/i0.wp.com\\\/argatecnic.pt\\\/wp-content\\\/uploads\\\/2022\\\/09\\\/lena-530-level-mockup.png?fit=2968%2C3358&ssl=1\",\"contentUrl\":\"https:\\\/\\\/i0.wp.com\\\/argatecnic.pt\\\/wp-content\\\/uploads\\\/2022\\\/09\\\/lena-530-level-mockup.png?fit=2968%2C3358&ssl=1\",\"width\":2968,\"height\":3358},{\"@type\":\"BreadcrumbList\",\"@id\":\"https:\\\/\\\/argatecnic.pt\\\/en\\\/product\\\/paving-and-leveling\\\/leveling\\\/lena-530-level\\\/#breadcrumb\",\"itemListElement\":[{\"@type\":\"ListItem\",\"position\":1,\"name\":\"Loja\",\"item\":\"https:\\\/\\\/argatecnic.pt\\\/en\\\/loja\\\/\"},{\"@type\":\"ListItem\",\"position\":2,\"name\":\"LENA 530 Level\"}]},{\"@type\":\"WebSite\",\"@id\":\"https:\\\/\\\/argatecnic.pt\\\/en\\\/#website\",\"url\":\"https:\\\/\\\/argatecnic.pt\\\/en\\\/\",\"name\":\"ARGATECNIC\",\"description\":\"argamassas t\u00e9cnicas para a constru\u00e7\u00e3o\",\"potentialAction\":[{\"@type\":\"SearchAction\",\"target\":{\"@type\":\"EntryPoint\",\"urlTemplate\":\"https:\\\/\\\/argatecnic.pt\\\/en\\\/?s={search_term_string}\"},\"query-input\":{\"@type\":\"PropertyValueSpecification\",\"valueRequired\":true,\"valueName\":\"search_term_string\"}}],\"inLanguage\":\"en-US\"}]}<\/script>\n<!-- \/ Yoast SEO plugin. -->","yoast_head_json":{"title":"LENA 530 Level - ARGATECNIC","robots":{"index":"index","follow":"follow","max-snippet":"max-snippet:-1","max-image-preview":"max-image-preview:large","max-video-preview":"max-video-preview:-1"},"canonical":"https:\/\/argatecnic.pt\/en\/product\/paving-and-leveling\/leveling\/lena-530-level\/","og_locale":"en_US","og_type":"article","og_title":"LENA 530 Level - ARGATECNIC","og_description":"\u00a0 Rectification of irregular cementitious supports \u00a0 Mechanical strength  &nbsp;    &nbsp;    &nbsp;  \u00a0\u00a0","og_url":"https:\/\/argatecnic.pt\/en\/product\/paving-and-leveling\/leveling\/lena-530-level\/","og_site_name":"ARGATECNIC","article_modified_time":"2025-02-26T12:22:13+00:00","og_image":[{"width":905,"height":1024,"url":"https:\/\/argatecnic.pt\/wp-content\/uploads\/2022\/09\/lena-530-level-mockup-905x1024.png","type":"image\/png"}],"twitter_card":"summary_large_image","twitter_misc":{"Est. reading time":"1 minute"},"schema":{"@context":"https:\/\/schema.org","@graph":[{"@type":"WebPage","@id":"https:\/\/argatecnic.pt\/en\/product\/paving-and-leveling\/leveling\/lena-530-level\/","url":"https:\/\/argatecnic.pt\/en\/product\/paving-and-leveling\/leveling\/lena-530-level\/","name":"LENA 530 Level - ARGATECNIC","isPartOf":{"@id":"https:\/\/argatecnic.pt\/en\/#website"},"primaryImageOfPage":{"@id":"https:\/\/argatecnic.pt\/en\/product\/paving-and-leveling\/leveling\/lena-530-level\/#primaryimage"},"image":{"@id":"https:\/\/argatecnic.pt\/en\/product\/paving-and-leveling\/leveling\/lena-530-level\/#primaryimage"},"thumbnailUrl":"https:\/\/i0.wp.com\/argatecnic.pt\/wp-content\/uploads\/2022\/09\/lena-530-level-mockup.png?fit=2968%2C3358&ssl=1","datePublished":"2022-09-09T15:22:05+00:00","dateModified":"2025-02-26T12:22:13+00:00","breadcrumb":{"@id":"https:\/\/argatecnic.pt\/en\/product\/paving-and-leveling\/leveling\/lena-530-level\/#breadcrumb"},"inLanguage":"en-US","potentialAction":[{"@type":"ReadAction","target":["https:\/\/argatecnic.pt\/en\/product\/paving-and-leveling\/leveling\/lena-530-level\/"]}]},{"@type":"ImageObject","inLanguage":"en-US","@id":"https:\/\/argatecnic.pt\/en\/product\/paving-and-leveling\/leveling\/lena-530-level\/#primaryimage","url":"https:\/\/i0.wp.com\/argatecnic.pt\/wp-content\/uploads\/2022\/09\/lena-530-level-mockup.png?fit=2968%2C3358&ssl=1","contentUrl":"https:\/\/i0.wp.com\/argatecnic.pt\/wp-content\/uploads\/2022\/09\/lena-530-level-mockup.png?fit=2968%2C3358&ssl=1","width":2968,"height":3358},{"@type":"BreadcrumbList","@id":"https:\/\/argatecnic.pt\/en\/product\/paving-and-leveling\/leveling\/lena-530-level\/#breadcrumb","itemListElement":[{"@type":"ListItem","position":1,"name":"Loja","item":"https:\/\/argatecnic.pt\/en\/loja\/"},{"@type":"ListItem","position":2,"name":"LENA 530 Level"}]},{"@type":"WebSite","@id":"https:\/\/argatecnic.pt\/en\/#website","url":"https:\/\/argatecnic.pt\/en\/","name":"ARGATECNIC","description":"argamassas t\u00e9cnicas para a constru\u00e7\u00e3o","potentialAction":[{"@type":"SearchAction","target":{"@type":"EntryPoint","urlTemplate":"https:\/\/argatecnic.pt\/en\/?s={search_term_string}"},"query-input":{"@type":"PropertyValueSpecification","valueRequired":true,"valueName":"search_term_string"}}],"inLanguage":"en-US"}]}},"jetpack_sharing_enabled":true,"_links":{"self":[{"href":"https:\/\/argatecnic.pt\/en\/wp-json\/wp\/v2\/product\/5267","targetHints":{"allow":["GET"]}}],"collection":[{"href":"https:\/\/argatecnic.pt\/en\/wp-json\/wp\/v2\/product"}],"about":[{"href":"https:\/\/argatecnic.pt\/en\/wp-json\/wp\/v2\/types\/product"}],"replies":[{"embeddable":true,"href":"https:\/\/argatecnic.pt\/en\/wp-json\/wp\/v2\/comments?post=5267"}],"wp:featuredmedia":[{"embeddable":true,"href":"https:\/\/argatecnic.pt\/en\/wp-json\/wp\/v2\/media\/5641"}],"wp:attachment":[{"href":"https:\/\/argatecnic.pt\/en\/wp-json\/wp\/v2\/media?parent=5267"}],"wp:term":[{"taxonomy":"product_brand","embeddable":true,"href":"https:\/\/argatecnic.pt\/en\/wp-json\/wp\/v2\/product_brand?post=5267"},{"taxonomy":"product_cat","embeddable":true,"href":"https:\/\/argatecnic.pt\/en\/wp-json\/wp\/v2\/product_cat?post=5267"},{"taxonomy":"product_tag","embeddable":true,"href":"https:\/\/argatecnic.pt\/en\/wp-json\/wp\/v2\/product_tag?post=5267"}],"curies":[{"name":"wp","href":"https:\/\/api.w.org\/{rel}","templated":true}]}}