{"id":5199,"date":"2022-09-09T13:39:26","date_gmt":"2022-09-09T13:39:26","guid":{"rendered":"https:\/\/argatecnic.pt\/produto\/uncategorized\/lena-521-fluidfloor\/"},"modified":"2025-02-26T13:25:47","modified_gmt":"2025-02-26T12:25:47","slug":"lena-521-fluidfloor","status":"publish","type":"product","link":"https:\/\/argatecnic.pt\/en\/product\/paving-and-leveling\/screeds\/lena-521-fluidfloor\/","title":{"rendered":"LENA 521 FluidFloor"},"content":{"rendered":"<p><span style=\"color: #898989;\"><strong>PRESENTATION:<\/strong><\/span><br \/>\n25 kg bags<br \/>\nPallets 60 bags (1500 Kg)<\/p>\n<p><span style=\"color: #898989;\"><strong>DOMAIN OF UTILIZATION:<\/strong><\/span><br \/>\nLENA 521 FluidFloor is intended for the preparation of screeds on interior and exterior floors, and can be applied on concrete surfaces, cement screeds, thermal and acoustic insulation panels, as well as radiant heating systems.<\/p>\n<p>It can be used on all types of coatings: tiles, natural stone, wood, and cork, among others. Due to its self-levelling characteristics, it is particularly suitable for large areas. LENA 521 FluidFloor screed mortar is not intended for use as a final finish.<\/p>\n<p><span style=\"color: #898989;\"><strong>MORTAR PREPARATION:<\/strong><\/span><br \/>\nLENA 521 FluidFloor should be mixed in suitable equipment with 3,1 liters of water per 25 kg bag.<\/p>\n<p><span style=\"color: #898989;\"><strong>THEORETICAL CONSUMPTION:<\/strong><\/span><br \/>\n21-22 Kg\/m\u00b2\/cm<\/p>\n","protected":false},"excerpt":{"rendered":"<p><a href=\"https:\/\/argatecnic.pt\/wp-content\/uploads\/2022\/09\/marcador-pavimentacao-nivelamento.svg\"><img loading=\"lazy\" decoding=\"async\" class=\"alignnone wp-image-745\" src=\"https:\/\/argatecnic.pt\/wp-content\/uploads\/2022\/09\/marcador-pavimentacao-nivelamento.svg\" alt=\"\" width=\"21\" height=\"14\" \/><\/a>\u00a0 Suitable for large areas<br \/>\n<a href=\"https:\/\/argatecnic.pt\/wp-content\/uploads\/2022\/09\/marcador-pavimentacao-nivelamento.svg\"><img loading=\"lazy\" decoding=\"async\" class=\"alignnone wp-image-745\" src=\"https:\/\/argatecnic.pt\/wp-content\/uploads\/2022\/09\/marcador-pavimentacao-nivelamento.svg\" alt=\"\" width=\"21\" height=\"14\" \/><\/a>\u00a0 High daily productivity<br \/>\n<a href=\"https:\/\/argatecnic.pt\/wp-content\/uploads\/2022\/09\/marcador-pavimentacao-nivelamento.svg\"><img loading=\"lazy\" decoding=\"async\" class=\"alignnone wp-image-745\" src=\"https:\/\/argatecnic.pt\/wp-content\/uploads\/2022\/09\/marcador-pavimentacao-nivelamento.svg\" alt=\"\" width=\"21\" height=\"14\" \/><\/a>\u00a0 Ideal for underfloor heating systems<\/p>\n<p>&nbsp;<\/p>\n<p><img loading=\"lazy\" decoding=\"async\" class=\"alignnone wp-image-5239 \" src=\"https:\/\/argatecnic.pt\/wp-content\/uploads\/2022\/09\/lena-521-fluidfloor-characteristics-en.svg\" alt=\"\" width=\"383\" height=\"119\" \/><\/p>\n<p>&nbsp;<\/p>\n<p><img loading=\"lazy\" decoding=\"async\" class=\"alignnone wp-image-330\" src=\"https:\/\/argatecnic.pt\/wp-content\/uploads\/2022\/08\/lena-521-fluidfloor-classificacao.svg\" alt=\"\" width=\"75\" height=\"75\" \/><\/p>\n<p>&nbsp;<\/p>\n<p><img loading=\"lazy\" decoding=\"async\" class=\"alignnone wp-image-5178\" src=\"https:\/\/argatecnic.pt\/wp-content\/uploads\/2023\/04\/cor-grey-en.svg\" alt=\"\" width=\"36\" height=\"150\" \/><\/p>\n","protected":false},"featured_media":4021,"comment_status":"open","ping_status":"closed","template":"","meta":{"_et_pb_use_builder":"","_et_pb_old_content":"","_et_gb_content_width":""},"product_brand":[],"product_cat":[146,145],"product_tag":[],"class_list":{"0":"post-5199","1":"product","2":"type-product","3":"status-publish","4":"has-post-thumbnail","6":"product_cat-paving-and-leveling","7":"product_cat-screeds","9":"first","10":"instock","11":"shipping-taxable","12":"product-type-simple"},"acf":[],"yoast_head":"<!-- This site is optimized with the Yoast SEO plugin v27.4 - https:\/\/yoast.com\/product\/yoast-seo-wordpress\/ -->\n<title>LENA 521 FluidFloor - ARGATECNIC<\/title>\n<meta name=\"robots\" content=\"index, follow, max-snippet:-1, max-image-preview:large, max-video-preview:-1\" \/>\n<link rel=\"canonical\" href=\"https:\/\/argatecnic.pt\/en\/product\/paving-and-leveling\/screeds\/lena-521-fluidfloor\/\" \/>\n<meta property=\"og:locale\" content=\"en_US\" \/>\n<meta property=\"og:type\" content=\"article\" \/>\n<meta property=\"og:title\" content=\"LENA 521 FluidFloor - ARGATECNIC\" \/>\n<meta property=\"og:description\" content=\"\u00a0 Suitable for large areas \u00a0 High daily productivity \u00a0 Ideal for underfloor heating systems  &nbsp;    &nbsp;    &nbsp;\" \/>\n<meta property=\"og:url\" content=\"https:\/\/argatecnic.pt\/en\/product\/paving-and-leveling\/screeds\/lena-521-fluidfloor\/\" \/>\n<meta property=\"og:site_name\" content=\"ARGATECNIC\" \/>\n<meta property=\"article:modified_time\" content=\"2025-02-26T12:25:47+00:00\" \/>\n<meta property=\"og:image\" content=\"https:\/\/i0.wp.com\/argatecnic.pt\/wp-content\/uploads\/2022\/09\/lena-521-fluid-floor-saco.png?fit=1484%2C1679&ssl=1\" \/>\n\t<meta property=\"og:image:width\" content=\"1484\" \/>\n\t<meta property=\"og:image:height\" content=\"1679\" \/>\n\t<meta property=\"og:image:type\" content=\"image\/png\" \/>\n<meta name=\"twitter:card\" content=\"summary_large_image\" \/>\n<meta name=\"twitter:label1\" content=\"Est. reading time\" \/>\n\t<meta name=\"twitter:data1\" content=\"1 minute\" \/>\n<script type=\"application\/ld+json\" class=\"yoast-schema-graph\">{\"@context\":\"https:\\\/\\\/schema.org\",\"@graph\":[{\"@type\":\"WebPage\",\"@id\":\"https:\\\/\\\/argatecnic.pt\\\/en\\\/product\\\/paving-and-leveling\\\/screeds\\\/lena-521-fluidfloor\\\/\",\"url\":\"https:\\\/\\\/argatecnic.pt\\\/en\\\/product\\\/paving-and-leveling\\\/screeds\\\/lena-521-fluidfloor\\\/\",\"name\":\"LENA 521 FluidFloor - ARGATECNIC\",\"isPartOf\":{\"@id\":\"https:\\\/\\\/argatecnic.pt\\\/en\\\/#website\"},\"primaryImageOfPage\":{\"@id\":\"https:\\\/\\\/argatecnic.pt\\\/en\\\/product\\\/paving-and-leveling\\\/screeds\\\/lena-521-fluidfloor\\\/#primaryimage\"},\"image\":{\"@id\":\"https:\\\/\\\/argatecnic.pt\\\/en\\\/product\\\/paving-and-leveling\\\/screeds\\\/lena-521-fluidfloor\\\/#primaryimage\"},\"thumbnailUrl\":\"https:\\\/\\\/i0.wp.com\\\/argatecnic.pt\\\/wp-content\\\/uploads\\\/2022\\\/09\\\/lena-521-fluid-floor-saco.png?fit=1484%2C1679&ssl=1\",\"datePublished\":\"2022-09-09T13:39:26+00:00\",\"dateModified\":\"2025-02-26T12:25:47+00:00\",\"breadcrumb\":{\"@id\":\"https:\\\/\\\/argatecnic.pt\\\/en\\\/product\\\/paving-and-leveling\\\/screeds\\\/lena-521-fluidfloor\\\/#breadcrumb\"},\"inLanguage\":\"en-US\",\"potentialAction\":[{\"@type\":\"ReadAction\",\"target\":[\"https:\\\/\\\/argatecnic.pt\\\/en\\\/product\\\/paving-and-leveling\\\/screeds\\\/lena-521-fluidfloor\\\/\"]}]},{\"@type\":\"ImageObject\",\"inLanguage\":\"en-US\",\"@id\":\"https:\\\/\\\/argatecnic.pt\\\/en\\\/product\\\/paving-and-leveling\\\/screeds\\\/lena-521-fluidfloor\\\/#primaryimage\",\"url\":\"https:\\\/\\\/i0.wp.com\\\/argatecnic.pt\\\/wp-content\\\/uploads\\\/2022\\\/09\\\/lena-521-fluid-floor-saco.png?fit=1484%2C1679&ssl=1\",\"contentUrl\":\"https:\\\/\\\/i0.wp.com\\\/argatecnic.pt\\\/wp-content\\\/uploads\\\/2022\\\/09\\\/lena-521-fluid-floor-saco.png?fit=1484%2C1679&ssl=1\",\"width\":1484,\"height\":1679},{\"@type\":\"BreadcrumbList\",\"@id\":\"https:\\\/\\\/argatecnic.pt\\\/en\\\/product\\\/paving-and-leveling\\\/screeds\\\/lena-521-fluidfloor\\\/#breadcrumb\",\"itemListElement\":[{\"@type\":\"ListItem\",\"position\":1,\"name\":\"Loja\",\"item\":\"https:\\\/\\\/argatecnic.pt\\\/en\\\/loja\\\/\"},{\"@type\":\"ListItem\",\"position\":2,\"name\":\"LENA 521 FluidFloor\"}]},{\"@type\":\"WebSite\",\"@id\":\"https:\\\/\\\/argatecnic.pt\\\/en\\\/#website\",\"url\":\"https:\\\/\\\/argatecnic.pt\\\/en\\\/\",\"name\":\"ARGATECNIC\",\"description\":\"argamassas t\u00e9cnicas para a constru\u00e7\u00e3o\",\"potentialAction\":[{\"@type\":\"SearchAction\",\"target\":{\"@type\":\"EntryPoint\",\"urlTemplate\":\"https:\\\/\\\/argatecnic.pt\\\/en\\\/?s={search_term_string}\"},\"query-input\":{\"@type\":\"PropertyValueSpecification\",\"valueRequired\":true,\"valueName\":\"search_term_string\"}}],\"inLanguage\":\"en-US\"}]}<\/script>\n<!-- \/ Yoast SEO plugin. -->","yoast_head_json":{"title":"LENA 521 FluidFloor - ARGATECNIC","robots":{"index":"index","follow":"follow","max-snippet":"max-snippet:-1","max-image-preview":"max-image-preview:large","max-video-preview":"max-video-preview:-1"},"canonical":"https:\/\/argatecnic.pt\/en\/product\/paving-and-leveling\/screeds\/lena-521-fluidfloor\/","og_locale":"en_US","og_type":"article","og_title":"LENA 521 FluidFloor - ARGATECNIC","og_description":"\u00a0 Suitable for large areas \u00a0 High daily productivity \u00a0 Ideal for underfloor heating systems  &nbsp;    &nbsp;    &nbsp;","og_url":"https:\/\/argatecnic.pt\/en\/product\/paving-and-leveling\/screeds\/lena-521-fluidfloor\/","og_site_name":"ARGATECNIC","article_modified_time":"2025-02-26T12:25:47+00:00","og_image":[{"width":1484,"height":1679,"url":"https:\/\/i0.wp.com\/argatecnic.pt\/wp-content\/uploads\/2022\/09\/lena-521-fluid-floor-saco.png?fit=1484%2C1679&ssl=1","type":"image\/png"}],"twitter_card":"summary_large_image","twitter_misc":{"Est. reading time":"1 minute"},"schema":{"@context":"https:\/\/schema.org","@graph":[{"@type":"WebPage","@id":"https:\/\/argatecnic.pt\/en\/product\/paving-and-leveling\/screeds\/lena-521-fluidfloor\/","url":"https:\/\/argatecnic.pt\/en\/product\/paving-and-leveling\/screeds\/lena-521-fluidfloor\/","name":"LENA 521 FluidFloor - ARGATECNIC","isPartOf":{"@id":"https:\/\/argatecnic.pt\/en\/#website"},"primaryImageOfPage":{"@id":"https:\/\/argatecnic.pt\/en\/product\/paving-and-leveling\/screeds\/lena-521-fluidfloor\/#primaryimage"},"image":{"@id":"https:\/\/argatecnic.pt\/en\/product\/paving-and-leveling\/screeds\/lena-521-fluidfloor\/#primaryimage"},"thumbnailUrl":"https:\/\/i0.wp.com\/argatecnic.pt\/wp-content\/uploads\/2022\/09\/lena-521-fluid-floor-saco.png?fit=1484%2C1679&ssl=1","datePublished":"2022-09-09T13:39:26+00:00","dateModified":"2025-02-26T12:25:47+00:00","breadcrumb":{"@id":"https:\/\/argatecnic.pt\/en\/product\/paving-and-leveling\/screeds\/lena-521-fluidfloor\/#breadcrumb"},"inLanguage":"en-US","potentialAction":[{"@type":"ReadAction","target":["https:\/\/argatecnic.pt\/en\/product\/paving-and-leveling\/screeds\/lena-521-fluidfloor\/"]}]},{"@type":"ImageObject","inLanguage":"en-US","@id":"https:\/\/argatecnic.pt\/en\/product\/paving-and-leveling\/screeds\/lena-521-fluidfloor\/#primaryimage","url":"https:\/\/i0.wp.com\/argatecnic.pt\/wp-content\/uploads\/2022\/09\/lena-521-fluid-floor-saco.png?fit=1484%2C1679&ssl=1","contentUrl":"https:\/\/i0.wp.com\/argatecnic.pt\/wp-content\/uploads\/2022\/09\/lena-521-fluid-floor-saco.png?fit=1484%2C1679&ssl=1","width":1484,"height":1679},{"@type":"BreadcrumbList","@id":"https:\/\/argatecnic.pt\/en\/product\/paving-and-leveling\/screeds\/lena-521-fluidfloor\/#breadcrumb","itemListElement":[{"@type":"ListItem","position":1,"name":"Loja","item":"https:\/\/argatecnic.pt\/en\/loja\/"},{"@type":"ListItem","position":2,"name":"LENA 521 FluidFloor"}]},{"@type":"WebSite","@id":"https:\/\/argatecnic.pt\/en\/#website","url":"https:\/\/argatecnic.pt\/en\/","name":"ARGATECNIC","description":"argamassas t\u00e9cnicas para a constru\u00e7\u00e3o","potentialAction":[{"@type":"SearchAction","target":{"@type":"EntryPoint","urlTemplate":"https:\/\/argatecnic.pt\/en\/?s={search_term_string}"},"query-input":{"@type":"PropertyValueSpecification","valueRequired":true,"valueName":"search_term_string"}}],"inLanguage":"en-US"}]}},"jetpack_sharing_enabled":true,"_links":{"self":[{"href":"https:\/\/argatecnic.pt\/en\/wp-json\/wp\/v2\/product\/5199","targetHints":{"allow":["GET"]}}],"collection":[{"href":"https:\/\/argatecnic.pt\/en\/wp-json\/wp\/v2\/product"}],"about":[{"href":"https:\/\/argatecnic.pt\/en\/wp-json\/wp\/v2\/types\/product"}],"replies":[{"embeddable":true,"href":"https:\/\/argatecnic.pt\/en\/wp-json\/wp\/v2\/comments?post=5199"}],"wp:featuredmedia":[{"embeddable":true,"href":"https:\/\/argatecnic.pt\/en\/wp-json\/wp\/v2\/media\/4021"}],"wp:attachment":[{"href":"https:\/\/argatecnic.pt\/en\/wp-json\/wp\/v2\/media?parent=5199"}],"wp:term":[{"taxonomy":"product_brand","embeddable":true,"href":"https:\/\/argatecnic.pt\/en\/wp-json\/wp\/v2\/product_brand?post=5199"},{"taxonomy":"product_cat","embeddable":true,"href":"https:\/\/argatecnic.pt\/en\/wp-json\/wp\/v2\/product_cat?post=5199"},{"taxonomy":"product_tag","embeddable":true,"href":"https:\/\/argatecnic.pt\/en\/wp-json\/wp\/v2\/product_tag?post=5199"}],"curies":[{"name":"wp","href":"https:\/\/api.w.org\/{rel}","templated":true}]}}