{"id":5194,"date":"2022-08-19T23:23:25","date_gmt":"2022-08-19T23:23:25","guid":{"rendered":"https:\/\/argatecnic.pt\/produto\/uncategorized\/lena-7-xtreme\/"},"modified":"2025-02-26T11:45:20","modified_gmt":"2025-02-26T10:45:20","slug":"lena-7-xtreme","status":"publish","type":"product","link":"https:\/\/argatecnic.pt\/en\/product\/adhesives-and-grouts\/polyurethane-adhesive\/lena-7-xtreme\/","title":{"rendered":"LENA 7 Xtreme"},"content":{"rendered":"<p><strong><span style=\"color: #e84653;\">PRESENTATION:<\/span><\/strong><br \/>\n12 Kg packages (10.9 Kg Component A + 1.1 Kg Component B &#8211; hardener).<\/p>\n<p><span style=\"color: #e84653;\"><strong>DOMAIN OF UTILIZATION:<\/strong><\/span><br \/>\nLENA 7 Xtreme\u00a0is suitable for use when fixing large ceramic tiles and natural stone (specifically shale and slate) of any absorption and porosity on interior and exterior walls and floors, on cement-based surfaces, ceramic tiles, metal, rubber, and PVC. Perfect for bonding exposed cork boards to fa\u00e7ades and filmed tile with wire reinforcements applied behind the boards.<\/p>\n<p><span style=\"color: #e84653;\"><strong>ADHESIVE PREPARATION:<\/strong><\/span><br \/>\nLENA 7 Xtreme is prepared by mixing Component A with the hardener (Component B) in its entirety. No other components should be added. Mix mechanically using low speed electric mixer until you produce a consistent paste. Once mixed, the viscosity of the product increases, achieving the ideal workability for application using notched trowel.<\/p>\n<p><span style=\"color: #e84653;\"><strong>THEORETICAL CONSUMPTION:<\/strong><\/span><br \/>\nSimple bonding: 3 Kg\/m\u00b2<br \/>\nDouble bonding: 4 Kg\/m\u00b2<\/p>\n","protected":false},"excerpt":{"rendered":"<p class=\"presentation\"><img loading=\"lazy\" decoding=\"async\" class=\"alignnone wp-image-102\" src=\"https:\/\/argatecnic.pt\/wp-content\/uploads\/2022\/08\/icone-argatecnic.png\" alt=\"\" width=\"21\" height=\"15\" \/>\u00a0 Excellent adhesion: metal, wood, ceramic, PVC<br \/>\n<img loading=\"lazy\" decoding=\"async\" class=\"alignnone wp-image-102\" src=\"https:\/\/argatecnic.pt\/wp-content\/uploads\/2022\/08\/icone-argatecnic.png\" alt=\"\" width=\"21\" height=\"15\" \/>\u00a0 Bonding of slate, shale, cork and laminated stoneware<br \/>\n<img loading=\"lazy\" decoding=\"async\" class=\"alignnone wp-image-102\" src=\"https:\/\/argatecnic.pt\/wp-content\/uploads\/2022\/08\/icone-argatecnic.png\" alt=\"\" width=\"21\" height=\"15\" \/>\u00a0 Prevents surface efflorescence<\/p>\n<p>&nbsp;<\/p>\n<p>&nbsp;<\/p>\n<p>&nbsp;<\/p>\n<p><img loading=\"lazy\" decoding=\"async\" class=\"alignnone wp-image-5139 \" src=\"https:\/\/argatecnic.pt\/wp-content\/uploads\/2023\/04\/lena-7-xtreme-characteristics-en.svg\" alt=\"\" width=\"394\" height=\"134\" \/><\/p>\n<p>&nbsp;<\/p>\n<p><a href=\"https:\/\/argatecnic.pt\/wp-content\/uploads\/2022\/08\/lena-7-xtreme-classificacao.svg\"><img loading=\"lazy\" decoding=\"async\" class=\"alignnone wp-image-713\" src=\"https:\/\/argatecnic.pt\/wp-content\/uploads\/2022\/08\/lena-7-xtreme-classificacao.svg\" alt=\"\" width=\"60\" height=\"60\" \/><\/a><\/p>\n<p>&nbsp;<\/p>\n<p><a href=\"https:\/\/argatecnic.pt\/wp-content\/uploads\/2022\/08\/cor-bege.svg\"><img loading=\"lazy\" decoding=\"async\" class=\"alignnone wp-image-708\" src=\"https:\/\/argatecnic.pt\/wp-content\/uploads\/2022\/08\/cor-bege.svg\" alt=\"\" width=\"36\" height=\"50\" \/><\/a><\/p>\n","protected":false},"featured_media":4081,"comment_status":"open","ping_status":"closed","template":"","meta":{"_et_pb_use_builder":"","_et_pb_old_content":"","_et_gb_content_width":""},"product_brand":[],"product_cat":[151,131],"product_tag":[],"class_list":{"0":"post-5194","1":"product","2":"type-product","3":"status-publish","4":"has-post-thumbnail","6":"product_cat-adhesives-and-grouts","7":"product_cat-polyurethane-adhesive","9":"first","10":"instock","11":"shipping-taxable","12":"product-type-simple"},"acf":[],"yoast_head":"<!-- This site is optimized with the Yoast SEO plugin v27.5 - https:\/\/yoast.com\/product\/yoast-seo-wordpress\/ -->\n<title>LENA 7 Xtreme - ARGATECNIC<\/title>\n<meta name=\"robots\" content=\"index, follow, max-snippet:-1, max-image-preview:large, max-video-preview:-1\" \/>\n<link rel=\"canonical\" href=\"https:\/\/argatecnic.pt\/en\/product\/adhesives-and-grouts\/polyurethane-adhesive\/lena-7-xtreme\/\" \/>\n<meta property=\"og:locale\" content=\"en_US\" \/>\n<meta property=\"og:type\" content=\"article\" \/>\n<meta property=\"og:title\" content=\"LENA 7 Xtreme - ARGATECNIC\" \/>\n<meta property=\"og:description\" content=\"\u00a0 Excellent adhesion: metal, wood, ceramic, PVC \u00a0 Bonding of slate, shale, cork and laminated stoneware \u00a0 Prevents surface efflorescence &nbsp;  &nbsp;  &nbsp;    &nbsp;    &nbsp;\" \/>\n<meta property=\"og:url\" content=\"https:\/\/argatecnic.pt\/en\/product\/adhesives-and-grouts\/polyurethane-adhesive\/lena-7-xtreme\/\" \/>\n<meta property=\"og:site_name\" content=\"ARGATECNIC\" \/>\n<meta property=\"article:modified_time\" content=\"2025-02-26T10:45:20+00:00\" \/>\n<meta property=\"og:image\" content=\"https:\/\/i0.wp.com\/argatecnic.pt\/wp-content\/uploads\/2022\/08\/lena-7-xtreme-balde.png?fit=2200%2C2200&ssl=1\" \/>\n\t<meta property=\"og:image:width\" content=\"2200\" \/>\n\t<meta property=\"og:image:height\" content=\"2200\" \/>\n\t<meta property=\"og:image:type\" content=\"image\/png\" \/>\n<meta name=\"twitter:card\" content=\"summary_large_image\" \/>\n<meta name=\"twitter:label1\" content=\"Est. reading time\" \/>\n\t<meta name=\"twitter:data1\" content=\"1 minute\" \/>\n<script type=\"application\/ld+json\" class=\"yoast-schema-graph\">{\"@context\":\"https:\\\/\\\/schema.org\",\"@graph\":[{\"@type\":\"WebPage\",\"@id\":\"https:\\\/\\\/argatecnic.pt\\\/en\\\/product\\\/adhesives-and-grouts\\\/polyurethane-adhesive\\\/lena-7-xtreme\\\/\",\"url\":\"https:\\\/\\\/argatecnic.pt\\\/en\\\/product\\\/adhesives-and-grouts\\\/polyurethane-adhesive\\\/lena-7-xtreme\\\/\",\"name\":\"LENA 7 Xtreme - ARGATECNIC\",\"isPartOf\":{\"@id\":\"https:\\\/\\\/argatecnic.pt\\\/en\\\/#website\"},\"primaryImageOfPage\":{\"@id\":\"https:\\\/\\\/argatecnic.pt\\\/en\\\/product\\\/adhesives-and-grouts\\\/polyurethane-adhesive\\\/lena-7-xtreme\\\/#primaryimage\"},\"image\":{\"@id\":\"https:\\\/\\\/argatecnic.pt\\\/en\\\/product\\\/adhesives-and-grouts\\\/polyurethane-adhesive\\\/lena-7-xtreme\\\/#primaryimage\"},\"thumbnailUrl\":\"https:\\\/\\\/i0.wp.com\\\/argatecnic.pt\\\/wp-content\\\/uploads\\\/2022\\\/08\\\/lena-7-xtreme-balde.png?fit=2200%2C2200&ssl=1\",\"datePublished\":\"2022-08-19T23:23:25+00:00\",\"dateModified\":\"2025-02-26T10:45:20+00:00\",\"breadcrumb\":{\"@id\":\"https:\\\/\\\/argatecnic.pt\\\/en\\\/product\\\/adhesives-and-grouts\\\/polyurethane-adhesive\\\/lena-7-xtreme\\\/#breadcrumb\"},\"inLanguage\":\"en-US\",\"potentialAction\":[{\"@type\":\"ReadAction\",\"target\":[\"https:\\\/\\\/argatecnic.pt\\\/en\\\/product\\\/adhesives-and-grouts\\\/polyurethane-adhesive\\\/lena-7-xtreme\\\/\"]}]},{\"@type\":\"ImageObject\",\"inLanguage\":\"en-US\",\"@id\":\"https:\\\/\\\/argatecnic.pt\\\/en\\\/product\\\/adhesives-and-grouts\\\/polyurethane-adhesive\\\/lena-7-xtreme\\\/#primaryimage\",\"url\":\"https:\\\/\\\/i0.wp.com\\\/argatecnic.pt\\\/wp-content\\\/uploads\\\/2022\\\/08\\\/lena-7-xtreme-balde.png?fit=2200%2C2200&ssl=1\",\"contentUrl\":\"https:\\\/\\\/i0.wp.com\\\/argatecnic.pt\\\/wp-content\\\/uploads\\\/2022\\\/08\\\/lena-7-xtreme-balde.png?fit=2200%2C2200&ssl=1\",\"width\":2200,\"height\":2200},{\"@type\":\"BreadcrumbList\",\"@id\":\"https:\\\/\\\/argatecnic.pt\\\/en\\\/product\\\/adhesives-and-grouts\\\/polyurethane-adhesive\\\/lena-7-xtreme\\\/#breadcrumb\",\"itemListElement\":[{\"@type\":\"ListItem\",\"position\":1,\"name\":\"Loja\",\"item\":\"https:\\\/\\\/argatecnic.pt\\\/en\\\/loja\\\/\"},{\"@type\":\"ListItem\",\"position\":2,\"name\":\"LENA 7 Xtreme\"}]},{\"@type\":\"WebSite\",\"@id\":\"https:\\\/\\\/argatecnic.pt\\\/en\\\/#website\",\"url\":\"https:\\\/\\\/argatecnic.pt\\\/en\\\/\",\"name\":\"ARGATECNIC\",\"description\":\"argamassas t\u00e9cnicas para a constru\u00e7\u00e3o\",\"potentialAction\":[{\"@type\":\"SearchAction\",\"target\":{\"@type\":\"EntryPoint\",\"urlTemplate\":\"https:\\\/\\\/argatecnic.pt\\\/en\\\/?s={search_term_string}\"},\"query-input\":{\"@type\":\"PropertyValueSpecification\",\"valueRequired\":true,\"valueName\":\"search_term_string\"}}],\"inLanguage\":\"en-US\"}]}<\/script>\n<!-- \/ Yoast SEO plugin. -->","yoast_head_json":{"title":"LENA 7 Xtreme - ARGATECNIC","robots":{"index":"index","follow":"follow","max-snippet":"max-snippet:-1","max-image-preview":"max-image-preview:large","max-video-preview":"max-video-preview:-1"},"canonical":"https:\/\/argatecnic.pt\/en\/product\/adhesives-and-grouts\/polyurethane-adhesive\/lena-7-xtreme\/","og_locale":"en_US","og_type":"article","og_title":"LENA 7 Xtreme - ARGATECNIC","og_description":"\u00a0 Excellent adhesion: metal, wood, ceramic, PVC \u00a0 Bonding of slate, shale, cork and laminated stoneware \u00a0 Prevents surface efflorescence &nbsp;  &nbsp;  &nbsp;    &nbsp;    &nbsp;","og_url":"https:\/\/argatecnic.pt\/en\/product\/adhesives-and-grouts\/polyurethane-adhesive\/lena-7-xtreme\/","og_site_name":"ARGATECNIC","article_modified_time":"2025-02-26T10:45:20+00:00","og_image":[{"width":2200,"height":2200,"url":"https:\/\/i0.wp.com\/argatecnic.pt\/wp-content\/uploads\/2022\/08\/lena-7-xtreme-balde.png?fit=2200%2C2200&ssl=1","type":"image\/png"}],"twitter_card":"summary_large_image","twitter_misc":{"Est. reading time":"1 minute"},"schema":{"@context":"https:\/\/schema.org","@graph":[{"@type":"WebPage","@id":"https:\/\/argatecnic.pt\/en\/product\/adhesives-and-grouts\/polyurethane-adhesive\/lena-7-xtreme\/","url":"https:\/\/argatecnic.pt\/en\/product\/adhesives-and-grouts\/polyurethane-adhesive\/lena-7-xtreme\/","name":"LENA 7 Xtreme - ARGATECNIC","isPartOf":{"@id":"https:\/\/argatecnic.pt\/en\/#website"},"primaryImageOfPage":{"@id":"https:\/\/argatecnic.pt\/en\/product\/adhesives-and-grouts\/polyurethane-adhesive\/lena-7-xtreme\/#primaryimage"},"image":{"@id":"https:\/\/argatecnic.pt\/en\/product\/adhesives-and-grouts\/polyurethane-adhesive\/lena-7-xtreme\/#primaryimage"},"thumbnailUrl":"https:\/\/i0.wp.com\/argatecnic.pt\/wp-content\/uploads\/2022\/08\/lena-7-xtreme-balde.png?fit=2200%2C2200&ssl=1","datePublished":"2022-08-19T23:23:25+00:00","dateModified":"2025-02-26T10:45:20+00:00","breadcrumb":{"@id":"https:\/\/argatecnic.pt\/en\/product\/adhesives-and-grouts\/polyurethane-adhesive\/lena-7-xtreme\/#breadcrumb"},"inLanguage":"en-US","potentialAction":[{"@type":"ReadAction","target":["https:\/\/argatecnic.pt\/en\/product\/adhesives-and-grouts\/polyurethane-adhesive\/lena-7-xtreme\/"]}]},{"@type":"ImageObject","inLanguage":"en-US","@id":"https:\/\/argatecnic.pt\/en\/product\/adhesives-and-grouts\/polyurethane-adhesive\/lena-7-xtreme\/#primaryimage","url":"https:\/\/i0.wp.com\/argatecnic.pt\/wp-content\/uploads\/2022\/08\/lena-7-xtreme-balde.png?fit=2200%2C2200&ssl=1","contentUrl":"https:\/\/i0.wp.com\/argatecnic.pt\/wp-content\/uploads\/2022\/08\/lena-7-xtreme-balde.png?fit=2200%2C2200&ssl=1","width":2200,"height":2200},{"@type":"BreadcrumbList","@id":"https:\/\/argatecnic.pt\/en\/product\/adhesives-and-grouts\/polyurethane-adhesive\/lena-7-xtreme\/#breadcrumb","itemListElement":[{"@type":"ListItem","position":1,"name":"Loja","item":"https:\/\/argatecnic.pt\/en\/loja\/"},{"@type":"ListItem","position":2,"name":"LENA 7 Xtreme"}]},{"@type":"WebSite","@id":"https:\/\/argatecnic.pt\/en\/#website","url":"https:\/\/argatecnic.pt\/en\/","name":"ARGATECNIC","description":"argamassas t\u00e9cnicas para a constru\u00e7\u00e3o","potentialAction":[{"@type":"SearchAction","target":{"@type":"EntryPoint","urlTemplate":"https:\/\/argatecnic.pt\/en\/?s={search_term_string}"},"query-input":{"@type":"PropertyValueSpecification","valueRequired":true,"valueName":"search_term_string"}}],"inLanguage":"en-US"}]}},"jetpack_sharing_enabled":true,"_links":{"self":[{"href":"https:\/\/argatecnic.pt\/en\/wp-json\/wp\/v2\/product\/5194","targetHints":{"allow":["GET"]}}],"collection":[{"href":"https:\/\/argatecnic.pt\/en\/wp-json\/wp\/v2\/product"}],"about":[{"href":"https:\/\/argatecnic.pt\/en\/wp-json\/wp\/v2\/types\/product"}],"replies":[{"embeddable":true,"href":"https:\/\/argatecnic.pt\/en\/wp-json\/wp\/v2\/comments?post=5194"}],"wp:featuredmedia":[{"embeddable":true,"href":"https:\/\/argatecnic.pt\/en\/wp-json\/wp\/v2\/media\/4081"}],"wp:attachment":[{"href":"https:\/\/argatecnic.pt\/en\/wp-json\/wp\/v2\/media?parent=5194"}],"wp:term":[{"taxonomy":"product_brand","embeddable":true,"href":"https:\/\/argatecnic.pt\/en\/wp-json\/wp\/v2\/product_brand?post=5194"},{"taxonomy":"product_cat","embeddable":true,"href":"https:\/\/argatecnic.pt\/en\/wp-json\/wp\/v2\/product_cat?post=5194"},{"taxonomy":"product_tag","embeddable":true,"href":"https:\/\/argatecnic.pt\/en\/wp-json\/wp\/v2\/product_tag?post=5194"}],"curies":[{"name":"wp","href":"https:\/\/api.w.org\/{rel}","templated":true}]}}