{"id":5192,"date":"2022-08-20T00:19:50","date_gmt":"2022-08-20T00:19:50","guid":{"rendered":"https:\/\/argatecnic.pt\/produto\/uncategorized\/lena-310-cor\/"},"modified":"2025-02-26T11:44:53","modified_gmt":"2025-02-26T10:44:53","slug":"lena-310-cor","status":"publish","type":"product","link":"https:\/\/argatecnic.pt\/en\/product\/adhesives-and-grouts\/tile-grout\/lena-310-cor\/","title":{"rendered":"LENA 310 Cor"},"content":{"rendered":"<p><strong><span style=\"color: #e84653;\">PRESENTATION:<\/span><br \/>\n<\/strong>5 kg bags (4 bags per box)<br \/>\n20 kg bags (available in white, grey, and beige colors)<\/p>\n<p><span style=\"color: #e84653;\"><strong>DOMAIN OF UTILIZATION:<\/strong><\/span><br \/>\nLENA Cor 310 is suitable for use in grouting tiles or natural stone on floors and interior and exterior walls, from joints ranging in size between 0- and 12-mm. LENA 310 Cor can be used in swimming pools.<\/p>\n<p><span style=\"color: #e84653;\"><strong>MORTAR PREPARATION:<\/strong><\/span><\/p>\n<p><strong><img data-recalc-dims=\"1\" loading=\"lazy\" decoding=\"async\" src=\"https:\/\/i0.wp.com\/argatecnic.pt\/wp-content\/uploads\/2022\/08\/icone-argatecnic.png?resize=19%2C13&#038;ssl=1\" alt=\"\" width=\"19\" height=\"13\" \/>\u00a0 5 kg bag:<\/strong><br \/>\nLENA Cor 310 5Kg should \u2013 preferably \u2013 be mixed mechanically, using a low-speed electric mixer, with 1.4 to 1.5 litres of water per 5 kg bag, until it produces a soft, consistent, lump-free paste. Black mortar should be mixed with 1.4 litres of water only.<\/p>\n<p><strong><img data-recalc-dims=\"1\" loading=\"lazy\" decoding=\"async\" src=\"https:\/\/i0.wp.com\/argatecnic.pt\/wp-content\/uploads\/2022\/08\/icone-argatecnic.png?resize=19%2C13&#038;ssl=1\" alt=\"\" width=\"19\" height=\"13\" \/> 20 kg bag:<\/strong><br \/>\nLENA Cor 310 20Kg should \u2013 preferably \u2013 be mixed mechanically, using a low-speed electric mixer, with 5.6 to 6.0 litres of water per 20 kg bag, until it produces a soft, consistent, lump-free paste. Black mortar should be mixed with 5.6 litres of water only..<\/p>\n","protected":false},"excerpt":{"rendered":"<p><img loading=\"lazy\" decoding=\"async\" class=\"alignnone wp-image-102\" src=\"https:\/\/argatecnic.pt\/wp-content\/uploads\/2022\/08\/icone-argatecnic.png\" alt=\"\" width=\"21\" height=\"15\" \/>\u00a0 Grouting of joints from 0-12 mm<br \/>\n<img loading=\"lazy\" decoding=\"async\" class=\"alignnone wp-image-102\" src=\"https:\/\/argatecnic.pt\/wp-content\/uploads\/2022\/08\/icone-argatecnic.png\" alt=\"\" width=\"21\" height=\"15\" \/>\u00a0 Fine finish<br \/>\n<img loading=\"lazy\" decoding=\"async\" class=\"alignnone wp-image-102\" src=\"https:\/\/argatecnic.pt\/wp-content\/uploads\/2022\/08\/icone-argatecnic.png\" alt=\"\" width=\"21\" height=\"15\" \/>\u00a0 Fungus resistant<\/p>\n<p>&nbsp;<\/p>\n<p><img loading=\"lazy\" decoding=\"async\" class=\"alignnone wp-image-5154 \" src=\"https:\/\/argatecnic.pt\/wp-content\/uploads\/2023\/04\/lena-310-cor-characteristics-en.svg\" alt=\"\" width=\"433\" height=\"134\" \/><\/p>\n","protected":false},"featured_media":4158,"comment_status":"open","ping_status":"closed","template":"","meta":{"_et_pb_use_builder":"","_et_pb_old_content":"","_et_gb_content_width":""},"product_brand":[],"product_cat":[127],"product_tag":[],"class_list":{"0":"post-5192","1":"product","2":"type-product","3":"status-publish","4":"has-post-thumbnail","6":"product_cat-tile-grout","8":"first","9":"instock","10":"shipping-taxable","11":"product-type-simple"},"acf":[],"yoast_head":"<!-- This site is optimized with the Yoast SEO plugin v27.4 - https:\/\/yoast.com\/product\/yoast-seo-wordpress\/ -->\n<title>LENA 310 Cor - ARGATECNIC<\/title>\n<meta name=\"robots\" content=\"index, follow, max-snippet:-1, max-image-preview:large, max-video-preview:-1\" \/>\n<link rel=\"canonical\" href=\"https:\/\/argatecnic.pt\/en\/product\/adhesives-and-grouts\/tile-grout\/lena-310-cor\/\" \/>\n<meta property=\"og:locale\" content=\"en_US\" \/>\n<meta property=\"og:type\" content=\"article\" \/>\n<meta property=\"og:title\" content=\"LENA 310 Cor - ARGATECNIC\" \/>\n<meta property=\"og:description\" content=\"\u00a0 Grouting of joints from 0-12 mm \u00a0 Fine finish \u00a0 Fungus resistant  &nbsp;\" \/>\n<meta property=\"og:url\" content=\"https:\/\/argatecnic.pt\/en\/product\/adhesives-and-grouts\/tile-grout\/lena-310-cor\/\" \/>\n<meta property=\"og:site_name\" content=\"ARGATECNIC\" \/>\n<meta property=\"article:modified_time\" content=\"2025-02-26T10:44:53+00:00\" \/>\n<meta property=\"og:image\" content=\"https:\/\/i0.wp.com\/argatecnic.pt\/wp-content\/uploads\/2022\/08\/lena-310-cor-saco-.png?fit=3005%2C2500&ssl=1\" \/>\n\t<meta property=\"og:image:width\" content=\"3005\" \/>\n\t<meta property=\"og:image:height\" content=\"2500\" \/>\n\t<meta property=\"og:image:type\" content=\"image\/png\" \/>\n<meta name=\"twitter:card\" content=\"summary_large_image\" \/>\n<meta name=\"twitter:label1\" content=\"Est. reading time\" \/>\n\t<meta name=\"twitter:data1\" content=\"2 minutes\" \/>\n<script type=\"application\/ld+json\" class=\"yoast-schema-graph\">{\"@context\":\"https:\\\/\\\/schema.org\",\"@graph\":[{\"@type\":\"WebPage\",\"@id\":\"https:\\\/\\\/argatecnic.pt\\\/en\\\/product\\\/adhesives-and-grouts\\\/tile-grout\\\/lena-310-cor\\\/\",\"url\":\"https:\\\/\\\/argatecnic.pt\\\/en\\\/product\\\/adhesives-and-grouts\\\/tile-grout\\\/lena-310-cor\\\/\",\"name\":\"LENA 310 Cor - ARGATECNIC\",\"isPartOf\":{\"@id\":\"https:\\\/\\\/argatecnic.pt\\\/en\\\/#website\"},\"primaryImageOfPage\":{\"@id\":\"https:\\\/\\\/argatecnic.pt\\\/en\\\/product\\\/adhesives-and-grouts\\\/tile-grout\\\/lena-310-cor\\\/#primaryimage\"},\"image\":{\"@id\":\"https:\\\/\\\/argatecnic.pt\\\/en\\\/product\\\/adhesives-and-grouts\\\/tile-grout\\\/lena-310-cor\\\/#primaryimage\"},\"thumbnailUrl\":\"https:\\\/\\\/i0.wp.com\\\/argatecnic.pt\\\/wp-content\\\/uploads\\\/2022\\\/08\\\/lena-310-cor-saco-.png?fit=3005%2C2500&ssl=1\",\"datePublished\":\"2022-08-20T00:19:50+00:00\",\"dateModified\":\"2025-02-26T10:44:53+00:00\",\"breadcrumb\":{\"@id\":\"https:\\\/\\\/argatecnic.pt\\\/en\\\/product\\\/adhesives-and-grouts\\\/tile-grout\\\/lena-310-cor\\\/#breadcrumb\"},\"inLanguage\":\"en-US\",\"potentialAction\":[{\"@type\":\"ReadAction\",\"target\":[\"https:\\\/\\\/argatecnic.pt\\\/en\\\/product\\\/adhesives-and-grouts\\\/tile-grout\\\/lena-310-cor\\\/\"]}]},{\"@type\":\"ImageObject\",\"inLanguage\":\"en-US\",\"@id\":\"https:\\\/\\\/argatecnic.pt\\\/en\\\/product\\\/adhesives-and-grouts\\\/tile-grout\\\/lena-310-cor\\\/#primaryimage\",\"url\":\"https:\\\/\\\/i0.wp.com\\\/argatecnic.pt\\\/wp-content\\\/uploads\\\/2022\\\/08\\\/lena-310-cor-saco-.png?fit=3005%2C2500&ssl=1\",\"contentUrl\":\"https:\\\/\\\/i0.wp.com\\\/argatecnic.pt\\\/wp-content\\\/uploads\\\/2022\\\/08\\\/lena-310-cor-saco-.png?fit=3005%2C2500&ssl=1\",\"width\":3005,\"height\":2500},{\"@type\":\"BreadcrumbList\",\"@id\":\"https:\\\/\\\/argatecnic.pt\\\/en\\\/product\\\/adhesives-and-grouts\\\/tile-grout\\\/lena-310-cor\\\/#breadcrumb\",\"itemListElement\":[{\"@type\":\"ListItem\",\"position\":1,\"name\":\"Loja\",\"item\":\"https:\\\/\\\/argatecnic.pt\\\/en\\\/loja\\\/\"},{\"@type\":\"ListItem\",\"position\":2,\"name\":\"LENA 310 Cor\"}]},{\"@type\":\"WebSite\",\"@id\":\"https:\\\/\\\/argatecnic.pt\\\/en\\\/#website\",\"url\":\"https:\\\/\\\/argatecnic.pt\\\/en\\\/\",\"name\":\"ARGATECNIC\",\"description\":\"argamassas t\u00e9cnicas para a constru\u00e7\u00e3o\",\"potentialAction\":[{\"@type\":\"SearchAction\",\"target\":{\"@type\":\"EntryPoint\",\"urlTemplate\":\"https:\\\/\\\/argatecnic.pt\\\/en\\\/?s={search_term_string}\"},\"query-input\":{\"@type\":\"PropertyValueSpecification\",\"valueRequired\":true,\"valueName\":\"search_term_string\"}}],\"inLanguage\":\"en-US\"}]}<\/script>\n<!-- \/ Yoast SEO plugin. -->","yoast_head_json":{"title":"LENA 310 Cor - ARGATECNIC","robots":{"index":"index","follow":"follow","max-snippet":"max-snippet:-1","max-image-preview":"max-image-preview:large","max-video-preview":"max-video-preview:-1"},"canonical":"https:\/\/argatecnic.pt\/en\/product\/adhesives-and-grouts\/tile-grout\/lena-310-cor\/","og_locale":"en_US","og_type":"article","og_title":"LENA 310 Cor - ARGATECNIC","og_description":"\u00a0 Grouting of joints from 0-12 mm \u00a0 Fine finish \u00a0 Fungus resistant  &nbsp;","og_url":"https:\/\/argatecnic.pt\/en\/product\/adhesives-and-grouts\/tile-grout\/lena-310-cor\/","og_site_name":"ARGATECNIC","article_modified_time":"2025-02-26T10:44:53+00:00","og_image":[{"width":3005,"height":2500,"url":"https:\/\/i0.wp.com\/argatecnic.pt\/wp-content\/uploads\/2022\/08\/lena-310-cor-saco-.png?fit=3005%2C2500&ssl=1","type":"image\/png"}],"twitter_card":"summary_large_image","twitter_misc":{"Est. reading time":"2 minutes"},"schema":{"@context":"https:\/\/schema.org","@graph":[{"@type":"WebPage","@id":"https:\/\/argatecnic.pt\/en\/product\/adhesives-and-grouts\/tile-grout\/lena-310-cor\/","url":"https:\/\/argatecnic.pt\/en\/product\/adhesives-and-grouts\/tile-grout\/lena-310-cor\/","name":"LENA 310 Cor - ARGATECNIC","isPartOf":{"@id":"https:\/\/argatecnic.pt\/en\/#website"},"primaryImageOfPage":{"@id":"https:\/\/argatecnic.pt\/en\/product\/adhesives-and-grouts\/tile-grout\/lena-310-cor\/#primaryimage"},"image":{"@id":"https:\/\/argatecnic.pt\/en\/product\/adhesives-and-grouts\/tile-grout\/lena-310-cor\/#primaryimage"},"thumbnailUrl":"https:\/\/i0.wp.com\/argatecnic.pt\/wp-content\/uploads\/2022\/08\/lena-310-cor-saco-.png?fit=3005%2C2500&ssl=1","datePublished":"2022-08-20T00:19:50+00:00","dateModified":"2025-02-26T10:44:53+00:00","breadcrumb":{"@id":"https:\/\/argatecnic.pt\/en\/product\/adhesives-and-grouts\/tile-grout\/lena-310-cor\/#breadcrumb"},"inLanguage":"en-US","potentialAction":[{"@type":"ReadAction","target":["https:\/\/argatecnic.pt\/en\/product\/adhesives-and-grouts\/tile-grout\/lena-310-cor\/"]}]},{"@type":"ImageObject","inLanguage":"en-US","@id":"https:\/\/argatecnic.pt\/en\/product\/adhesives-and-grouts\/tile-grout\/lena-310-cor\/#primaryimage","url":"https:\/\/i0.wp.com\/argatecnic.pt\/wp-content\/uploads\/2022\/08\/lena-310-cor-saco-.png?fit=3005%2C2500&ssl=1","contentUrl":"https:\/\/i0.wp.com\/argatecnic.pt\/wp-content\/uploads\/2022\/08\/lena-310-cor-saco-.png?fit=3005%2C2500&ssl=1","width":3005,"height":2500},{"@type":"BreadcrumbList","@id":"https:\/\/argatecnic.pt\/en\/product\/adhesives-and-grouts\/tile-grout\/lena-310-cor\/#breadcrumb","itemListElement":[{"@type":"ListItem","position":1,"name":"Loja","item":"https:\/\/argatecnic.pt\/en\/loja\/"},{"@type":"ListItem","position":2,"name":"LENA 310 Cor"}]},{"@type":"WebSite","@id":"https:\/\/argatecnic.pt\/en\/#website","url":"https:\/\/argatecnic.pt\/en\/","name":"ARGATECNIC","description":"argamassas t\u00e9cnicas para a constru\u00e7\u00e3o","potentialAction":[{"@type":"SearchAction","target":{"@type":"EntryPoint","urlTemplate":"https:\/\/argatecnic.pt\/en\/?s={search_term_string}"},"query-input":{"@type":"PropertyValueSpecification","valueRequired":true,"valueName":"search_term_string"}}],"inLanguage":"en-US"}]}},"jetpack_sharing_enabled":true,"_links":{"self":[{"href":"https:\/\/argatecnic.pt\/en\/wp-json\/wp\/v2\/product\/5192","targetHints":{"allow":["GET"]}}],"collection":[{"href":"https:\/\/argatecnic.pt\/en\/wp-json\/wp\/v2\/product"}],"about":[{"href":"https:\/\/argatecnic.pt\/en\/wp-json\/wp\/v2\/types\/product"}],"replies":[{"embeddable":true,"href":"https:\/\/argatecnic.pt\/en\/wp-json\/wp\/v2\/comments?post=5192"}],"wp:featuredmedia":[{"embeddable":true,"href":"https:\/\/argatecnic.pt\/en\/wp-json\/wp\/v2\/media\/4158"}],"wp:attachment":[{"href":"https:\/\/argatecnic.pt\/en\/wp-json\/wp\/v2\/media?parent=5192"}],"wp:term":[{"taxonomy":"product_brand","embeddable":true,"href":"https:\/\/argatecnic.pt\/en\/wp-json\/wp\/v2\/product_brand?post=5192"},{"taxonomy":"product_cat","embeddable":true,"href":"https:\/\/argatecnic.pt\/en\/wp-json\/wp\/v2\/product_cat?post=5192"},{"taxonomy":"product_tag","embeddable":true,"href":"https:\/\/argatecnic.pt\/en\/wp-json\/wp\/v2\/product_tag?post=5192"}],"curies":[{"name":"wp","href":"https:\/\/api.w.org\/{rel}","templated":true}]}}