{"id":4990,"date":"2022-08-20T00:01:46","date_gmt":"2022-08-20T00:01:46","guid":{"rendered":"https:\/\/argatecnic.pt\/produto\/uncategorized\/lena-821\/"},"modified":"2025-02-26T12:18:05","modified_gmt":"2025-02-26T11:18:05","slug":"lena-821","status":"publish","type":"product","link":"https:\/\/argatecnic.pt\/en\/product\/coatings\/thin-set-mortar\/lena-821\/","title":{"rendered":"LENA 821"},"content":{"rendered":"<p><span style=\"color: #085b8f;\"><strong>PRESENTATION:<\/strong><\/span><br \/>\n25 kg bags<br \/>\nPallets 60 bags (1500 Kg)<\/p>\n<p><span style=\"color: #085b8f;\"><strong>DOMAIN OF UTILIZATION:\u00a0<\/strong><\/span><br \/>\nLENA 821 is intended for leveling and smoothing irregular substrates, in interior and exterior walls and ceilings on old render mortars, on properly consolidated ink and on tile coatings well anchored to the support. It\u00b4s also used as coating of the ETICS System, for subsequent painting.<\/p>\n<p><span style=\"color: #085b8f;\"><strong>MORTAR PREPARATION:<\/strong><\/span><br \/>\nLENA 821 should be kneaded with 4,5 liters of water per 25 kg bag, until a uniform and lump-free paste is obtained.<\/p>\n<p><span style=\"color: #085b8f;\"><strong>THEORETICAL CONSUMPTION:\u00a0<\/strong><\/span><br \/>\n2-3 Kg\/m\u00b2<\/p>\n","protected":false},"excerpt":{"rendered":"<p><a href=\"https:\/\/argatecnic.pt\/wp-content\/uploads\/2022\/08\/marcador-revestimentos.svg\"><img loading=\"lazy\" decoding=\"async\" class=\"alignnone wp-image-729\" src=\"https:\/\/argatecnic.pt\/wp-content\/uploads\/2022\/08\/marcador-revestimentos.svg\" alt=\"\" width=\"21\" height=\"14\" \/><\/a>\u00a0 Regularization of old plasters<br \/>\n<a href=\"https:\/\/argatecnic.pt\/wp-content\/uploads\/2022\/08\/marcador-revestimentos.svg\"><img loading=\"lazy\" decoding=\"async\" class=\"alignnone wp-image-729\" src=\"https:\/\/argatecnic.pt\/wp-content\/uploads\/2022\/08\/marcador-revestimentos.svg\" alt=\"\" width=\"21\" height=\"14\" \/><\/a>\u00a0 High adhesion on ceramic and painted surfaces<br \/>\n<a href=\"https:\/\/argatecnic.pt\/wp-content\/uploads\/2022\/08\/marcador-revestimentos.svg\"><img loading=\"lazy\" decoding=\"async\" class=\"alignnone wp-image-729\" src=\"https:\/\/argatecnic.pt\/wp-content\/uploads\/2022\/08\/marcador-revestimentos.svg\" alt=\"\" width=\"21\" height=\"14\" \/><\/a>\u00a0 ETICS System Coating<\/p>\n<p>&nbsp;<\/p>\n<p><img loading=\"lazy\" decoding=\"async\" class=\"alignnone wp-image-5169 \" src=\"https:\/\/argatecnic.pt\/wp-content\/uploads\/2023\/04\/lena-821-characteristics-en.svg\" alt=\"\" width=\"386\" height=\"117\" \/><\/p>\n<p>&nbsp;<\/p>\n<p><a href=\"https:\/\/argatecnic.pt\/wp-content\/uploads\/2022\/08\/cor-branco.svg\"><img loading=\"lazy\" decoding=\"async\" class=\"alignnone wp-image-5178\" src=\"https:\/\/argatecnic.pt\/wp-content\/uploads\/2023\/04\/cor-grey-en.svg\" alt=\"\" width=\"36\" height=\"150\" \/> \u00a0<img loading=\"lazy\" decoding=\"async\" class=\"alignnone wp-image-5181\" src=\"https:\/\/argatecnic.pt\/wp-content\/uploads\/2023\/04\/cor-white-en.svg\" alt=\"\" width=\"41\" height=\"50\" \/><\/a><\/p>\n","protected":false},"featured_media":4026,"comment_status":"open","ping_status":"closed","template":"","meta":{"_et_pb_use_builder":"","_et_pb_old_content":"","_et_gb_content_width":""},"product_brand":[],"product_cat":[122,123],"product_tag":[],"class_list":{"0":"post-4990","1":"product","2":"type-product","3":"status-publish","4":"has-post-thumbnail","6":"product_cat-coatings","7":"product_cat-thin-set-mortar","9":"first","10":"instock","11":"shipping-taxable","12":"product-type-simple"},"acf":[],"yoast_head":"<!-- This site is optimized with the Yoast SEO plugin v27.4 - https:\/\/yoast.com\/product\/yoast-seo-wordpress\/ -->\n<title>LENA 821 - ARGATECNIC<\/title>\n<meta name=\"robots\" content=\"index, follow, max-snippet:-1, max-image-preview:large, max-video-preview:-1\" \/>\n<link rel=\"canonical\" href=\"https:\/\/argatecnic.pt\/en\/product\/coatings\/thin-set-mortar\/lena-821\/\" \/>\n<meta property=\"og:locale\" content=\"en_US\" \/>\n<meta property=\"og:type\" content=\"article\" \/>\n<meta property=\"og:title\" content=\"LENA 821 - ARGATECNIC\" \/>\n<meta property=\"og:description\" content=\"\u00a0 Regularization of old plasters \u00a0 High adhesion on ceramic and painted surfaces \u00a0 ETICS System Coating  &nbsp;    &nbsp;   \u00a0\" \/>\n<meta property=\"og:url\" content=\"https:\/\/argatecnic.pt\/en\/product\/coatings\/thin-set-mortar\/lena-821\/\" \/>\n<meta property=\"og:site_name\" content=\"ARGATECNIC\" \/>\n<meta property=\"article:modified_time\" content=\"2025-02-26T11:18:05+00:00\" \/>\n<meta property=\"og:image\" content=\"https:\/\/i0.wp.com\/argatecnic.pt\/wp-content\/uploads\/2022\/09\/lena-821-saco.png?fit=1484%2C1679&ssl=1\" \/>\n\t<meta property=\"og:image:width\" content=\"1484\" \/>\n\t<meta property=\"og:image:height\" content=\"1679\" \/>\n\t<meta property=\"og:image:type\" content=\"image\/png\" \/>\n<meta name=\"twitter:card\" content=\"summary_large_image\" \/>\n<meta name=\"twitter:label1\" content=\"Est. reading time\" \/>\n\t<meta name=\"twitter:data1\" content=\"1 minute\" \/>\n<script type=\"application\/ld+json\" class=\"yoast-schema-graph\">{\"@context\":\"https:\\\/\\\/schema.org\",\"@graph\":[{\"@type\":\"WebPage\",\"@id\":\"https:\\\/\\\/argatecnic.pt\\\/en\\\/product\\\/coatings\\\/thin-set-mortar\\\/lena-821\\\/\",\"url\":\"https:\\\/\\\/argatecnic.pt\\\/en\\\/product\\\/coatings\\\/thin-set-mortar\\\/lena-821\\\/\",\"name\":\"LENA 821 - ARGATECNIC\",\"isPartOf\":{\"@id\":\"https:\\\/\\\/argatecnic.pt\\\/en\\\/#website\"},\"primaryImageOfPage\":{\"@id\":\"https:\\\/\\\/argatecnic.pt\\\/en\\\/product\\\/coatings\\\/thin-set-mortar\\\/lena-821\\\/#primaryimage\"},\"image\":{\"@id\":\"https:\\\/\\\/argatecnic.pt\\\/en\\\/product\\\/coatings\\\/thin-set-mortar\\\/lena-821\\\/#primaryimage\"},\"thumbnailUrl\":\"https:\\\/\\\/i0.wp.com\\\/argatecnic.pt\\\/wp-content\\\/uploads\\\/2022\\\/09\\\/lena-821-saco.png?fit=1484%2C1679&ssl=1\",\"datePublished\":\"2022-08-20T00:01:46+00:00\",\"dateModified\":\"2025-02-26T11:18:05+00:00\",\"breadcrumb\":{\"@id\":\"https:\\\/\\\/argatecnic.pt\\\/en\\\/product\\\/coatings\\\/thin-set-mortar\\\/lena-821\\\/#breadcrumb\"},\"inLanguage\":\"en-US\",\"potentialAction\":[{\"@type\":\"ReadAction\",\"target\":[\"https:\\\/\\\/argatecnic.pt\\\/en\\\/product\\\/coatings\\\/thin-set-mortar\\\/lena-821\\\/\"]}]},{\"@type\":\"ImageObject\",\"inLanguage\":\"en-US\",\"@id\":\"https:\\\/\\\/argatecnic.pt\\\/en\\\/product\\\/coatings\\\/thin-set-mortar\\\/lena-821\\\/#primaryimage\",\"url\":\"https:\\\/\\\/i0.wp.com\\\/argatecnic.pt\\\/wp-content\\\/uploads\\\/2022\\\/09\\\/lena-821-saco.png?fit=1484%2C1679&ssl=1\",\"contentUrl\":\"https:\\\/\\\/i0.wp.com\\\/argatecnic.pt\\\/wp-content\\\/uploads\\\/2022\\\/09\\\/lena-821-saco.png?fit=1484%2C1679&ssl=1\",\"width\":1484,\"height\":1679},{\"@type\":\"BreadcrumbList\",\"@id\":\"https:\\\/\\\/argatecnic.pt\\\/en\\\/product\\\/coatings\\\/thin-set-mortar\\\/lena-821\\\/#breadcrumb\",\"itemListElement\":[{\"@type\":\"ListItem\",\"position\":1,\"name\":\"Loja\",\"item\":\"https:\\\/\\\/argatecnic.pt\\\/en\\\/loja\\\/\"},{\"@type\":\"ListItem\",\"position\":2,\"name\":\"LENA 821\"}]},{\"@type\":\"WebSite\",\"@id\":\"https:\\\/\\\/argatecnic.pt\\\/en\\\/#website\",\"url\":\"https:\\\/\\\/argatecnic.pt\\\/en\\\/\",\"name\":\"ARGATECNIC\",\"description\":\"argamassas t\u00e9cnicas para a constru\u00e7\u00e3o\",\"potentialAction\":[{\"@type\":\"SearchAction\",\"target\":{\"@type\":\"EntryPoint\",\"urlTemplate\":\"https:\\\/\\\/argatecnic.pt\\\/en\\\/?s={search_term_string}\"},\"query-input\":{\"@type\":\"PropertyValueSpecification\",\"valueRequired\":true,\"valueName\":\"search_term_string\"}}],\"inLanguage\":\"en-US\"}]}<\/script>\n<!-- \/ Yoast SEO plugin. -->","yoast_head_json":{"title":"LENA 821 - ARGATECNIC","robots":{"index":"index","follow":"follow","max-snippet":"max-snippet:-1","max-image-preview":"max-image-preview:large","max-video-preview":"max-video-preview:-1"},"canonical":"https:\/\/argatecnic.pt\/en\/product\/coatings\/thin-set-mortar\/lena-821\/","og_locale":"en_US","og_type":"article","og_title":"LENA 821 - ARGATECNIC","og_description":"\u00a0 Regularization of old plasters \u00a0 High adhesion on ceramic and painted surfaces \u00a0 ETICS System Coating  &nbsp;    &nbsp;   \u00a0","og_url":"https:\/\/argatecnic.pt\/en\/product\/coatings\/thin-set-mortar\/lena-821\/","og_site_name":"ARGATECNIC","article_modified_time":"2025-02-26T11:18:05+00:00","og_image":[{"width":1484,"height":1679,"url":"https:\/\/i0.wp.com\/argatecnic.pt\/wp-content\/uploads\/2022\/09\/lena-821-saco.png?fit=1484%2C1679&ssl=1","type":"image\/png"}],"twitter_card":"summary_large_image","twitter_misc":{"Est. reading time":"1 minute"},"schema":{"@context":"https:\/\/schema.org","@graph":[{"@type":"WebPage","@id":"https:\/\/argatecnic.pt\/en\/product\/coatings\/thin-set-mortar\/lena-821\/","url":"https:\/\/argatecnic.pt\/en\/product\/coatings\/thin-set-mortar\/lena-821\/","name":"LENA 821 - ARGATECNIC","isPartOf":{"@id":"https:\/\/argatecnic.pt\/en\/#website"},"primaryImageOfPage":{"@id":"https:\/\/argatecnic.pt\/en\/product\/coatings\/thin-set-mortar\/lena-821\/#primaryimage"},"image":{"@id":"https:\/\/argatecnic.pt\/en\/product\/coatings\/thin-set-mortar\/lena-821\/#primaryimage"},"thumbnailUrl":"https:\/\/i0.wp.com\/argatecnic.pt\/wp-content\/uploads\/2022\/09\/lena-821-saco.png?fit=1484%2C1679&ssl=1","datePublished":"2022-08-20T00:01:46+00:00","dateModified":"2025-02-26T11:18:05+00:00","breadcrumb":{"@id":"https:\/\/argatecnic.pt\/en\/product\/coatings\/thin-set-mortar\/lena-821\/#breadcrumb"},"inLanguage":"en-US","potentialAction":[{"@type":"ReadAction","target":["https:\/\/argatecnic.pt\/en\/product\/coatings\/thin-set-mortar\/lena-821\/"]}]},{"@type":"ImageObject","inLanguage":"en-US","@id":"https:\/\/argatecnic.pt\/en\/product\/coatings\/thin-set-mortar\/lena-821\/#primaryimage","url":"https:\/\/i0.wp.com\/argatecnic.pt\/wp-content\/uploads\/2022\/09\/lena-821-saco.png?fit=1484%2C1679&ssl=1","contentUrl":"https:\/\/i0.wp.com\/argatecnic.pt\/wp-content\/uploads\/2022\/09\/lena-821-saco.png?fit=1484%2C1679&ssl=1","width":1484,"height":1679},{"@type":"BreadcrumbList","@id":"https:\/\/argatecnic.pt\/en\/product\/coatings\/thin-set-mortar\/lena-821\/#breadcrumb","itemListElement":[{"@type":"ListItem","position":1,"name":"Loja","item":"https:\/\/argatecnic.pt\/en\/loja\/"},{"@type":"ListItem","position":2,"name":"LENA 821"}]},{"@type":"WebSite","@id":"https:\/\/argatecnic.pt\/en\/#website","url":"https:\/\/argatecnic.pt\/en\/","name":"ARGATECNIC","description":"argamassas t\u00e9cnicas para a constru\u00e7\u00e3o","potentialAction":[{"@type":"SearchAction","target":{"@type":"EntryPoint","urlTemplate":"https:\/\/argatecnic.pt\/en\/?s={search_term_string}"},"query-input":{"@type":"PropertyValueSpecification","valueRequired":true,"valueName":"search_term_string"}}],"inLanguage":"en-US"}]}},"jetpack_sharing_enabled":true,"_links":{"self":[{"href":"https:\/\/argatecnic.pt\/en\/wp-json\/wp\/v2\/product\/4990","targetHints":{"allow":["GET"]}}],"collection":[{"href":"https:\/\/argatecnic.pt\/en\/wp-json\/wp\/v2\/product"}],"about":[{"href":"https:\/\/argatecnic.pt\/en\/wp-json\/wp\/v2\/types\/product"}],"replies":[{"embeddable":true,"href":"https:\/\/argatecnic.pt\/en\/wp-json\/wp\/v2\/comments?post=4990"}],"wp:featuredmedia":[{"embeddable":true,"href":"https:\/\/argatecnic.pt\/en\/wp-json\/wp\/v2\/media\/4026"}],"wp:attachment":[{"href":"https:\/\/argatecnic.pt\/en\/wp-json\/wp\/v2\/media?parent=4990"}],"wp:term":[{"taxonomy":"product_brand","embeddable":true,"href":"https:\/\/argatecnic.pt\/en\/wp-json\/wp\/v2\/product_brand?post=4990"},{"taxonomy":"product_cat","embeddable":true,"href":"https:\/\/argatecnic.pt\/en\/wp-json\/wp\/v2\/product_cat?post=4990"},{"taxonomy":"product_tag","embeddable":true,"href":"https:\/\/argatecnic.pt\/en\/wp-json\/wp\/v2\/product_tag?post=4990"}],"curies":[{"name":"wp","href":"https:\/\/api.w.org\/{rel}","templated":true}]}}