{"id":4963,"date":"2022-08-17T18:31:23","date_gmt":"2022-08-17T18:31:23","guid":{"rendered":"https:\/\/argatecnic.pt\/produto\/uncategorized\/lena-2-flex-top\/"},"modified":"2025-02-26T11:23:24","modified_gmt":"2025-02-26T10:23:24","slug":"lena-2-flex-top","status":"publish","type":"product","link":"https:\/\/argatecnic.pt\/en\/product\/adhesives-and-grouts\/tile-adhesive\/lena-2-flex-top\/","title":{"rendered":"LENA 2 Flex Top"},"content":{"rendered":"<p><span style=\"color: #e84653;\"><strong>PRESENTATION:<\/strong><\/span><br \/>\n25 kg bags<br \/>\nPallets 60 bags (1500 Kg)<\/p>\n<p><span style=\"color: #e84653;\"><strong>DOMAIN OF UTILIZATION:<\/strong><\/span><br \/>\nLena 2 Flex Top is indicated for bonding medium and large-sized ceramic tiles (extruded and porcellanous sandstone) on cementitious (renders, concrete and screeds) and non-cementitious substrates, namely ceramic tiles (just interior) and and plasterboard. It&#8217;s also suitable for bonding natural stone indoors.<\/p>\n<p><span style=\"color: #e84653;\"><strong>ADHESIVE PREPARATION:<\/strong><\/span><br \/>\nLENA 2 Flex Top is mechanically mixed with 6,5 to 7,0 liters of water per 25 kg bag, with low speed electric mixer, until a smooth, consistente and lump-free paste is obtained.<\/p>\n<p><span style=\"color: #e84653;\"><strong>THEORETICAL CONSUMPTION:<\/strong><\/span><br \/>\nSimple bonding: 4 Kg\/m\u00b2<br \/>\nDouble bonding: 6 Kg\/m\u00b2<\/p>\n","protected":false},"excerpt":{"rendered":"<p><img loading=\"lazy\" decoding=\"async\" class=\"alignnone wp-image-102\" src=\"https:\/\/argatecnic.pt\/wp-content\/uploads\/2022\/08\/icone-argatecnic.png\" alt=\"\" width=\"21\" height=\"15\" \/>\u00a0 Pools<br \/>\n<img loading=\"lazy\" decoding=\"async\" class=\"alignnone wp-image-102\" src=\"https:\/\/argatecnic.pt\/wp-content\/uploads\/2022\/08\/icone-argatecnic.png\" alt=\"\" width=\"21\" height=\"15\" \/>\u00a0 Natural stone inside<br \/>\n<img loading=\"lazy\" decoding=\"async\" class=\"alignnone wp-image-102\" src=\"https:\/\/argatecnic.pt\/wp-content\/uploads\/2022\/08\/icone-argatecnic.png\" alt=\"\" width=\"21\" height=\"15\" \/>\u00a0 Painted surfaces<br \/>\n<img loading=\"lazy\" decoding=\"async\" class=\"alignnone wp-image-102\" src=\"https:\/\/argatecnic.pt\/wp-content\/uploads\/2022\/08\/icone-argatecnic.png\" alt=\"\" width=\"21\" height=\"15\" \/>\u00a0 Waterproofings<\/p>\n<p>&nbsp;<\/p>\n<p><img loading=\"lazy\" decoding=\"async\" class=\"alignnone wp-image-5184\" src=\"https:\/\/argatecnic.pt\/wp-content\/uploads\/2022\/08\/lena-2-flex-top-characteristics-en.svg\" alt=\"\" width=\"371\" height=\"134\" \/><\/p>\n<p>&nbsp;<\/p>\n<p><img loading=\"lazy\" decoding=\"async\" class=\"alignnone wp-image-273\" src=\"https:\/\/argatecnic.pt\/wp-content\/uploads\/2022\/08\/lena-2-flex-classificacao.svg\" alt=\"\" width=\"60\" height=\"60\" \/><\/p>\n<p>&nbsp;<\/p>\n<p><img loading=\"lazy\" decoding=\"async\" class=\"alignnone wp-image-5178\" src=\"https:\/\/argatecnic.pt\/wp-content\/uploads\/2023\/04\/cor-grey-en.svg\" alt=\"\" width=\"36\" height=\"150\" \/> \u00a0<img loading=\"lazy\" decoding=\"async\" class=\"alignnone wp-image-5181\" src=\"https:\/\/argatecnic.pt\/wp-content\/uploads\/2023\/04\/cor-white-en.svg\" alt=\"\" width=\"41\" height=\"50\" \/><\/p>\n","protected":false},"featured_media":4144,"comment_status":"open","ping_status":"closed","template":"","meta":{"_et_pb_use_builder":"","_et_pb_old_content":"","_et_gb_content_width":""},"product_brand":[],"product_cat":[150,149],"product_tag":[],"class_list":{"0":"post-4963","1":"product","2":"type-product","3":"status-publish","4":"has-post-thumbnail","6":"product_cat-exterior-en","7":"product_cat-tile-adhesive","9":"first","10":"instock","11":"shipping-taxable","12":"product-type-simple"},"acf":[],"yoast_head":"<!-- This site is optimized with the Yoast SEO plugin v27.4 - https:\/\/yoast.com\/product\/yoast-seo-wordpress\/ -->\n<title>LENA 2 Flex Top - ARGATECNIC<\/title>\n<meta name=\"robots\" content=\"index, follow, max-snippet:-1, max-image-preview:large, max-video-preview:-1\" \/>\n<link rel=\"canonical\" href=\"https:\/\/argatecnic.pt\/en\/product\/adhesives-and-grouts\/tile-adhesive\/lena-2-flex-top\/\" \/>\n<meta property=\"og:locale\" content=\"en_US\" \/>\n<meta property=\"og:type\" content=\"article\" \/>\n<meta property=\"og:title\" content=\"LENA 2 Flex Top - ARGATECNIC\" \/>\n<meta property=\"og:description\" content=\"\u00a0 Pools \u00a0 Natural stone inside \u00a0 Painted surfaces \u00a0 Waterproofings  &nbsp;    &nbsp;    &nbsp;   \u00a0\" \/>\n<meta property=\"og:url\" content=\"https:\/\/argatecnic.pt\/en\/product\/adhesives-and-grouts\/tile-adhesive\/lena-2-flex-top\/\" \/>\n<meta property=\"og:site_name\" content=\"ARGATECNIC\" \/>\n<meta property=\"article:modified_time\" content=\"2025-02-26T10:23:24+00:00\" \/>\n<meta property=\"og:image\" content=\"https:\/\/i0.wp.com\/argatecnic.pt\/wp-content\/uploads\/2022\/08\/lena-2-flextop-branco-saco.png?fit=1484%2C1679&ssl=1\" \/>\n\t<meta property=\"og:image:width\" content=\"1484\" \/>\n\t<meta property=\"og:image:height\" content=\"1679\" \/>\n\t<meta property=\"og:image:type\" content=\"image\/png\" \/>\n<meta name=\"twitter:card\" content=\"summary_large_image\" \/>\n<meta name=\"twitter:label1\" content=\"Est. reading time\" \/>\n\t<meta name=\"twitter:data1\" content=\"1 minute\" \/>\n<script type=\"application\/ld+json\" class=\"yoast-schema-graph\">{\"@context\":\"https:\\\/\\\/schema.org\",\"@graph\":[{\"@type\":\"WebPage\",\"@id\":\"https:\\\/\\\/argatecnic.pt\\\/en\\\/product\\\/adhesives-and-grouts\\\/tile-adhesive\\\/lena-2-flex-top\\\/\",\"url\":\"https:\\\/\\\/argatecnic.pt\\\/en\\\/product\\\/adhesives-and-grouts\\\/tile-adhesive\\\/lena-2-flex-top\\\/\",\"name\":\"LENA 2 Flex Top - ARGATECNIC\",\"isPartOf\":{\"@id\":\"https:\\\/\\\/argatecnic.pt\\\/en\\\/#website\"},\"primaryImageOfPage\":{\"@id\":\"https:\\\/\\\/argatecnic.pt\\\/en\\\/product\\\/adhesives-and-grouts\\\/tile-adhesive\\\/lena-2-flex-top\\\/#primaryimage\"},\"image\":{\"@id\":\"https:\\\/\\\/argatecnic.pt\\\/en\\\/product\\\/adhesives-and-grouts\\\/tile-adhesive\\\/lena-2-flex-top\\\/#primaryimage\"},\"thumbnailUrl\":\"https:\\\/\\\/i0.wp.com\\\/argatecnic.pt\\\/wp-content\\\/uploads\\\/2022\\\/08\\\/lena-2-flextop-branco-saco.png?fit=1484%2C1679&ssl=1\",\"datePublished\":\"2022-08-17T18:31:23+00:00\",\"dateModified\":\"2025-02-26T10:23:24+00:00\",\"breadcrumb\":{\"@id\":\"https:\\\/\\\/argatecnic.pt\\\/en\\\/product\\\/adhesives-and-grouts\\\/tile-adhesive\\\/lena-2-flex-top\\\/#breadcrumb\"},\"inLanguage\":\"en-US\",\"potentialAction\":[{\"@type\":\"ReadAction\",\"target\":[\"https:\\\/\\\/argatecnic.pt\\\/en\\\/product\\\/adhesives-and-grouts\\\/tile-adhesive\\\/lena-2-flex-top\\\/\"]}]},{\"@type\":\"ImageObject\",\"inLanguage\":\"en-US\",\"@id\":\"https:\\\/\\\/argatecnic.pt\\\/en\\\/product\\\/adhesives-and-grouts\\\/tile-adhesive\\\/lena-2-flex-top\\\/#primaryimage\",\"url\":\"https:\\\/\\\/i0.wp.com\\\/argatecnic.pt\\\/wp-content\\\/uploads\\\/2022\\\/08\\\/lena-2-flextop-branco-saco.png?fit=1484%2C1679&ssl=1\",\"contentUrl\":\"https:\\\/\\\/i0.wp.com\\\/argatecnic.pt\\\/wp-content\\\/uploads\\\/2022\\\/08\\\/lena-2-flextop-branco-saco.png?fit=1484%2C1679&ssl=1\",\"width\":1484,\"height\":1679},{\"@type\":\"BreadcrumbList\",\"@id\":\"https:\\\/\\\/argatecnic.pt\\\/en\\\/product\\\/adhesives-and-grouts\\\/tile-adhesive\\\/lena-2-flex-top\\\/#breadcrumb\",\"itemListElement\":[{\"@type\":\"ListItem\",\"position\":1,\"name\":\"Loja\",\"item\":\"https:\\\/\\\/argatecnic.pt\\\/en\\\/loja\\\/\"},{\"@type\":\"ListItem\",\"position\":2,\"name\":\"LENA 2 Flex Top\"}]},{\"@type\":\"WebSite\",\"@id\":\"https:\\\/\\\/argatecnic.pt\\\/en\\\/#website\",\"url\":\"https:\\\/\\\/argatecnic.pt\\\/en\\\/\",\"name\":\"ARGATECNIC\",\"description\":\"argamassas t\u00e9cnicas para a constru\u00e7\u00e3o\",\"potentialAction\":[{\"@type\":\"SearchAction\",\"target\":{\"@type\":\"EntryPoint\",\"urlTemplate\":\"https:\\\/\\\/argatecnic.pt\\\/en\\\/?s={search_term_string}\"},\"query-input\":{\"@type\":\"PropertyValueSpecification\",\"valueRequired\":true,\"valueName\":\"search_term_string\"}}],\"inLanguage\":\"en-US\"}]}<\/script>\n<!-- \/ Yoast SEO plugin. -->","yoast_head_json":{"title":"LENA 2 Flex Top - ARGATECNIC","robots":{"index":"index","follow":"follow","max-snippet":"max-snippet:-1","max-image-preview":"max-image-preview:large","max-video-preview":"max-video-preview:-1"},"canonical":"https:\/\/argatecnic.pt\/en\/product\/adhesives-and-grouts\/tile-adhesive\/lena-2-flex-top\/","og_locale":"en_US","og_type":"article","og_title":"LENA 2 Flex Top - ARGATECNIC","og_description":"\u00a0 Pools \u00a0 Natural stone inside \u00a0 Painted surfaces \u00a0 Waterproofings  &nbsp;    &nbsp;    &nbsp;   \u00a0","og_url":"https:\/\/argatecnic.pt\/en\/product\/adhesives-and-grouts\/tile-adhesive\/lena-2-flex-top\/","og_site_name":"ARGATECNIC","article_modified_time":"2025-02-26T10:23:24+00:00","og_image":[{"width":1484,"height":1679,"url":"https:\/\/i0.wp.com\/argatecnic.pt\/wp-content\/uploads\/2022\/08\/lena-2-flextop-branco-saco.png?fit=1484%2C1679&ssl=1","type":"image\/png"}],"twitter_card":"summary_large_image","twitter_misc":{"Est. reading time":"1 minute"},"schema":{"@context":"https:\/\/schema.org","@graph":[{"@type":"WebPage","@id":"https:\/\/argatecnic.pt\/en\/product\/adhesives-and-grouts\/tile-adhesive\/lena-2-flex-top\/","url":"https:\/\/argatecnic.pt\/en\/product\/adhesives-and-grouts\/tile-adhesive\/lena-2-flex-top\/","name":"LENA 2 Flex Top - ARGATECNIC","isPartOf":{"@id":"https:\/\/argatecnic.pt\/en\/#website"},"primaryImageOfPage":{"@id":"https:\/\/argatecnic.pt\/en\/product\/adhesives-and-grouts\/tile-adhesive\/lena-2-flex-top\/#primaryimage"},"image":{"@id":"https:\/\/argatecnic.pt\/en\/product\/adhesives-and-grouts\/tile-adhesive\/lena-2-flex-top\/#primaryimage"},"thumbnailUrl":"https:\/\/i0.wp.com\/argatecnic.pt\/wp-content\/uploads\/2022\/08\/lena-2-flextop-branco-saco.png?fit=1484%2C1679&ssl=1","datePublished":"2022-08-17T18:31:23+00:00","dateModified":"2025-02-26T10:23:24+00:00","breadcrumb":{"@id":"https:\/\/argatecnic.pt\/en\/product\/adhesives-and-grouts\/tile-adhesive\/lena-2-flex-top\/#breadcrumb"},"inLanguage":"en-US","potentialAction":[{"@type":"ReadAction","target":["https:\/\/argatecnic.pt\/en\/product\/adhesives-and-grouts\/tile-adhesive\/lena-2-flex-top\/"]}]},{"@type":"ImageObject","inLanguage":"en-US","@id":"https:\/\/argatecnic.pt\/en\/product\/adhesives-and-grouts\/tile-adhesive\/lena-2-flex-top\/#primaryimage","url":"https:\/\/i0.wp.com\/argatecnic.pt\/wp-content\/uploads\/2022\/08\/lena-2-flextop-branco-saco.png?fit=1484%2C1679&ssl=1","contentUrl":"https:\/\/i0.wp.com\/argatecnic.pt\/wp-content\/uploads\/2022\/08\/lena-2-flextop-branco-saco.png?fit=1484%2C1679&ssl=1","width":1484,"height":1679},{"@type":"BreadcrumbList","@id":"https:\/\/argatecnic.pt\/en\/product\/adhesives-and-grouts\/tile-adhesive\/lena-2-flex-top\/#breadcrumb","itemListElement":[{"@type":"ListItem","position":1,"name":"Loja","item":"https:\/\/argatecnic.pt\/en\/loja\/"},{"@type":"ListItem","position":2,"name":"LENA 2 Flex Top"}]},{"@type":"WebSite","@id":"https:\/\/argatecnic.pt\/en\/#website","url":"https:\/\/argatecnic.pt\/en\/","name":"ARGATECNIC","description":"argamassas t\u00e9cnicas para a constru\u00e7\u00e3o","potentialAction":[{"@type":"SearchAction","target":{"@type":"EntryPoint","urlTemplate":"https:\/\/argatecnic.pt\/en\/?s={search_term_string}"},"query-input":{"@type":"PropertyValueSpecification","valueRequired":true,"valueName":"search_term_string"}}],"inLanguage":"en-US"}]}},"jetpack_sharing_enabled":true,"_links":{"self":[{"href":"https:\/\/argatecnic.pt\/en\/wp-json\/wp\/v2\/product\/4963","targetHints":{"allow":["GET"]}}],"collection":[{"href":"https:\/\/argatecnic.pt\/en\/wp-json\/wp\/v2\/product"}],"about":[{"href":"https:\/\/argatecnic.pt\/en\/wp-json\/wp\/v2\/types\/product"}],"replies":[{"embeddable":true,"href":"https:\/\/argatecnic.pt\/en\/wp-json\/wp\/v2\/comments?post=4963"}],"wp:featuredmedia":[{"embeddable":true,"href":"https:\/\/argatecnic.pt\/en\/wp-json\/wp\/v2\/media\/4144"}],"wp:attachment":[{"href":"https:\/\/argatecnic.pt\/en\/wp-json\/wp\/v2\/media?parent=4963"}],"wp:term":[{"taxonomy":"product_brand","embeddable":true,"href":"https:\/\/argatecnic.pt\/en\/wp-json\/wp\/v2\/product_brand?post=4963"},{"taxonomy":"product_cat","embeddable":true,"href":"https:\/\/argatecnic.pt\/en\/wp-json\/wp\/v2\/product_cat?post=4963"},{"taxonomy":"product_tag","embeddable":true,"href":"https:\/\/argatecnic.pt\/en\/wp-json\/wp\/v2\/product_tag?post=4963"}],"curies":[{"name":"wp","href":"https:\/\/api.w.org\/{rel}","templated":true}]}}