{"id":5468,"date":"2022-09-14T10:22:10","date_gmt":"2022-09-14T10:22:10","guid":{"rendered":"https:\/\/argatecnic.pt\/sustentabilidade\/"},"modified":"2023-04-21T15:34:15","modified_gmt":"2023-04-21T14:34:15","slug":"sustainability","status":"publish","type":"page","link":"https:\/\/argatecnic.pt\/en\/sustainability\/","title":{"rendered":"Sustainability"},"content":{"rendered":"<h2><strong>WE WORK EVERY DAY TO<\/strong><br \/>Build a greener and more sustainable future<\/h2>\r\n<blockquote>\r\n<p>Sustainability is part of ARGATECNIC&#8217;s culture. We aim to stand out not only for the excellence and quality of our products, but also for our conscious and sustainable approach in the construction sector. A commitment to ourselves as individuals and to society.<\/p>\r\n<\/blockquote>\r\n<p><a href=\"https:\/\/i0.wp.com\/argatecnic.pt\/wp-content\/uploads\/2022\/09\/icone-argatecnic..png?ssl=1\"><img data-recalc-dims=\"1\" loading=\"lazy\" decoding=\"async\" class=\"alignnone  wp-image-2339\" src=\"https:\/\/i0.wp.com\/argatecnic.pt\/wp-content\/uploads\/2022\/09\/icone-argatecnic..png?resize=20%2C14&#038;ssl=1\" alt=\"\" width=\"20\" height=\"14\" \/><\/a>\u00a0 <strong>DEVELOPMENT OF SUSTAINABLE PRODUCTS<\/strong><br \/>With a strong focus on development and innovation, we have been developing sustainable solutions, minimizing the use of natural resources. Specifically, ecological products based on lime, products for rehabilitation with recycled raw materials, products\/systems for thermal and acoustic insulation. In addition, the development and optimization of formulations is a constant process to minimize the use of polluting raw materials.<\/p>\r\n<p><a href=\"https:\/\/i0.wp.com\/argatecnic.pt\/wp-content\/uploads\/2022\/09\/icone-argatecnic..png?ssl=1\"><img data-recalc-dims=\"1\" loading=\"lazy\" decoding=\"async\" class=\"alignnone  wp-image-2339\" src=\"https:\/\/i0.wp.com\/argatecnic.pt\/wp-content\/uploads\/2022\/09\/icone-argatecnic..png?resize=20%2C14&#038;ssl=1\" alt=\"\" width=\"20\" height=\"14\" \/><\/a>\u00a0 <strong>ENVIRONMENTALLY FRIENDLY INTERNAL POLICIES<\/strong><br \/>In addition to more sustainable products, we seek to adopt more environmentally friendly internal policies. For example, we encourage circular economy by reincorporating waste from some products into the formulation of others, always ensuring maximum product quality.<\/p>\r\n<p><a href=\"https:\/\/i0.wp.com\/argatecnic.pt\/wp-content\/uploads\/2022\/09\/icone-argatecnic..png?ssl=1\"><img data-recalc-dims=\"1\" loading=\"lazy\" decoding=\"async\" class=\"alignnone  wp-image-2339\" src=\"https:\/\/i0.wp.com\/argatecnic.pt\/wp-content\/uploads\/2022\/09\/icone-argatecnic..png?resize=20%2C14&#038;ssl=1\" alt=\"\" width=\"20\" height=\"14\" \/><\/a>\u00a0 <strong>WASTE SEPARATION AND TREATMENT<\/strong> <br \/>We separate waste according to its type, such as plastic and cardboard. We send these wastes to a certified entity that performs the respective treatment and valorization.<\/p>\r\n<p><a href=\"https:\/\/i0.wp.com\/argatecnic.pt\/wp-content\/uploads\/2022\/09\/icone-argatecnic..png?ssl=1\"><img data-recalc-dims=\"1\" loading=\"lazy\" decoding=\"async\" class=\"alignnone  wp-image-2339\" src=\"https:\/\/i0.wp.com\/argatecnic.pt\/wp-content\/uploads\/2022\/09\/icone-argatecnic..png?resize=20%2C14&#038;ssl=1\" alt=\"\" width=\"20\" height=\"14\" \/><\/a>\u00a0 <strong>ENERGY FROM 100% RENEWABLE SOURCES<\/strong><br \/>We have a supplier of green energy from 100% renewable sources with zero carbon emissions, having a reduced environmental impact and improvements in public health.<\/p>\r\n<p><strong><a href=\"https:\/\/i0.wp.com\/argatecnic.pt\/wp-content\/uploads\/2022\/09\/icone-argatecnic..png?ssl=1\"><img data-recalc-dims=\"1\" loading=\"lazy\" decoding=\"async\" class=\"alignnone  wp-image-2339\" src=\"https:\/\/i0.wp.com\/argatecnic.pt\/wp-content\/uploads\/2022\/09\/icone-argatecnic..png?resize=20%2C14&#038;ssl=1\" alt=\"\" width=\"20\" height=\"14\" \/><\/a>\u00a0 SUSTAINABLE GIFTS<\/strong><br \/>We offer various sustainable gifts such as reusable thermal bottles (to reduce the use of plastic bottles and cups), notebooks\/blocks with recycled paper, pens made of recycled plastic.<\/p>\r\n<p><strong><a href=\"https:\/\/i0.wp.com\/argatecnic.pt\/wp-content\/uploads\/2022\/09\/icone-argatecnic..png?ssl=1\"><img data-recalc-dims=\"1\" loading=\"lazy\" decoding=\"async\" class=\"alignnone  wp-image-2339\" src=\"https:\/\/i0.wp.com\/argatecnic.pt\/wp-content\/uploads\/2022\/09\/icone-argatecnic..png?resize=20%2C14&#038;ssl=1\" alt=\"\" width=\"20\" height=\"14\" \/><\/a>\u00a0 REUSE OF PACKAGING<\/strong><br \/>We reuse outdated packaging, transforming them into bags for marketing material gifts.<\/p>\r\n","protected":false},"excerpt":{"rendered":"<p>WE WORK EVERY DAY TOBuild a greener and more sustainable future Sustainability is part of ARGATECNIC&#8217;s culture. We aim to stand out not only for the excellence and quality of our products, but also for our conscious and sustainable approach in the construction sector. A commitment to ourselves as individuals and to society. \u00a0 DEVELOPMENT [&hellip;]<\/p>\n","protected":false},"author":1,"featured_media":4192,"parent":0,"menu_order":0,"comment_status":"closed","ping_status":"closed","template":"","meta":{"_et_pb_use_builder":"","_et_pb_old_content":"","_et_gb_content_width":"","footnotes":""},"class_list":["post-5468","page","type-page","status-publish","has-post-thumbnail","hentry"],"acf":[],"yoast_head":"<!-- This site is optimized with the Yoast SEO plugin v27.4 - https:\/\/yoast.com\/product\/yoast-seo-wordpress\/ -->\n<title>Sustainability - ARGATECNIC<\/title>\n<meta name=\"robots\" content=\"index, follow, max-snippet:-1, max-image-preview:large, max-video-preview:-1\" \/>\n<link rel=\"canonical\" href=\"https:\/\/argatecnic.pt\/en\/sustainability\/\" \/>\n<meta property=\"og:locale\" content=\"en_US\" \/>\n<meta property=\"og:type\" content=\"article\" \/>\n<meta property=\"og:title\" content=\"Sustainability - ARGATECNIC\" \/>\n<meta property=\"og:description\" content=\"WE WORK EVERY DAY TOBuild a greener and more sustainable future Sustainability is part of ARGATECNIC&#8217;s culture. We aim to stand out not only for the excellence and quality of our products, but also for our conscious and sustainable approach in the construction sector. A commitment to ourselves as individuals and to society. \u00a0 DEVELOPMENT [&hellip;]\" \/>\n<meta property=\"og:url\" content=\"https:\/\/argatecnic.pt\/en\/sustainability\/\" \/>\n<meta property=\"og:site_name\" content=\"ARGATECNIC\" \/>\n<meta property=\"article:modified_time\" content=\"2023-04-21T14:34:15+00:00\" \/>\n<meta property=\"og:image\" content=\"https:\/\/i0.wp.com\/argatecnic.pt\/wp-content\/uploads\/2022\/09\/sustentabilidade.jpg?fit=664%2C1055&ssl=1\" \/>\n\t<meta property=\"og:image:width\" content=\"664\" \/>\n\t<meta property=\"og:image:height\" content=\"1055\" \/>\n\t<meta property=\"og:image:type\" content=\"image\/jpeg\" \/>\n<meta name=\"twitter:card\" content=\"summary_large_image\" \/>\n<meta name=\"twitter:label1\" content=\"Est. reading time\" \/>\n\t<meta name=\"twitter:data1\" content=\"3 minutes\" \/>\n<script type=\"application\/ld+json\" class=\"yoast-schema-graph\">{\"@context\":\"https:\\\/\\\/schema.org\",\"@graph\":[{\"@type\":\"WebPage\",\"@id\":\"https:\\\/\\\/argatecnic.pt\\\/en\\\/sustainability\\\/\",\"url\":\"https:\\\/\\\/argatecnic.pt\\\/en\\\/sustainability\\\/\",\"name\":\"Sustainability - ARGATECNIC\",\"isPartOf\":{\"@id\":\"https:\\\/\\\/argatecnic.pt\\\/en\\\/#website\"},\"primaryImageOfPage\":{\"@id\":\"https:\\\/\\\/argatecnic.pt\\\/en\\\/sustainability\\\/#primaryimage\"},\"image\":{\"@id\":\"https:\\\/\\\/argatecnic.pt\\\/en\\\/sustainability\\\/#primaryimage\"},\"thumbnailUrl\":\"https:\\\/\\\/i0.wp.com\\\/argatecnic.pt\\\/wp-content\\\/uploads\\\/2022\\\/09\\\/sustentabilidade.jpg?fit=664%2C1055&ssl=1\",\"datePublished\":\"2022-09-14T10:22:10+00:00\",\"dateModified\":\"2023-04-21T14:34:15+00:00\",\"inLanguage\":\"en-US\",\"potentialAction\":[{\"@type\":\"ReadAction\",\"target\":[\"https:\\\/\\\/argatecnic.pt\\\/en\\\/sustainability\\\/\"]}]},{\"@type\":\"ImageObject\",\"inLanguage\":\"en-US\",\"@id\":\"https:\\\/\\\/argatecnic.pt\\\/en\\\/sustainability\\\/#primaryimage\",\"url\":\"https:\\\/\\\/i0.wp.com\\\/argatecnic.pt\\\/wp-content\\\/uploads\\\/2022\\\/09\\\/sustentabilidade.jpg?fit=664%2C1055&ssl=1\",\"contentUrl\":\"https:\\\/\\\/i0.wp.com\\\/argatecnic.pt\\\/wp-content\\\/uploads\\\/2022\\\/09\\\/sustentabilidade.jpg?fit=664%2C1055&ssl=1\",\"width\":664,\"height\":1055},{\"@type\":\"WebSite\",\"@id\":\"https:\\\/\\\/argatecnic.pt\\\/en\\\/#website\",\"url\":\"https:\\\/\\\/argatecnic.pt\\\/en\\\/\",\"name\":\"ARGATECNIC\",\"description\":\"argamassas t\u00e9cnicas para a constru\u00e7\u00e3o\",\"potentialAction\":[{\"@type\":\"SearchAction\",\"target\":{\"@type\":\"EntryPoint\",\"urlTemplate\":\"https:\\\/\\\/argatecnic.pt\\\/en\\\/?s={search_term_string}\"},\"query-input\":{\"@type\":\"PropertyValueSpecification\",\"valueRequired\":true,\"valueName\":\"search_term_string\"}}],\"inLanguage\":\"en-US\"}]}<\/script>\n<!-- \/ Yoast SEO plugin. -->","yoast_head_json":{"title":"Sustainability - ARGATECNIC","robots":{"index":"index","follow":"follow","max-snippet":"max-snippet:-1","max-image-preview":"max-image-preview:large","max-video-preview":"max-video-preview:-1"},"canonical":"https:\/\/argatecnic.pt\/en\/sustainability\/","og_locale":"en_US","og_type":"article","og_title":"Sustainability - ARGATECNIC","og_description":"WE WORK EVERY DAY TOBuild a greener and more sustainable future Sustainability is part of ARGATECNIC&#8217;s culture. We aim to stand out not only for the excellence and quality of our products, but also for our conscious and sustainable approach in the construction sector. A commitment to ourselves as individuals and to society. \u00a0 DEVELOPMENT [&hellip;]","og_url":"https:\/\/argatecnic.pt\/en\/sustainability\/","og_site_name":"ARGATECNIC","article_modified_time":"2023-04-21T14:34:15+00:00","og_image":[{"width":664,"height":1055,"url":"https:\/\/i0.wp.com\/argatecnic.pt\/wp-content\/uploads\/2022\/09\/sustentabilidade.jpg?fit=664%2C1055&ssl=1","type":"image\/jpeg"}],"twitter_card":"summary_large_image","twitter_misc":{"Est. reading time":"3 minutes"},"schema":{"@context":"https:\/\/schema.org","@graph":[{"@type":"WebPage","@id":"https:\/\/argatecnic.pt\/en\/sustainability\/","url":"https:\/\/argatecnic.pt\/en\/sustainability\/","name":"Sustainability - ARGATECNIC","isPartOf":{"@id":"https:\/\/argatecnic.pt\/en\/#website"},"primaryImageOfPage":{"@id":"https:\/\/argatecnic.pt\/en\/sustainability\/#primaryimage"},"image":{"@id":"https:\/\/argatecnic.pt\/en\/sustainability\/#primaryimage"},"thumbnailUrl":"https:\/\/i0.wp.com\/argatecnic.pt\/wp-content\/uploads\/2022\/09\/sustentabilidade.jpg?fit=664%2C1055&ssl=1","datePublished":"2022-09-14T10:22:10+00:00","dateModified":"2023-04-21T14:34:15+00:00","inLanguage":"en-US","potentialAction":[{"@type":"ReadAction","target":["https:\/\/argatecnic.pt\/en\/sustainability\/"]}]},{"@type":"ImageObject","inLanguage":"en-US","@id":"https:\/\/argatecnic.pt\/en\/sustainability\/#primaryimage","url":"https:\/\/i0.wp.com\/argatecnic.pt\/wp-content\/uploads\/2022\/09\/sustentabilidade.jpg?fit=664%2C1055&ssl=1","contentUrl":"https:\/\/i0.wp.com\/argatecnic.pt\/wp-content\/uploads\/2022\/09\/sustentabilidade.jpg?fit=664%2C1055&ssl=1","width":664,"height":1055},{"@type":"WebSite","@id":"https:\/\/argatecnic.pt\/en\/#website","url":"https:\/\/argatecnic.pt\/en\/","name":"ARGATECNIC","description":"argamassas t\u00e9cnicas para a constru\u00e7\u00e3o","potentialAction":[{"@type":"SearchAction","target":{"@type":"EntryPoint","urlTemplate":"https:\/\/argatecnic.pt\/en\/?s={search_term_string}"},"query-input":{"@type":"PropertyValueSpecification","valueRequired":true,"valueName":"search_term_string"}}],"inLanguage":"en-US"}]}},"jetpack_sharing_enabled":true,"_links":{"self":[{"href":"https:\/\/argatecnic.pt\/en\/wp-json\/wp\/v2\/pages\/5468","targetHints":{"allow":["GET"]}}],"collection":[{"href":"https:\/\/argatecnic.pt\/en\/wp-json\/wp\/v2\/pages"}],"about":[{"href":"https:\/\/argatecnic.pt\/en\/wp-json\/wp\/v2\/types\/page"}],"author":[{"embeddable":true,"href":"https:\/\/argatecnic.pt\/en\/wp-json\/wp\/v2\/users\/1"}],"replies":[{"embeddable":true,"href":"https:\/\/argatecnic.pt\/en\/wp-json\/wp\/v2\/comments?post=5468"}],"version-history":[{"count":0,"href":"https:\/\/argatecnic.pt\/en\/wp-json\/wp\/v2\/pages\/5468\/revisions"}],"wp:featuredmedia":[{"embeddable":true,"href":"https:\/\/argatecnic.pt\/en\/wp-json\/wp\/v2\/media\/4192"}],"wp:attachment":[{"href":"https:\/\/argatecnic.pt\/en\/wp-json\/wp\/v2\/media?parent=5468"}],"curies":[{"name":"wp","href":"https:\/\/api.w.org\/{rel}","templated":true}]}}