{"id":5409,"date":"2022-09-14T10:36:21","date_gmt":"2022-09-14T10:36:21","guid":{"rendered":"https:\/\/argatecnic.pt\/downloads\/"},"modified":"2025-04-08T11:43:15","modified_gmt":"2025-04-08T10:43:15","slug":"downloads","status":"publish","type":"page","link":"https:\/\/argatecnic.pt\/en\/downloads\/","title":{"rendered":"Downloads"},"content":{"rendered":"<p>[et_pb_section fb_built=&#8221;1&#8243; _builder_version=&#8221;4.18.0&#8243; _module_preset=&#8221;default&#8221; background_color=&#8221;#DA291C&#8221; background_image=&#8221;https:\/\/argatecnic.pt\/wp-content\/uploads\/2022\/09\/marcaagua-crop.svg&#8221; background_size=&#8221;contain&#8221; background_position=&#8221;bottom_right&#8221; background_blend=&#8221;difference&#8221; custom_padding=&#8221;30px||30px||true|false&#8221; global_colors_info=&#8221;{}&#8221;][et_pb_row use_custom_gutter=&#8221;on&#8221; gutter_width=&#8221;1&#8243; _builder_version=&#8221;4.18.0&#8243; _module_preset=&#8221;default&#8221; custom_padding=&#8221;45px||13px|||&#8221; saved_tabs=&#8221;all&#8221; global_colors_info=&#8221;{}&#8221;][et_pb_column type=&#8221;4_4&#8243; _builder_version=&#8221;4.18.0&#8243; _module_preset=&#8221;default&#8221; border_color_all=&#8221;#FFFFFF&#8221; global_colors_info=&#8221;{}&#8221;][et_pb_text _builder_version=&#8221;4.18.0&#8243; _dynamic_attributes=&#8221;content&#8221; _module_preset=&#8221;default&#8221; text_font=&#8221;|||on|||||&#8221; text_text_color=&#8221;#FFFFFF&#8221; text_orientation=&#8221;center&#8221; custom_margin=&#8221;||10px||false|false&#8221; global_colors_info=&#8221;{}&#8221;]@ET-DC@eyJkeW5hbWljIjp0cnVlLCJjb250ZW50IjoiY3VzdG9tX21ldGFfc29icmUtdGl0dWxvIiwic2V0dGluZ3MiOnsiYmVmb3JlIjoiIiwiYWZ0ZXIiOiIiLCJlbmFibGVfaHRtbCI6Im9uIn19@[\/et_pb_text][et_pb_text _builder_version=&#8221;4.18.0&#8243; _dynamic_attributes=&#8221;content&#8221; _module_preset=&#8221;default&#8221; header_text_color=&#8221;#FFFFFF&#8221; text_orientation=&#8221;center&#8221; custom_margin=&#8221;||10px|||&#8221; global_colors_info=&#8221;{}&#8221;]@ET-DC@eyJkeW5hbWljIjp0cnVlLCJjb250ZW50IjoicG9zdF90aXRsZSIsInNldHRpbmdzIjp7ImJlZm9yZSI6IjxoMT4iLCJhZnRlciI6IjwvaDE+In19@[\/et_pb_text][\/et_pb_column][\/et_pb_row][\/et_pb_section][et_pb_section fb_built=&#8221;1&#8243; _builder_version=&#8221;4.18.0&#8243; _module_preset=&#8221;default&#8221; background_color=&#8221;RGBA(255,255,255,0)&#8221; background_size=&#8221;contain&#8221; background_position=&#8221;top_left&#8221; background_repeat=&#8221;repeat-x&#8221; custom_padding=&#8221;0px||0px||false|false&#8221; global_colors_info=&#8221;{}&#8221;][et_pb_row _builder_version=&#8221;4.18.0&#8243; background_size=&#8221;initial&#8221; background_position=&#8221;top_left&#8221; background_repeat=&#8221;repeat&#8221; width=&#8221;100%&#8221; max_width=&#8221;100%&#8221; custom_padding=&#8221;0px||0px||false|false&#8221; global_colors_info=&#8221;{}&#8221;][et_pb_column type=&#8221;4_4&#8243; _builder_version=&#8221;4.16&#8243; custom_padding=&#8221;|||&#8221; global_colors_info=&#8221;{}&#8221; custom_padding__hover=&#8221;|||&#8221;][et_pb_tabs active_tab_background_color=&#8221;#DA291C&#8221; inactive_tab_background_color=&#8221;#968C83&#8243; active_tab_text_color=&#8221;#FFFFFF&#8221; admin_label=&#8221;Tabs&#8221; _builder_version=&#8221;4.23&#8243; _module_preset=&#8221;%22default%22&#8243; tab_text_color=&#8221;#FFFFFF&#8221; tab_font=&#8221;Kohinoor semibold|||on|||||&#8221; tab_font_size=&#8221;12.3px&#8221; background_image=&#8221;%22https:\/\/argatecnic.pt\/wp-content\/uploads\/2022\/09\/marcaagua-crop-1.svg%22&#8243; background_size=&#8221;contain&#8221; background_position=&#8221;bottom_right&#8221; custom_margin=&#8221;%22|0px||0px|false|false%22&#8243; custom_padding=&#8221;%2260px|10%|120px|10%|false|false%22&#8243; hover_enabled=&#8221;0&#8243; tab_line_height_tablet=&#8221;%221.6em%22&#8243; tab_line_height_last_edited=&#8221;off|phone&#8221; border_width_all=&#8221;0px&#8221; global_module=&#8221;3165&#8243; global_colors_info=&#8221;%22{}%22&#8243; sticky_enabled=&#8221;0&#8243;][et_pb_tab title=&#8221;Adhesives and grouts&#8221; _builder_version=&#8221;4.27.4&#8243; _module_preset=&#8221;%22default%22&#8243; background_size=&#8221;initial&#8221; background_position=&#8221;top_left&#8221; background_repeat=&#8221;repeat&#8221; hover_enabled=&#8221;0&#8243; global_colors_info=&#8221;%22{}%22&#8243; sticky_enabled=&#8221;0&#8243;]<\/p>\n<h2><strong>Adhesives and grouts<\/strong><\/h2>\n<h5><span style=\"color: #000000;\"><strong>Technical sheets<\/strong><\/span><\/h5>\n<p><strong><a href=\"https:\/\/argatecnic.pt\/wp-content\/uploads\/2023\/05\/LENA-1-ENG-1.pdf\">LENA 1<\/a><\/strong><\/p>\n<p><strong><a href=\"https:\/\/argatecnic.pt\/wp-content\/uploads\/2023\/05\/LENA-1-PLUS-ENG-1.pdf\">LENA 1 Plus<\/a><\/strong><\/p>\n<p><strong><a href=\"https:\/\/argatecnic.pt\/wp-content\/uploads\/2023\/05\/LENA-2-FLEX-ENG-1.pdf\">LENA 2 Flex<\/a><\/strong><\/p>\n<p><strong><a href=\"https:\/\/argatecnic.pt\/wp-content\/uploads\/2023\/05\/LENA-2-FLEX-TOP-ENG-1.pdf\">LENA 2 Flex Top<\/a><\/strong><\/p>\n<p><strong><a href=\"https:\/\/argatecnic.pt\/wp-content\/uploads\/2023\/05\/LENA-3-FLEX-PRO-ENG-1.pdf\">LENA 3 Flex Pro<\/a><\/strong><\/p>\n<p><strong><a href=\"https:\/\/argatecnic.pt\/wp-content\/uploads\/PDF\/LENA-7-XTREME-ENG.pdf\">LENA 7 Xtreme<\/a><\/strong><\/p>\n<p><strong><a href=\"https:\/\/argatecnic.pt\/wp-content\/uploads\/PDF\/LENA-310-COR-ENG.pdf\">LENA 310 Cor <\/a><\/strong><\/p>\n<p>&nbsp;<\/p>\n<h5><span style=\"color: #000000;\"><strong>Performance statements<\/strong><\/span><\/h5>\n<p><strong><a href=\"https:\/\/argatecnic.pt\/wp-content\/uploads\/2023\/05\/DoP-Lena-1-CZ-EN.pdf\">LENA 1 &#8211; Grey<\/a><\/strong><\/p>\n<p><strong><a href=\"https:\/\/argatecnic.pt\/wp-content\/uploads\/2023\/05\/DoP-Lena-1-BR-EN.pdf\">LENA 1 &#8211; White<\/a><\/strong><\/p>\n<p><strong><a href=\"https:\/\/argatecnic.pt\/wp-content\/uploads\/2023\/05\/DoP-Lena-1-Plus-CZ-EN.pdf\">LENA 1 Plus &#8211; Grey<\/a><\/strong><\/p>\n<p><strong><a href=\"https:\/\/argatecnic.pt\/wp-content\/uploads\/2023\/05\/DoP-Lena-1-Plus-BR-EN.pdf\">LENA 1 Plus -White<\/a><\/strong><\/p>\n<p><strong><a href=\"https:\/\/argatecnic.pt\/wp-content\/uploads\/2023\/05\/DoP-Lena-2-Flex-CZ-EN.pdf\">LENA 2 Flex &#8211; Grey<\/a><\/strong><\/p>\n<p><a href=\"https:\/\/argatecnic.pt\/wp-content\/uploads\/2023\/05\/DoP-Lena-2-Flex-BR-EN.pdf\"><strong>LENA 2 Flex &#8211; White<\/strong><\/a><\/p>\n<p><a href=\"https:\/\/argatecnic.pt\/wp-content\/uploads\/2023\/05\/DoP-Lena-2-Flex-Top-CZ-EN.pdf\"><strong>LENA 2 Flex Top &#8211; Grey<\/strong><\/a><\/p>\n<p><a href=\"https:\/\/argatecnic.pt\/wp-content\/uploads\/2023\/05\/DoP-Lena-2-Flex-Top-BR-EN.pdf\"><strong>LENA 2 Flex Top &#8211; White<\/strong><\/a><\/p>\n<p><a href=\"https:\/\/argatecnic.pt\/wp-content\/uploads\/2023\/05\/DoP-Lena-3-Flex-Pro-CZ-EN.pdf\"><strong>LENA 3 Flex Pro &#8211; Grey<\/strong><\/a><\/p>\n<p><a href=\"https:\/\/argatecnic.pt\/wp-content\/uploads\/2023\/05\/DoP-Lena-3-Flex-Pro-BR-EN.pdf\"><strong>LENA 3 Flex Pro &#8211; White<\/strong><\/a><\/p>\n<p><strong><a href=\"https:\/\/argatecnic.pt\/wp-content\/uploads\/2023\/05\/DoP-Lena-7-Xtreme-EN.pdf\">LENA 7 Xtreme<\/a><\/strong><\/p>\n<p>[\/et_pb_tab][et_pb_tab title=&#8221;Coatings&#8221; _builder_version=&#8221;4.20.4&#8243; _module_preset=&#8221;default&#8221; global_colors_info=&#8221;{}&#8221;]<\/p>\n<h2><strong>Coatings<\/strong><\/h2>\n<h5><span style=\"color: #000000;\"><strong>Technical sheets<\/strong><\/span><\/h5>\n<p><strong><a href=\"https:\/\/argatecnic.pt\/wp-content\/uploads\/2023\/05\/LENA-220-ENG-1.pdf\">LENA 220<\/a><\/strong><\/p>\n<p><strong><a href=\"https:\/\/argatecnic.pt\/wp-content\/uploads\/2023\/05\/LENA-221-ENG-1.pdf\">LENA 221<\/a><\/strong><\/p>\n<p><strong><a href=\"https:\/\/argatecnic.pt\/wp-content\/uploads\/2023\/05\/LENA-810-ENG-1.pdf\">LENA 810<\/a><\/strong><\/p>\n<p><strong><a href=\"https:\/\/argatecnic.pt\/wp-content\/uploads\/2023\/05\/LENA-821-ENG-1.pdf\">LENA 821<\/a><\/strong><\/p>\n<p>&nbsp;<\/p>\n<h5><span style=\"color: #000000;\"><strong>Performance statements<\/strong><\/span><\/h5>\n<p><strong><a href=\"https:\/\/argatecnic.pt\/wp-content\/uploads\/2023\/05\/DoP-Lena-220-EN.pdf\">LENA 220<\/a><\/strong><\/p>\n<p><strong><a href=\"https:\/\/argatecnic.pt\/wp-content\/uploads\/2023\/05\/DoP-Lena-221-EN.pdf\">LENA 221<\/a><\/strong><\/p>\n<p><strong><a href=\"https:\/\/argatecnic.pt\/wp-content\/uploads\/2023\/05\/DoP-Lena-821-EN.pdf\">LENA 821<\/a><\/strong><\/p>\n<p>[\/et_pb_tab][et_pb_tab title=&#8221;Masonry&#8221; _builder_version=&#8221;4.20.4&#8243; _module_preset=&#8221;default&#8221; global_colors_info=&#8221;{}&#8221;]<\/p>\n<h2><b>Masonry<\/b><\/h2>\n<h5><span style=\"color: #000000;\"><strong>Technical sheets<\/strong><\/span><\/h5>\n<p><strong><a href=\"https:\/\/argatecnic.pt\/wp-content\/uploads\/2023\/05\/LENA-510-5MPa-ENG.pdf\">LENA 510 (5,0 N\/MM\u00b2)<\/a><\/strong><\/p>\n<p><strong><a href=\"https:\/\/argatecnic.pt\/wp-content\/uploads\/2023\/05\/LENA-510-10MPa-ENG.pdf\">LENA 510 (10,0 N\/MM\u00b2)<\/a><\/strong><\/p>\n<p><strong><a href=\"https:\/\/argatecnic.pt\/wp-content\/uploads\/2023\/05\/LENA-515-ENG-1.pdf\">LENA 515<\/a><\/strong><\/p>\n<p>&nbsp;<\/p>\n<h5><span style=\"color: #000000;\"><strong>Performance statements<\/strong><\/span><\/h5>\n<p><strong><a href=\"https:\/\/argatecnic.pt\/wp-content\/uploads\/2022\/09\/DoP-LENA-510-5MPa.pdf\">LENA 510 (5,0 N\/MM\u00b2)<\/a><\/strong><\/p>\n<p><strong><a href=\"https:\/\/argatecnic.pt\/wp-content\/uploads\/2022\/09\/DoP-LENA-510-10MPa.pdf\">LENA 510 (10,0 N\/MM\u00b2)<\/a><\/strong><\/p>\n<p><strong><a href=\"https:\/\/argatecnic.pt\/wp-content\/uploads\/2022\/09\/DoP-LENA-515.pdf\">LENA 515<\/a><\/strong><\/p>\n<p>[\/et_pb_tab][et_pb_tab title=&#8221;Paving and leveling&#8221; _builder_version=&#8221;4.20.4&#8243; _module_preset=&#8221;default&#8221; global_colors_info=&#8221;{}&#8221;]<\/p>\n<h2><b>Paving and leveling<\/b><\/h2>\n<h5><span style=\"color: #000000;\"><strong>Technical sheets<\/strong><\/span><\/h5>\n<p><strong><a href=\"https:\/\/argatecnic.pt\/wp-content\/uploads\/2023\/05\/LENA-520-Floor-ENG-1.pdf\">LENA 520 Floor<\/a><\/strong><\/p>\n<p><strong><a href=\"https:\/\/argatecnic.pt\/wp-content\/uploads\/2023\/05\/LENA-521-FluidFloor-ENG-1.pdf\">LENA 521 FluidFloor<\/a><\/strong><\/p>\n<p><strong><a href=\"https:\/\/argatecnic.pt\/wp-content\/uploads\/2023\/05\/LENA-522-RapidFloor-ENG-1.pdf\">LENA 522 RapidFloor<\/a><\/strong><\/p>\n<p><strong><a href=\"https:\/\/argatecnic.pt\/wp-content\/uploads\/2023\/05\/LENA-523-LevelFloor-ENG-1.pdf\">LENA 523 LevelFloor<\/a><\/strong><\/p>\n<p><strong><a href=\"https:\/\/argatecnic.pt\/wp-content\/uploads\/2023\/05\/LENA-530-Level-ENG.pdf\">LENA 530 Level<\/a><\/strong><\/p>\n<p>&nbsp;<\/p>\n<h5><span style=\"color: #000000;\"><strong>Performance statements<\/strong><\/span><\/h5>\n<p><strong><a href=\"https:\/\/argatecnic.pt\/wp-content\/uploads\/2023\/05\/DoP-Lena-520-Floor-EN.pdf\">LENA 520 Floor<\/a><\/strong><\/p>\n<p><strong><a href=\"https:\/\/argatecnic.pt\/wp-content\/uploads\/2023\/05\/DoP-Lena-521-Fluidfloor-EN.pdf\">LENA 521 FluidFloor<\/a><\/strong><\/p>\n<p><strong><a href=\"https:\/\/argatecnic.pt\/wp-content\/uploads\/2023\/05\/DoP-Lena-522-Rapidfloor-EN.pdf\">LENA 522 RapidFloor<\/a><\/strong><\/p>\n<p><strong><a href=\"https:\/\/argatecnic.pt\/wp-content\/uploads\/2023\/05\/DoP-Lena-523-Levelfloor-EN.pdf\">LENA 523 LevelFloor<\/a><\/strong><\/p>\n<p><strong><a href=\"https:\/\/argatecnic.pt\/wp-content\/uploads\/2023\/05\/DoP-Lena-530-Level-EN.pdf\">LENA 530 Level<\/a><\/strong><\/p>\n<p>[\/et_pb_tab][et_pb_tab title=&#8221;Thermal insulation&#8221; _builder_version=&#8221;4.23&#8243; _module_preset=&#8221;default&#8221; global_colors_info=&#8221;{}&#8221;]<\/p>\n<h2><b>Thermal insulation<\/b><\/h2>\n<h5><span style=\"color: #000000;\"><strong>Technical sheets<\/strong><\/span><\/h5>\n<p><strong><a href=\"https:\/\/argatecnic.pt\/wp-content\/uploads\/PDF\/LENA-ETICS-824-ENG.pdf\">LENA ETICS 824<\/a><\/strong><\/p>\n<p><strong><a href=\"https:\/\/argatecnic.pt\/wp-content\/uploads\/2023\/05\/LENA-ETICS-824-Plus-ENG-1.pdf\">LENA ETICS 824 Plus<\/a><\/strong><\/p>\n<p><strong><a href=\"https:\/\/argatecnic.pt\/wp-content\/uploads\/2023\/05\/LENA-ETICS-823-ENG-1.pdf\">LENA ETICS 823<\/a><\/strong><\/p>\n<p><strong><a href=\"https:\/\/argatecnic.pt\/wp-content\/uploads\/2023\/05\/LENA-ETICS-825-P-ENG-1.pdf\">LENA ETICS 825-P<\/a><\/strong><\/p>\n<p><strong><a href=\"https:\/\/argatecnic.pt\/wp-content\/uploads\/2023\/05\/LENA-ETICS-825-ENG-1.pdf\">LENA ETICS 825<\/a><\/strong><\/p>\n<p>&nbsp;<\/p>\n<h5><span style=\"color: #000000;\"><strong>Performance statements<\/strong><\/span><\/h5>\n<p><strong><a href=\"https:\/\/argatecnic.pt\/wp-content\/uploads\/2023\/05\/DoP-Lena-ETICS-824-Grey-EN.pdf\">LENA ETICS 824 &#8211; Grey<\/a><\/strong><\/p>\n<p><strong><a href=\"https:\/\/argatecnic.pt\/wp-content\/uploads\/2023\/05\/DoP-Lena-ETICS-824-White-EN.pdf\">LENA ETICS 824 &#8211; White<\/a><\/strong><\/p>\n<p><strong><a href=\"https:\/\/argatecnic.pt\/wp-content\/uploads\/2023\/05\/DoP-Lena-ETICS-824-Plus-EN-1.pdf\">LENA ETICS 824 Plus<\/a><\/strong><\/p>\n<p><strong><a href=\"https:\/\/argatecnic.pt\/wp-content\/uploads\/2023\/05\/DoP-Lena-ETICS-823-EN.pdf\">LENA ETICS 823<\/a><\/strong><\/p>\n<p>[\/et_pb_tab][et_pb_tab title=&#8221;Repair&#8221; _builder_version=&#8221;4.20.4&#8243; _module_preset=&#8221;default&#8221; global_colors_info=&#8221;{}&#8221;]<\/p>\n<h2><b>Repair<\/b><\/h2>\n<h5><span style=\"color: #000000;\"><strong>Technical sheets<\/strong><\/span><\/h5>\n<p><strong><a href=\"https:\/\/argatecnic.pt\/wp-content\/uploads\/2023\/05\/CEMRAPID-835-EN-1.pdf\">CEMRAPID 835<\/a><\/strong><\/p>\n<p><strong><a href=\"https:\/\/argatecnic.pt\/wp-content\/uploads\/2023\/05\/FERPROTEC-837-ENG.pdf\">FERPROTEC 837<\/a><\/strong><\/p>\n<p><strong><a href=\"https:\/\/argatecnic.pt\/wp-content\/uploads\/2023\/05\/BETREPAR-840-ENG-1.pdf\">BETREPAR 840<\/a><\/strong><\/p>\n<p><strong><a href=\"https:\/\/argatecnic.pt\/wp-content\/uploads\/2023\/05\/BETFINISH-841-ENG.pdf\">BETFINISH 841<\/a><\/strong><\/p>\n<p><a href=\"https:\/\/argatecnic.pt\/wp-content\/uploads\/2023\/05\/BETGROUT-843-EN.pdf\"><strong>BETGROUT 843<\/strong><\/a><\/p>\n<p>&nbsp;<\/p>\n<h5><span style=\"color: #000000;\"><strong>Performance statements<\/strong><\/span><\/h5>\n<p><strong><a href=\"https:\/\/argatecnic.pt\/wp-content\/uploads\/2023\/05\/DoP-Betrepar-840-EN.pdf\">BETREPAR 840<\/a><\/strong><\/p>\n<p><strong><a href=\"https:\/\/argatecnic.pt\/wp-content\/uploads\/2023\/05\/DoP-Betfinish-841-EN.pdf\">BETFINISH 841<\/a><\/strong><\/p>\n<p><strong><a href=\"https:\/\/argatecnic.pt\/wp-content\/uploads\/2023\/05\/DoP-Betgrout-843-EN.pdf\">BETGROUT 843<\/a><\/strong><\/p>\n<p>[\/et_pb_tab][et_pb_tab title=&#8221;Lime-based Rehabilitation&#8221; _builder_version=&#8221;4.23&#8243; _module_preset=&#8221;default&#8221; global_colors_info=&#8221;{}&#8221;]<\/p>\n<h2><b>Lime-based Rehabilitation<\/b><\/h2>\n<h5><span style=\"color: #000000;\"><strong>Technical sheets<\/strong><\/span><\/h5>\n<p><strong><a href=\"https:\/\/argatecnic.pt\/wp-content\/uploads\/2023\/05\/TRADICIOCAL-850-EN.pdf\">TRADICIOCAL 850<\/a><\/strong><\/p>\n<p><strong><a href=\"https:\/\/argatecnic.pt\/wp-content\/uploads\/PDF\/TRADICIOCAL-853-EN.pdf\">TRADICIOCAL 853<\/a><\/strong><\/p>\n<p><strong><a href=\"https:\/\/argatecnic.pt\/wp-content\/uploads\/2023\/05\/TRADICIOCAL-855-EN-1.pdf\">TRADICIOCAL 855<\/a><\/strong><\/p>\n<p><strong><a href=\"https:\/\/argatecnic.pt\/wp-content\/uploads\/2023\/05\/TRADICIOCAL-856-EN.pdf\">TRADICIOCAL 856<\/a><\/strong><\/p>\n<p><strong><a href=\"https:\/\/argatecnic.pt\/wp-content\/uploads\/2023\/05\/TRADICIOCAL-857-EN-1.pdf\">TRADICIOCAL 857<\/a><\/strong><\/p>\n<p><strong><a href=\"https:\/\/argatecnic.pt\/wp-content\/uploads\/2023\/05\/TRADICIOCAL-858-EN-1.pdf\">TRADICIOCAL 858<\/a><\/strong><\/p>\n<p><strong><a href=\"https:\/\/argatecnic.pt\/wp-content\/uploads\/2023\/05\/TRADICIOCAL-859-P-EN-1.pdf\">TRADICIOCAL 859-P<\/a><\/strong><\/p>\n<p><strong><a href=\"https:\/\/argatecnic.pt\/wp-content\/uploads\/2023\/05\/TRADICIOCAL-859-EN-1.pdf\">TRADICIOCAL 859<\/a><\/strong><\/p>\n<p>&nbsp;<\/p>\n<h5><span style=\"color: #000000;\"><strong>Performance statements<\/strong><\/span><\/h5>\n<p><strong><a href=\"https:\/\/argatecnic.pt\/wp-content\/uploads\/2023\/05\/DoP-Tradiciocal-850-EN.pdf\">TRADICIOCAL 850<\/a><\/strong><\/p>\n<p><strong><a href=\"https:\/\/argatecnic.pt\/wp-content\/uploads\/2023\/05\/DoP-Tradiciocal-853-EN.pdf\">TRADICIOCAL 853<\/a><\/strong><\/p>\n<p><strong><a href=\"https:\/\/argatecnic.pt\/wp-content\/uploads\/2023\/05\/DoP-Tradiciocal-855-EN.pdf\">TRADICIOCAL 855<\/a><\/strong><\/p>\n<p><strong><a href=\"https:\/\/argatecnic.pt\/wp-content\/uploads\/2023\/05\/DoP-Tradiciocal-856-EN.pdf\">TRADICIOCAL 856<\/a><\/strong><\/p>\n<p><strong><a href=\"https:\/\/argatecnic.pt\/wp-content\/uploads\/2023\/05\/DoP-Tradiciocal-857-EN.pdf\">TRADICIOCAL 857<\/a><\/strong><\/p>\n<p><strong><a href=\"https:\/\/argatecnic.pt\/wp-content\/uploads\/2023\/05\/DoP-Tradiciocal-858-EN.pdf\">TRADICIOCAL 858<\/a><\/strong><\/p>\n<p>[\/et_pb_tab][et_pb_tab title=&#8221;Waterproofing&#8221; _builder_version=&#8221;4.20.4&#8243; _module_preset=&#8221;default&#8221; global_colors_info=&#8221;{}&#8221;]<\/p>\n<h2><b>Waterproofing<\/b><\/h2>\n<h5><span style=\"color: #000000;\"><strong>Technical sheets<\/strong><\/span><\/h5>\n<p><strong><a href=\"https:\/\/argatecnic.pt\/wp-content\/uploads\/2023\/05\/IMPERTEC-890-ENG-1.pdf\">IMPERTEC 890<\/a><\/strong><\/p>\n<p><strong><a href=\"https:\/\/argatecnic.pt\/wp-content\/uploads\/2023\/05\/IMPERTEC-891-PLUS-ENG-1.pdf\">IMPERTEC 891 Plus<\/a><\/strong><\/p>\n<p><strong><a href=\"https:\/\/argatecnic.pt\/wp-content\/uploads\/2023\/05\/IMPERTEC-892-FIBER-ENG-1.pdf\">IMPERTEC 892 Fiber<\/a><\/strong><\/p>\n<p><strong><a href=\"https:\/\/argatecnic.pt\/wp-content\/uploads\/2023\/05\/IMPERTEC-893-ONE-ENG-1.pdf\">IMPERTEC 893 One<\/a><\/strong><\/p>\n<p>&nbsp;<\/p>\n<h5><span style=\"color: #000000;\"><strong>Performance statements<\/strong><\/span><\/h5>\n<p><strong><a href=\"https:\/\/argatecnic.pt\/wp-content\/uploads\/2023\/05\/DoP-Impertec-890-EN.pdf\">IMPERTEC 890<\/a><\/strong><\/p>\n<p><strong><a href=\"https:\/\/argatecnic.pt\/wp-content\/uploads\/2023\/05\/DoP-Impertec-891-Plus-EN.pdf\">IMPERTEC 891 Plus<\/a><\/strong><\/p>\n<p><strong><a href=\"https:\/\/argatecnic.pt\/wp-content\/uploads\/2023\/05\/DoP-Impertec-892-Fiber-EN.pdf\">IMPERTEC 892 Fiber<\/a><\/strong><\/p>\n<p><strong><a href=\"https:\/\/argatecnic.pt\/wp-content\/uploads\/2023\/05\/DoP-Impertec-893-One-EN.pdf\">IMPERTEC 893 One<\/a><\/strong><\/p>\n<p>[\/et_pb_tab][et_pb_tab title=&#8221;Plaster&#8221; _builder_version=&#8221;4.20.4&#8243; _module_preset=&#8221;default&#8221; global_colors_info=&#8221;{}&#8221;]<\/p>\n<h2><b>Plaster<\/b><\/h2>\n<h5><span style=\"color: #000000;\"><strong>Available soon<\/strong><\/span><\/h5>\n<p>[\/et_pb_tab][et_pb_tab title=&#8221;Complementary&#8221; _builder_version=&#8221;4.20.4&#8243; _module_preset=&#8221;default&#8221; global_colors_info=&#8221;{}&#8221;]<\/p>\n<h2><b>Complementary<\/b><\/h2>\n<h5><span style=\"color: #000000;\"><strong>Technical sheets<\/strong><\/span><\/h5>\n<p><strong><a href=\"https:\/\/argatecnic.pt\/wp-content\/uploads\/2022\/09\/FT-LENA-870.pdf\">LENA 870<\/a><\/strong><\/p>\n<p><strong><a href=\"https:\/\/argatecnic.pt\/wp-content\/uploads\/2022\/09\/FT-LENA-875.pdf\">LENA 875<\/a><\/strong><\/p>\n<p><strong><a href=\"https:\/\/argatecnic.pt\/wp-content\/uploads\/2022\/09\/FT-LENA-880.pdf\">LENA 880<\/a><\/strong><\/p>\n<p>[\/et_pb_tab][\/et_pb_tabs][\/et_pb_column][\/et_pb_row][\/et_pb_section]<\/p>\n","protected":false},"excerpt":{"rendered":"<p>Adhesives and grouts Technical sheets LENA 1 LENA 1 Plus LENA 2 Flex LENA 2 Flex Top LENA 3 Flex Pro LENA 7 Xtreme LENA 310 Cor &nbsp; Performance statements LENA 1 &#8211; Grey LENA 1 &#8211; White LENA 1 Plus &#8211; Grey LENA 1 Plus -White LENA 2 Flex &#8211; Grey LENA 2 Flex [&hellip;]<\/p>\n","protected":false},"author":1,"featured_media":0,"parent":0,"menu_order":0,"comment_status":"closed","ping_status":"closed","template":"","meta":{"_et_pb_use_builder":"on","_et_pb_old_content":"","_et_gb_content_width":"","footnotes":""},"class_list":["post-5409","page","type-page","status-publish","hentry"],"acf":[],"yoast_head":"<!-- This site is optimized with the Yoast SEO plugin v27.4 - https:\/\/yoast.com\/product\/yoast-seo-wordpress\/ -->\n<title>Downloads - ARGATECNIC<\/title>\n<meta name=\"robots\" content=\"index, follow, max-snippet:-1, max-image-preview:large, max-video-preview:-1\" \/>\n<link rel=\"canonical\" href=\"https:\/\/argatecnic.pt\/en\/downloads\/\" \/>\n<meta property=\"og:locale\" content=\"en_US\" \/>\n<meta property=\"og:type\" content=\"article\" \/>\n<meta property=\"og:title\" content=\"Downloads - ARGATECNIC\" \/>\n<meta property=\"og:description\" content=\"Adhesives and grouts Technical sheets LENA 1 LENA 1 Plus LENA 2 Flex LENA 2 Flex Top LENA 3 Flex Pro LENA 7 Xtreme LENA 310 Cor &nbsp; Performance statements LENA 1 - Grey LENA 1 - White LENA 1 Plus - Grey LENA 1 Plus -White LENA 2 Flex - Grey LENA 2 Flex [&hellip;]\" \/>\n<meta property=\"og:url\" content=\"https:\/\/argatecnic.pt\/en\/downloads\/\" \/>\n<meta property=\"og:site_name\" content=\"ARGATECNIC\" \/>\n<meta property=\"article:modified_time\" content=\"2025-04-08T10:43:15+00:00\" \/>\n<meta name=\"twitter:card\" content=\"summary_large_image\" \/>\n<meta name=\"twitter:label1\" content=\"Est. reading time\" \/>\n\t<meta name=\"twitter:data1\" content=\"2 minutes\" \/>\n<script type=\"application\/ld+json\" class=\"yoast-schema-graph\">{\"@context\":\"https:\\\/\\\/schema.org\",\"@graph\":[{\"@type\":\"WebPage\",\"@id\":\"https:\\\/\\\/argatecnic.pt\\\/en\\\/downloads\\\/\",\"url\":\"https:\\\/\\\/argatecnic.pt\\\/en\\\/downloads\\\/\",\"name\":\"Downloads - ARGATECNIC\",\"isPartOf\":{\"@id\":\"https:\\\/\\\/argatecnic.pt\\\/en\\\/#website\"},\"datePublished\":\"2022-09-14T10:36:21+00:00\",\"dateModified\":\"2025-04-08T10:43:15+00:00\",\"inLanguage\":\"en-US\",\"potentialAction\":[{\"@type\":\"ReadAction\",\"target\":[\"https:\\\/\\\/argatecnic.pt\\\/en\\\/downloads\\\/\"]}]},{\"@type\":\"WebSite\",\"@id\":\"https:\\\/\\\/argatecnic.pt\\\/en\\\/#website\",\"url\":\"https:\\\/\\\/argatecnic.pt\\\/en\\\/\",\"name\":\"ARGATECNIC\",\"description\":\"argamassas t\u00e9cnicas para a constru\u00e7\u00e3o\",\"potentialAction\":[{\"@type\":\"SearchAction\",\"target\":{\"@type\":\"EntryPoint\",\"urlTemplate\":\"https:\\\/\\\/argatecnic.pt\\\/en\\\/?s={search_term_string}\"},\"query-input\":{\"@type\":\"PropertyValueSpecification\",\"valueRequired\":true,\"valueName\":\"search_term_string\"}}],\"inLanguage\":\"en-US\"}]}<\/script>\n<!-- \/ Yoast SEO plugin. -->","yoast_head_json":{"title":"Downloads - ARGATECNIC","robots":{"index":"index","follow":"follow","max-snippet":"max-snippet:-1","max-image-preview":"max-image-preview:large","max-video-preview":"max-video-preview:-1"},"canonical":"https:\/\/argatecnic.pt\/en\/downloads\/","og_locale":"en_US","og_type":"article","og_title":"Downloads - ARGATECNIC","og_description":"Adhesives and grouts Technical sheets LENA 1 LENA 1 Plus LENA 2 Flex LENA 2 Flex Top LENA 3 Flex Pro LENA 7 Xtreme LENA 310 Cor &nbsp; Performance statements LENA 1 - Grey LENA 1 - White LENA 1 Plus - Grey LENA 1 Plus -White LENA 2 Flex - Grey LENA 2 Flex [&hellip;]","og_url":"https:\/\/argatecnic.pt\/en\/downloads\/","og_site_name":"ARGATECNIC","article_modified_time":"2025-04-08T10:43:15+00:00","twitter_card":"summary_large_image","twitter_misc":{"Est. reading time":"2 minutes"},"schema":{"@context":"https:\/\/schema.org","@graph":[{"@type":"WebPage","@id":"https:\/\/argatecnic.pt\/en\/downloads\/","url":"https:\/\/argatecnic.pt\/en\/downloads\/","name":"Downloads - ARGATECNIC","isPartOf":{"@id":"https:\/\/argatecnic.pt\/en\/#website"},"datePublished":"2022-09-14T10:36:21+00:00","dateModified":"2025-04-08T10:43:15+00:00","inLanguage":"en-US","potentialAction":[{"@type":"ReadAction","target":["https:\/\/argatecnic.pt\/en\/downloads\/"]}]},{"@type":"WebSite","@id":"https:\/\/argatecnic.pt\/en\/#website","url":"https:\/\/argatecnic.pt\/en\/","name":"ARGATECNIC","description":"argamassas t\u00e9cnicas para a constru\u00e7\u00e3o","potentialAction":[{"@type":"SearchAction","target":{"@type":"EntryPoint","urlTemplate":"https:\/\/argatecnic.pt\/en\/?s={search_term_string}"},"query-input":{"@type":"PropertyValueSpecification","valueRequired":true,"valueName":"search_term_string"}}],"inLanguage":"en-US"}]}},"jetpack_sharing_enabled":true,"_links":{"self":[{"href":"https:\/\/argatecnic.pt\/en\/wp-json\/wp\/v2\/pages\/5409","targetHints":{"allow":["GET"]}}],"collection":[{"href":"https:\/\/argatecnic.pt\/en\/wp-json\/wp\/v2\/pages"}],"about":[{"href":"https:\/\/argatecnic.pt\/en\/wp-json\/wp\/v2\/types\/page"}],"author":[{"embeddable":true,"href":"https:\/\/argatecnic.pt\/en\/wp-json\/wp\/v2\/users\/1"}],"replies":[{"embeddable":true,"href":"https:\/\/argatecnic.pt\/en\/wp-json\/wp\/v2\/comments?post=5409"}],"version-history":[{"count":12,"href":"https:\/\/argatecnic.pt\/en\/wp-json\/wp\/v2\/pages\/5409\/revisions"}],"predecessor-version":[{"id":147541,"href":"https:\/\/argatecnic.pt\/en\/wp-json\/wp\/v2\/pages\/5409\/revisions\/147541"}],"wp:attachment":[{"href":"https:\/\/argatecnic.pt\/en\/wp-json\/wp\/v2\/media?parent=5409"}],"curies":[{"name":"wp","href":"https:\/\/api.w.org\/{rel}","templated":true}]}}