{"id":5401,"date":"2022-09-14T10:21:23","date_gmt":"2022-09-14T10:21:23","guid":{"rendered":"https:\/\/argatecnic.pt\/certificacao\/"},"modified":"2024-01-03T12:49:09","modified_gmt":"2024-01-03T11:49:09","slug":"certification","status":"publish","type":"page","link":"https:\/\/argatecnic.pt\/en\/certification\/","title":{"rendered":"Certification"},"content":{"rendered":"<h4>NP EN ISO 9001 Quality Management System Certification<\/h4>\n<p>LENARGATECNIC, LDA is certified by SGS (a global leader in certification) according to the NP EN ISO 9001:2015 standard, which is an international reference for Quality Management Systems Certification.<\/p>\n<p>The implementation of a Quality Management System (QMS) is a strategic factor that allows continuous improvement of overall performance and a focus on providing high-quality products.<\/p>\n<p>This certification reflects our ongoing effort and investment in satisfying our customers more and better, conveying more confidence and security.<\/p>\n<p>&nbsp;<\/p>\n<a href='https:\/\/argatecnic.pt\/wp-content\/uploads\/2023\/05\/certificado-conformidade-9001.pdf' class='small-button smallblue'>Certificate<\/a>\n","protected":false},"excerpt":{"rendered":"<p>NP EN ISO 9001 Quality Management System Certification LENARGATECNIC, LDA is certified by SGS (a global leader in certification) according to the NP EN ISO 9001:2015 standard, which is an international reference for Quality Management Systems Certification. The implementation of a Quality Management System (QMS) is a strategic factor that allows continuous improvement of overall [&hellip;]<\/p>\n","protected":false},"author":1,"featured_media":4190,"parent":0,"menu_order":0,"comment_status":"closed","ping_status":"closed","template":"","meta":{"_et_pb_use_builder":"on","_et_pb_old_content":"","_et_gb_content_width":"","footnotes":""},"class_list":["post-5401","page","type-page","status-publish","has-post-thumbnail","hentry"],"acf":[],"yoast_head":"<!-- This site is optimized with the Yoast SEO plugin v27.4 - https:\/\/yoast.com\/product\/yoast-seo-wordpress\/ -->\n<title>Certification - ARGATECNIC<\/title>\n<meta name=\"robots\" content=\"index, follow, max-snippet:-1, max-image-preview:large, max-video-preview:-1\" \/>\n<link rel=\"canonical\" href=\"https:\/\/argatecnic.pt\/en\/certification\/\" \/>\n<meta property=\"og:locale\" content=\"en_US\" \/>\n<meta property=\"og:type\" content=\"article\" \/>\n<meta property=\"og:title\" content=\"Certification - ARGATECNIC\" \/>\n<meta property=\"og:description\" content=\"NP EN ISO 9001 Quality Management System Certification LENARGATECNIC, LDA is certified by SGS (a global leader in certification) according to the NP EN ISO 9001:2015 standard, which is an international reference for Quality Management Systems Certification. The implementation of a Quality Management System (QMS) is a strategic factor that allows continuous improvement of overall [&hellip;]\" \/>\n<meta property=\"og:url\" content=\"https:\/\/argatecnic.pt\/en\/certification\/\" \/>\n<meta property=\"og:site_name\" content=\"ARGATECNIC\" \/>\n<meta property=\"article:modified_time\" content=\"2024-01-03T11:49:09+00:00\" \/>\n<meta property=\"og:image\" content=\"https:\/\/i0.wp.com\/argatecnic.pt\/wp-content\/uploads\/2022\/09\/certificacao-1-e1704281928489.png?fit=881%2C739&ssl=1\" \/>\n\t<meta property=\"og:image:width\" content=\"881\" \/>\n\t<meta property=\"og:image:height\" content=\"739\" \/>\n\t<meta property=\"og:image:type\" content=\"image\/png\" \/>\n<meta name=\"twitter:card\" content=\"summary_large_image\" \/>\n<meta name=\"twitter:label1\" content=\"Est. reading time\" \/>\n\t<meta name=\"twitter:data1\" content=\"1 minute\" \/>\n<script type=\"application\/ld+json\" class=\"yoast-schema-graph\">{\"@context\":\"https:\\\/\\\/schema.org\",\"@graph\":[{\"@type\":\"WebPage\",\"@id\":\"https:\\\/\\\/argatecnic.pt\\\/en\\\/certification\\\/\",\"url\":\"https:\\\/\\\/argatecnic.pt\\\/en\\\/certification\\\/\",\"name\":\"Certification - ARGATECNIC\",\"isPartOf\":{\"@id\":\"https:\\\/\\\/argatecnic.pt\\\/en\\\/#website\"},\"primaryImageOfPage\":{\"@id\":\"https:\\\/\\\/argatecnic.pt\\\/en\\\/certification\\\/#primaryimage\"},\"image\":{\"@id\":\"https:\\\/\\\/argatecnic.pt\\\/en\\\/certification\\\/#primaryimage\"},\"thumbnailUrl\":\"https:\\\/\\\/i0.wp.com\\\/argatecnic.pt\\\/wp-content\\\/uploads\\\/2022\\\/09\\\/certificacao-1-e1704281928489.png?fit=881%2C739&ssl=1\",\"datePublished\":\"2022-09-14T10:21:23+00:00\",\"dateModified\":\"2024-01-03T11:49:09+00:00\",\"inLanguage\":\"en-US\",\"potentialAction\":[{\"@type\":\"ReadAction\",\"target\":[\"https:\\\/\\\/argatecnic.pt\\\/en\\\/certification\\\/\"]}]},{\"@type\":\"ImageObject\",\"inLanguage\":\"en-US\",\"@id\":\"https:\\\/\\\/argatecnic.pt\\\/en\\\/certification\\\/#primaryimage\",\"url\":\"https:\\\/\\\/i0.wp.com\\\/argatecnic.pt\\\/wp-content\\\/uploads\\\/2022\\\/09\\\/certificacao-1-e1704281928489.png?fit=881%2C739&ssl=1\",\"contentUrl\":\"https:\\\/\\\/i0.wp.com\\\/argatecnic.pt\\\/wp-content\\\/uploads\\\/2022\\\/09\\\/certificacao-1-e1704281928489.png?fit=881%2C739&ssl=1\",\"width\":881,\"height\":739},{\"@type\":\"WebSite\",\"@id\":\"https:\\\/\\\/argatecnic.pt\\\/en\\\/#website\",\"url\":\"https:\\\/\\\/argatecnic.pt\\\/en\\\/\",\"name\":\"ARGATECNIC\",\"description\":\"argamassas t\u00e9cnicas para a constru\u00e7\u00e3o\",\"potentialAction\":[{\"@type\":\"SearchAction\",\"target\":{\"@type\":\"EntryPoint\",\"urlTemplate\":\"https:\\\/\\\/argatecnic.pt\\\/en\\\/?s={search_term_string}\"},\"query-input\":{\"@type\":\"PropertyValueSpecification\",\"valueRequired\":true,\"valueName\":\"search_term_string\"}}],\"inLanguage\":\"en-US\"}]}<\/script>\n<!-- \/ Yoast SEO plugin. -->","yoast_head_json":{"title":"Certification - ARGATECNIC","robots":{"index":"index","follow":"follow","max-snippet":"max-snippet:-1","max-image-preview":"max-image-preview:large","max-video-preview":"max-video-preview:-1"},"canonical":"https:\/\/argatecnic.pt\/en\/certification\/","og_locale":"en_US","og_type":"article","og_title":"Certification - ARGATECNIC","og_description":"NP EN ISO 9001 Quality Management System Certification LENARGATECNIC, LDA is certified by SGS (a global leader in certification) according to the NP EN ISO 9001:2015 standard, which is an international reference for Quality Management Systems Certification. The implementation of a Quality Management System (QMS) is a strategic factor that allows continuous improvement of overall [&hellip;]","og_url":"https:\/\/argatecnic.pt\/en\/certification\/","og_site_name":"ARGATECNIC","article_modified_time":"2024-01-03T11:49:09+00:00","og_image":[{"width":881,"height":739,"url":"https:\/\/i0.wp.com\/argatecnic.pt\/wp-content\/uploads\/2022\/09\/certificacao-1-e1704281928489.png?fit=881%2C739&ssl=1","type":"image\/png"}],"twitter_card":"summary_large_image","twitter_misc":{"Est. reading time":"1 minute"},"schema":{"@context":"https:\/\/schema.org","@graph":[{"@type":"WebPage","@id":"https:\/\/argatecnic.pt\/en\/certification\/","url":"https:\/\/argatecnic.pt\/en\/certification\/","name":"Certification - ARGATECNIC","isPartOf":{"@id":"https:\/\/argatecnic.pt\/en\/#website"},"primaryImageOfPage":{"@id":"https:\/\/argatecnic.pt\/en\/certification\/#primaryimage"},"image":{"@id":"https:\/\/argatecnic.pt\/en\/certification\/#primaryimage"},"thumbnailUrl":"https:\/\/i0.wp.com\/argatecnic.pt\/wp-content\/uploads\/2022\/09\/certificacao-1-e1704281928489.png?fit=881%2C739&ssl=1","datePublished":"2022-09-14T10:21:23+00:00","dateModified":"2024-01-03T11:49:09+00:00","inLanguage":"en-US","potentialAction":[{"@type":"ReadAction","target":["https:\/\/argatecnic.pt\/en\/certification\/"]}]},{"@type":"ImageObject","inLanguage":"en-US","@id":"https:\/\/argatecnic.pt\/en\/certification\/#primaryimage","url":"https:\/\/i0.wp.com\/argatecnic.pt\/wp-content\/uploads\/2022\/09\/certificacao-1-e1704281928489.png?fit=881%2C739&ssl=1","contentUrl":"https:\/\/i0.wp.com\/argatecnic.pt\/wp-content\/uploads\/2022\/09\/certificacao-1-e1704281928489.png?fit=881%2C739&ssl=1","width":881,"height":739},{"@type":"WebSite","@id":"https:\/\/argatecnic.pt\/en\/#website","url":"https:\/\/argatecnic.pt\/en\/","name":"ARGATECNIC","description":"argamassas t\u00e9cnicas para a constru\u00e7\u00e3o","potentialAction":[{"@type":"SearchAction","target":{"@type":"EntryPoint","urlTemplate":"https:\/\/argatecnic.pt\/en\/?s={search_term_string}"},"query-input":{"@type":"PropertyValueSpecification","valueRequired":true,"valueName":"search_term_string"}}],"inLanguage":"en-US"}]}},"jetpack_sharing_enabled":true,"_links":{"self":[{"href":"https:\/\/argatecnic.pt\/en\/wp-json\/wp\/v2\/pages\/5401","targetHints":{"allow":["GET"]}}],"collection":[{"href":"https:\/\/argatecnic.pt\/en\/wp-json\/wp\/v2\/pages"}],"about":[{"href":"https:\/\/argatecnic.pt\/en\/wp-json\/wp\/v2\/types\/page"}],"author":[{"embeddable":true,"href":"https:\/\/argatecnic.pt\/en\/wp-json\/wp\/v2\/users\/1"}],"replies":[{"embeddable":true,"href":"https:\/\/argatecnic.pt\/en\/wp-json\/wp\/v2\/comments?post=5401"}],"version-history":[{"count":0,"href":"https:\/\/argatecnic.pt\/en\/wp-json\/wp\/v2\/pages\/5401\/revisions"}],"wp:featuredmedia":[{"embeddable":true,"href":"https:\/\/argatecnic.pt\/en\/wp-json\/wp\/v2\/media\/4190"}],"wp:attachment":[{"href":"https:\/\/argatecnic.pt\/en\/wp-json\/wp\/v2\/media?parent=5401"}],"curies":[{"name":"wp","href":"https:\/\/api.w.org\/{rel}","templated":true}]}}