{"id":5383,"date":"2022-09-13T11:56:57","date_gmt":"2022-09-13T11:56:57","guid":{"rendered":"https:\/\/argatecnic.pt\/sobre-nos\/"},"modified":"2024-01-03T12:59:51","modified_gmt":"2024-01-03T11:59:51","slug":"about-us","status":"publish","type":"page","link":"https:\/\/argatecnic.pt\/en\/about-us\/","title":{"rendered":"About Us"},"content":{"rendered":"<p>[et_pb_section fb_built=&#8221;1&#8243; admin_label=&#8221;section&#8221; _builder_version=&#8221;4.16&#8243; global_colors_info=&#8221;{}&#8221;][et_pb_row admin_label=&#8221;row&#8221; _builder_version=&#8221;4.16&#8243; background_size=&#8221;initial&#8221; background_position=&#8221;top_left&#8221; background_repeat=&#8221;repeat&#8221; global_colors_info=&#8221;{}&#8221;][et_pb_column type=&#8221;4_4&#8243; _builder_version=&#8221;4.16&#8243; custom_padding=&#8221;|||&#8221; global_colors_info=&#8221;{}&#8221; custom_padding__hover=&#8221;|||&#8221;][et_pb_text _builder_version=&#8221;4.23&#8243; _module_preset=&#8221;default&#8221; hover_enabled=&#8221;0&#8243; global_colors_info=&#8221;{}&#8221; sticky_enabled=&#8221;0&#8243;]<\/p>\n<h2><strong>SINCE 1982 &#8211; TECHNICAL MORTARS FOR CONSTRUCTION<\/strong><\/h2>\n<p>&nbsp;<\/p>\n<p>LENARGATECNIC, LDA., commercially known as ARGATECNIC (registered trademark), began its activity in 1982 in Leiria, manufacturing adhesive cements. It was the national pioneer in certifying this range of products, emphasizing their quality and guarantee, becoming a reference in the sector. It was even the founding member No.2 of APFAC (Portuguese Association of Manufacturers of Construction Mortars), considering it an asset for knowledge sharing and brand promotion.<\/p>\n<p>Since then, the growth and expansion of the product range have been constant, currently offering technical solutions for thermal insulation, lime-based mortars, concrete repair, waterproofing solutions, self-leveling compounds, among others. For the development of new products, LENARGATECNIC, LDA. seeks sustainable solutions, using recycled materials and eco-friendly raw materials (low gas emissions), minimizing the use of natural resources. Environmental concern is crucial, as it is the only way to ensure the future for the next generations.<\/p>\n<p>LENARGATECNIC, LDA. is a family-rooted company that has grown and evolved, keeping pace with current market demands. It prides itself on having successfully overcome all adversities over the years and currently relies on the collaboration of a strong, cohesive, and determined team.<\/p>\n<p>[\/et_pb_text][\/et_pb_column][\/et_pb_row][\/et_pb_section]<\/p>\n","protected":false},"excerpt":{"rendered":"<p>[et_pb_section fb_built=&#8221;1&#8243; admin_label=&#8221;section&#8221; _builder_version=&#8221;4.16&#8243; global_colors_info=&#8221;{}&#8221;][et_pb_row admin_label=&#8221;row&#8221; _builder_version=&#8221;4.16&#8243; background_size=&#8221;initial&#8221; background_position=&#8221;top_left&#8221; background_repeat=&#8221;repeat&#8221; global_colors_info=&#8221;{}&#8221;][et_pb_column type=&#8221;4_4&#8243; _builder_version=&#8221;4.16&#8243; custom_padding=&#8221;|||&#8221; global_colors_info=&#8221;{}&#8221; custom_padding__hover=&#8221;|||&#8221;][et_pb_text _builder_version=&#8221;4.23&#8243; _module_preset=&#8221;default&#8221; hover_enabled=&#8221;0&#8243; global_colors_info=&#8221;{}&#8221; sticky_enabled=&#8221;0&#8243;] SINCE 1982 &#8211; TECHNICAL MORTARS FOR CONSTRUCTION &nbsp; LENARGATECNIC, LDA., commercially known as ARGATECNIC (registered trademark), began its activity in 1982 in Leiria, manufacturing adhesive cements. It was the national pioneer in certifying this [&hellip;]<\/p>\n","protected":false},"author":1,"featured_media":4187,"parent":0,"menu_order":0,"comment_status":"closed","ping_status":"closed","template":"","meta":{"_et_pb_use_builder":"off","_et_pb_old_content":"<!-- wp:heading -->\r\n<h2><strong>SINCE 1982 - TECHNICAL MORTARS FOR CONSTRUCTION<br \/><\/strong><\/h2>\r\n<p><span style=\"color: #000000;\"><span style=\"font-size: 14px;\">LENARGATECNIC, LDA. Commercially known as <strong style=\"font-size: 14px;\">ARGATECNIC<\/strong> (registered trademark), started its activity in 1982, in Leiria, producing cementitious adhesive. At national level, it was the pioneer company in the certification of this product range, striving for its quality and guarantee, becoming a reference in the sector. He was also the founding partner n\u00ba 2 of APFAC (Portuguese Association of Manufacturers of Mortars), considering to be an asset for knowledge sharing and brand promotion. <\/span><\/span><\/p>\r\n<p><span style=\"color: #000000;\">Since then, the growth and expansion of the product range has been a constant, currently providing technical and rehabilitation solutions in the area of thermal insulation, in the area of lime-based mortars and concrete repair, waterproofing solutions, self-leveling, among others. others. With a strong focus on development and innovation, LENARGATECNIC, LDA. looking for new sustainable solutions using recycled materials and environmentally friendly raw materials (low gas emissions) while minimizing the use of natural resources. Concern for the environment is fundamental, because only in this way will we be able to secure the future of the next generations.<\/span><\/p>\r\n<p><span style=\"color: #000000;\">LENARGATECNIC, LDA. it is a company of family roots, which has grown and evolved, in line with current market demands. <strong>It is proud that over the years it has been able to successfully overcome all adversities and currently has the collaboration of a strong, cohesive and determined team. <\/strong><\/span><\/p>\r\n<!-- \/wp:heading -->","_et_gb_content_width":"","footnotes":""},"class_list":["post-5383","page","type-page","status-publish","has-post-thumbnail","hentry"],"acf":[],"yoast_head":"<!-- This site is optimized with the Yoast SEO plugin v27.4 - https:\/\/yoast.com\/product\/yoast-seo-wordpress\/ -->\n<title>About Us - ARGATECNIC<\/title>\n<meta name=\"robots\" content=\"index, follow, max-snippet:-1, max-image-preview:large, max-video-preview:-1\" \/>\n<link rel=\"canonical\" href=\"https:\/\/argatecnic.pt\/en\/about-us\/\" \/>\n<meta property=\"og:locale\" content=\"en_US\" \/>\n<meta property=\"og:type\" content=\"article\" \/>\n<meta property=\"og:title\" content=\"About Us - ARGATECNIC\" \/>\n<meta property=\"og:description\" content=\"[et_pb_section fb_built=&#8221;1&#8243; admin_label=&#8221;section&#8221; _builder_version=&#8221;4.16&#8243; global_colors_info=&#8221;{}&#8221;][et_pb_row admin_label=&#8221;row&#8221; _builder_version=&#8221;4.16&#8243; background_size=&#8221;initial&#8221; background_position=&#8221;top_left&#8221; background_repeat=&#8221;repeat&#8221; global_colors_info=&#8221;{}&#8221;][et_pb_column type=&#8221;4_4&#8243; _builder_version=&#8221;4.16&#8243; custom_padding=&#8221;|||&#8221; global_colors_info=&#8221;{}&#8221; custom_padding__hover=&#8221;|||&#8221;][et_pb_text _builder_version=&#8221;4.23&#8243; _module_preset=&#8221;default&#8221; hover_enabled=&#8221;0&#8243; global_colors_info=&#8221;{}&#8221; sticky_enabled=&#8221;0&#8243;] SINCE 1982 &#8211; TECHNICAL MORTARS FOR CONSTRUCTION &nbsp; LENARGATECNIC, LDA., commercially known as ARGATECNIC (registered trademark), began its activity in 1982 in Leiria, manufacturing adhesive cements. It was the national pioneer in certifying this [&hellip;]\" \/>\n<meta property=\"og:url\" content=\"https:\/\/argatecnic.pt\/en\/about-us\/\" \/>\n<meta property=\"og:site_name\" content=\"ARGATECNIC\" \/>\n<meta property=\"article:modified_time\" content=\"2024-01-03T11:59:51+00:00\" \/>\n<meta property=\"og:image\" content=\"https:\/\/i0.wp.com\/argatecnic.pt\/wp-content\/uploads\/2022\/09\/EQUIPA.jpg?fit=1069%2C884&ssl=1\" \/>\n\t<meta property=\"og:image:width\" content=\"1069\" \/>\n\t<meta property=\"og:image:height\" content=\"884\" \/>\n\t<meta property=\"og:image:type\" content=\"image\/jpeg\" \/>\n<meta name=\"twitter:card\" content=\"summary_large_image\" \/>\n<meta name=\"twitter:label1\" content=\"Est. reading time\" \/>\n\t<meta name=\"twitter:data1\" content=\"2 minutes\" \/>\n<script type=\"application\/ld+json\" class=\"yoast-schema-graph\">{\"@context\":\"https:\\\/\\\/schema.org\",\"@graph\":[{\"@type\":\"WebPage\",\"@id\":\"https:\\\/\\\/argatecnic.pt\\\/en\\\/about-us\\\/\",\"url\":\"https:\\\/\\\/argatecnic.pt\\\/en\\\/about-us\\\/\",\"name\":\"About Us - ARGATECNIC\",\"isPartOf\":{\"@id\":\"https:\\\/\\\/argatecnic.pt\\\/en\\\/#website\"},\"primaryImageOfPage\":{\"@id\":\"https:\\\/\\\/argatecnic.pt\\\/en\\\/about-us\\\/#primaryimage\"},\"image\":{\"@id\":\"https:\\\/\\\/argatecnic.pt\\\/en\\\/about-us\\\/#primaryimage\"},\"thumbnailUrl\":\"https:\\\/\\\/i0.wp.com\\\/argatecnic.pt\\\/wp-content\\\/uploads\\\/2022\\\/09\\\/EQUIPA.jpg?fit=1069%2C884&ssl=1\",\"datePublished\":\"2022-09-13T11:56:57+00:00\",\"dateModified\":\"2024-01-03T11:59:51+00:00\",\"inLanguage\":\"en-US\",\"potentialAction\":[{\"@type\":\"ReadAction\",\"target\":[\"https:\\\/\\\/argatecnic.pt\\\/en\\\/about-us\\\/\"]}]},{\"@type\":\"ImageObject\",\"inLanguage\":\"en-US\",\"@id\":\"https:\\\/\\\/argatecnic.pt\\\/en\\\/about-us\\\/#primaryimage\",\"url\":\"https:\\\/\\\/i0.wp.com\\\/argatecnic.pt\\\/wp-content\\\/uploads\\\/2022\\\/09\\\/EQUIPA.jpg?fit=1069%2C884&ssl=1\",\"contentUrl\":\"https:\\\/\\\/i0.wp.com\\\/argatecnic.pt\\\/wp-content\\\/uploads\\\/2022\\\/09\\\/EQUIPA.jpg?fit=1069%2C884&ssl=1\",\"width\":1069,\"height\":884},{\"@type\":\"WebSite\",\"@id\":\"https:\\\/\\\/argatecnic.pt\\\/en\\\/#website\",\"url\":\"https:\\\/\\\/argatecnic.pt\\\/en\\\/\",\"name\":\"ARGATECNIC\",\"description\":\"argamassas t\u00e9cnicas para a constru\u00e7\u00e3o\",\"potentialAction\":[{\"@type\":\"SearchAction\",\"target\":{\"@type\":\"EntryPoint\",\"urlTemplate\":\"https:\\\/\\\/argatecnic.pt\\\/en\\\/?s={search_term_string}\"},\"query-input\":{\"@type\":\"PropertyValueSpecification\",\"valueRequired\":true,\"valueName\":\"search_term_string\"}}],\"inLanguage\":\"en-US\"}]}<\/script>\n<!-- \/ Yoast SEO plugin. -->","yoast_head_json":{"title":"About Us - ARGATECNIC","robots":{"index":"index","follow":"follow","max-snippet":"max-snippet:-1","max-image-preview":"max-image-preview:large","max-video-preview":"max-video-preview:-1"},"canonical":"https:\/\/argatecnic.pt\/en\/about-us\/","og_locale":"en_US","og_type":"article","og_title":"About Us - ARGATECNIC","og_description":"[et_pb_section fb_built=&#8221;1&#8243; admin_label=&#8221;section&#8221; _builder_version=&#8221;4.16&#8243; global_colors_info=&#8221;{}&#8221;][et_pb_row admin_label=&#8221;row&#8221; _builder_version=&#8221;4.16&#8243; background_size=&#8221;initial&#8221; background_position=&#8221;top_left&#8221; background_repeat=&#8221;repeat&#8221; global_colors_info=&#8221;{}&#8221;][et_pb_column type=&#8221;4_4&#8243; _builder_version=&#8221;4.16&#8243; custom_padding=&#8221;|||&#8221; global_colors_info=&#8221;{}&#8221; custom_padding__hover=&#8221;|||&#8221;][et_pb_text _builder_version=&#8221;4.23&#8243; _module_preset=&#8221;default&#8221; hover_enabled=&#8221;0&#8243; global_colors_info=&#8221;{}&#8221; sticky_enabled=&#8221;0&#8243;] SINCE 1982 &#8211; TECHNICAL MORTARS FOR CONSTRUCTION &nbsp; LENARGATECNIC, LDA., commercially known as ARGATECNIC (registered trademark), began its activity in 1982 in Leiria, manufacturing adhesive cements. It was the national pioneer in certifying this [&hellip;]","og_url":"https:\/\/argatecnic.pt\/en\/about-us\/","og_site_name":"ARGATECNIC","article_modified_time":"2024-01-03T11:59:51+00:00","og_image":[{"width":1069,"height":884,"url":"https:\/\/i0.wp.com\/argatecnic.pt\/wp-content\/uploads\/2022\/09\/EQUIPA.jpg?fit=1069%2C884&ssl=1","type":"image\/jpeg"}],"twitter_card":"summary_large_image","twitter_misc":{"Est. reading time":"2 minutes"},"schema":{"@context":"https:\/\/schema.org","@graph":[{"@type":"WebPage","@id":"https:\/\/argatecnic.pt\/en\/about-us\/","url":"https:\/\/argatecnic.pt\/en\/about-us\/","name":"About Us - ARGATECNIC","isPartOf":{"@id":"https:\/\/argatecnic.pt\/en\/#website"},"primaryImageOfPage":{"@id":"https:\/\/argatecnic.pt\/en\/about-us\/#primaryimage"},"image":{"@id":"https:\/\/argatecnic.pt\/en\/about-us\/#primaryimage"},"thumbnailUrl":"https:\/\/i0.wp.com\/argatecnic.pt\/wp-content\/uploads\/2022\/09\/EQUIPA.jpg?fit=1069%2C884&ssl=1","datePublished":"2022-09-13T11:56:57+00:00","dateModified":"2024-01-03T11:59:51+00:00","inLanguage":"en-US","potentialAction":[{"@type":"ReadAction","target":["https:\/\/argatecnic.pt\/en\/about-us\/"]}]},{"@type":"ImageObject","inLanguage":"en-US","@id":"https:\/\/argatecnic.pt\/en\/about-us\/#primaryimage","url":"https:\/\/i0.wp.com\/argatecnic.pt\/wp-content\/uploads\/2022\/09\/EQUIPA.jpg?fit=1069%2C884&ssl=1","contentUrl":"https:\/\/i0.wp.com\/argatecnic.pt\/wp-content\/uploads\/2022\/09\/EQUIPA.jpg?fit=1069%2C884&ssl=1","width":1069,"height":884},{"@type":"WebSite","@id":"https:\/\/argatecnic.pt\/en\/#website","url":"https:\/\/argatecnic.pt\/en\/","name":"ARGATECNIC","description":"argamassas t\u00e9cnicas para a constru\u00e7\u00e3o","potentialAction":[{"@type":"SearchAction","target":{"@type":"EntryPoint","urlTemplate":"https:\/\/argatecnic.pt\/en\/?s={search_term_string}"},"query-input":{"@type":"PropertyValueSpecification","valueRequired":true,"valueName":"search_term_string"}}],"inLanguage":"en-US"}]}},"jetpack_sharing_enabled":true,"_links":{"self":[{"href":"https:\/\/argatecnic.pt\/en\/wp-json\/wp\/v2\/pages\/5383","targetHints":{"allow":["GET"]}}],"collection":[{"href":"https:\/\/argatecnic.pt\/en\/wp-json\/wp\/v2\/pages"}],"about":[{"href":"https:\/\/argatecnic.pt\/en\/wp-json\/wp\/v2\/types\/page"}],"author":[{"embeddable":true,"href":"https:\/\/argatecnic.pt\/en\/wp-json\/wp\/v2\/users\/1"}],"replies":[{"embeddable":true,"href":"https:\/\/argatecnic.pt\/en\/wp-json\/wp\/v2\/comments?post=5383"}],"version-history":[{"count":0,"href":"https:\/\/argatecnic.pt\/en\/wp-json\/wp\/v2\/pages\/5383\/revisions"}],"wp:featuredmedia":[{"embeddable":true,"href":"https:\/\/argatecnic.pt\/en\/wp-json\/wp\/v2\/media\/4187"}],"wp:attachment":[{"href":"https:\/\/argatecnic.pt\/en\/wp-json\/wp\/v2\/media?parent=5383"}],"curies":[{"name":"wp","href":"https:\/\/api.w.org\/{rel}","templated":true}]}}