{"id":5382,"date":"2023-04-21T12:24:04","date_gmt":"2023-04-21T11:24:04","guid":{"rendered":"https:\/\/argatecnic.pt\/argatecnic\/"},"modified":"2024-03-21T17:57:45","modified_gmt":"2024-03-21T16:57:45","slug":"argatecnic","status":"publish","type":"page","link":"https:\/\/argatecnic.pt\/en\/","title":{"rendered":"Argatecnic"},"content":{"rendered":"<h2>SINCE 1982 \u2013 TECHNICAL MORTARS FOR CONSTRUCTION<\/h2>\n<p>ARGATECNIC is an excellent company that focuses on innovation and the development of mortars for construction and rehabilitation projects. Its mission is to exceed the expectations of its customers by producing and marketing quality products in a conscious and sustainable manner.<\/p>\n<h4>ETHICS | RIGOUR | INNOVATION | QUALITY | WARRANTY | TRUST | SUSTAINABILITY<\/h4>\n<p>These are the values that ARGATECNIC practices daily with its employees, customers, and suppliers. They are the key to its development over the past years.<\/p>\n<p>&nbsp;<\/p>\n<a href='https:\/\/argatecnic.pt\/en\/about-us\/' class='small-button smallblue'>Learn More<\/a>\n","protected":false},"excerpt":{"rendered":"<p>SINCE 1982 \u2013 TECHNICAL MORTARS FOR CONSTRUCTION ARGATECNIC is an excellent company that focuses on innovation and the development of mortars for construction and rehabilitation projects. Its mission is to exceed the expectations of its customers by producing and marketing quality products in a conscious and sustainable manner. ETHICS | RIGOUR | INNOVATION | QUALITY [&hellip;]<\/p>\n","protected":false},"author":1,"featured_media":5586,"parent":0,"menu_order":0,"comment_status":"closed","ping_status":"closed","template":"","meta":{"_et_pb_use_builder":"on","_et_pb_old_content":"<h2>SINCE 1982 \u2013 TECHNICAL MORTARS FOR CONSTRUCTION<\/h2>\r\nARGATECNIC is an excellent company that focuses on innovation and the development of mortars for construction and rehabilitation projects. Its mission is to exceed the expectations of its customers by producing and marketing quality products in a conscious and sustainable manner.\r\n<h4>ETHICS | RIGOUR | INNOVATION | QUALITY | WARRANTY | TRUST | SUSTAINABILITY<\/h4>\r\nThese are the values that ARGATECNIC practices daily with its employees, customers, and suppliers. They are the key to its development over the past years.\r\n\r\n&nbsp;\r\n\r\n[button link=\"https:\/\/argatecnic.pt\/en\/about-us\/\"] Learn More[\/button]","_et_gb_content_width":"","footnotes":""},"class_list":["post-5382","page","type-page","status-publish","has-post-thumbnail","hentry"],"acf":[],"yoast_head":"<!-- This site is optimized with the Yoast SEO plugin v27.4 - https:\/\/yoast.com\/product\/yoast-seo-wordpress\/ -->\n<title>Argatecnic - ARGATECNIC<\/title>\n<meta name=\"robots\" content=\"index, follow, max-snippet:-1, max-image-preview:large, max-video-preview:-1\" \/>\n<link rel=\"canonical\" href=\"https:\/\/argatecnic.pt\/en\/\" \/>\n<meta property=\"og:locale\" content=\"en_US\" \/>\n<meta property=\"og:type\" content=\"article\" \/>\n<meta property=\"og:title\" content=\"Argatecnic - ARGATECNIC\" \/>\n<meta property=\"og:description\" content=\"SINCE 1982 \u2013 TECHNICAL MORTARS FOR CONSTRUCTION ARGATECNIC is an excellent company that focuses on innovation and the development of mortars for construction and rehabilitation projects. Its mission is to exceed the expectations of its customers by producing and marketing quality products in a conscious and sustainable manner. ETHICS | RIGOUR | INNOVATION | QUALITY [&hellip;]\" \/>\n<meta property=\"og:url\" content=\"https:\/\/argatecnic.pt\/en\/\" \/>\n<meta property=\"og:site_name\" content=\"ARGATECNIC\" \/>\n<meta property=\"article:modified_time\" content=\"2024-03-21T16:57:45+00:00\" \/>\n<meta name=\"twitter:card\" content=\"summary_large_image\" \/>\n<meta name=\"twitter:label1\" content=\"Est. reading time\" \/>\n\t<meta name=\"twitter:data1\" content=\"1 minute\" \/>\n<script type=\"application\/ld+json\" class=\"yoast-schema-graph\">{\"@context\":\"https:\\\/\\\/schema.org\",\"@graph\":[{\"@type\":\"WebPage\",\"@id\":\"https:\\\/\\\/argatecnic.pt\\\/en\\\/\",\"url\":\"https:\\\/\\\/argatecnic.pt\\\/en\\\/\",\"name\":\"Argatecnic - ARGATECNIC\",\"isPartOf\":{\"@id\":\"https:\\\/\\\/argatecnic.pt\\\/en\\\/#website\"},\"primaryImageOfPage\":{\"@id\":\"https:\\\/\\\/argatecnic.pt\\\/en\\\/#primaryimage\"},\"image\":{\"@id\":\"https:\\\/\\\/argatecnic.pt\\\/en\\\/#primaryimage\"},\"thumbnailUrl\":\"https:\\\/\\\/argatecnic.pt\\\/wp-content\\\/uploads\\\/2023\\\/04\\\/40-years.svg\",\"datePublished\":\"2023-04-21T11:24:04+00:00\",\"dateModified\":\"2024-03-21T16:57:45+00:00\",\"inLanguage\":\"en-US\",\"potentialAction\":[{\"@type\":\"ReadAction\",\"target\":[\"https:\\\/\\\/argatecnic.pt\\\/en\\\/\"]}]},{\"@type\":\"ImageObject\",\"inLanguage\":\"en-US\",\"@id\":\"https:\\\/\\\/argatecnic.pt\\\/en\\\/#primaryimage\",\"url\":\"https:\\\/\\\/argatecnic.pt\\\/wp-content\\\/uploads\\\/2023\\\/04\\\/40-years.svg\",\"contentUrl\":\"https:\\\/\\\/argatecnic.pt\\\/wp-content\\\/uploads\\\/2023\\\/04\\\/40-years.svg\",\"width\":1314,\"height\":885},{\"@type\":\"WebSite\",\"@id\":\"https:\\\/\\\/argatecnic.pt\\\/en\\\/#website\",\"url\":\"https:\\\/\\\/argatecnic.pt\\\/en\\\/\",\"name\":\"ARGATECNIC\",\"description\":\"argamassas t\u00e9cnicas para a constru\u00e7\u00e3o\",\"potentialAction\":[{\"@type\":\"SearchAction\",\"target\":{\"@type\":\"EntryPoint\",\"urlTemplate\":\"https:\\\/\\\/argatecnic.pt\\\/en\\\/?s={search_term_string}\"},\"query-input\":{\"@type\":\"PropertyValueSpecification\",\"valueRequired\":true,\"valueName\":\"search_term_string\"}}],\"inLanguage\":\"en-US\"}]}<\/script>\n<!-- \/ Yoast SEO plugin. -->","yoast_head_json":{"title":"Argatecnic - ARGATECNIC","robots":{"index":"index","follow":"follow","max-snippet":"max-snippet:-1","max-image-preview":"max-image-preview:large","max-video-preview":"max-video-preview:-1"},"canonical":"https:\/\/argatecnic.pt\/en\/","og_locale":"en_US","og_type":"article","og_title":"Argatecnic - ARGATECNIC","og_description":"SINCE 1982 \u2013 TECHNICAL MORTARS FOR CONSTRUCTION ARGATECNIC is an excellent company that focuses on innovation and the development of mortars for construction and rehabilitation projects. Its mission is to exceed the expectations of its customers by producing and marketing quality products in a conscious and sustainable manner. ETHICS | RIGOUR | INNOVATION | QUALITY [&hellip;]","og_url":"https:\/\/argatecnic.pt\/en\/","og_site_name":"ARGATECNIC","article_modified_time":"2024-03-21T16:57:45+00:00","twitter_card":"summary_large_image","twitter_misc":{"Est. reading time":"1 minute"},"schema":{"@context":"https:\/\/schema.org","@graph":[{"@type":"WebPage","@id":"https:\/\/argatecnic.pt\/en\/","url":"https:\/\/argatecnic.pt\/en\/","name":"Argatecnic - ARGATECNIC","isPartOf":{"@id":"https:\/\/argatecnic.pt\/en\/#website"},"primaryImageOfPage":{"@id":"https:\/\/argatecnic.pt\/en\/#primaryimage"},"image":{"@id":"https:\/\/argatecnic.pt\/en\/#primaryimage"},"thumbnailUrl":"https:\/\/argatecnic.pt\/wp-content\/uploads\/2023\/04\/40-years.svg","datePublished":"2023-04-21T11:24:04+00:00","dateModified":"2024-03-21T16:57:45+00:00","inLanguage":"en-US","potentialAction":[{"@type":"ReadAction","target":["https:\/\/argatecnic.pt\/en\/"]}]},{"@type":"ImageObject","inLanguage":"en-US","@id":"https:\/\/argatecnic.pt\/en\/#primaryimage","url":"https:\/\/argatecnic.pt\/wp-content\/uploads\/2023\/04\/40-years.svg","contentUrl":"https:\/\/argatecnic.pt\/wp-content\/uploads\/2023\/04\/40-years.svg","width":1314,"height":885},{"@type":"WebSite","@id":"https:\/\/argatecnic.pt\/en\/#website","url":"https:\/\/argatecnic.pt\/en\/","name":"ARGATECNIC","description":"argamassas t\u00e9cnicas para a constru\u00e7\u00e3o","potentialAction":[{"@type":"SearchAction","target":{"@type":"EntryPoint","urlTemplate":"https:\/\/argatecnic.pt\/en\/?s={search_term_string}"},"query-input":{"@type":"PropertyValueSpecification","valueRequired":true,"valueName":"search_term_string"}}],"inLanguage":"en-US"}]}},"jetpack_sharing_enabled":true,"_links":{"self":[{"href":"https:\/\/argatecnic.pt\/en\/wp-json\/wp\/v2\/pages\/5382","targetHints":{"allow":["GET"]}}],"collection":[{"href":"https:\/\/argatecnic.pt\/en\/wp-json\/wp\/v2\/pages"}],"about":[{"href":"https:\/\/argatecnic.pt\/en\/wp-json\/wp\/v2\/types\/page"}],"author":[{"embeddable":true,"href":"https:\/\/argatecnic.pt\/en\/wp-json\/wp\/v2\/users\/1"}],"replies":[{"embeddable":true,"href":"https:\/\/argatecnic.pt\/en\/wp-json\/wp\/v2\/comments?post=5382"}],"version-history":[{"count":0,"href":"https:\/\/argatecnic.pt\/en\/wp-json\/wp\/v2\/pages\/5382\/revisions"}],"wp:featuredmedia":[{"embeddable":true,"href":"https:\/\/argatecnic.pt\/en\/wp-json\/wp\/v2\/media\/5586"}],"wp:attachment":[{"href":"https:\/\/argatecnic.pt\/en\/wp-json\/wp\/v2\/media?parent=5382"}],"curies":[{"name":"wp","href":"https:\/\/api.w.org\/{rel}","templated":true}]}}